{"id":817,"date":"2025-07-09T12:43:19","date_gmt":"2025-07-09T12:43:19","guid":{"rendered":"https:\/\/alldevice.com\/?page_id=817"},"modified":"2025-11-17T10:51:17","modified_gmt":"2025-11-17T08:51:17","slug":"pharmaceutical","status":"publish","type":"page","link":"https:\/\/alldevice.com\/et\/industries\/pharmaceutical\/","title":{"rendered":"Farmaatsiat\u00f6\u00f6stuse hooldustarkvara"},"content":{"rendered":"<div class=\"ama-block block-bgcolor has-p-def has-stencil stencil-right stencil-top full-width\">\n<div class=\"ama-block block-grid-txt is-style-header-side\"><div class=\"block__header\"><p class=\"has-semi-huge-font-size\">Farmaatsiat\u00f6\u00f6stuse hooldustarkvara<\/p><\/div><div class=\"block__body\"><div class=\"grid-txt-item\"><p class=\"has-medium-font-size fw-bold\">Regulatiivsele vastavusele<\/p><p> <\/p><\/div><div class=\"grid-txt-item\"><p class=\"has-medium-font-size fw-bold\">Ennustav ja ennetav hooldus<\/p><p> <\/p><\/div><div class=\"grid-txt-item\"><p class=\"has-medium-font-size fw-bold\">Dokumentatsioon ja j\u00e4lgitavus<\/p><p> <\/p><\/div><div class=\"grid-txt-item\"><p class=\"has-medium-font-size fw-bold\">Dokumentatsioon ja j\u00e4lgitavus<\/p><p> <\/p><\/div><\/div><\/div>\n<\/div>\n\n<div class=\"ama-block block-portfolio is-compact is-style-simple\"><div class=\"block__header\"><h2>\u00dcle 10 000 hooldusspetsialisti hindab Alldevice&#039;i #1-ks<\/h2><\/div><div class=\"block__body\"><div class=\"portfolio-item\"><div class=\"item__logo\"><img loading=\"lazy\" decoding=\"async\" width=\"547\" height=\"547\" src=\"https:\/\/alldevice.com\/wp-content\/uploads\/2025\/05\/alexela_uus.png\" class=\"attachment-medium size-medium\" alt=\"\" srcset=\"https:\/\/alldevice.com\/wp-content\/uploads\/2025\/05\/alexela_uus.png 547w, https:\/\/alldevice.com\/wp-content\/uploads\/2025\/05\/alexela_uus-150x150.png 150w, https:\/\/alldevice.com\/wp-content\/uploads\/2025\/05\/alexela_uus-12x12.png 12w, https:\/\/alldevice.com\/wp-content\/uploads\/2025\/05\/alexela_uus-110x110.png 110w\" sizes=\"auto, (max-width: 547px) 100vw, 547px\" \/><\/div><\/div><div class=\"portfolio-item\"><div class=\"item__logo\"><img loading=\"lazy\" decoding=\"async\" width=\"810\" height=\"810\" src=\"https:\/\/alldevice.com\/wp-content\/uploads\/2025\/06\/neste-logol-810x810.png\" class=\"attachment-medium size-medium\" alt=\"\" srcset=\"https:\/\/alldevice.com\/wp-content\/uploads\/2025\/06\/neste-logol-810x810.png 810w, https:\/\/alldevice.com\/wp-content\/uploads\/2025\/06\/neste-logol-150x150.png 150w, https:\/\/alldevice.com\/wp-content\/uploads\/2025\/06\/neste-logol-12x12.png 12w, https:\/\/alldevice.com\/wp-content\/uploads\/2025\/06\/neste-logol-110x110.png 110w, https:\/\/alldevice.com\/wp-content\/uploads\/2025\/06\/neste-logol.png 1069w\" sizes=\"auto, (max-width: 810px) 100vw, 810px\" \/><\/div><\/div><div class=\"portfolio-item\"><div class=\"item__logo\"><img loading=\"lazy\" decoding=\"async\" width=\"719\" height=\"720\" src=\"https:\/\/alldevice.com\/wp-content\/uploads\/2026\/01\/Magnum_logo.png\" class=\"attachment-medium size-medium\" alt=\"\" srcset=\"https:\/\/alldevice.com\/wp-content\/uploads\/2026\/01\/Magnum_logo.png 719w, https:\/\/alldevice.com\/wp-content\/uploads\/2026\/01\/Magnum_logo-150x150.png 150w, https:\/\/alldevice.com\/wp-content\/uploads\/2026\/01\/Magnum_logo-12x12.png 12w, https:\/\/alldevice.com\/wp-content\/uploads\/2026\/01\/Magnum_logo-110x110.png 110w\" sizes=\"auto, (max-width: 719px) 100vw, 719px\" \/><\/div><\/div><div class=\"portfolio-item\"><div class=\"item__logo\"><img loading=\"lazy\" decoding=\"async\" width=\"431\" height=\"431\" src=\"https:\/\/alldevice.com\/wp-content\/uploads\/2025\/06\/aq.jpg\" class=\"attachment-medium size-medium\" alt=\"\" srcset=\"https:\/\/alldevice.com\/wp-content\/uploads\/2025\/06\/aq.jpg 431w, https:\/\/alldevice.com\/wp-content\/uploads\/2025\/06\/aq-150x150.jpg 150w, https:\/\/alldevice.com\/wp-content\/uploads\/2025\/06\/aq-12x12.jpg 12w, https:\/\/alldevice.com\/wp-content\/uploads\/2025\/06\/aq-110x110.jpg 110w\" sizes=\"auto, (max-width: 431px) 100vw, 431px\" \/><\/div><\/div><\/div><\/div>\n\n<div class=\"ama-block block-bgcolor has-p-def full-width\">\n<div class=\"ama-block block-txtmedia\"><div class=\"block__body\"><div class=\"body__content\">\n\n<h2 class=\"wp-block-heading wp-el\"><strong>Regulatiivsele vastavusele<\/strong><\/h2>\n\n\n\n<p class=\"wp-el\" style=\"font-style:normal;font-weight:500\">Meie platvorm lihtsustab k\u00f5igi tegevuste dokumenteerimist ja j\u00e4lgitavust, lihtsustades auditeid ja kontrolle. See t\u00f5hus protsess v\u00e4hendab oluliselt vastavuse tagamiseks kuluvat aega ja vaeva, v\u00f5imaldades teie meeskonnal keskenduda p\u00f5hi\u00fclesannetele.<\/p>\n\n\n\n<div class=\"wp-block-buttons is-layout-flex wp-block-buttons-is-layout-flex\">\n<div class=\"wp-block-button\"><a class=\"wp-block-button__link wp-element-button\" href=\"http:\/\/alldevice.com\/et\/contact\/\">K\u00fcsi demo!<\/a><\/div>\n<\/div>\n\n<\/div><div class=\"body__media\"><a href=\"https:\/\/alldevice.com\/wp-content\/uploads\/2025\/10\/CleanLogs.png\" class=\"ari-fancybox\" data-fancybox=\"gallery_block_e3106eabc8b6496c3f3e3294fd04af80\" data-caption=\"\"><img decoding=\"async\" class=\"zoom-target-img\" width=\"600\" height=\"400\" src=\"https:\/\/alldevice.com\/wp-content\/uploads\/bis-images\/2078\/CleanLogs-600x400-f50_50.png\" alt=\"Puhaslogid\" loading=\"lazy\" \/><\/a><\/div><\/div><\/div>\n<\/div>\n\n<div class=\"ama-block block-txtmedia reverse-order\"><div class=\"block__body\"><div class=\"body__content\">\n\n<h2 class=\"wp-block-heading wp-el\"><strong><strong>Ennustav ja ennetav hooldus<\/strong><\/strong><\/h2>\n\n\n\n<p class=\"wp-el\" style=\"font-style:normal;font-weight:500\">Optimeerige hooldust, koostades ajakava aja v\u00f5i kasutuse p\u00f5hjal, tagades, et \u00fclesandeid t\u00e4idetakse ainult siis, kui see on vajalik. See l\u00e4henemisviis v\u00e4hendab kulusid ja parandab k\u00e4ttesaadavust, hoides tegevuse t\u00f5husa ja usaldusv\u00e4\u00e4rsena.<\/p>\n\n\n\n<div class=\"wp-block-buttons is-layout-flex wp-block-buttons-is-layout-flex\">\n<div class=\"wp-block-button\"><a class=\"wp-block-button__link wp-element-button\" href=\"http:\/\/alldevice.com\/et\/contact\/\">K\u00fcsi pakkumist<\/a><\/div>\n<\/div>\n\n<\/div><div class=\"body__media\"><a href=\"https:\/\/alldevice.com\/wp-content\/uploads\/2025\/10\/Screenshot-2025-10-01-at-14.26.10-2.png\" class=\"ari-fancybox\" data-fancybox=\"gallery_block_27ff3550fa22a4790d7b369fa1eb9dd8\" data-caption=\"\"><img decoding=\"async\" class=\"zoom-target-img\" width=\"600\" height=\"400\" src=\"https:\/\/alldevice.com\/wp-content\/uploads\/bis-images\/2074\/Screenshot-2025-10-01-at-14.26.10-2-600x400-f50_50.png\" alt=\"Kuvat\u00f5mmis 2025-10-01 kell 14.26.10-2\" loading=\"lazy\" \/><\/a><\/div><\/div><\/div>\n\n<div class=\"ama-block block-bgcolor has-p-def full-width\">\n<div class=\"ama-block block-txtmedia\"><div class=\"block__body\"><div class=\"body__content\">\n\n<h2 class=\"wp-block-heading wp-el\"><strong><strong>Dokumentatsioon ja j\u00e4lgitavus<\/strong><\/strong><\/h2>\n\n\n\n<p class=\"wp-el\" style=\"font-style:normal;font-weight:500\">Tagada l\u00e4bipaistvus ja vastavus tervise- ja ohutusstandarditele, pidades t\u00e4pset arvestust k\u00f5igi hooldustegevuste ja seadmete seisukorra \u00fcle. See tava mitte ainult ei toeta ohutusprotokolle, vaid suurendab ka tegevuse t\u00f5husust ja vastutust k\u00f5igis protsessides.<\/p>\n\n\n\n<div class=\"wp-block-buttons is-layout-flex wp-block-buttons-is-layout-flex\">\n<div class=\"wp-block-button\"><a class=\"wp-block-button__link wp-element-button\" href=\"http:\/\/alldevice.com\/et\/contact\/\">K\u00fcsi demo!<\/a><\/div>\n<\/div>\n\n<\/div><div class=\"body__media\"><a href=\"https:\/\/alldevice.com\/wp-content\/uploads\/2025\/10\/TaskTemplateMeasures.png\" class=\"ari-fancybox\" data-fancybox=\"gallery_block_556606a17570661d0e856f69e24e581c\" data-caption=\"\"><img decoding=\"async\" class=\"zoom-target-img\" width=\"600\" height=\"400\" src=\"https:\/\/alldevice.com\/wp-content\/uploads\/bis-images\/2051\/TaskTemplateMeasures-600x400-f50_50.png\" alt=\"\u00dclesandemalli m\u00f5\u00f5dud\" loading=\"lazy\" \/><\/a><\/div><\/div><\/div>\n<\/div>\n\n<div class=\"ama-block block-txtmedia reverse-order\"><div class=\"block__body\"><div class=\"body__content\">\n\n<h2 class=\"wp-block-heading wp-el\"><strong><strong>Dokumentatsioon ja t\u00e4iustused<\/strong><\/strong><\/h2>\n\n\n\n<p class=\"wp-el\" style=\"font-style:normal;font-weight:500\">T\u00e4iustage oma hooldusprotsesse l\u00e4bin\u00e4gelike andmete ja aruandlust\u00f6\u00f6riistade abil. Kasutades \u00e4ra selliseid olulisi m\u00f5\u00f5dikuid nagu keskmine riketevaheline aeg (MTBF) ja keskmine remondiaeg (MTTR), saate oma hooldusstrateegiaid pidevalt optimeerida ja t\u00e4iustada, et parandada t\u00f5husust ja t\u00f6\u00f6kindlust.<\/p>\n\n\n\n<div class=\"wp-block-buttons is-layout-flex wp-block-buttons-is-layout-flex\">\n<div class=\"wp-block-button\"><a class=\"wp-block-button__link wp-element-button\" href=\"http:\/\/alldevice.com\/et\/contact\/\">K\u00fcsi pakkumist<\/a><\/div>\n<\/div>\n\n<\/div><div class=\"body__media\"><a href=\"https:\/\/alldevice.com\/wp-content\/uploads\/2025\/08\/2_1.png\" class=\"ari-fancybox\" data-fancybox=\"gallery_block_9e3b07e4c555efd9a521d4ff69bda231\" data-caption=\"\"><img decoding=\"async\" class=\"zoom-target-img\" width=\"600\" height=\"400\" src=\"https:\/\/alldevice.com\/wp-content\/uploads\/bis-images\/1535\/2_1-600x400-f50_50.png\" alt=\"2_1\" loading=\"lazy\" \/><\/a><\/div><\/div><\/div>\n\n<div class=\"ama-block block-bgcolor has-p-def has-stencil stencil-right stencil-top full-width\">\n<div class=\"ama-block block-faqs\"><div class=\"block__header text-center\"><h2>Farmaatsiat\u00f6\u00f6stuse KKK<\/h2><\/div><div class=\"block__body\"><div class=\"body__content accordion\" id=\"accordion-block_40cd6e7f4d2ca6ef5aeacc23d969ba15\"><div class=\"accordion-item\" itemscope=\"\" itemprop=\"mainEntity\" itemtype=\"https:\/\/schema.org\/Question\"><h3 class=\"accordion-button collapsed\" data-bs-toggle=\"collapse\" data-bs-target=\"#collapse-block_40cd6e7f4d2ca6ef5aeacc23d969ba15815\" aria-expanded=\"false\" aria-controls=\"collapse-block_40cd6e7f4d2ca6ef5aeacc23d969ba15815\"><span class=\"d-block\" itemprop=\"name\">Mis on automatiseerimine farmaatsiat\u00f6\u00f6stuses?<\/span><span class=\"d-flex\"><svg xmlns=\"http:\/\/www.w3.org\/2000\/svg\" width=\"24.225\" height=\"15.613\" viewbox=\"0 0 24.225 15.613\"><path d=\"M564.2,42.728l10,12,10-12\" transform=\"translate(-562.088 -40.615)\" fill=\"none\" stroke=\"currentColor\" stroke-linecap=\"round\" stroke-linejoin=\"round\" stroke-width=\"3\"\/><\/svg><\/span><\/h3><div id=\"collapse-block_40cd6e7f4d2ca6ef5aeacc23d969ba15815\" class=\"accordion-collapse collapse\" data-bs-parent=\"#accordion-block_40cd6e7f4d2ca6ef5aeacc23d969ba15\" itemscope=\"\" itemprop=\"acceptedAnswer\" itemtype=\"https:\/\/schema.org\/Answer\"><div class=\"accordion-body classic-editor\" itemprop=\"text\"><p><span style=\"font-weight: 400;\">Farmaatsiat\u00f6\u00f6stuse automatiseerimine h\u00f5lmab tarkvara, seadmete ja protsesside kasutamist t\u00f5husa ja usaldusv\u00e4\u00e4rse ravimite tootmise tagamiseks. See h\u00f5lmab seadmete ja tarkvara kasutamist selliste protsesside automatiseerimiseks nagu segamine, granuleerimine ja pakendamine. See h\u00f5lmab ka seadmete hooldust\u00f6\u00f6de automatiseerimist. N\u00e4iteks saab selliseid t\u00f6\u00f6riistu nagu Alldevice kasutada hoolduse ajastamiseks, t\u00f6\u00f6korralduste loomiseks ja varuosade haldamise automatiseerimiseks.<\/span><\/p>\n<\/div><\/div><\/div><div class=\"accordion-item\" itemscope=\"\" itemprop=\"mainEntity\" itemtype=\"https:\/\/schema.org\/Question\"><h3 class=\"accordion-button collapsed\" data-bs-toggle=\"collapse\" data-bs-target=\"#collapse-block_40cd6e7f4d2ca6ef5aeacc23d969ba15813\" aria-expanded=\"false\" aria-controls=\"collapse-block_40cd6e7f4d2ca6ef5aeacc23d969ba15813\"><span class=\"d-block\" itemprop=\"name\">Mis on plaaniline ennetav hooldus farmaatsiatootmises?<\/span><span class=\"d-flex\"><svg xmlns=\"http:\/\/www.w3.org\/2000\/svg\" width=\"24.225\" height=\"15.613\" viewbox=\"0 0 24.225 15.613\"><path d=\"M564.2,42.728l10,12,10-12\" transform=\"translate(-562.088 -40.615)\" fill=\"none\" stroke=\"currentColor\" stroke-linecap=\"round\" stroke-linejoin=\"round\" stroke-width=\"3\"\/><\/svg><\/span><\/h3><div id=\"collapse-block_40cd6e7f4d2ca6ef5aeacc23d969ba15813\" class=\"accordion-collapse collapse\" data-bs-parent=\"#accordion-block_40cd6e7f4d2ca6ef5aeacc23d969ba15\" itemscope=\"\" itemprop=\"acceptedAnswer\" itemtype=\"https:\/\/schema.org\/Answer\"><div class=\"accordion-body classic-editor\" itemprop=\"text\"><p><span style=\"font-weight: 400;\">Planeeritud ennetav hooldus (PPM) on ennetava hoolduse t\u00fc\u00fcp, mis h\u00f5lmab regulaarseid kontrolle, remonti ja varuosade v\u00e4ljavahetamist, et v\u00e4ltida seadmete rikkeid. Farmaatsiat\u00f6\u00f6stuses h\u00f5lmab see CMMS-i (nt Alldevice) kasutamist farmaatsiaseadmete hooldust\u00f6\u00f6de planeerimiseks, ajastamiseks ja j\u00e4lgimiseks. Farmaatsiaettev\u00f5tted kasutavad PPM-i tootmisliinide t\u00f6\u00f6korras hoidmiseks, ravimite kvaliteedi s\u00e4ilitamiseks ja seadmete eeskirjade j\u00e4rgimise tagamiseks.<\/span><\/p>\n<\/div><\/div><\/div><div class=\"accordion-item\" itemscope=\"\" itemprop=\"mainEntity\" itemtype=\"https:\/\/schema.org\/Question\"><h3 class=\"accordion-button collapsed\" data-bs-toggle=\"collapse\" data-bs-target=\"#collapse-block_40cd6e7f4d2ca6ef5aeacc23d969ba15811\" aria-expanded=\"false\" aria-controls=\"collapse-block_40cd6e7f4d2ca6ef5aeacc23d969ba15811\"><span class=\"d-block\" itemprop=\"name\">Milline on parim tarkvara farmaatsiat\u00f6\u00f6stuses hoolduse automatiseerimiseks?<\/span><span class=\"d-flex\"><svg xmlns=\"http:\/\/www.w3.org\/2000\/svg\" width=\"24.225\" height=\"15.613\" viewbox=\"0 0 24.225 15.613\"><path d=\"M564.2,42.728l10,12,10-12\" transform=\"translate(-562.088 -40.615)\" fill=\"none\" stroke=\"currentColor\" stroke-linecap=\"round\" stroke-linejoin=\"round\" stroke-width=\"3\"\/><\/svg><\/span><\/h3><div id=\"collapse-block_40cd6e7f4d2ca6ef5aeacc23d969ba15811\" class=\"accordion-collapse collapse\" data-bs-parent=\"#accordion-block_40cd6e7f4d2ca6ef5aeacc23d969ba15\" itemscope=\"\" itemprop=\"acceptedAnswer\" itemtype=\"https:\/\/schema.org\/Answer\"><div class=\"accordion-body classic-editor\" itemprop=\"text\"><p><span style=\"font-weight: 400;\">Alldevice on parim CMMS hoolduse automatiseerimiseks farmaatsiat\u00f6\u00f6stuses. Meie kasutajas\u00f5braliku CMMS-iga on lihtne ajastada meditsiinilaboriseadmete hooldust, luua t\u00f6\u00f6k\u00e4ske ja j\u00e4lgida k\u00f5iki hooldustegevusi. Alldevice on eelistatud valik laboriautomaatikaks keemiat\u00f6\u00f6stuses paljudes EL-i riikides, sealhulgas Poolas, L\u00e4tis, Leedus ja Eestis.<\/span><\/p>\n<\/div><\/div><\/div><div class=\"accordion-item\" itemscope=\"\" itemprop=\"mainEntity\" itemtype=\"https:\/\/schema.org\/Question\"><h3 class=\"accordion-button collapsed\" data-bs-toggle=\"collapse\" data-bs-target=\"#collapse-block_40cd6e7f4d2ca6ef5aeacc23d969ba15809\" aria-expanded=\"false\" aria-controls=\"collapse-block_40cd6e7f4d2ca6ef5aeacc23d969ba15809\"><span class=\"d-block\" itemprop=\"name\">Kas teie CMMS oskab arvutada OEE-d farmaatsiat\u00f6\u00f6stuses?<\/span><span class=\"d-flex\"><svg xmlns=\"http:\/\/www.w3.org\/2000\/svg\" width=\"24.225\" height=\"15.613\" viewbox=\"0 0 24.225 15.613\"><path d=\"M564.2,42.728l10,12,10-12\" transform=\"translate(-562.088 -40.615)\" fill=\"none\" stroke=\"currentColor\" stroke-linecap=\"round\" stroke-linejoin=\"round\" stroke-width=\"3\"\/><\/svg><\/span><\/h3><div id=\"collapse-block_40cd6e7f4d2ca6ef5aeacc23d969ba15809\" class=\"accordion-collapse collapse\" data-bs-parent=\"#accordion-block_40cd6e7f4d2ca6ef5aeacc23d969ba15\" itemscope=\"\" itemprop=\"acceptedAnswer\" itemtype=\"https:\/\/schema.org\/Answer\"><div class=\"accordion-body classic-editor\" itemprop=\"text\"><p><span style=\"font-weight: 400;\">Jah, Alldevice suudab arvutada farmaatsiaseadmete \u00fcldist efektiivsust (OEE). OEE on seadmete j\u00f5udluse, k\u00e4ideldavuse ja kvaliteedi m\u00f5\u00f5tmise peamine n\u00e4itaja. Alldevice&#039;i abil saate m\u00f5\u00f5ta farmaatsiaseadmete efektiivsust, tuvastada parendusvaldkondi ja optimeerida oma tootmisprotsesse. <\/span><\/p>\n<\/div><\/div><\/div><div class=\"accordion-item\" itemscope=\"\" itemprop=\"mainEntity\" itemtype=\"https:\/\/schema.org\/Question\"><h3 class=\"accordion-button collapsed\" data-bs-toggle=\"collapse\" data-bs-target=\"#collapse-block_40cd6e7f4d2ca6ef5aeacc23d969ba15807\" aria-expanded=\"false\" aria-controls=\"collapse-block_40cd6e7f4d2ca6ef5aeacc23d969ba15807\"><span class=\"d-block\" itemprop=\"name\">Millised on CFR-i suunised ravimitele?<\/span><span class=\"d-flex\"><svg xmlns=\"http:\/\/www.w3.org\/2000\/svg\" width=\"24.225\" height=\"15.613\" viewbox=\"0 0 24.225 15.613\"><path d=\"M564.2,42.728l10,12,10-12\" transform=\"translate(-562.088 -40.615)\" fill=\"none\" stroke=\"currentColor\" stroke-linecap=\"round\" stroke-linejoin=\"round\" stroke-width=\"3\"\/><\/svg><\/span><\/h3><div id=\"collapse-block_40cd6e7f4d2ca6ef5aeacc23d969ba15807\" class=\"accordion-collapse collapse\" data-bs-parent=\"#accordion-block_40cd6e7f4d2ca6ef5aeacc23d969ba15\" itemscope=\"\" itemprop=\"acceptedAnswer\" itemtype=\"https:\/\/schema.org\/Answer\"><div class=\"accordion-body classic-editor\" itemprop=\"text\"><p><span style=\"font-weight: 400;\">F\u00f6deraalsete m\u00e4\u00e4ruste koodeksi (CFR) 21. jaotis s\u00e4testab Toidu- ja Ravimiameti reeglid ja m\u00e4\u00e4rused. Farmaatsiatooted peavad kvaliteedi- ja ohutusstandarditele vastamiseks vastama CFR-i suunistele. Vastavalt 21 CFR-i 11. osa farmaatsiatoodete suunistele peavad elektroonilised dokumendid olema usaldusv\u00e4\u00e4rsed, autentsed ja samav\u00e4\u00e4rsed paberkandjal dokumentidega. 21 CFR-i 210. ja 211. osa s\u00e4testavad n\u00f5uded ravimite tootmisel, pakendamisel v\u00f5i hoidmisel kasutatavatele meetoditele, rajatistele ja kontrollimeetmetele.<\/span><\/p>\n<\/div><\/div><\/div><\/div><\/div><\/div>\n<\/div>\n\n<div class=\"ama-block block-related\"><div class=\"block__header w-btn\"><h2>Blogi<\/h2><div class=\"wp-block-button is-style-read-more\"><a href=\"https:\/\/alldevice.com\/et\/resources\/\" class=\"wp-block-button__link\">Loe meie blogi<\/a><\/div><\/div><div class=\"block__body\"><a href=\"https:\/\/alldevice.com\/et\/case-studies\/utilitas\/\" class=\"post-item\"><div class=\"item__thumb\"><img decoding=\"async\" width=\"350\" height=\"180\" src=\"https:\/\/alldevice.com\/wp-content\/uploads\/bis-images\/3415\/utilitas3-1-350x180-f50_50.png\" class=\"attachment-350x180\" alt=\"utilitas3\" loading=\"lazy\" \/><div class=\"post--tags\"><span>Kliendilood<\/span><\/div><\/div><div class=\"item__content\"><p class=\"is-title\">T\u00f5hustades Utilitase kaugk\u00fctte hooldusprotsesse<\/p><p>Uue tarkvaralahenduse kasutuselev\u00f5tt on osa laiemast eesm\u00e4rgist hoida meie tehnoloogiline v\u00f5imekus ajakohasena ning rakendada uuenduslikke ja t\u00f6\u00f6kindlaid digilahendusi.<\/p>\n<\/div><div class=\"item__end wp-block-button is-style-read-more\"><span class=\"wp-block-button__link\">Loe edasi<\/span><\/div><\/a><a href=\"https:\/\/alldevice.com\/et\/case-studies\/e-piim\/\" class=\"post-item\"><div class=\"item__thumb\"><img decoding=\"async\" width=\"350\" height=\"180\" src=\"https:\/\/alldevice.com\/wp-content\/uploads\/bis-images\/3033\/E-Piim-24-350x180-f50_50.jpg\" class=\"attachment-350x180\" alt=\"E-Piim-24\" loading=\"lazy\" \/><div class=\"post--tags\"><span>Kliendilood<\/span><\/div><\/div><div class=\"item__content\"><p class=\"is-title\">Kuidas Epiim hoolduse p\u00e4riselt t\u00f6\u00f6le pani<\/p><p>Kui Epiim 2023. aastal oma uue tehase k\u00e4ivitas, otsustati ellu viia ka \u00fcks varaseid p\u00f5him\u00f5ttelisi otsuseid: kogu tehase hooldus peab olema digitaalselt juhitud, auditeeritav ja igap\u00e4evat\u00f6\u00f6s mugav kasutada.<\/p>\n<\/div><div class=\"item__end wp-block-button is-style-read-more\"><span class=\"wp-block-button__link\">Loe edasi<\/span><\/div><\/a><a href=\"https:\/\/alldevice.com\/et\/blog\/work-hour-based-maintenance-globalreader-alldevice\/\" class=\"post-item is-compact\"><div class=\"item__thumb\"><img decoding=\"async\" width=\"100\" height=\"100\" src=\"https:\/\/alldevice.com\/wp-content\/uploads\/bis-images\/1155\/Group-1000000898-100x100-f50_50.png\" class=\"attachment-100x100\" alt=\"Group 1000000898\" loading=\"lazy\" \/><\/div><div class=\"item__content\"><p class=\"is-title\">T\u00f6\u00f6tunnip\u00f5hine hooldus \u2013 GlobalReader ja Alldevice<\/p><\/div><\/a><a href=\"https:\/\/alldevice.com\/et\/blog\/iso-cert\/\" class=\"post-item is-compact\"><div class=\"item__thumb\"><img decoding=\"async\" width=\"100\" height=\"100\" src=\"https:\/\/alldevice.com\/wp-content\/uploads\/bis-images\/3020\/BVCER_withoutQR-ISO-27001-100x100-f47_32.png\" class=\"attachment-100x100\" alt=\"ISO 27001 certified\" loading=\"lazy\" \/><\/div><div class=\"item__content\"><p class=\"is-title\">Alldevice O\u00dc-le omistati ISO 27001:2022 sertifikaat<\/p><\/div><\/a><a href=\"https:\/\/alldevice.com\/et\/case-studies\/port-of-tallinn\/\" class=\"post-item is-compact\"><div class=\"item__thumb\"><img decoding=\"async\" width=\"100\" height=\"100\" src=\"https:\/\/alldevice.com\/wp-content\/uploads\/bis-images\/833\/Header_Case-Study_Port-of-Tallinn-100x100-f50_50.png\" class=\"attachment-100x100\" alt=\"P\u00e4is_Juhtumiuuring_Tallinna sadam\" loading=\"lazy\" \/><\/div><div class=\"item__content\"><p class=\"is-title\">Segadusest kontrolli alla saamiseni Tallinna sadamas<\/p><\/div><\/a><\/div><\/div>\n\n\n<p class=\"wp-el\"><\/p>","protected":false},"excerpt":{"rendered":"","protected":false},"author":2,"featured_media":0,"parent":254,"menu_order":0,"comment_status":"closed","ping_status":"closed","template":"","meta":{"_acf_changed":false,"inline_featured_image":false,"footnotes":""},"class_list":["post-817","page","type-page","status-publish","hentry"],"acf":[],"_links":{"self":[{"href":"https:\/\/alldevice.com\/et\/wp-json\/wp\/v2\/pages\/817","targetHints":{"allow":["GET"]}}],"collection":[{"href":"https:\/\/alldevice.com\/et\/wp-json\/wp\/v2\/pages"}],"about":[{"href":"https:\/\/alldevice.com\/et\/wp-json\/wp\/v2\/types\/page"}],"author":[{"embeddable":true,"href":"https:\/\/alldevice.com\/et\/wp-json\/wp\/v2\/users\/2"}],"replies":[{"embeddable":true,"href":"https:\/\/alldevice.com\/et\/wp-json\/wp\/v2\/comments?post=817"}],"version-history":[{"count":8,"href":"https:\/\/alldevice.com\/et\/wp-json\/wp\/v2\/pages\/817\/revisions"}],"predecessor-version":[{"id":2305,"href":"https:\/\/alldevice.com\/et\/wp-json\/wp\/v2\/pages\/817\/revisions\/2305"}],"up":[{"embeddable":true,"href":"https:\/\/alldevice.com\/et\/wp-json\/wp\/v2\/pages\/254"}],"wp:attachment":[{"href":"https:\/\/alldevice.com\/et\/wp-json\/wp\/v2\/media?parent=817"}],"curies":[{"name":"wp","href":"https:\/\/api.w.org\/{rel}","templated":true}]}}