{"id":790,"date":"2025-07-09T12:35:06","date_gmt":"2025-07-09T12:35:06","guid":{"rendered":"https:\/\/alldevice.com\/?page_id=790"},"modified":"2025-11-17T10:49:45","modified_gmt":"2025-11-17T08:49:45","slug":"food-beverage","status":"publish","type":"page","link":"https:\/\/alldevice.com\/et\/industries\/food-beverage\/","title":{"rendered":"Toidu- ja joogit\u00f6\u00f6stuse hooldustarkvara"},"content":{"rendered":"<div class=\"ama-block block-bgcolor has-p-def has-stencil stencil-right stencil-top full-width\">\n<div class=\"ama-block block-grid-txt is-style-header-side\"><div class=\"block__header\"><p class=\"has-semi-huge-font-size\">Toidu- ja joogit\u00f6\u00f6stuse hooldustarkvara<\/p><\/div><div class=\"block__body\"><div class=\"grid-txt-item\"><p class=\"has-medium-font-size fw-bold\">Ennustav ja ennetav hooldus<\/p><p> <\/p><\/div><div class=\"grid-txt-item\"><p class=\"has-medium-font-size fw-bold\">Regulatiivsele vastavusele<\/p><p> <\/p><\/div><div class=\"grid-txt-item\"><p class=\"has-medium-font-size fw-bold\">Dokumentatsioon ja j\u00e4lgitavus<\/p><p> <\/p><\/div><div class=\"grid-txt-item\"><p class=\"has-medium-font-size fw-bold\">Treening ja h\u00fcgieen<\/p><p> <\/p><\/div><\/div><\/div>\n<\/div>\n\n<div class=\"ama-block block-portfolio is-compact is-style-simple\"><div class=\"block__header\"><h2>\u00dcle 10 000 hooldusspetsialisti hindab Alldevice&#039;i #1-ks<\/h2><\/div><div class=\"block__body\"><div class=\"portfolio-item\"><div class=\"item__logo\"><img loading=\"lazy\" decoding=\"async\" width=\"547\" height=\"547\" src=\"https:\/\/alldevice.com\/wp-content\/uploads\/2025\/05\/alexela_uus.png\" class=\"attachment-medium size-medium\" alt=\"\" srcset=\"https:\/\/alldevice.com\/wp-content\/uploads\/2025\/05\/alexela_uus.png 547w, https:\/\/alldevice.com\/wp-content\/uploads\/2025\/05\/alexela_uus-150x150.png 150w, https:\/\/alldevice.com\/wp-content\/uploads\/2025\/05\/alexela_uus-12x12.png 12w, https:\/\/alldevice.com\/wp-content\/uploads\/2025\/05\/alexela_uus-110x110.png 110w\" sizes=\"auto, (max-width: 547px) 100vw, 547px\" \/><\/div><\/div><div class=\"portfolio-item\"><div class=\"item__logo\"><img loading=\"lazy\" decoding=\"async\" width=\"810\" height=\"810\" src=\"https:\/\/alldevice.com\/wp-content\/uploads\/2025\/06\/neste-logol-810x810.png\" class=\"attachment-medium size-medium\" alt=\"\" srcset=\"https:\/\/alldevice.com\/wp-content\/uploads\/2025\/06\/neste-logol-810x810.png 810w, https:\/\/alldevice.com\/wp-content\/uploads\/2025\/06\/neste-logol-150x150.png 150w, https:\/\/alldevice.com\/wp-content\/uploads\/2025\/06\/neste-logol-12x12.png 12w, https:\/\/alldevice.com\/wp-content\/uploads\/2025\/06\/neste-logol-110x110.png 110w, https:\/\/alldevice.com\/wp-content\/uploads\/2025\/06\/neste-logol.png 1069w\" sizes=\"auto, (max-width: 810px) 100vw, 810px\" \/><\/div><\/div><div class=\"portfolio-item\"><div class=\"item__logo\"><img loading=\"lazy\" decoding=\"async\" width=\"719\" height=\"720\" src=\"https:\/\/alldevice.com\/wp-content\/uploads\/2026\/01\/Magnum_logo.png\" class=\"attachment-medium size-medium\" alt=\"\" srcset=\"https:\/\/alldevice.com\/wp-content\/uploads\/2026\/01\/Magnum_logo.png 719w, https:\/\/alldevice.com\/wp-content\/uploads\/2026\/01\/Magnum_logo-150x150.png 150w, https:\/\/alldevice.com\/wp-content\/uploads\/2026\/01\/Magnum_logo-12x12.png 12w, https:\/\/alldevice.com\/wp-content\/uploads\/2026\/01\/Magnum_logo-110x110.png 110w\" sizes=\"auto, (max-width: 719px) 100vw, 719px\" \/><\/div><\/div><div class=\"portfolio-item\"><div class=\"item__logo\"><img loading=\"lazy\" decoding=\"async\" width=\"431\" height=\"431\" src=\"https:\/\/alldevice.com\/wp-content\/uploads\/2025\/06\/aq.jpg\" class=\"attachment-medium size-medium\" alt=\"\" srcset=\"https:\/\/alldevice.com\/wp-content\/uploads\/2025\/06\/aq.jpg 431w, https:\/\/alldevice.com\/wp-content\/uploads\/2025\/06\/aq-150x150.jpg 150w, https:\/\/alldevice.com\/wp-content\/uploads\/2025\/06\/aq-12x12.jpg 12w, https:\/\/alldevice.com\/wp-content\/uploads\/2025\/06\/aq-110x110.jpg 110w\" sizes=\"auto, (max-width: 431px) 100vw, 431px\" \/><\/div><\/div><\/div><\/div>\n\n<div class=\"ama-block block-bgcolor has-p-def full-width\">\n<div class=\"ama-block block-txtmedia\"><div class=\"block__body\"><div class=\"body__content\">\n\n<h2 class=\"wp-block-heading wp-el\"><strong>Ennustav ja ennetav hooldus<\/strong><\/h2>\n\n\n\n<p class=\"wp-el\" style=\"font-style:normal;font-weight:500\">Optimeerige hooldust, koostades ajakava aja v\u00f5i kasutuse p\u00f5hjal, tagades, et \u00fclesandeid t\u00e4idetakse ainult siis, kui see on vajalik. See l\u00e4henemisviis v\u00e4hendab kulusid ja parandab k\u00e4ttesaadavust, hoides tegevuse t\u00f5husa ja usaldusv\u00e4\u00e4rsena.<\/p>\n\n\n\n<div class=\"wp-block-buttons is-layout-flex wp-block-buttons-is-layout-flex\">\n<div class=\"wp-block-button\"><a class=\"wp-block-button__link wp-element-button\" href=\"http:\/\/alldevice.com\/et\/contact\/\">K\u00fcsi demo!<\/a><\/div>\n<\/div>\n\n<\/div><div class=\"body__media\"><a href=\"https:\/\/alldevice.com\/wp-content\/uploads\/2025\/10\/TasksTypes.png\" class=\"ari-fancybox\" data-fancybox=\"gallery_block_19a7de9311d10d2b390a64c3e789961d\" data-caption=\"\"><img decoding=\"async\" class=\"zoom-target-img\" width=\"600\" height=\"400\" src=\"https:\/\/alldevice.com\/wp-content\/uploads\/bis-images\/2050\/TasksTypes-600x400-f50_50.png\" alt=\"\u00dclesannete t\u00fc\u00fcbid\" loading=\"lazy\" \/><\/a><\/div><\/div><\/div>\n<\/div>\n\n<div class=\"ama-block block-txtmedia reverse-order\"><div class=\"block__body\"><div class=\"body__content\">\n\n<h2 class=\"wp-block-heading wp-el\"><strong>Regulatiivsele vastavusele<\/strong><\/h2>\n\n\n\n<p class=\"wp-el\" style=\"font-style:normal;font-weight:500\">Optimeerige hooldust, koostades ajakava aja v\u00f5i kasutuse p\u00f5hjal, tagades, et \u00fclesandeid t\u00e4idetakse ainult siis, kui see on vajalik. See l\u00e4henemisviis v\u00e4hendab kulusid ja parandab k\u00e4ttesaadavust, hoides tegevuse t\u00f5husa ja usaldusv\u00e4\u00e4rsena.<\/p>\n\n\n\n<div class=\"wp-block-buttons is-layout-flex wp-block-buttons-is-layout-flex\">\n<div class=\"wp-block-button\"><a class=\"wp-block-button__link wp-element-button\" href=\"http:\/\/alldevice.com\/et\/contact\/\">K\u00fcsi pakkumist<\/a><\/div>\n<\/div>\n\n<\/div><div class=\"body__media\"><a href=\"https:\/\/alldevice.com\/wp-content\/uploads\/2025\/10\/CleanLogs.png\" class=\"ari-fancybox\" data-fancybox=\"gallery_block_6e42ba0cc38be0120ae945ba9f4c56a8\" data-caption=\"\"><img decoding=\"async\" class=\"zoom-target-img\" width=\"600\" height=\"400\" src=\"https:\/\/alldevice.com\/wp-content\/uploads\/bis-images\/2078\/CleanLogs-600x400-f50_50.png\" alt=\"Puhaslogid\" loading=\"lazy\" \/><\/a><\/div><\/div><\/div>\n\n<div class=\"ama-block block-bgcolor has-p-def full-width\">\n<div class=\"ama-block block-txtmedia\"><div class=\"block__body\"><div class=\"body__content\">\n\n<h2 class=\"wp-block-heading wp-el\"><strong>Dokumentatsioon ja j\u00e4lgitavus<\/strong><\/h2>\n\n\n\n<p class=\"wp-el\" style=\"font-style:normal;font-weight:500\">Tagada l\u00e4bipaistvus ja vastavus tervise- ja ohutusstandarditele, pidades t\u00e4pset arvestust k\u00f5igi hooldustegevuste ja seadmete seisukorra \u00fcle. See tava mitte ainult ei toeta ohutusprotokolle, vaid suurendab ka tegevuse t\u00f5husust ja vastutust k\u00f5igis protsessides.<\/p>\n\n\n\n<div class=\"wp-block-buttons is-layout-flex wp-block-buttons-is-layout-flex\">\n<div class=\"wp-block-button\"><a class=\"wp-block-button__link wp-element-button\" href=\"http:\/\/alldevice.com\/et\/contact\/\">K\u00fcsi demo!<\/a><\/div>\n<\/div>\n\n<\/div><div class=\"body__media\"><a href=\"https:\/\/alldevice.com\/wp-content\/uploads\/2025\/10\/TaskTemplateMeasures.png\" class=\"ari-fancybox\" data-fancybox=\"gallery_block_772471dc4f861ae3a4c92ade3c0dac99\" data-caption=\"\"><img decoding=\"async\" class=\"zoom-target-img\" width=\"600\" height=\"400\" src=\"https:\/\/alldevice.com\/wp-content\/uploads\/bis-images\/2051\/TaskTemplateMeasures-600x400-f50_50.png\" alt=\"\u00dclesandemalli m\u00f5\u00f5dud\" loading=\"lazy\" \/><\/a><\/div><\/div><\/div>\n<\/div>\n\n<div class=\"ama-block block-txtmedia reverse-order\"><div class=\"block__body\"><div class=\"body__content\">\n\n<h2 class=\"wp-block-heading wp-el\"><strong>Treening ja h\u00fcgieen<\/strong><\/h2>\n\n\n\n<p class=\"wp-el\" style=\"font-style:normal;font-weight:500\">Rangete puhastusprotsesside kehtestamine ja j\u00e4rgimine h\u00fcgieenitavade ja hooldusprotseduuride parandamiseks. See hoiab \u00e4ra toidu saastumise ja minimeerib tootmise katkestusi, tagades ohutu ja t\u00f5husa tootmiskeskkonna.<\/p>\n\n\n\n<div class=\"wp-block-buttons is-layout-flex wp-block-buttons-is-layout-flex\">\n<div class=\"wp-block-button\"><a class=\"wp-block-button__link wp-element-button\" href=\"http:\/\/alldevice.com\/et\/contact\/\">K\u00fcsi pakkumist<\/a><\/div>\n<\/div>\n\n<\/div><div class=\"body__media\"><a href=\"https:\/\/alldevice.com\/wp-content\/uploads\/2025\/10\/TaskTemplateMeasures.png\" class=\"ari-fancybox\" data-fancybox=\"gallery_block_1ba1c24cccc2d71f414403529b6ebb13\" data-caption=\"\"><img decoding=\"async\" class=\"zoom-target-img\" width=\"600\" height=\"400\" src=\"https:\/\/alldevice.com\/wp-content\/uploads\/bis-images\/2051\/TaskTemplateMeasures-600x400-f50_50.png\" alt=\"\u00dclesandemalli m\u00f5\u00f5dud\" loading=\"lazy\" \/><\/a><\/div><\/div><\/div>\n\n<div class=\"ama-block block-bgcolor has-p-def has-stencil stencil-right stencil-top full-width\">\n<div class=\"ama-block block-faqs\"><div class=\"block__header text-center\"><h2>Toidu- ja joogit\u00f6\u00f6stuse KKK<\/h2><\/div><div class=\"block__body\"><div class=\"body__content accordion\" id=\"accordion-block_b32a053434246669457fbc6c5c38b341\"><div class=\"accordion-item\" itemscope=\"\" itemprop=\"mainEntity\" itemtype=\"https:\/\/schema.org\/Question\"><h3 class=\"accordion-button collapsed\" data-bs-toggle=\"collapse\" data-bs-target=\"#collapse-block_b32a053434246669457fbc6c5c38b341804\" aria-expanded=\"false\" aria-controls=\"collapse-block_b32a053434246669457fbc6c5c38b341804\"><span class=\"d-block\" itemprop=\"name\">Mis on automatiseerimine toiduainet\u00f6\u00f6stuses?<\/span><span class=\"d-flex\"><svg xmlns=\"http:\/\/www.w3.org\/2000\/svg\" width=\"24.225\" height=\"15.613\" viewbox=\"0 0 24.225 15.613\"><path d=\"M564.2,42.728l10,12,10-12\" transform=\"translate(-562.088 -40.615)\" fill=\"none\" stroke=\"currentColor\" stroke-linecap=\"round\" stroke-linejoin=\"round\" stroke-width=\"3\"\/><\/svg><\/span><\/h3><div id=\"collapse-block_b32a053434246669457fbc6c5c38b341804\" class=\"accordion-collapse collapse\" data-bs-parent=\"#accordion-block_b32a053434246669457fbc6c5c38b341\" itemscope=\"\" itemprop=\"acceptedAnswer\" itemtype=\"https:\/\/schema.org\/Answer\"><div class=\"accordion-body classic-editor\" itemprop=\"text\"><p><span style=\"font-weight: 400;\">Toiduainet\u00f6\u00f6stuse automatiseerimine on tarkvara kasutamine selliste protsesside automatiseerimiseks nagu toidu tootmine, pakendamine ja turustamine. Ettev\u00f5tted saavad CMMS-i, n\u00e4iteks Alldevice&#039;i, kasutada ka toiduainet\u00f6\u00f6stuse seadmete hoolduse automatiseerimiseks. Toiduainet\u00f6\u00f6stuse automatiseerimistarkvara abil saavad ettev\u00f5tted suurendada t\u00f5husust, s\u00e4ilitada kvaliteedi j\u00e4rjepidevust ja tagada toiduohutuse, v\u00e4hendades samal ajal t\u00f6\u00f6j\u00f5ukulusid ja inimlike vigade arvu.<\/span><\/p>\n<\/div><\/div><\/div><div class=\"accordion-item\" itemscope=\"\" itemprop=\"mainEntity\" itemtype=\"https:\/\/schema.org\/Question\"><h3 class=\"accordion-button collapsed\" data-bs-toggle=\"collapse\" data-bs-target=\"#collapse-block_b32a053434246669457fbc6c5c38b341802\" aria-expanded=\"false\" aria-controls=\"collapse-block_b32a053434246669457fbc6c5c38b341802\"><span class=\"d-block\" itemprop=\"name\">Mis on SCADA toiduainet\u00f6\u00f6stuse automatiseerimises?<\/span><span class=\"d-flex\"><svg xmlns=\"http:\/\/www.w3.org\/2000\/svg\" width=\"24.225\" height=\"15.613\" viewbox=\"0 0 24.225 15.613\"><path d=\"M564.2,42.728l10,12,10-12\" transform=\"translate(-562.088 -40.615)\" fill=\"none\" stroke=\"currentColor\" stroke-linecap=\"round\" stroke-linejoin=\"round\" stroke-width=\"3\"\/><\/svg><\/span><\/h3><div id=\"collapse-block_b32a053434246669457fbc6c5c38b341802\" class=\"accordion-collapse collapse\" data-bs-parent=\"#accordion-block_b32a053434246669457fbc6c5c38b341\" itemscope=\"\" itemprop=\"acceptedAnswer\" itemtype=\"https:\/\/schema.org\/Answer\"><div class=\"accordion-body classic-editor\" itemprop=\"text\"><p><span style=\"font-weight: 400;\">SCADA (supervisory control and data acquisition ehk j\u00e4relevalve ja andmete kogumine) on toiduainet\u00f6\u00f6stuse automatiseerimisel kasutatav juhtimiss\u00fcsteem, mis j\u00e4lgib, juhib ja optimeerib toiduainete tootmisprotsesse. SCADA-s\u00fcsteemide rakendamise abil saavad toiduainet\u00f6\u00f6stuse ettev\u00f5tted juhtida tootmisliine, pakendamistoiminguid ja tarneahela haldamist. SCADA-s\u00fcsteemid saavad koguda andmeid ka \u00fchendatud seadmetest ja instrumenditest, mis on toidu- ja joogit\u00f6\u00f6stuse automatiseerimiseks h\u00e4davajalik.<\/span><\/p>\n<\/div><\/div><\/div><div class=\"accordion-item\" itemscope=\"\" itemprop=\"mainEntity\" itemtype=\"https:\/\/schema.org\/Question\"><h3 class=\"accordion-button collapsed\" data-bs-toggle=\"collapse\" data-bs-target=\"#collapse-block_b32a053434246669457fbc6c5c38b341800\" aria-expanded=\"false\" aria-controls=\"collapse-block_b32a053434246669457fbc6c5c38b341800\"><span class=\"d-block\" itemprop=\"name\">Milline on parim hooldustarkvara toiduainet\u00f6\u00f6stuses?<\/span><span class=\"d-flex\"><svg xmlns=\"http:\/\/www.w3.org\/2000\/svg\" width=\"24.225\" height=\"15.613\" viewbox=\"0 0 24.225 15.613\"><path d=\"M564.2,42.728l10,12,10-12\" transform=\"translate(-562.088 -40.615)\" fill=\"none\" stroke=\"currentColor\" stroke-linecap=\"round\" stroke-linejoin=\"round\" stroke-width=\"3\"\/><\/svg><\/span><\/h3><div id=\"collapse-block_b32a053434246669457fbc6c5c38b341800\" class=\"accordion-collapse collapse\" data-bs-parent=\"#accordion-block_b32a053434246669457fbc6c5c38b341\" itemscope=\"\" itemprop=\"acceptedAnswer\" itemtype=\"https:\/\/schema.org\/Answer\"><div class=\"accordion-body classic-editor\" itemprop=\"text\"><p><span style=\"font-weight: 400;\">Alldevice CMMS on \u00fcks parimaid toiduainet\u00f6\u00f6stuse automatiseerimise tarkvaralahendusi. Meie hooldustarkvara suudab automatiseerida hooldustegevusi, optimeerida varuosade haldamist ja ennetada seadmete rikkeid, mis v\u00f5ivad kahjustada toidu kvaliteeti v\u00f5i tootmisgraafikuid. Alldevice&#039;il on taskukohased hinnaplaanid ja kohalikud tugimeeskonnad suuremates Euroopa riikides, nagu Prantsusmaa, Saksamaa, \u00dchendkuningriik ja Poola.<\/span><\/p>\n<\/div><\/div><\/div><div class=\"accordion-item\" itemscope=\"\" itemprop=\"mainEntity\" itemtype=\"https:\/\/schema.org\/Question\"><h3 class=\"accordion-button collapsed\" data-bs-toggle=\"collapse\" data-bs-target=\"#collapse-block_b32a053434246669457fbc6c5c38b341798\" aria-expanded=\"false\" aria-controls=\"collapse-block_b32a053434246669457fbc6c5c38b341798\"><span class=\"d-block\" itemprop=\"name\">Kui palju maksab teie toiduainet\u00f6\u00f6stuse automatiseerimist\u00f6\u00f6riist?<\/span><span class=\"d-flex\"><svg xmlns=\"http:\/\/www.w3.org\/2000\/svg\" width=\"24.225\" height=\"15.613\" viewbox=\"0 0 24.225 15.613\"><path d=\"M564.2,42.728l10,12,10-12\" transform=\"translate(-562.088 -40.615)\" fill=\"none\" stroke=\"currentColor\" stroke-linecap=\"round\" stroke-linejoin=\"round\" stroke-width=\"3\"\/><\/svg><\/span><\/h3><div id=\"collapse-block_b32a053434246669457fbc6c5c38b341798\" class=\"accordion-collapse collapse\" data-bs-parent=\"#accordion-block_b32a053434246669457fbc6c5c38b341\" itemscope=\"\" itemprop=\"acceptedAnswer\" itemtype=\"https:\/\/schema.org\/Answer\"><div class=\"accordion-body classic-editor\" itemprop=\"text\"><p><span style=\"font-weight: 400;\">Meie toiduainetet\u00f6\u00f6stuse automatiseerimist\u00f6\u00f6riist on taskukohase hinnaga, pakettide hinnad algavad 200 eurost kuus. Meie hinnamudel p\u00f5hineb tarkvara kasutavate kasutajate arvul. Erinevalt teistest CMMS-i pakkujatest, kes piiravad funktsioone hinna alusel, on k\u00f5ik meie paketid t\u00e4isfunktsionaalsed. V\u00f5tke \u00fchendust oma kohaliku tugimeeskonnaga Eestis, L\u00e4tis, Leedus v\u00f5i Soomes, et leida meie toiduainetet\u00f6\u00f6stuse automatiseerimist\u00f6\u00f6riistale sobiv hinnaplaan.<\/span><\/p>\n<\/div><\/div><\/div><div class=\"accordion-item\" itemscope=\"\" itemprop=\"mainEntity\" itemtype=\"https:\/\/schema.org\/Question\"><h3 class=\"accordion-button collapsed\" data-bs-toggle=\"collapse\" data-bs-target=\"#collapse-block_b32a053434246669457fbc6c5c38b341794\" aria-expanded=\"false\" aria-controls=\"collapse-block_b32a053434246669457fbc6c5c38b341794\"><span class=\"d-block\" itemprop=\"name\">Mis on toidukontrolli kontrollnimekirja malli n\u00e4ide?<\/span><span class=\"d-flex\"><svg xmlns=\"http:\/\/www.w3.org\/2000\/svg\" width=\"24.225\" height=\"15.613\" viewbox=\"0 0 24.225 15.613\"><path d=\"M564.2,42.728l10,12,10-12\" transform=\"translate(-562.088 -40.615)\" fill=\"none\" stroke=\"currentColor\" stroke-linecap=\"round\" stroke-linejoin=\"round\" stroke-width=\"3\"\/><\/svg><\/span><\/h3><div id=\"collapse-block_b32a053434246669457fbc6c5c38b341794\" class=\"accordion-collapse collapse\" data-bs-parent=\"#accordion-block_b32a053434246669457fbc6c5c38b341\" itemscope=\"\" itemprop=\"acceptedAnswer\" itemtype=\"https:\/\/schema.org\/Answer\"><div class=\"accordion-body classic-editor\" itemprop=\"text\"><p><span style=\"font-weight: 400;\">\u00dcks n\u00e4ide toidukontrolli kontrollnimekirjast on toiduohutuse standardne t\u00f6\u00f6kord (SOP). Toiduohutuse SOP mall on samm-sammult juhend konkreetsete \u00fclesannete t\u00e4itmiseks, et tagada toidu kvaliteet ja ohutus. Ettev\u00f5tted saavad kasutada ka toiduohutusseadmete kontrollnimekirju, et tagada k\u00f5igi seadmete t\u00f5hus toimimine. Muud n\u00e4ited h\u00f5lmavad toidu s\u00e4ilitamise kontrollnimekirju, toidu temperatuuri kontrollnimekirju ja toidu tervisekontrolli kontrollnimekirju.<\/span><\/p>\n<\/div><\/div><\/div><div class=\"accordion-item\" itemscope=\"\" itemprop=\"mainEntity\" itemtype=\"https:\/\/schema.org\/Question\"><h3 class=\"accordion-button collapsed\" data-bs-toggle=\"collapse\" data-bs-target=\"#collapse-block_b32a053434246669457fbc6c5c38b341792\" aria-expanded=\"false\" aria-controls=\"collapse-block_b32a053434246669457fbc6c5c38b341792\"><span class=\"d-block\" itemprop=\"name\">Millised on CMMS-i kasutamise eelised toidu- ja joogit\u00f6\u00f6stuses?<\/span><span class=\"d-flex\"><svg xmlns=\"http:\/\/www.w3.org\/2000\/svg\" width=\"24.225\" height=\"15.613\" viewbox=\"0 0 24.225 15.613\"><path d=\"M564.2,42.728l10,12,10-12\" transform=\"translate(-562.088 -40.615)\" fill=\"none\" stroke=\"currentColor\" stroke-linecap=\"round\" stroke-linejoin=\"round\" stroke-width=\"3\"\/><\/svg><\/span><\/h3><div id=\"collapse-block_b32a053434246669457fbc6c5c38b341792\" class=\"accordion-collapse collapse\" data-bs-parent=\"#accordion-block_b32a053434246669457fbc6c5c38b341\" itemscope=\"\" itemprop=\"acceptedAnswer\" itemtype=\"https:\/\/schema.org\/Answer\"><div class=\"accordion-body classic-editor\" itemprop=\"text\"><p><span style=\"font-weight: 400;\">CMMS-s\u00fcsteem saab toiduainet\u00f6\u00f6stuses hooldust automatiseerida, parandades seadmete t\u00f6\u00f6kindlust ja v\u00e4hendades seisakuid. CMMS-lahendused, nagu n\u00e4iteks Alldevice, pakuvad ka kasulikke funktsioone, nagu varuosade haldamine, rikete anal\u00fc\u00fcs ja \u00fcksikasjalikud aruanded. Hoolduse automatiseerimise abil aitavad CMMS-lahendused ettev\u00f5tetel s\u00e4ilitada vastavust toidu- ja joogit\u00f6\u00f6stuse standardsetele t\u00f6\u00f6protseduuridele ja standarditele. <\/span><\/p>\n<\/div><\/div><\/div><\/div><\/div><\/div>\n<\/div>\n\n<div class=\"ama-block block-related\"><div class=\"block__header w-btn\"><h2>Blogi<\/h2><div class=\"wp-block-button is-style-read-more\"><a href=\"https:\/\/alldevice.com\/et\/resources\/\" class=\"wp-block-button__link\">Loe meie blogi<\/a><\/div><\/div><div class=\"block__body\"><a href=\"https:\/\/alldevice.com\/et\/case-studies\/utilitas\/\" class=\"post-item\"><div class=\"item__thumb\"><img decoding=\"async\" width=\"350\" height=\"180\" src=\"https:\/\/alldevice.com\/wp-content\/uploads\/bis-images\/3415\/utilitas3-1-350x180-f50_50.png\" class=\"attachment-350x180\" alt=\"utilitas3\" loading=\"lazy\" \/><div class=\"post--tags\"><span>Kliendilood<\/span><\/div><\/div><div class=\"item__content\"><p class=\"is-title\">T\u00f5hustades Utilitase kaugk\u00fctte hooldusprotsesse<\/p><p>Uue tarkvaralahenduse kasutuselev\u00f5tt on osa laiemast eesm\u00e4rgist hoida meie tehnoloogiline v\u00f5imekus ajakohasena ning rakendada uuenduslikke ja t\u00f6\u00f6kindlaid digilahendusi.<\/p>\n<\/div><div class=\"item__end wp-block-button is-style-read-more\"><span class=\"wp-block-button__link\">Loe edasi<\/span><\/div><\/a><a href=\"https:\/\/alldevice.com\/et\/case-studies\/e-piim\/\" class=\"post-item\"><div class=\"item__thumb\"><img decoding=\"async\" width=\"350\" height=\"180\" src=\"https:\/\/alldevice.com\/wp-content\/uploads\/bis-images\/3033\/E-Piim-24-350x180-f50_50.jpg\" class=\"attachment-350x180\" alt=\"E-Piim-24\" loading=\"lazy\" \/><div class=\"post--tags\"><span>Kliendilood<\/span><\/div><\/div><div class=\"item__content\"><p class=\"is-title\">Kuidas Epiim hoolduse p\u00e4riselt t\u00f6\u00f6le pani<\/p><p>Kui Epiim 2023. aastal oma uue tehase k\u00e4ivitas, otsustati ellu viia ka \u00fcks varaseid p\u00f5him\u00f5ttelisi otsuseid: kogu tehase hooldus peab olema digitaalselt juhitud, auditeeritav ja igap\u00e4evat\u00f6\u00f6s mugav kasutada.<\/p>\n<\/div><div class=\"item__end wp-block-button is-style-read-more\"><span class=\"wp-block-button__link\">Loe edasi<\/span><\/div><\/a><a href=\"https:\/\/alldevice.com\/et\/blog\/work-hour-based-maintenance-globalreader-alldevice\/\" class=\"post-item is-compact\"><div class=\"item__thumb\"><img decoding=\"async\" width=\"100\" height=\"100\" src=\"https:\/\/alldevice.com\/wp-content\/uploads\/bis-images\/1155\/Group-1000000898-100x100-f50_50.png\" class=\"attachment-100x100\" alt=\"Group 1000000898\" loading=\"lazy\" \/><\/div><div class=\"item__content\"><p class=\"is-title\">T\u00f6\u00f6tunnip\u00f5hine hooldus \u2013 GlobalReader ja Alldevice<\/p><\/div><\/a><a href=\"https:\/\/alldevice.com\/et\/blog\/iso-cert\/\" class=\"post-item is-compact\"><div class=\"item__thumb\"><img decoding=\"async\" width=\"100\" height=\"100\" src=\"https:\/\/alldevice.com\/wp-content\/uploads\/bis-images\/3020\/BVCER_withoutQR-ISO-27001-100x100-f47_32.png\" class=\"attachment-100x100\" alt=\"ISO 27001 certified\" loading=\"lazy\" \/><\/div><div class=\"item__content\"><p class=\"is-title\">Alldevice O\u00dc-le omistati ISO 27001:2022 sertifikaat<\/p><\/div><\/a><a href=\"https:\/\/alldevice.com\/et\/case-studies\/port-of-tallinn\/\" class=\"post-item is-compact\"><div class=\"item__thumb\"><img decoding=\"async\" width=\"100\" height=\"100\" src=\"https:\/\/alldevice.com\/wp-content\/uploads\/bis-images\/833\/Header_Case-Study_Port-of-Tallinn-100x100-f50_50.png\" class=\"attachment-100x100\" alt=\"P\u00e4is_Juhtumiuuring_Tallinna sadam\" loading=\"lazy\" \/><\/div><div class=\"item__content\"><p class=\"is-title\">Segadusest kontrolli alla saamiseni Tallinna sadamas<\/p><\/div><\/a><\/div><\/div>\n\n\n<p class=\"wp-el\"><\/p>","protected":false},"excerpt":{"rendered":"","protected":false},"author":2,"featured_media":0,"parent":254,"menu_order":0,"comment_status":"closed","ping_status":"closed","template":"","meta":{"_acf_changed":false,"inline_featured_image":false,"footnotes":""},"class_list":["post-790","page","type-page","status-publish","hentry"],"acf":[],"_links":{"self":[{"href":"https:\/\/alldevice.com\/et\/wp-json\/wp\/v2\/pages\/790","targetHints":{"allow":["GET"]}}],"collection":[{"href":"https:\/\/alldevice.com\/et\/wp-json\/wp\/v2\/pages"}],"about":[{"href":"https:\/\/alldevice.com\/et\/wp-json\/wp\/v2\/types\/page"}],"author":[{"embeddable":true,"href":"https:\/\/alldevice.com\/et\/wp-json\/wp\/v2\/users\/2"}],"replies":[{"embeddable":true,"href":"https:\/\/alldevice.com\/et\/wp-json\/wp\/v2\/comments?post=790"}],"version-history":[{"count":9,"href":"https:\/\/alldevice.com\/et\/wp-json\/wp\/v2\/pages\/790\/revisions"}],"predecessor-version":[{"id":2301,"href":"https:\/\/alldevice.com\/et\/wp-json\/wp\/v2\/pages\/790\/revisions\/2301"}],"up":[{"embeddable":true,"href":"https:\/\/alldevice.com\/et\/wp-json\/wp\/v2\/pages\/254"}],"wp:attachment":[{"href":"https:\/\/alldevice.com\/et\/wp-json\/wp\/v2\/media?parent=790"}],"curies":[{"name":"wp","href":"https:\/\/api.w.org\/{rel}","templated":true}]}}