{"id":785,"date":"2025-07-09T12:19:22","date_gmt":"2025-07-09T12:19:22","guid":{"rendered":"https:\/\/alldevice.com\/?page_id=785"},"modified":"2025-11-17T10:42:21","modified_gmt":"2025-11-17T08:42:21","slug":"mobile-cmms","status":"publish","type":"page","link":"https:\/\/alldevice.com\/et\/product\/mobile-cmms\/","title":{"rendered":"Mobiilne CMMS-tarkvara"},"content":{"rendered":"<div class=\"ama-block block-bgcolor has-p-def has-stencil stencil-right stencil-top full-width\">\n<div class=\"ama-block block-grid-txt is-style-header-side\"><div class=\"block__header\"><p class=\"has-semi-huge-font-size\">Mobiilne CMMS-tarkvara<\/p><\/div><div class=\"block__body\"><div class=\"grid-txt-item\"><p class=\"has-medium-font-size fw-bold\">Lihtne kasutada ja ligi p\u00e4\u00e4seda<\/p><p>Lihtne kasutada ja esirinnas t\u00f6\u00f6tavatel inimestel on juurdep\u00e4\u00e4s k\u00f5ikidele andmetele vastavalt vajadusele.<\/p><\/div><div class=\"grid-txt-item\"><p class=\"has-medium-font-size fw-bold\">NFC<\/p><p>NFC \u00fclesannete alustamiseks ja peatamiseks.<\/p><\/div><div class=\"grid-txt-item\"><p class=\"has-medium-font-size fw-bold\">EAN-koodid<\/p><p>Varuosade identifitseerimise ja kasutamise EAN-koodid.<\/p><\/div><\/div><\/div>\n<\/div>\n\n<div class=\"ama-block block-portfolio is-compact is-style-simple\"><div class=\"block__header\"><h2>\u00dcle 10 000 hooldusspetsialisti hindab Alldevice&#039;i #1-ks<\/h2><\/div><div class=\"block__body\"><div class=\"portfolio-item\"><div class=\"item__logo\"><img loading=\"lazy\" decoding=\"async\" width=\"547\" height=\"547\" src=\"https:\/\/alldevice.com\/wp-content\/uploads\/2025\/05\/alexela_uus.png\" class=\"attachment-medium size-medium\" alt=\"\" srcset=\"https:\/\/alldevice.com\/wp-content\/uploads\/2025\/05\/alexela_uus.png 547w, https:\/\/alldevice.com\/wp-content\/uploads\/2025\/05\/alexela_uus-150x150.png 150w, https:\/\/alldevice.com\/wp-content\/uploads\/2025\/05\/alexela_uus-12x12.png 12w, https:\/\/alldevice.com\/wp-content\/uploads\/2025\/05\/alexela_uus-110x110.png 110w\" sizes=\"auto, (max-width: 547px) 100vw, 547px\" \/><\/div><\/div><div class=\"portfolio-item\"><div class=\"item__logo\"><img loading=\"lazy\" decoding=\"async\" width=\"810\" height=\"810\" src=\"https:\/\/alldevice.com\/wp-content\/uploads\/2025\/06\/neste-logol-810x810.png\" class=\"attachment-medium size-medium\" alt=\"\" srcset=\"https:\/\/alldevice.com\/wp-content\/uploads\/2025\/06\/neste-logol-810x810.png 810w, https:\/\/alldevice.com\/wp-content\/uploads\/2025\/06\/neste-logol-150x150.png 150w, https:\/\/alldevice.com\/wp-content\/uploads\/2025\/06\/neste-logol-12x12.png 12w, https:\/\/alldevice.com\/wp-content\/uploads\/2025\/06\/neste-logol-110x110.png 110w, https:\/\/alldevice.com\/wp-content\/uploads\/2025\/06\/neste-logol.png 1069w\" sizes=\"auto, (max-width: 810px) 100vw, 810px\" \/><\/div><\/div><div class=\"portfolio-item\"><div class=\"item__logo\"><img loading=\"lazy\" decoding=\"async\" width=\"719\" height=\"720\" src=\"https:\/\/alldevice.com\/wp-content\/uploads\/2026\/01\/Magnum_logo.png\" class=\"attachment-medium size-medium\" alt=\"\" srcset=\"https:\/\/alldevice.com\/wp-content\/uploads\/2026\/01\/Magnum_logo.png 719w, https:\/\/alldevice.com\/wp-content\/uploads\/2026\/01\/Magnum_logo-150x150.png 150w, https:\/\/alldevice.com\/wp-content\/uploads\/2026\/01\/Magnum_logo-12x12.png 12w, https:\/\/alldevice.com\/wp-content\/uploads\/2026\/01\/Magnum_logo-110x110.png 110w\" sizes=\"auto, (max-width: 719px) 100vw, 719px\" \/><\/div><\/div><div class=\"portfolio-item\"><div class=\"item__logo\"><img loading=\"lazy\" decoding=\"async\" width=\"431\" height=\"431\" src=\"https:\/\/alldevice.com\/wp-content\/uploads\/2025\/06\/aq.jpg\" class=\"attachment-medium size-medium\" alt=\"\" srcset=\"https:\/\/alldevice.com\/wp-content\/uploads\/2025\/06\/aq.jpg 431w, https:\/\/alldevice.com\/wp-content\/uploads\/2025\/06\/aq-150x150.jpg 150w, https:\/\/alldevice.com\/wp-content\/uploads\/2025\/06\/aq-12x12.jpg 12w, https:\/\/alldevice.com\/wp-content\/uploads\/2025\/06\/aq-110x110.jpg 110w\" sizes=\"auto, (max-width: 431px) 100vw, 431px\" \/><\/div><\/div><\/div><\/div>\n\n<div class=\"ama-block block-bgcolor has-p-def full-width\">\n<div class=\"ama-block block-txtmedia\"><div class=\"block__body\"><div class=\"body__content\">\n\n<h2 class=\"wp-block-heading wp-el\">Juurdep\u00e4\u00e4s k\u00f5igile seadme andmetele<\/h2>\n\n\n\n<p class=\"wp-el\" style=\"font-style:normal;font-weight:500\">Hankige tehnilist teavet, t\u00f6\u00f6k\u00e4ske ja t\u00e4ielikke hoolduskontrollnimekirju mobiilseadme kaudu<\/p>\n\n\n\n<div class=\"wp-block-buttons is-layout-flex wp-block-buttons-is-layout-flex\">\n<div class=\"wp-block-button\"><a class=\"wp-block-button__link wp-element-button\" href=\"http:\/\/alldevice.com\/et\/contact\/\">K\u00fcsi demo!<\/a><\/div>\n<\/div>\n\n<\/div><div class=\"body__media\"><a href=\"https:\/\/alldevice.com\/wp-content\/uploads\/2025\/11\/1.png\" class=\"ari-fancybox\" data-fancybox=\"gallery_block_7dfc2aa3cd448c4c3edd333452958994\" data-caption=\"\"><img decoding=\"async\" class=\"zoom-target-img\" width=\"600\" height=\"400\" src=\"https:\/\/alldevice.com\/wp-content\/uploads\/bis-images\/2286\/1-600x400-f50_50.png\" alt=\"1\" loading=\"lazy\" \/><\/a><\/div><\/div><\/div>\n<\/div>\n\n<div class=\"ama-block block-txtmedia reverse-order\"><div class=\"block__body\"><div class=\"body__content\">\n\n<h2 class=\"wp-block-heading wp-el\">NFC v\u00f5i QR-koodid tuvastamiseks<\/h2>\n\n\n\n<p class=\"wp-el\" style=\"font-style:normal;font-weight:500\">NFC-sildid lihtsustavad protsesse, tuvastades seadmeid, algatades ja t\u00e4ites \u00fclesandeid, minimeerides k\u00e4sitsi andmete sisestamist ja parandades andmete t\u00e4psust. <\/p>\n\n\n\n<div class=\"wp-block-buttons is-layout-flex wp-block-buttons-is-layout-flex\">\n<div class=\"wp-block-button\"><a class=\"wp-block-button__link wp-element-button\" href=\"http:\/\/alldevice.com\/et\/contact\/\">K\u00fcsi pakkumist<\/a><\/div>\n<\/div>\n\n<\/div><div class=\"body__media\"><a href=\"https:\/\/alldevice.com\/wp-content\/uploads\/2025\/10\/1-2.png\" class=\"ari-fancybox\" data-fancybox=\"gallery_block_89c4c3e9a77d42802c78c811b4cf5aac\" data-caption=\"\"><img decoding=\"async\" class=\"zoom-target-img\" width=\"600\" height=\"400\" src=\"https:\/\/alldevice.com\/wp-content\/uploads\/bis-images\/2061\/1-2-600x400-f50_50.png\" alt=\"1-2\" loading=\"lazy\" \/><\/a><\/div><\/div><\/div>\n\n<div class=\"ama-block block-bgcolor has-p-def full-width\">\n<div class=\"ama-block block-txtmedia\"><div class=\"block__body\"><div class=\"body__content\">\n\n<h2 class=\"wp-block-heading wp-el\">Varuosade v\u00f6\u00f6tkood EAN<\/h2>\n\n\n\n<p class=\"wp-el\" style=\"font-style:normal;font-weight:500\">Sujuvamaks varuosade tuvastamiseks ja andmete t\u00e4psuse parandamiseks kasutage EAN-v\u00f6\u00f6tkoode.<\/p>\n\n\n\n<div class=\"wp-block-buttons is-layout-flex wp-block-buttons-is-layout-flex\">\n<div class=\"wp-block-button\"><a class=\"wp-block-button__link wp-element-button\" href=\"http:\/\/alldevice.com\/et\/contact\/\">K\u00fcsi demo!<\/a><\/div>\n<\/div>\n\n<\/div><div class=\"body__media\"><a href=\"https:\/\/alldevice.com\/wp-content\/uploads\/2025\/10\/5.png\" class=\"ari-fancybox\" data-fancybox=\"gallery_block_5d74d911d325c822f38966e42aa7b963\" data-caption=\"\"><img decoding=\"async\" class=\"zoom-target-img\" width=\"600\" height=\"400\" src=\"https:\/\/alldevice.com\/wp-content\/uploads\/bis-images\/2060\/5-600x400-f50_50.png\" alt=\"5\" loading=\"lazy\" \/><\/a><\/div><\/div><\/div>\n<\/div>\n\n<div class=\"ama-block block-txtmedia reverse-order\"><div class=\"block__body\"><div class=\"body__content\">\n\n<h2 class=\"wp-block-heading wp-el\">Kohene v\u00e4rskendamine <\/h2>\n\n\n\n<p class=\"wp-el\" style=\"font-style:normal;font-weight:500\">Tegele probleemide v\u00f5i vajadustega kohe, v\u00f5ttes meetmeid v\u00f5i delegeerides \u00fclesandeid, selle asemel, et oodata, kuni oled oma laua taha tagasi. See ennetav l\u00e4henemisviis tagab probleemide t\u00f5husa lahendamise ja hoiab \u00e4ra viivitused.<\/p>\n\n\n\n<div class=\"wp-block-buttons is-layout-flex wp-block-buttons-is-layout-flex\">\n<div class=\"wp-block-button\"><a class=\"wp-block-button__link wp-element-button\" href=\"http:\/\/alldevice.com\/et\/contact\/\">K\u00fcsi pakkumist<\/a><\/div>\n<\/div>\n\n<\/div><div class=\"body__media\"><a href=\"https:\/\/alldevice.com\/wp-content\/uploads\/2025\/10\/1-3.png\" class=\"ari-fancybox\" data-fancybox=\"gallery_block_fd700c9e896f2b06d7a89bbc45032b1d\" data-caption=\"\"><img decoding=\"async\" class=\"zoom-target-img\" width=\"600\" height=\"400\" src=\"https:\/\/alldevice.com\/wp-content\/uploads\/bis-images\/2062\/1-3-600x400-f50_50.png\" alt=\"1-3\" loading=\"lazy\" \/><\/a><\/div><\/div><\/div>\n\n<div class=\"ama-block block-bgcolor has-p-def has-stencil stencil-right stencil-top full-width\">\n<div class=\"ama-block block-faqs\"><div class=\"block__header text-center\"><h2>Mobiilse CMMS-i KKK<\/h2><\/div><div class=\"block__body\"><div class=\"body__content accordion\" id=\"accordion-block_00eee59202c2043cb0abdd86b24e6eb0\"><div class=\"accordion-item\" itemscope=\"\" itemprop=\"mainEntity\" itemtype=\"https:\/\/schema.org\/Question\"><h3 class=\"accordion-button collapsed\" data-bs-toggle=\"collapse\" data-bs-target=\"#collapse-block_00eee59202c2043cb0abdd86b24e6eb0783\" aria-expanded=\"false\" aria-controls=\"collapse-block_00eee59202c2043cb0abdd86b24e6eb0783\"><span class=\"d-block\" itemprop=\"name\">Kas pakute mobiilset CMMS-tarkvara?<\/span><span class=\"d-flex\"><svg xmlns=\"http:\/\/www.w3.org\/2000\/svg\" width=\"24.225\" height=\"15.613\" viewbox=\"0 0 24.225 15.613\"><path d=\"M564.2,42.728l10,12,10-12\" transform=\"translate(-562.088 -40.615)\" fill=\"none\" stroke=\"currentColor\" stroke-linecap=\"round\" stroke-linejoin=\"round\" stroke-width=\"3\"\/><\/svg><\/span><\/h3><div id=\"collapse-block_00eee59202c2043cb0abdd86b24e6eb0783\" class=\"accordion-collapse collapse\" data-bs-parent=\"#accordion-block_00eee59202c2043cb0abdd86b24e6eb0\" itemscope=\"\" itemprop=\"acceptedAnswer\" itemtype=\"https:\/\/schema.org\/Answer\"><div class=\"accordion-body classic-editor\" itemprop=\"text\"><p><span style=\"font-weight: 400;\">Jah, Alldevice on k\u00f5ik-\u00fches CMMS-tarkvara, mida saab kasutada igast nutiseadmest. Meie Apple&#039;i ja Androidi hooldustarkvaraga on k\u00f5ik liigne eemaldatud. Rakendusel on selge ja arusaadav disain, mis teeb selle ideaalseks mobiilikasutajatele. Meie mobiilse CMMS-tarkvaraga saate hallata mis tahes seadet v\u00f5i s\u00fcndmusi kontorist eemal olles ja saada liikvel olles \u00fcksikasjalikke aruandeid. <\/span><\/p>\n<\/div><\/div><\/div><div class=\"accordion-item\" itemscope=\"\" itemprop=\"mainEntity\" itemtype=\"https:\/\/schema.org\/Question\"><h3 class=\"accordion-button collapsed\" data-bs-toggle=\"collapse\" data-bs-target=\"#collapse-block_00eee59202c2043cb0abdd86b24e6eb0781\" aria-expanded=\"false\" aria-controls=\"collapse-block_00eee59202c2043cb0abdd86b24e6eb0781\"><span class=\"d-block\" itemprop=\"name\">Millised on CMMS-i mobiilirakenduse kasutamise eelised?<\/span><span class=\"d-flex\"><svg xmlns=\"http:\/\/www.w3.org\/2000\/svg\" width=\"24.225\" height=\"15.613\" viewbox=\"0 0 24.225 15.613\"><path d=\"M564.2,42.728l10,12,10-12\" transform=\"translate(-562.088 -40.615)\" fill=\"none\" stroke=\"currentColor\" stroke-linecap=\"round\" stroke-linejoin=\"round\" stroke-width=\"3\"\/><\/svg><\/span><\/h3><div id=\"collapse-block_00eee59202c2043cb0abdd86b24e6eb0781\" class=\"accordion-collapse collapse\" data-bs-parent=\"#accordion-block_00eee59202c2043cb0abdd86b24e6eb0\" itemscope=\"\" itemprop=\"acceptedAnswer\" itemtype=\"https:\/\/schema.org\/Answer\"><div class=\"accordion-body classic-editor\" itemprop=\"text\"><p><span style=\"font-weight: 400;\">\u00dcks CMMS-i mobiilirakenduse olulisemaid eeliseid on seadmete ja \u00fclesannete haldamine liikvel olles. Mobiilsete CMMS-s\u00fcsteemidega nagu Alldevice saavad hooldusmeeskonnad kontorist eemal olles h\u00f5lpsalt olulist teavet v\u00e4rskendada ja sellele juurde p\u00e4\u00e4seda ning isegi t\u00f6\u00f6korraldusi luua v\u00f5i kinnitada hooldatava seadme k\u00f5rval seistes. See t\u00e4iendav paindlikkus tagab, et k\u00f5ik remondi- ja hooldust\u00f6\u00f6d tehakse \u00f5igeaegselt.<\/span><\/p>\n<\/div><\/div><\/div><div class=\"accordion-item\" itemscope=\"\" itemprop=\"mainEntity\" itemtype=\"https:\/\/schema.org\/Question\"><h3 class=\"accordion-button collapsed\" data-bs-toggle=\"collapse\" data-bs-target=\"#collapse-block_00eee59202c2043cb0abdd86b24e6eb0779\" aria-expanded=\"false\" aria-controls=\"collapse-block_00eee59202c2043cb0abdd86b24e6eb0779\"><span class=\"d-block\" itemprop=\"name\">Milline on parim mobiilne CMMS-tarkvara?<\/span><span class=\"d-flex\"><svg xmlns=\"http:\/\/www.w3.org\/2000\/svg\" width=\"24.225\" height=\"15.613\" viewbox=\"0 0 24.225 15.613\"><path d=\"M564.2,42.728l10,12,10-12\" transform=\"translate(-562.088 -40.615)\" fill=\"none\" stroke=\"currentColor\" stroke-linecap=\"round\" stroke-linejoin=\"round\" stroke-width=\"3\"\/><\/svg><\/span><\/h3><div id=\"collapse-block_00eee59202c2043cb0abdd86b24e6eb0779\" class=\"accordion-collapse collapse\" data-bs-parent=\"#accordion-block_00eee59202c2043cb0abdd86b24e6eb0\" itemscope=\"\" itemprop=\"acceptedAnswer\" itemtype=\"https:\/\/schema.org\/Answer\"><div class=\"accordion-body classic-editor\" itemprop=\"text\"><p><span style=\"font-weight: 400;\">Alldevice on \u00fcks parimaid saadaolevaid CMMS-i mobiilirakendusi. Intuitiivse ja h\u00f5lpsasti kasutatava liidese ning ulatuslike hooldusfunktsioonidega on selle loonud inimesed, kes kasutavad seda iga p\u00e4ev ja m\u00f5istavad varade hooldamisega seotud ainulaadseid v\u00e4ljakutseid. Paljude EL-i riikide, sealhulgas Poola, Eesti, L\u00e4ti ja Leedu ettev\u00f5tted toetuvad oma hooldushalduse vajaduste rahuldamiseks meie mobiilsele CMMS-tarkvarale.<\/span><\/p>\n<\/div><\/div><\/div><div class=\"accordion-item\" itemscope=\"\" itemprop=\"mainEntity\" itemtype=\"https:\/\/schema.org\/Question\"><h3 class=\"accordion-button collapsed\" data-bs-toggle=\"collapse\" data-bs-target=\"#collapse-block_00eee59202c2043cb0abdd86b24e6eb0777\" aria-expanded=\"false\" aria-controls=\"collapse-block_00eee59202c2043cb0abdd86b24e6eb0777\"><span class=\"d-block\" itemprop=\"name\">Kas teie mobiilne CMMS-lahendus sisaldab k\u00f5iki CMMS-i funktsioone?<\/span><span class=\"d-flex\"><svg xmlns=\"http:\/\/www.w3.org\/2000\/svg\" width=\"24.225\" height=\"15.613\" viewbox=\"0 0 24.225 15.613\"><path d=\"M564.2,42.728l10,12,10-12\" transform=\"translate(-562.088 -40.615)\" fill=\"none\" stroke=\"currentColor\" stroke-linecap=\"round\" stroke-linejoin=\"round\" stroke-width=\"3\"\/><\/svg><\/span><\/h3><div id=\"collapse-block_00eee59202c2043cb0abdd86b24e6eb0777\" class=\"accordion-collapse collapse\" data-bs-parent=\"#accordion-block_00eee59202c2043cb0abdd86b24e6eb0\" itemscope=\"\" itemprop=\"acceptedAnswer\" itemtype=\"https:\/\/schema.org\/Answer\"><div class=\"accordion-body classic-editor\" itemprop=\"text\"><p><span style=\"font-weight: 400;\">Jah, meie Apple&#039;i ja Androidi CMMS-tarkvara sisaldab k\u00f5iki funktsioone, mis on saadaval meie t\u00f6\u00f6lauaversioonis. K\u00f5ik liigne on aga eemaldatud, et see sobiks paremini mobiilseadmetega. Meie mobiilse CMMS-lahendusega saavad kasutajad oma nutiseadmetest h\u00f5lpsalt seadmeid hallata, automatiseeritud \u00fclesandeid luua, rikkeid anal\u00fc\u00fcsida ja \u00fcksikasjalikke aruandeid genereerida.<\/span><\/p>\n<\/div><\/div><\/div><div class=\"accordion-item\" itemscope=\"\" itemprop=\"mainEntity\" itemtype=\"https:\/\/schema.org\/Question\"><h3 class=\"accordion-button collapsed\" data-bs-toggle=\"collapse\" data-bs-target=\"#collapse-block_00eee59202c2043cb0abdd86b24e6eb0775\" aria-expanded=\"false\" aria-controls=\"collapse-block_00eee59202c2043cb0abdd86b24e6eb0775\"><span class=\"d-block\" itemprop=\"name\">Milline on parim CMMS v\u00e4ikeettev\u00f5tetele?<\/span><span class=\"d-flex\"><svg xmlns=\"http:\/\/www.w3.org\/2000\/svg\" width=\"24.225\" height=\"15.613\" viewbox=\"0 0 24.225 15.613\"><path d=\"M564.2,42.728l10,12,10-12\" transform=\"translate(-562.088 -40.615)\" fill=\"none\" stroke=\"currentColor\" stroke-linecap=\"round\" stroke-linejoin=\"round\" stroke-width=\"3\"\/><\/svg><\/span><\/h3><div id=\"collapse-block_00eee59202c2043cb0abdd86b24e6eb0775\" class=\"accordion-collapse collapse\" data-bs-parent=\"#accordion-block_00eee59202c2043cb0abdd86b24e6eb0\" itemscope=\"\" itemprop=\"acceptedAnswer\" itemtype=\"https:\/\/schema.org\/Answer\"><div class=\"accordion-body classic-editor\" itemprop=\"text\"><p><span style=\"font-weight: 400;\">Alldevice on parim mobiilne CMMS v\u00e4ikeettev\u00f5tetele. Meie taskukohased hinnavalikud v\u00f5imaldavad v\u00e4ikeettev\u00f5tetel meie CMMS-tarkvara juurutada ilma m\u00e4rkimisv\u00e4\u00e4rse investeeringuta. Meie hind p\u00f5hineb kasutajate arvul ja k\u00f5ik meie paketid sisaldavad t\u00e4ielikku funktsionaalsust, sealhulgas CMMS-funktsioone, nagu rikete anal\u00fc\u00fcs, automatiseeritud hoolduse ajastamine ja \u00fcksikasjalikud aruanded. Meil on kohalikud tugimeeskonnad suuremates Euroopa riikides, sealhulgas \u00dchendkuningriigis, Saksamaal, Soomes ja Prantsusmaal.<\/span><\/p>\n<\/div><\/div><\/div><\/div><\/div><\/div>\n<\/div>\n\n<div class=\"ama-block block-related\"><div class=\"block__header w-btn\"><h2>Blogi<\/h2><div class=\"wp-block-button is-style-read-more\"><a href=\"https:\/\/alldevice.com\/et\/resources\/\" class=\"wp-block-button__link\">Loe meie blogi<\/a><\/div><\/div><div class=\"block__body\"><a href=\"https:\/\/alldevice.com\/et\/case-studies\/utilitas\/\" class=\"post-item\"><div class=\"item__thumb\"><img decoding=\"async\" width=\"350\" height=\"180\" src=\"https:\/\/alldevice.com\/wp-content\/uploads\/bis-images\/3415\/utilitas3-1-350x180-f50_50.png\" class=\"attachment-350x180\" alt=\"utilitas3\" loading=\"lazy\" \/><div class=\"post--tags\"><span>Kliendilood<\/span><\/div><\/div><div class=\"item__content\"><p class=\"is-title\">T\u00f5hustades Utilitase kaugk\u00fctte hooldusprotsesse<\/p><p>Uue tarkvaralahenduse kasutuselev\u00f5tt on osa laiemast eesm\u00e4rgist hoida meie tehnoloogiline v\u00f5imekus ajakohasena ning rakendada uuenduslikke ja t\u00f6\u00f6kindlaid digilahendusi.<\/p>\n<\/div><div class=\"item__end wp-block-button is-style-read-more\"><span class=\"wp-block-button__link\">Loe edasi<\/span><\/div><\/a><a href=\"https:\/\/alldevice.com\/et\/case-studies\/e-piim\/\" class=\"post-item\"><div class=\"item__thumb\"><img decoding=\"async\" width=\"350\" height=\"180\" src=\"https:\/\/alldevice.com\/wp-content\/uploads\/bis-images\/3033\/E-Piim-24-350x180-f50_50.jpg\" class=\"attachment-350x180\" alt=\"E-Piim-24\" loading=\"lazy\" \/><div class=\"post--tags\"><span>Kliendilood<\/span><\/div><\/div><div class=\"item__content\"><p class=\"is-title\">Kuidas Epiim hoolduse p\u00e4riselt t\u00f6\u00f6le pani<\/p><p>Kui Epiim 2023. aastal oma uue tehase k\u00e4ivitas, otsustati ellu viia ka \u00fcks varaseid p\u00f5him\u00f5ttelisi otsuseid: kogu tehase hooldus peab olema digitaalselt juhitud, auditeeritav ja igap\u00e4evat\u00f6\u00f6s mugav kasutada.<\/p>\n<\/div><div class=\"item__end wp-block-button is-style-read-more\"><span class=\"wp-block-button__link\">Loe edasi<\/span><\/div><\/a><a href=\"https:\/\/alldevice.com\/et\/blog\/work-hour-based-maintenance-globalreader-alldevice\/\" class=\"post-item is-compact\"><div class=\"item__thumb\"><img decoding=\"async\" width=\"100\" height=\"100\" src=\"https:\/\/alldevice.com\/wp-content\/uploads\/bis-images\/1155\/Group-1000000898-100x100-f50_50.png\" class=\"attachment-100x100\" alt=\"Group 1000000898\" loading=\"lazy\" \/><\/div><div class=\"item__content\"><p class=\"is-title\">T\u00f6\u00f6tunnip\u00f5hine hooldus \u2013 GlobalReader ja Alldevice<\/p><\/div><\/a><a href=\"https:\/\/alldevice.com\/et\/blog\/iso-cert\/\" class=\"post-item is-compact\"><div class=\"item__thumb\"><img decoding=\"async\" width=\"100\" height=\"100\" src=\"https:\/\/alldevice.com\/wp-content\/uploads\/bis-images\/3020\/BVCER_withoutQR-ISO-27001-100x100-f47_32.png\" class=\"attachment-100x100\" alt=\"ISO 27001 certified\" loading=\"lazy\" \/><\/div><div class=\"item__content\"><p class=\"is-title\">Alldevice O\u00dc-le omistati ISO 27001:2022 sertifikaat<\/p><\/div><\/a><a href=\"https:\/\/alldevice.com\/et\/case-studies\/port-of-tallinn\/\" class=\"post-item is-compact\"><div class=\"item__thumb\"><img decoding=\"async\" width=\"100\" height=\"100\" src=\"https:\/\/alldevice.com\/wp-content\/uploads\/bis-images\/833\/Header_Case-Study_Port-of-Tallinn-100x100-f50_50.png\" class=\"attachment-100x100\" alt=\"P\u00e4is_Juhtumiuuring_Tallinna sadam\" loading=\"lazy\" \/><\/div><div class=\"item__content\"><p class=\"is-title\">Segadusest kontrolli alla saamiseni Tallinna sadamas<\/p><\/div><\/a><\/div><\/div>\n\n\n<p class=\"wp-el\"><\/p>","protected":false},"excerpt":{"rendered":"","protected":false},"author":2,"featured_media":0,"parent":252,"menu_order":0,"comment_status":"closed","ping_status":"closed","template":"","meta":{"_acf_changed":false,"inline_featured_image":false,"footnotes":""},"class_list":["post-785","page","type-page","status-publish","hentry"],"acf":[],"_links":{"self":[{"href":"https:\/\/alldevice.com\/et\/wp-json\/wp\/v2\/pages\/785","targetHints":{"allow":["GET"]}}],"collection":[{"href":"https:\/\/alldevice.com\/et\/wp-json\/wp\/v2\/pages"}],"about":[{"href":"https:\/\/alldevice.com\/et\/wp-json\/wp\/v2\/types\/page"}],"author":[{"embeddable":true,"href":"https:\/\/alldevice.com\/et\/wp-json\/wp\/v2\/users\/2"}],"replies":[{"embeddable":true,"href":"https:\/\/alldevice.com\/et\/wp-json\/wp\/v2\/comments?post=785"}],"version-history":[{"count":14,"href":"https:\/\/alldevice.com\/et\/wp-json\/wp\/v2\/pages\/785\/revisions"}],"predecessor-version":[{"id":2297,"href":"https:\/\/alldevice.com\/et\/wp-json\/wp\/v2\/pages\/785\/revisions\/2297"}],"up":[{"embeddable":true,"href":"https:\/\/alldevice.com\/et\/wp-json\/wp\/v2\/pages\/252"}],"wp:attachment":[{"href":"https:\/\/alldevice.com\/et\/wp-json\/wp\/v2\/media?parent=785"}],"curies":[{"name":"wp","href":"https:\/\/api.w.org\/{rel}","templated":true}]}}