{"id":719,"date":"2025-07-08T22:25:37","date_gmt":"2025-07-08T22:25:37","guid":{"rendered":"https:\/\/alldevice.com\/?page_id=719"},"modified":"2026-03-09T18:33:55","modified_gmt":"2026-03-09T16:33:55","slug":"work-order","status":"publish","type":"page","link":"https:\/\/alldevice.com\/et\/product\/work-order\/","title":{"rendered":"T\u00f6\u00f6k\u00e4skude haldus"},"content":{"rendered":"<div class=\"ama-block block-bgcolor has-p-def has-stencil stencil-right stencil-top full-width\">\n<div class=\"ama-block block-grid-txt is-style-header-side\"><div class=\"block__header\"><p class=\"has-semi-huge-font-size\">T\u00f6\u00f6k\u00e4skude haldus<\/p><\/div><div class=\"block__body\"><div class=\"grid-txt-item\"><p class=\"has-medium-font-size fw-bold\">Loo ja j\u00e4lgi<\/p><p> Ennetav, planeeritud ja erakorraline t\u00f6\u00f6.<\/p><\/div><div class=\"grid-txt-item\"><p class=\"has-medium-font-size fw-bold\">Hooldusmallid \u2013 looge j\u00e4rjepidevad t\u00f6\u00f6meetodid <\/p><p>Meetmed. Kontrollnimekirjad. Tegevused. <\/p><\/div><div class=\"grid-txt-item\"><p class=\"has-medium-font-size fw-bold\">Ajastamine \u2013 minimeerige aega ja m\u00f5ju tootmisele <\/p><p>Kalender. Kasutajad. \u00dchendatus ja IoT.  <\/p><\/div><div class=\"grid-txt-item\"><p class=\"has-medium-font-size fw-bold\">Minimeerige seisakuid <\/p><p>Info kriitilistest seisakutest ja tegevustest.<\/p><\/div><div class=\"grid-txt-item\"><p class=\"has-medium-font-size fw-bold\">T\u00f6\u00f6j\u00f5u planeerimine <\/p><p> <\/p><\/div><div class=\"grid-txt-item\"><p class=\"has-medium-font-size fw-bold\">T\u00f6\u00f6lt lahkumine <\/p><p> <\/p><\/div><\/div><\/div>\n<\/div>\n\n<div class=\"ama-block block-portfolio is-compact is-style-simple\"><div class=\"block__header w-btn\"><h2>\u00dcle 10 000 hooldusspetsialisti hindab Alldevice&#039;i #1-ks<\/h2><div class=\"wp-block-button is-style-read-more\"><a href=\"\/et\/alldevice.com\/contact\/\" class=\"wp-block-button__link\">Loe edasi<\/a><\/div><\/div><div class=\"block__body\"><div class=\"portfolio-item\"><div class=\"item__logo\"><img loading=\"lazy\" decoding=\"async\" width=\"547\" height=\"547\" src=\"https:\/\/alldevice.com\/wp-content\/uploads\/2025\/05\/alexela_uus.png\" class=\"attachment-medium size-medium\" alt=\"\" srcset=\"https:\/\/alldevice.com\/wp-content\/uploads\/2025\/05\/alexela_uus.png 547w, https:\/\/alldevice.com\/wp-content\/uploads\/2025\/05\/alexela_uus-150x150.png 150w, https:\/\/alldevice.com\/wp-content\/uploads\/2025\/05\/alexela_uus-12x12.png 12w, https:\/\/alldevice.com\/wp-content\/uploads\/2025\/05\/alexela_uus-110x110.png 110w\" sizes=\"auto, (max-width: 547px) 100vw, 547px\" \/><\/div><\/div><div class=\"portfolio-item\"><div class=\"item__logo\"><img loading=\"lazy\" decoding=\"async\" width=\"810\" height=\"810\" src=\"https:\/\/alldevice.com\/wp-content\/uploads\/2025\/06\/neste-logol-810x810.png\" class=\"attachment-medium size-medium\" alt=\"\" srcset=\"https:\/\/alldevice.com\/wp-content\/uploads\/2025\/06\/neste-logol-810x810.png 810w, https:\/\/alldevice.com\/wp-content\/uploads\/2025\/06\/neste-logol-150x150.png 150w, https:\/\/alldevice.com\/wp-content\/uploads\/2025\/06\/neste-logol-12x12.png 12w, https:\/\/alldevice.com\/wp-content\/uploads\/2025\/06\/neste-logol-110x110.png 110w, https:\/\/alldevice.com\/wp-content\/uploads\/2025\/06\/neste-logol.png 1069w\" sizes=\"auto, (max-width: 810px) 100vw, 810px\" \/><\/div><\/div><div class=\"portfolio-item\"><div class=\"item__logo\"><img loading=\"lazy\" decoding=\"async\" width=\"719\" height=\"720\" src=\"https:\/\/alldevice.com\/wp-content\/uploads\/2026\/01\/Magnum_logo.png\" class=\"attachment-medium size-medium\" alt=\"\" srcset=\"https:\/\/alldevice.com\/wp-content\/uploads\/2026\/01\/Magnum_logo.png 719w, https:\/\/alldevice.com\/wp-content\/uploads\/2026\/01\/Magnum_logo-150x150.png 150w, https:\/\/alldevice.com\/wp-content\/uploads\/2026\/01\/Magnum_logo-12x12.png 12w, https:\/\/alldevice.com\/wp-content\/uploads\/2026\/01\/Magnum_logo-110x110.png 110w\" sizes=\"auto, (max-width: 719px) 100vw, 719px\" \/><\/div><\/div><div class=\"portfolio-item\"><div class=\"item__logo\"><img loading=\"lazy\" decoding=\"async\" width=\"431\" height=\"431\" src=\"https:\/\/alldevice.com\/wp-content\/uploads\/2025\/06\/aq.jpg\" class=\"attachment-medium size-medium\" alt=\"\" srcset=\"https:\/\/alldevice.com\/wp-content\/uploads\/2025\/06\/aq.jpg 431w, https:\/\/alldevice.com\/wp-content\/uploads\/2025\/06\/aq-150x150.jpg 150w, https:\/\/alldevice.com\/wp-content\/uploads\/2025\/06\/aq-12x12.jpg 12w, https:\/\/alldevice.com\/wp-content\/uploads\/2025\/06\/aq-110x110.jpg 110w\" sizes=\"auto, (max-width: 431px) 100vw, 431px\" \/><\/div><\/div><\/div><\/div>\n\n<div class=\"ama-block block-bgcolor has-p-def full-width\">\n<div class=\"ama-block block-txtmedia\"><div class=\"block__body\"><div class=\"body__content\">\n\n<h2 class=\"wp-block-heading wp-el\">Loo ja j\u00e4lgi \u2013 ennetav, planeeritud ja erakorraline t\u00f6\u00f6<\/h2>\n\n\n\n<p class=\"wp-el\" style=\"font-style:normal;font-weight:500\">Hallake ning j\u00e4lgige t\u00f5husalt nii plaanip\u00e4raseid hooldusi, erakorralisi remontt\u00f6id kui ka planeeritud uuendusi.<\/p>\n\n\n\n<div class=\"wp-block-buttons is-layout-flex wp-block-buttons-is-layout-flex\">\n<div class=\"wp-block-button\"><a class=\"wp-block-button__link wp-element-button\" href=\"http:\/\/alldevice.com\/et\/contact\/\">Book a tfsrfrfsrfTour<\/a><\/div>\n<\/div>\n\n<\/div><div class=\"body__media\"><a href=\"https:\/\/alldevice.com\/wp-content\/uploads\/2025\/10\/TasksTypes.png\" class=\"ari-fancybox\" data-fancybox=\"gallery_block_3dba0635b7c9ae76e8b922f9dbbcbd06\" data-caption=\"\"><img decoding=\"async\" class=\"zoom-target-img\" width=\"600\" height=\"400\" src=\"https:\/\/alldevice.com\/wp-content\/uploads\/bis-images\/2050\/TasksTypes-600x400-f50_50.png\" alt=\"\u00dclesannete t\u00fc\u00fcbid\" loading=\"lazy\" \/><\/a><\/div><\/div><\/div>\n<\/div>\n\n<div class=\"ama-block block-txtmedia reverse-order\"><div class=\"block__body\"><div class=\"body__content\">\n\n<h2 class=\"wp-block-heading wp-el\">Ennetava hoolduse ajakava koostamine \u2013 looge j\u00e4rjepidevad t\u00f6\u00f6meetodid<\/h2>\n\n\n\n<p class=\"wp-el\" style=\"font-style:normal;font-weight:500\">Looge ennetava hoolduse \u00fclesandeid mallide abil, mis sisaldavad visuaalseid kontrolle, \u00fcksikasjalikke juhiseid ja t\u00e4pseid m\u00f5\u00f5tmisi. See l\u00e4henemisviis tagab j\u00e4rjepideva teostuse ja v\u00e4\u00e4rtusliku \u00fclevaate rikete minimeerimiseks.&nbsp;<\/p>\n\n\n\n<div class=\"wp-block-buttons is-layout-flex wp-block-buttons-is-layout-flex\">\n<div class=\"wp-block-button\"><a class=\"wp-block-button__link wp-element-button\" href=\"http:\/\/alldevice.com\/et\/contact\/\">K\u00fcsi pakkumist<\/a><\/div>\n<\/div>\n\n<\/div><div class=\"body__media\"><a href=\"https:\/\/alldevice.com\/wp-content\/uploads\/2025\/10\/TaskTemplateMeasures.png\" class=\"ari-fancybox\" data-fancybox=\"gallery_block_bf860fd5a2e72018b488c7bca11b2f8f\" data-caption=\"\"><img decoding=\"async\" class=\"zoom-target-img\" width=\"600\" height=\"400\" src=\"https:\/\/alldevice.com\/wp-content\/uploads\/bis-images\/2051\/TaskTemplateMeasures-600x400-f50_50.png\" alt=\"\u00dclesandemalli m\u00f5\u00f5dud\" loading=\"lazy\" \/><\/a><\/div><\/div><\/div>\n\n<div class=\"ama-block block-bgcolor has-p-def full-width\">\n<div class=\"ama-block block-txtmedia\"><div class=\"block__body\"><div class=\"body__content\">\n\n<h2 class=\"wp-block-heading wp-el\">T\u00f6\u00f6j\u00f5u planeerimine<\/h2>\n\n\n\n<p class=\"wp-el\" style=\"font-style:normal;font-weight:500\">Korraldage \u00fchekordseid uuendusi v\u00f5i renoveerimist\u00f6id, planeerides vajaliku personali, valmistades ette vajalikud varuosad ning tehes koost\u00f6\u00f6d abivalmis allt\u00f6\u00f6v\u00f5tjatega.<\/p>\n\n\n\n<div class=\"wp-block-buttons is-layout-flex wp-block-buttons-is-layout-flex\">\n<div class=\"wp-block-button\"><a class=\"wp-block-button__link wp-element-button\" href=\"http:\/\/alldevice.com\/et\/contact\/\">K\u00fcsi demo!<\/a><\/div>\n<\/div>\n\n<\/div><div class=\"body__media\"><a href=\"https:\/\/alldevice.com\/wp-content\/uploads\/2025\/10\/Calendar.png\" class=\"ari-fancybox\" data-fancybox=\"gallery_block_48ffe942041e759be33693f66a29d96c\" data-caption=\"\"><img decoding=\"async\" class=\"zoom-target-img\" width=\"600\" height=\"400\" src=\"https:\/\/alldevice.com\/wp-content\/uploads\/bis-images\/2052\/Calendar-600x400-f50_50.png\" alt=\"Kalender\" loading=\"lazy\" \/><\/a><\/div><\/div><\/div>\n<\/div>\n\n<div class=\"ama-block block-txtmedia reverse-order\"><div class=\"block__body\"><div class=\"body__content\">\n\n<h2 class=\"wp-block-heading wp-el\">J\u00e4\u00e4dvustage kriitilised rikked ja vajalikud tegevused seisakute minimeerimiseks<\/h2>\n\n\n\n<p class=\"wp-el\" style=\"font-style:normal;font-weight:500\">Logige rikked ja m\u00e4\u00e4rake t\u00f6\u00f6\u00fclesanded oma meeskondadele v\u00f5i allt\u00f6\u00f6v\u00f5tjatele, m\u00e4rkides \u00e4ra rikke p\u00f5hjuse, kasutatud varuosad ja remondiaja.&nbsp;<\/p>\n\n\n\n<div class=\"wp-block-buttons is-layout-flex wp-block-buttons-is-layout-flex\">\n<div class=\"wp-block-button\"><a class=\"wp-block-button__link wp-element-button\" href=\"http:\/\/alldevice.com\/et\/contact\/\">K\u00fcsi pakkumist<\/a><\/div>\n<\/div>\n\n<\/div><div class=\"body__media\"><a href=\"https:\/\/alldevice.com\/wp-content\/uploads\/2025\/10\/Screenshot-2025-10-01-at-11.38.05-2.png\" class=\"ari-fancybox\" data-fancybox=\"gallery_block_a9fd3bc90e35ff9cb8c696456c29cf61\" data-caption=\"\"><img decoding=\"async\" class=\"zoom-target-img\" width=\"600\" height=\"400\" src=\"https:\/\/alldevice.com\/wp-content\/uploads\/bis-images\/2042\/Screenshot-2025-10-01-at-11.38.05-2-600x400-f50_50.png\" alt=\"Kuvat\u00f5mmis 2025-10-01 kell 11.38.05-2\" loading=\"lazy\" \/><\/a><\/div><\/div><\/div>\n\n<div class=\"ama-block block-bgcolor has-p-def full-width\">\n<div class=\"ama-block block-txtmedia\"><div class=\"block__body\"><div class=\"body__content\">\n\n<h2 class=\"wp-block-heading wp-el\">Ajastamine \u2013 minimeerige aega ja m\u00f5ju tootmisele<\/h2>\n\n\n\n<p class=\"wp-el\" style=\"font-style:normal;font-weight:500\">Planeeri \u00fclesandeid t\u00f5husalt, et minimeerida tootmiskatkestusi ja m\u00e4\u00e4rata \u00f5ige personal, kasutades mitmek\u00fclgseid kalendrivaateid p\u00e4eva-, n\u00e4dala- ja pikaajaliseks planeerimiseks.<\/p>\n\n\n\n<div class=\"wp-block-buttons is-layout-flex wp-block-buttons-is-layout-flex\">\n<div class=\"wp-block-button\"><a class=\"wp-block-button__link wp-element-button\" href=\"http:\/\/alldevice.com\/et\/contact\/\">K\u00fcsi demo!<\/a><\/div>\n<\/div>\n\n<\/div><div class=\"body__media\"><a href=\"https:\/\/alldevice.com\/wp-content\/uploads\/2025\/07\/2.jpg\" class=\"ari-fancybox\" data-fancybox=\"gallery_block_dc6ab20ad4e3b59a37b87e48b8341608\" data-caption=\"\"><img decoding=\"async\" class=\"zoom-target-img\" width=\"600\" height=\"400\" src=\"https:\/\/alldevice.com\/wp-content\/uploads\/bis-images\/707\/2-600x400-f50_50.jpg\" alt=\"2\" loading=\"lazy\" \/><\/a><\/div><\/div><\/div>\n<\/div>\n\n<div class=\"ama-block block-txtmedia reverse-order\"><div class=\"block__body\"><div class=\"body__content\">\n\n<h2 class=\"wp-block-heading wp-el\">T\u00f6\u00f6lt lahkumine<\/h2>\n\n\n\n<p class=\"wp-el\" style=\"font-style:normal;font-weight:500\">NFC-siltide kasutamine hooldust\u00f6\u00f6de alguse ja l\u00f5pu j\u00e4lgimiseks parandab tehtud t\u00f6\u00f6de j\u00e4lgitavust. Lisaks tagab allkirjastamisprotsesside rakendamine vajadusel vastutuse.&nbsp;<\/p>\n\n\n\n<div class=\"wp-block-buttons is-layout-flex wp-block-buttons-is-layout-flex\">\n<div class=\"wp-block-button\"><a class=\"wp-block-button__link wp-element-button\" href=\"http:\/\/alldevice.com\/et\/contact\/\">K\u00fcsi pakkumist<\/a><\/div>\n<\/div>\n\n<\/div><div class=\"body__media\"><a href=\"https:\/\/alldevice.com\/wp-content\/uploads\/2025\/10\/1.png\" class=\"ari-fancybox\" data-fancybox=\"gallery_block_955b06defe8e5448c7bb7f15962ef762\" data-caption=\"\"><img decoding=\"async\" class=\"zoom-target-img\" width=\"600\" height=\"400\" src=\"https:\/\/alldevice.com\/wp-content\/uploads\/bis-images\/2053\/1-600x400-f50_50.png\" alt=\"Laulmine\" loading=\"lazy\" \/><\/a><\/div><\/div><\/div>\n\n<div class=\"ama-block block-bgcolor has-p-def has-stencil stencil-right stencil-top full-width\">\n<div class=\"ama-block block-faqs\"><div class=\"block__header text-center\"><h2>T\u00f6\u00f6k\u00e4skude haldamise KKK<\/h2><\/div><div class=\"block__body\"><div class=\"body__content accordion\" id=\"accordion-block_df7fbfe43872a9323b6c0c44c2c59ea8\"><div class=\"accordion-item\" itemscope=\"\" itemprop=\"mainEntity\" itemtype=\"https:\/\/schema.org\/Question\"><h3 class=\"accordion-button collapsed\" data-bs-toggle=\"collapse\" data-bs-target=\"#collapse-block_df7fbfe43872a9323b6c0c44c2c59ea8851\" aria-expanded=\"false\" aria-controls=\"collapse-block_df7fbfe43872a9323b6c0c44c2c59ea8851\"><span class=\"d-block\" itemprop=\"name\">Mis on t\u00f6\u00f6korralduste halduss\u00fcsteem?<\/span><span class=\"d-flex\"><svg xmlns=\"http:\/\/www.w3.org\/2000\/svg\" width=\"24.225\" height=\"15.613\" viewbox=\"0 0 24.225 15.613\"><path d=\"M564.2,42.728l10,12,10-12\" transform=\"translate(-562.088 -40.615)\" fill=\"none\" stroke=\"currentColor\" stroke-linecap=\"round\" stroke-linejoin=\"round\" stroke-width=\"3\"\/><\/svg><\/span><\/h3><div id=\"collapse-block_df7fbfe43872a9323b6c0c44c2c59ea8851\" class=\"accordion-collapse collapse\" data-bs-parent=\"#accordion-block_df7fbfe43872a9323b6c0c44c2c59ea8\" itemscope=\"\" itemprop=\"acceptedAnswer\" itemtype=\"https:\/\/schema.org\/Answer\"><div class=\"accordion-body classic-editor\" itemprop=\"text\"><p><span style=\"font-weight: 400;\">T\u00f6\u00f6k\u00e4skude halduss\u00fcsteem on tarkvaralahendus, mis aitab hooldusmeeskondadel luua, m\u00e4\u00e4rata ja j\u00e4lgida hooldus\u00fclesandeid. Alldevice CMMS toimib t\u00f6\u00f6k\u00e4skude halduss\u00fcsteemina. Meie CMMS koondab k\u00f5ik hooldus\u00fclesanded \u00fchele kasutajas\u00f5bralikule platvormile, andes hooldusmeeskondadele selge \u00fclevaate t\u00f6\u00f6k\u00e4skude olekust ja seadmete ajaloost.<\/span><\/p>\n<\/div><\/div><\/div><div class=\"accordion-item\" itemscope=\"\" itemprop=\"mainEntity\" itemtype=\"https:\/\/schema.org\/Question\"><h3 class=\"accordion-button collapsed\" data-bs-toggle=\"collapse\" data-bs-target=\"#collapse-block_df7fbfe43872a9323b6c0c44c2c59ea8849\" aria-expanded=\"false\" aria-controls=\"collapse-block_df7fbfe43872a9323b6c0c44c2c59ea8849\"><span class=\"d-block\" itemprop=\"name\">Miks on t\u00f6\u00f6korralduste haldamine oluline?<\/span><span class=\"d-flex\"><svg xmlns=\"http:\/\/www.w3.org\/2000\/svg\" width=\"24.225\" height=\"15.613\" viewbox=\"0 0 24.225 15.613\"><path d=\"M564.2,42.728l10,12,10-12\" transform=\"translate(-562.088 -40.615)\" fill=\"none\" stroke=\"currentColor\" stroke-linecap=\"round\" stroke-linejoin=\"round\" stroke-width=\"3\"\/><\/svg><\/span><\/h3><div id=\"collapse-block_df7fbfe43872a9323b6c0c44c2c59ea8849\" class=\"accordion-collapse collapse\" data-bs-parent=\"#accordion-block_df7fbfe43872a9323b6c0c44c2c59ea8\" itemscope=\"\" itemprop=\"acceptedAnswer\" itemtype=\"https:\/\/schema.org\/Answer\"><div class=\"accordion-body classic-editor\" itemprop=\"text\"><p><span style=\"font-weight: 400;\">T\u00f6\u00f6k\u00e4skude haldamine on hoolduse jaoks oluline, kuna see tagab seadmete hoolduse \u00f5igeaegse teostamise. N\u00f5uetekohase t\u00f6\u00f6k\u00e4skude haldamise abil saavad ettev\u00f5tted v\u00e4hendada seadmete seisakuid, v\u00e4ltida kulukaid avariiremonte ja tagada hooldusmeeskondade t\u00f5husa t\u00f6\u00f6. T\u00f6\u00f6k\u00e4skude ja ajakava tarkvara abil saavad ettev\u00f5tted tagada ka ressursside \u00f5ige eraldamise hooldust\u00f6\u00f6de jaoks.<\/span><\/p>\n<\/div><\/div><\/div><div class=\"accordion-item\" itemscope=\"\" itemprop=\"mainEntity\" itemtype=\"https:\/\/schema.org\/Question\"><h3 class=\"accordion-button collapsed\" data-bs-toggle=\"collapse\" data-bs-target=\"#collapse-block_df7fbfe43872a9323b6c0c44c2c59ea8847\" aria-expanded=\"false\" aria-controls=\"collapse-block_df7fbfe43872a9323b6c0c44c2c59ea8847\"><span class=\"d-block\" itemprop=\"name\">Mis on t\u00f6\u00f6korralduste automatiseerimine?<\/span><span class=\"d-flex\"><svg xmlns=\"http:\/\/www.w3.org\/2000\/svg\" width=\"24.225\" height=\"15.613\" viewbox=\"0 0 24.225 15.613\"><path d=\"M564.2,42.728l10,12,10-12\" transform=\"translate(-562.088 -40.615)\" fill=\"none\" stroke=\"currentColor\" stroke-linecap=\"round\" stroke-linejoin=\"round\" stroke-width=\"3\"\/><\/svg><\/span><\/h3><div id=\"collapse-block_df7fbfe43872a9323b6c0c44c2c59ea8847\" class=\"accordion-collapse collapse\" data-bs-parent=\"#accordion-block_df7fbfe43872a9323b6c0c44c2c59ea8\" itemscope=\"\" itemprop=\"acceptedAnswer\" itemtype=\"https:\/\/schema.org\/Answer\"><div class=\"accordion-body classic-editor\" itemprop=\"text\"><p><span style=\"font-weight: 400;\">T\u00f6\u00f6k\u00e4skude automatiseerimine on protsess, mille k\u00e4igus tarkvara abil luuakse ja m\u00e4\u00e4ratakse automaatselt hooldus\u00fclesandeid etteantud p\u00e4\u00e4stikute p\u00f5hjal. N\u00e4iteks saavad hooldusmeeskonnad kasutada Alldevice CMMS-i, et luua automaatselt hooldus\u00fclesandeid vastavalt etteantud reeglitele (nt ajaintervallid, t\u00f6\u00f6tunnid v\u00f5i andurite n\u00e4idud). Meie hooldust\u00f6\u00f6de tellimuste tarkvara saadab ka automaatseid meeldetuletusi hilinenud t\u00f6\u00f6de kohta, tagades kriitilise hoolduse \u00f5igeaegse l\u00f5puleviimise.<\/span><\/p>\n<\/div><\/div><\/div><div class=\"accordion-item\" itemscope=\"\" itemprop=\"mainEntity\" itemtype=\"https:\/\/schema.org\/Question\"><h3 class=\"accordion-button collapsed\" data-bs-toggle=\"collapse\" data-bs-target=\"#collapse-block_df7fbfe43872a9323b6c0c44c2c59ea8845\" aria-expanded=\"false\" aria-controls=\"collapse-block_df7fbfe43872a9323b6c0c44c2c59ea8845\"><span class=\"d-block\" itemprop=\"name\">Kas teie CMMS pakub t\u00f6\u00f6korralduste j\u00e4lgimist?<\/span><span class=\"d-flex\"><svg xmlns=\"http:\/\/www.w3.org\/2000\/svg\" width=\"24.225\" height=\"15.613\" viewbox=\"0 0 24.225 15.613\"><path d=\"M564.2,42.728l10,12,10-12\" transform=\"translate(-562.088 -40.615)\" fill=\"none\" stroke=\"currentColor\" stroke-linecap=\"round\" stroke-linejoin=\"round\" stroke-width=\"3\"\/><\/svg><\/span><\/h3><div id=\"collapse-block_df7fbfe43872a9323b6c0c44c2c59ea8845\" class=\"accordion-collapse collapse\" data-bs-parent=\"#accordion-block_df7fbfe43872a9323b6c0c44c2c59ea8\" itemscope=\"\" itemprop=\"acceptedAnswer\" itemtype=\"https:\/\/schema.org\/Answer\"><div class=\"accordion-body classic-editor\" itemprop=\"text\"><p><span style=\"font-weight: 400;\">Jah, me pakume oma CMMS-i kaudu reaalajas t\u00f6\u00f6k\u00e4skude j\u00e4lgimist. Hooldusmeeskonnad saavad meie tootmist\u00f6\u00f6k\u00e4skude tarkvara abil vaadata hooldusgraafikuid, \u00fclesannete t\u00e4itmise olekut ja seadmete hooldusajalugu. Tehnikud saavad oma nutiseadme kaudu ka t\u00f6\u00f6k\u00e4ske v\u00e4rskendada ja seadmete fotosid lisada. Lisaks saavad t\u00f6\u00f6tajad luua mitmesuguseid isikup\u00e4rastatud t\u00f6\u00f6k\u00e4skude aruandeid.<\/span><\/p>\n<\/div><\/div><\/div><div class=\"accordion-item\" itemscope=\"\" itemprop=\"mainEntity\" itemtype=\"https:\/\/schema.org\/Question\"><h3 class=\"accordion-button collapsed\" data-bs-toggle=\"collapse\" data-bs-target=\"#collapse-block_df7fbfe43872a9323b6c0c44c2c59ea8843\" aria-expanded=\"false\" aria-controls=\"collapse-block_df7fbfe43872a9323b6c0c44c2c59ea8843\"><span class=\"d-block\" itemprop=\"name\">Milline on parim tarkvara t\u00f6\u00f6korralduste haldamiseks?<\/span><span class=\"d-flex\"><svg xmlns=\"http:\/\/www.w3.org\/2000\/svg\" width=\"24.225\" height=\"15.613\" viewbox=\"0 0 24.225 15.613\"><path d=\"M564.2,42.728l10,12,10-12\" transform=\"translate(-562.088 -40.615)\" fill=\"none\" stroke=\"currentColor\" stroke-linecap=\"round\" stroke-linejoin=\"round\" stroke-width=\"3\"\/><\/svg><\/span><\/h3><div id=\"collapse-block_df7fbfe43872a9323b6c0c44c2c59ea8843\" class=\"accordion-collapse collapse\" data-bs-parent=\"#accordion-block_df7fbfe43872a9323b6c0c44c2c59ea8\" itemscope=\"\" itemprop=\"acceptedAnswer\" itemtype=\"https:\/\/schema.org\/Answer\"><div class=\"accordion-body classic-editor\" itemprop=\"text\"><p><span style=\"font-weight: 400;\">Alldevice on parim t\u00f6\u00f6korralduste haldamise tarkvara. Meie lihtsa t\u00f6\u00f6korralduste tarkvara on loonud hooldusspetsialistid, kes kasutavad CMMS-i iga p\u00e4ev. Lisaks muudab meie mobiilis\u00f5bralik platvorm tehnikutele t\u00f6\u00f6korralduste loomise, haldamise ja j\u00e4lgimise kohapeal lihtsaks. Ettev\u00f5tted paljudes EL-i riikides, sealhulgas Soomes, Eestis, L\u00e4tis ja Leedus, valivad meie s\u00fcsteemi t\u00f6\u00f6korralduste haldamiseks ja \u00f5igeaegseks hoolduseks.<\/span><\/p>\n<\/div><\/div><\/div><div class=\"accordion-item\" itemscope=\"\" itemprop=\"mainEntity\" itemtype=\"https:\/\/schema.org\/Question\"><h3 class=\"accordion-button collapsed\" data-bs-toggle=\"collapse\" data-bs-target=\"#collapse-block_df7fbfe43872a9323b6c0c44c2c59ea8841\" aria-expanded=\"false\" aria-controls=\"collapse-block_df7fbfe43872a9323b6c0c44c2c59ea8841\"><span class=\"d-block\" itemprop=\"name\">Kui palju teie t\u00f6\u00f6korralduste haldamise tarkvara maksab?<\/span><span class=\"d-flex\"><svg xmlns=\"http:\/\/www.w3.org\/2000\/svg\" width=\"24.225\" height=\"15.613\" viewbox=\"0 0 24.225 15.613\"><path d=\"M564.2,42.728l10,12,10-12\" transform=\"translate(-562.088 -40.615)\" fill=\"none\" stroke=\"currentColor\" stroke-linecap=\"round\" stroke-linejoin=\"round\" stroke-width=\"3\"\/><\/svg><\/span><\/h3><div id=\"collapse-block_df7fbfe43872a9323b6c0c44c2c59ea8841\" class=\"accordion-collapse collapse\" data-bs-parent=\"#accordion-block_df7fbfe43872a9323b6c0c44c2c59ea8\" itemscope=\"\" itemprop=\"acceptedAnswer\" itemtype=\"https:\/\/schema.org\/Answer\"><div class=\"accordion-body classic-editor\" itemprop=\"text\"><p><span style=\"font-weight: 400;\">Meie t\u00f6\u00f6tellimuste haldustarkvara hind algab 200 eurost kuus 5 kasutaja puhul ja ulatub piiramatu arvu kasutajate puhul kuni 1250 euroni kuus. K\u00f5ik paketid sisaldavad t\u00e4isfunktsionaalsust, sh varuosade haldust, rikete anal\u00fc\u00fcsi ja hooldusaruandeid. V\u00f5tke meiega \u00fchendust personaalse hinnapakkumise saamiseks. Meil on kohalikud tugimeeskonnad suuremates Euroopa riikides, sealhulgas \u00dchendkuningriigis, Prantsusmaal, Saksamaal ja Poolas, kes on valmis teid abistama.<\/span><\/p>\n<\/div><\/div><\/div><\/div><\/div><\/div>\n<\/div>\n\n<div class=\"ama-block block-related\"><div class=\"block__header w-btn\"><h2>Blogi<\/h2><div class=\"wp-block-button is-style-read-more\"><a href=\"https:\/\/alldevice.com\/et\/resources\/\" class=\"wp-block-button__link\">Loe meie blogi<\/a><\/div><\/div><div class=\"block__body\"><a href=\"https:\/\/alldevice.com\/et\/case-studies\/utilitas\/\" class=\"post-item\"><div class=\"item__thumb\"><img decoding=\"async\" width=\"350\" height=\"180\" src=\"https:\/\/alldevice.com\/wp-content\/uploads\/bis-images\/3415\/utilitas3-1-350x180-f50_50.png\" class=\"attachment-350x180\" alt=\"utilitas3\" loading=\"lazy\" \/><div class=\"post--tags\"><span>Kliendilood<\/span><\/div><\/div><div class=\"item__content\"><p class=\"is-title\">T\u00f5hustades Utilitase kaugk\u00fctte hooldusprotsesse<\/p><p>Uue tarkvaralahenduse kasutuselev\u00f5tt on osa laiemast eesm\u00e4rgist hoida meie tehnoloogiline v\u00f5imekus ajakohasena ning rakendada uuenduslikke ja t\u00f6\u00f6kindlaid digilahendusi.<\/p>\n<\/div><div class=\"item__end wp-block-button is-style-read-more\"><span class=\"wp-block-button__link\">Loe edasi<\/span><\/div><\/a><a href=\"https:\/\/alldevice.com\/et\/case-studies\/e-piim\/\" class=\"post-item\"><div class=\"item__thumb\"><img decoding=\"async\" width=\"350\" height=\"180\" src=\"https:\/\/alldevice.com\/wp-content\/uploads\/bis-images\/3033\/E-Piim-24-350x180-f50_50.jpg\" class=\"attachment-350x180\" alt=\"E-Piim-24\" loading=\"lazy\" \/><div class=\"post--tags\"><span>Kliendilood<\/span><\/div><\/div><div class=\"item__content\"><p class=\"is-title\">Kuidas Epiim hoolduse p\u00e4riselt t\u00f6\u00f6le pani<\/p><p>Kui Epiim 2023. aastal oma uue tehase k\u00e4ivitas, otsustati ellu viia ka \u00fcks varaseid p\u00f5him\u00f5ttelisi otsuseid: kogu tehase hooldus peab olema digitaalselt juhitud, auditeeritav ja igap\u00e4evat\u00f6\u00f6s mugav kasutada.<\/p>\n<\/div><div class=\"item__end wp-block-button is-style-read-more\"><span class=\"wp-block-button__link\">Loe edasi<\/span><\/div><\/a><a href=\"https:\/\/alldevice.com\/et\/blog\/work-hour-based-maintenance-globalreader-alldevice\/\" class=\"post-item is-compact\"><div class=\"item__thumb\"><img decoding=\"async\" width=\"100\" height=\"100\" src=\"https:\/\/alldevice.com\/wp-content\/uploads\/bis-images\/1155\/Group-1000000898-100x100-f50_50.png\" class=\"attachment-100x100\" alt=\"Group 1000000898\" loading=\"lazy\" \/><\/div><div class=\"item__content\"><p class=\"is-title\">T\u00f6\u00f6tunnip\u00f5hine hooldus \u2013 GlobalReader ja Alldevice<\/p><\/div><\/a><a href=\"https:\/\/alldevice.com\/et\/blog\/iso-cert\/\" class=\"post-item is-compact\"><div class=\"item__thumb\"><img decoding=\"async\" width=\"100\" height=\"100\" src=\"https:\/\/alldevice.com\/wp-content\/uploads\/bis-images\/3020\/BVCER_withoutQR-ISO-27001-100x100-f47_32.png\" class=\"attachment-100x100\" alt=\"ISO 27001 certified\" loading=\"lazy\" \/><\/div><div class=\"item__content\"><p class=\"is-title\">Alldevice O\u00dc-le omistati ISO 27001:2022 sertifikaat<\/p><\/div><\/a><a href=\"https:\/\/alldevice.com\/et\/case-studies\/port-of-tallinn\/\" class=\"post-item is-compact\"><div class=\"item__thumb\"><img decoding=\"async\" width=\"100\" height=\"100\" src=\"https:\/\/alldevice.com\/wp-content\/uploads\/bis-images\/833\/Header_Case-Study_Port-of-Tallinn-100x100-f50_50.png\" class=\"attachment-100x100\" alt=\"P\u00e4is_Juhtumiuuring_Tallinna sadam\" loading=\"lazy\" \/><\/div><div class=\"item__content\"><p class=\"is-title\">Segadusest kontrolli alla saamiseni Tallinna sadamas<\/p><\/div><\/a><\/div><\/div>","protected":false},"excerpt":{"rendered":"","protected":false},"author":2,"featured_media":0,"parent":252,"menu_order":0,"comment_status":"closed","ping_status":"closed","template":"","meta":{"_acf_changed":false,"inline_featured_image":false,"footnotes":""},"class_list":["post-719","page","type-page","status-publish","hentry"],"acf":[],"_links":{"self":[{"href":"https:\/\/alldevice.com\/et\/wp-json\/wp\/v2\/pages\/719","targetHints":{"allow":["GET"]}}],"collection":[{"href":"https:\/\/alldevice.com\/et\/wp-json\/wp\/v2\/pages"}],"about":[{"href":"https:\/\/alldevice.com\/et\/wp-json\/wp\/v2\/types\/page"}],"author":[{"embeddable":true,"href":"https:\/\/alldevice.com\/et\/wp-json\/wp\/v2\/users\/2"}],"replies":[{"embeddable":true,"href":"https:\/\/alldevice.com\/et\/wp-json\/wp\/v2\/comments?post=719"}],"version-history":[{"count":25,"href":"https:\/\/alldevice.com\/et\/wp-json\/wp\/v2\/pages\/719\/revisions"}],"predecessor-version":[{"id":3120,"href":"https:\/\/alldevice.com\/et\/wp-json\/wp\/v2\/pages\/719\/revisions\/3120"}],"up":[{"embeddable":true,"href":"https:\/\/alldevice.com\/et\/wp-json\/wp\/v2\/pages\/252"}],"wp:attachment":[{"href":"https:\/\/alldevice.com\/et\/wp-json\/wp\/v2\/media?parent=719"}],"curies":[{"name":"wp","href":"https:\/\/api.w.org\/{rel}","templated":true}]}}