{"id":506,"date":"2025-05-22T10:37:55","date_gmt":"2025-05-22T10:37:55","guid":{"rendered":"https:\/\/alldevice.com\/?page_id=506"},"modified":"2026-01-19T14:51:20","modified_gmt":"2026-01-19T12:51:20","slug":"contact","status":"publish","type":"page","link":"https:\/\/alldevice.com\/et\/contact\/","title":{"rendered":"K\u00fcsi demo!"},"content":{"rendered":"<div class=\"ama-block block-content-form\"><div class=\"block__body\"><div class=\"body__content\">\n\n<h2 class=\"wp-block-heading wp-el\">K\u00fcsi demo!<\/h2>\n\n\n\n<p class=\"has-semi-large-font-size wp-el\"><strong>Broneeri konsultatsioon meie tootespetsialistiga, et arutada, kuidas Alldevice Teie vajadustele sobiks<\/strong><\/p>\n\n\n\n<ul class=\"wp-block-list wp-el\">\n<li>Vestelge meie spetsialistiga ja selgitage v\u00e4lja, kuidas Alldevice teile kasuks saaks olla<\/li>\n\n\n\n<li>Leidke lahendus, mis on koosk\u00f5las teie eesm\u00e4rkide ja prioriteetidega<\/li>\n\n\n\n<li>Spetsiaalne juurutustugi lihtsamaks alustamiseks<\/li>\n\n\n\n<li>Alldevice aitab ettev\u00f5tetel v\u00e4hendada seadmete seisakuid ja parandada \u00f5igeaegset tarnimist<\/li>\n<\/ul>\n\n\n<div class=\"ama-block block-logos\"><div class=\"block__header\"><p class=\"has-semi-huge-font-size\">Meid usaldavad ka maailma suurimad ettev\u00f5tted<\/p><\/div><div class=\"block__body overflow-hidden\"><div class=\"d-flex\"><div class=\"logo-item\"><img decoding=\"async\" width=\"70\" height=\"70\" src=\"https:\/\/alldevice.com\/wp-content\/uploads\/bis-images\/1497\/Wolf_Group_O-140x70.png\" class=\"attachment-140x70\" alt=\"Wolf_Group_O\" loading=\"lazy\" \/><\/div><div class=\"logo-item\"><img decoding=\"async\" width=\"70\" height=\"70\" src=\"https:\/\/alldevice.com\/wp-content\/uploads\/bis-images\/1465\/Thermory_logo-140x70.png\" class=\"attachment-140x70\" alt=\"Thermory_logo\" loading=\"lazy\" \/><\/div><div class=\"logo-item\"><img decoding=\"async\" width=\"70\" height=\"70\" src=\"https:\/\/alldevice.com\/wp-content\/uploads\/bis-images\/1384\/Orkla-140x70.png\" class=\"attachment-140x70\" alt=\"Orkla\" loading=\"lazy\" \/><\/div><div class=\"logo-item\"><img decoding=\"async\" width=\"70\" height=\"70\" src=\"https:\/\/alldevice.com\/wp-content\/uploads\/bis-images\/1312\/hildin_anders_logo2-140x70.png\" class=\"attachment-140x70\" alt=\"hildin_andersi_logo2\" loading=\"lazy\" \/><\/div><\/div><\/div><div class=\"block__footer wp-block-buttons justify-content-center\"><div class=\"wp-block-button is-style-outline\"><a href=\"https:\/\/alldevice.com\/et\/contacts\/\" class=\"wp-block-button__link gray\">Kontaktandmed<\/a><\/div><\/div><\/div>\n<\/div><div class=\"body__form\"><div data-tf-live=\"01K8WJQV2RSKP9EWTBHQ0YQFCG\"><\/div><div class=\"ama-info-banner\"><p>Kas teil on k\u00fcsimusi? Kirjutage meie m\u00fc\u00fcgiosakonnale v\u00f5i kasutage \u00fclalolevat vestlust.<\/p><p class=\"text-end\">sales@alldevice.com<\/p><\/div><\/div><\/div><\/div>\n\n\n<p class=\"wp-el\"><\/p>","protected":false},"excerpt":{"rendered":"","protected":false},"author":2,"featured_media":0,"parent":0,"menu_order":0,"comment_status":"closed","ping_status":"closed","template":"","meta":{"_acf_changed":false,"inline_featured_image":false,"footnotes":""},"class_list":["post-506","page","type-page","status-publish","hentry"],"acf":[],"_links":{"self":[{"href":"https:\/\/alldevice.com\/et\/wp-json\/wp\/v2\/pages\/506","targetHints":{"allow":["GET"]}}],"collection":[{"href":"https:\/\/alldevice.com\/et\/wp-json\/wp\/v2\/pages"}],"about":[{"href":"https:\/\/alldevice.com\/et\/wp-json\/wp\/v2\/types\/page"}],"author":[{"embeddable":true,"href":"https:\/\/alldevice.com\/et\/wp-json\/wp\/v2\/users\/2"}],"replies":[{"embeddable":true,"href":"https:\/\/alldevice.com\/et\/wp-json\/wp\/v2\/comments?post=506"}],"version-history":[{"count":24,"href":"https:\/\/alldevice.com\/et\/wp-json\/wp\/v2\/pages\/506\/revisions"}],"predecessor-version":[{"id":3061,"href":"https:\/\/alldevice.com\/et\/wp-json\/wp\/v2\/pages\/506\/revisions\/3061"}],"wp:attachment":[{"href":"https:\/\/alldevice.com\/et\/wp-json\/wp\/v2\/media?parent=506"}],"curies":[{"name":"wp","href":"https:\/\/api.w.org\/{rel}","templated":true}]}}