{"id":2135,"date":"2025-10-13T12:48:02","date_gmt":"2025-10-13T12:48:02","guid":{"rendered":"https:\/\/alldevice.com\/?page_id=2135"},"modified":"2026-01-13T13:15:51","modified_gmt":"2026-01-13T11:15:51","slug":"privaatsustingimused","status":"publish","type":"page","link":"https:\/\/alldevice.com\/et\/privacy-policy\/","title":{"rendered":"Privaatsuspoliitika"},"content":{"rendered":"<p class=\"wp-el\">K\u00e4esolev privaatsuspoliitika (\u201cPrivaatsuspoliitika\u201d) annab \u00fclevaate, milliseid isikuandmeid, millistel eesm\u00e4rkidel ja kuidas Alldevice O\u00dc (\u201cAlldevice\u201d v\u00f5i \u201cmeie\u201d) t\u00f6\u00f6tleb.\n\u00dchtlasi selgitab Privaatsuspoliitika, millistel \u00f5iguslikel alustel Alldevice sinu isikuandmeid t\u00f6\u00f6tleb, millisel perioodil Alldevice isikuandmeid s\u00e4ilitab, millised on sinu andmekaitsealased \u00f5igused ja kuidas neid teostada.<\/p>\n\n\n\n<p class=\"wp-el\"><br><strong>Milliseid andmeid me kogume?<\/strong><\/p>\n\n\n\n<p class=\"wp-el\">Alldevice kogub j\u00e4rgmisi andmeid:<\/p>\n\n\n\n<ul class=\"wp-block-list wp-el\">\n<li>Isikutuvastuse andmed (nimi, e-posti aadress, telefoninumber)<\/li>\n<\/ul>\n\n\n\n<p class=\"wp-el\"><br><strong>Kuidas me teie andmeid kogume?<\/strong><\/p>\n\n\n\n<p class=\"wp-el\">Teie edastate enamiku meie kogutavatest andmetest otse Alldevice&#039;ile. Me kogume andmeid ja t\u00f6\u00f6tleme neid siis, kui te:<\/p>\n\n\n\n<ul class=\"wp-block-list wp-el\">\n<li>Esitate tellimuse mis tahes meie teenusele<\/li>\n\n\n\n<li>T\u00e4idate vabatahtlikult m\u00f5ne vormi v\u00f5i annate tagasisidet meie veebisaidil, vestluses v\u00f5i e-posti teel<\/li>\n\n\n\n<li>Kasutate v\u00f5i vaatate meie veebisaiti oma brauseri k\u00fcpsiste kaudu<\/li>\n\n\n\n<li>Kasutate Alldevice CMMS tarkvara kasutajanime, e-posti ja telefoniandmetega<\/li>\n<\/ul>\n\n\n\n<p class=\"wp-el\"><strong>Kuidas me teie andmeid kasutame?<\/strong><\/p>\n\n\n\n<p class=\"wp-el\">Alldevice kogub teie andmeid selleks, et saaksime:<\/p>\n\n\n\n<ul class=\"wp-block-list wp-el\">\n<li>T\u00f6\u00f6delda teie tellimusi ning hallata teie kasutajakontot<\/li>\n\n\n\n<li>Pakkuda kasutajatuge ja koolitusi<\/li>\n\n\n\n<li>Tagada juurdep\u00e4\u00e4su veebirakendusele<\/li>\n<\/ul>\n\n\n\n<p class=\"wp-el\">Alldevice ei jaga teie andmeid turunduslikel eesm\u00e4rkidel teiste partneritega.<\/p>\n\n\n\n<p class=\"wp-el\"><br><strong>Kuidas me teie andmeid s\u00e4ilitame?<\/strong><\/p>\n\n\n\n<p class=\"wp-el\">Alldevice s\u00e4ilitab teie andmeid turvaliselt EL-is. Andmeid s\u00e4ilitatakse kas SaaS-rakenduses v\u00f5i m\u00fc\u00fcgi, toe ja arvelduse eesm\u00e4rgil eraldi, nagu allpool v\u00e4lja toodud:<\/p>\n\n\n\n<p class=\"wp-el\">Teie SaaS-rakenduses olevad Alldevice'i andmed s\u00e4ilitatakse tellimuse perioodi jooksul. Vajadusel saate sisestatud isikuandmeid eemaldada v\u00f5i anon\u00fc\u00fcmseks muuta. P\u00e4rast teenuse l\u00f5petamist kustutatakse k\u00f5ik andmed hiljemalt 30 p\u00e4eva jooksul ja k\u00f5ik varukoopiad 14 p\u00e4eva jooksul. Vastavalt isikuandmete kaitse \u00fcldm\u00e4\u00e4rusele on teil \u00f5igus taotleda juurdep\u00e4\u00e4su oma isikuandmetele. Sellised taotlused tuleks esitada teenuse l\u00f5petamise ajal.<\/p>\n\n\n\n<p class=\"wp-el\">S\u00e4ilitame teie isikuandmed, mille olete esitanud tugiteenuste, m\u00fc\u00fcgip\u00e4ringute v\u00f5i tellimuste jaoks, st tootetoega mitte seotud andmeid 3 aasta jooksul alates viimasest kontaktist. P\u00e4rast selle perioodi m\u00f6\u00f6dumist kustutame teie andmed meie andmebaasidest.<\/p>\n\n\n\n<p class=\"wp-el\"><strong>Turundus<\/strong><\/p>\n\n\n\n<p class=\"wp-el\">Alldevice soovib teile saata teavet meie toodete ja teenuste kohta, mis meie arvates v\u00f5ivad teile huvi pakkuda.<br>Kui olete turundusmaterjalide saamisega n\u00f5ustunud, v\u00f5ite neist alati hiljem loobuda.<br>Teil on igal ajal \u00f5igus keelata Alldevice'il teiega turunduslikel eesm\u00e4rkidel \u00fchenduse v\u00f5tmise.<br>Kui te ei soovi enam, et teiega turunduslikel eesm\u00e4rkidel \u00fchendust v\u00f5etaks, saate loobuda k\u00f5ikidest turundusega seotud meilidest.<\/p>\n\n\n\n<p class=\"wp-el\"><strong>Millised on teie andmekaitsealased \u00f5igused?<\/strong><\/p>\n\n\n\n<p class=\"wp-el\">Alldevice soovib veenduda, et olete t\u00e4ielikult teadlik k\u00f5igist oma andmekaitse\u00f5igustest. Igal kasutajal on \u00f5igus j\u00e4rgmisele:<\/p>\n\n\n\n<p class=\"wp-el\"><strong>Juurdep\u00e4\u00e4su\u00f5igus<\/strong>\u00a0\u2013 Teil on \u00f5igus n\u00f5uda Alldevice'ilt oma isikuandmete koopiaid. Selle teenuse eest on meil \u00f5igus teilt v\u00e4ikest tasu k\u00fcsida.<br><strong>\u00d5igus parandamisele<\/strong>\u00a0\u2013 Teil on \u00f5igus n\u00f5uda, et Alldevice parandaks mis tahes teavet, mis teie arvates on ebat\u00e4pne. Samuti on teil \u00f5igus n\u00f5uda, et Alldevice t\u00e4iendaks teavet, mis teie arvates on mittet\u00e4ielik.<br><strong>\u00d5igus kustutamisele<\/strong>\u00a0\u2013 Teil on \u00f5igus teatud tingimustel n\u00f5uda, et Alldevice kustutaks teie isikuandmed.<br><strong>\u00d5igus t\u00f6\u00f6tlemise piiramisele<\/strong>\u00a0\u2013 Teil on \u00f5igus n\u00f5uda, et Alldevice piiraks teie isikuandmete t\u00f6\u00f6tlemist teatud tingimustel.<br><strong>\u00d5igus t\u00f6\u00f6tlemisele vastuv\u00e4iteid esitada<\/strong>\u00a0\u2013 Teil on teatud tingimustel \u00f5igus esitada Alldevice&#039;ile vastuv\u00e4iteid teie isikuandmete t\u00f6\u00f6tlemise suhtes.<br><strong>\u00d5igus andmete \u00fclekandmisele<\/strong>\u00a0\u2013 Teil on \u00f5igus teatud tingimustel n\u00f5uda, et Alldevice edastaks meie kogutud andmed teisele organisatsioonile v\u00f5i otse teile.<\/p>\n\n\n\n<p class=\"wp-el\">Kui esitate taotluse, on meil vastamiseks aega \u00fcks kuu. Kui soovite m\u00f5nda neist \u00f5igustest teostada, v\u00f5tke meiega \u00fchendust meie e-posti aadressil: support@alldevice.com<\/p>\n\n\n\n<p class=\"wp-el\"><strong>K\u00fcpsised<\/strong><\/p>\n\n\n\n<p class=\"wp-el\">K\u00fcpsised on tekstifailid, mis paigutatakse teie arvutisse standardse interneti logiteabe ja k\u00fclastajate k\u00e4itumise teabe kogumiseks. Kui k\u00fclastate meie veebisaiti, v\u00f5ime teilt k\u00fcpsiste v\u00f5i sarnase tehnoloogia abil automaatselt teavet koguda. Lisateabe saamiseks k\u00fclastage veebisaiti www.allaboutcookies.org.<\/p>\n\n\n\n<p class=\"wp-el\"><strong>Kuidas me k\u00fcpsiseid kasutame?<\/strong><\/p>\n\n\n\n<p class=\"wp-el\">Alldevice kasutab k\u00fcpsiseid teie veebisaidi kogemuse parandamiseks mitmel viisil, sealhulgas:<\/p>\n\n\n\n<ul class=\"wp-block-list wp-el\">\n<li>m\u00f5istmaks, kuidas te meie veebilehte kasutate<\/li>\n\n\n\n<li>vestluse l\u00e4bi toe pakkumiseks<\/li>\n<\/ul>\n\n\n\n<p class=\"wp-el\"><strong>Milliseid k\u00fcpsiseid me kasutame?<\/strong><\/p>\n\n\n\n<p class=\"wp-el\">K\u00fcpsiseid on mitut t\u00fc\u00fcpi, kuid meie veebisait kasutab:<\/p>\n\n\n\n<ul class=\"wp-block-list wp-el\">\n<li>Funktsionaalsus \u2013 Alldevice kasutab neid k\u00fcpsiseid selleks, et teid meie veebisaidil \u00e4ra tunda ja teie eelnevalt valitud eelistusi meeles pidada. Nende hulka v\u00f5ivad kuuluda teie eelistatud keel ja asukoht. Kasutatakse nii esimese kui ka kolmanda osapoole k\u00fcpsiseid.<\/li>\n\n\n\n<li>Reklaam \u2013 Alldevice kasutab neid k\u00fcpsiseid teabe kogumiseks teie veebisaidi k\u00fclastuse, vaadatud sisu, kl\u00f5psatud linkide ning teie brauseri, seadme ja IP-aadressi kohta. Alldevice jagab m\u00f5nikord nende andmete piiratud aspekte kolmandate osapooltega reklaami eesm\u00e4rgil. Samuti v\u00f5ime k\u00fcpsiste kaudu kogutud veebiandmeid jagada oma reklaamipartneritega. See t\u00e4hendab, et kui k\u00fclastate m\u00f5nda teist veebisaiti, v\u00f5idakse teile kuvada reklaame, mis p\u00f5hinevad teie sirvimismustril meie veebisaidil.<\/li>\n<\/ul>\n\n\n\n<p class=\"wp-el\"><strong>Kuidas k\u00fcpsiseid hallata<\/strong><\/p>\n\n\n\n<p class=\"wp-el\">Veebisaidil kasutame lisandmoodulit \u201cCookiebot\u201d, mille abil saate k\u00fcpsiste t\u00fc\u00fcbi j\u00e4rgi eelistusi m\u00e4\u00e4rata ja oma brauseri k\u00fcpsiseid mitte aktsepteerima seadistada. \u00dclaltoodud veebisait annab teile juhiseid k\u00fcpsiste brauserist eemaldamiseks. M\u00f5nel juhul ei pruugi m\u00f5ned meie veebisaidi funktsioonid selle tulemusena t\u00f6\u00f6tada.<\/p>\n\n\n\n<p class=\"wp-el\"><strong>Teiste veebisaitide privaatsuspoliitikad<\/strong><\/p>\n\n\n\n<p class=\"wp-el\">Alldevice&#039;i veebisait sisaldab linke teistele veebisaitidele. Meie privaatsuspoliitika kehtib ainult meie veebisaidile, seega kui kl\u00f5psate lingil teisele veebisaidile, peaksite lugema ka nende privaatsuspoliitikat.<\/p>\n\n\n\n<p class=\"wp-el\"><strong>Muudatused meie privaatsuspoliitikas<\/strong><\/p>\n\n\n\n<p class=\"wp-el\">Alldevice vaatab oma privaatsuspoliitikat regulaarselt l\u00e4bi ja avaldab k\u00f5ik uuendused sellel veebilehel. Privaatsuspoliitikat v\u00e4rskendati viimati 25. septembril 2025.<\/p>\n\n\n\n<p class=\"wp-el\"><strong>Kuidas meiega \u00fchendust v\u00f5tta<\/strong><\/p>\n\n\n\n<p class=\"wp-el\">Kui teil on k\u00fcsimusi Alldevice&#039;i privaatsuspoliitika v\u00f5i teie kohta hoitavate andmete kohta v\u00f5i soovite kasutada m\u00f5nda oma andmekaitsealast \u00f5igust, v\u00f5tke meiega julgelt \u00fchendust.<\/p>\n\n\n\n<p class=\"wp-el\">Kirjuta meile aadressil: hello@alldevice.com<\/p>\n\n\n\n<p class=\"wp-el\"><strong>Kuidas p\u00f6\u00f6rduda vastava asutuse poole<\/strong><\/p>\n\n\n\n<p class=\"wp-el\">Kui soovite esitada kaebuse v\u00f5i kui arvate, et Alldevice ei ole teie murele rahuldavalt vastanud, v\u00f5ite v\u00f5tta \u00fchendust allpool nimetatud teabevoliniku b\u00fcrooga v\u00f5i oma kohaliku riigi b\u00fcrooga.<\/p>\n\n\n\n<p class=\"wp-el\">Veebisait: <a href=\"https:\/\/www.aki.ee\/\">www.aki.ee<\/a><\/p>\n\n\n\n<p class=\"wp-el\">E-post: info@aki.ee<\/p>\n\n\n\n<p class=\"wp-el\"><\/p>\n\n\n\n<p class=\"wp-el\"><\/p>","protected":false},"excerpt":{"rendered":"<p>This privacy policy (&#8220;Privacy Policy&#8221;) will give an overview of what kind of personal data, what for and how Alldevice&#8230;<\/p>","protected":false},"author":2,"featured_media":0,"parent":0,"menu_order":0,"comment_status":"closed","ping_status":"closed","template":"","meta":{"_acf_changed":false,"inline_featured_image":false,"footnotes":""},"class_list":["post-2135","page","type-page","status-publish","hentry"],"acf":[],"_links":{"self":[{"href":"https:\/\/alldevice.com\/et\/wp-json\/wp\/v2\/pages\/2135","targetHints":{"allow":["GET"]}}],"collection":[{"href":"https:\/\/alldevice.com\/et\/wp-json\/wp\/v2\/pages"}],"about":[{"href":"https:\/\/alldevice.com\/et\/wp-json\/wp\/v2\/types\/page"}],"author":[{"embeddable":true,"href":"https:\/\/alldevice.com\/et\/wp-json\/wp\/v2\/users\/2"}],"replies":[{"embeddable":true,"href":"https:\/\/alldevice.com\/et\/wp-json\/wp\/v2\/comments?post=2135"}],"version-history":[{"count":6,"href":"https:\/\/alldevice.com\/et\/wp-json\/wp\/v2\/pages\/2135\/revisions"}],"predecessor-version":[{"id":3007,"href":"https:\/\/alldevice.com\/et\/wp-json\/wp\/v2\/pages\/2135\/revisions\/3007"}],"wp:attachment":[{"href":"https:\/\/alldevice.com\/et\/wp-json\/wp\/v2\/media?parent=2135"}],"curies":[{"name":"wp","href":"https:\/\/api.w.org\/{rel}","templated":true}]}}