{"id":1995,"date":"2025-09-17T10:25:03","date_gmt":"2025-09-17T10:25:03","guid":{"rendered":"https:\/\/alldevice.com\/?page_id=1995"},"modified":"2026-01-13T13:30:34","modified_gmt":"2026-01-13T11:30:34","slug":"data-processing-addendum","status":"publish","type":"page","link":"https:\/\/alldevice.com\/et\/data-processing-addendum\/","title":{"rendered":"Andmet\u00f6\u00f6tlus"},"content":{"rendered":"<p class=\"wp-el translation-block\">Alldevice Teenuse kasutustingimused ning Privaatsuspoliitika leiate veebilehe jalusest. K\u00fcsimuste v\u00f5i kommentaaride puhul v\u00f5tke palun \u00fchendust meiliaadressil hello@alldevice.com<\/p>\n\n\n\n<p class=\"wp-el\"><\/p>","protected":false},"excerpt":{"rendered":"<p>Alldevice Terms and Conditions and Privacy Policy can be found in the page footer or through the provided links. If&#8230;<\/p>","protected":false},"author":2,"featured_media":0,"parent":0,"menu_order":0,"comment_status":"closed","ping_status":"closed","template":"","meta":{"_acf_changed":false,"inline_featured_image":false,"footnotes":""},"class_list":["post-1995","page","type-page","status-publish","hentry"],"acf":[],"_links":{"self":[{"href":"https:\/\/alldevice.com\/et\/wp-json\/wp\/v2\/pages\/1995","targetHints":{"allow":["GET"]}}],"collection":[{"href":"https:\/\/alldevice.com\/et\/wp-json\/wp\/v2\/pages"}],"about":[{"href":"https:\/\/alldevice.com\/et\/wp-json\/wp\/v2\/types\/page"}],"author":[{"embeddable":true,"href":"https:\/\/alldevice.com\/et\/wp-json\/wp\/v2\/users\/2"}],"replies":[{"embeddable":true,"href":"https:\/\/alldevice.com\/et\/wp-json\/wp\/v2\/comments?post=1995"}],"version-history":[{"count":8,"href":"https:\/\/alldevice.com\/et\/wp-json\/wp\/v2\/pages\/1995\/revisions"}],"predecessor-version":[{"id":3010,"href":"https:\/\/alldevice.com\/et\/wp-json\/wp\/v2\/pages\/1995\/revisions\/3010"}],"wp:attachment":[{"href":"https:\/\/alldevice.com\/et\/wp-json\/wp\/v2\/media?parent=1995"}],"curies":[{"name":"wp","href":"https:\/\/api.w.org\/{rel}","templated":true}]}}