{"id":1665,"date":"2025-08-18T12:56:13","date_gmt":"2025-08-18T12:56:13","guid":{"rendered":"https:\/\/alldevice.com\/?page_id=1665"},"modified":"2025-11-17T10:53:48","modified_gmt":"2025-11-17T08:53:48","slug":"utility","status":"publish","type":"page","link":"https:\/\/alldevice.com\/et\/industries\/utility\/","title":{"rendered":"Kommunaalteenuste haldustarkvara"},"content":{"rendered":"<div class=\"ama-block block-bgcolor has-p-def has-stencil stencil-right stencil-top full-width\">\n<div class=\"ama-block block-grid-txt is-style-header-side\"><div class=\"block__header\"><p class=\"has-semi-huge-font-size\">Kommunaalteenuste haldustarkvara<\/p><\/div><div class=\"block__body\"><div class=\"grid-txt-item\"><p class=\"has-medium-font-size fw-bold\">Maksimeeri t\u00f6\u00f6aega<\/p><p> <\/p><\/div><div class=\"grid-txt-item\"><p class=\"has-medium-font-size fw-bold\">Planeeritud hooldus<\/p><p> <\/p><\/div><div class=\"grid-txt-item\"><p class=\"has-medium-font-size fw-bold\">Varuosade haldus<\/p><p> <\/p><\/div><div class=\"grid-txt-item\"><p class=\"has-medium-font-size fw-bold\">Rikete teatamine<\/p><p> <\/p><\/div><\/div><\/div>\n<\/div>\n\n<div class=\"ama-block block-portfolio is-compact is-style-simple\"><div class=\"block__header\"><h2>\u00dcle 10 000 hooldusspetsialisti hindab Alldevice&#039;i #1-ks<\/h2><\/div><div class=\"block__body\"><div class=\"portfolio-item\"><div class=\"item__logo\"><img loading=\"lazy\" decoding=\"async\" width=\"547\" height=\"547\" src=\"https:\/\/alldevice.com\/wp-content\/uploads\/2025\/05\/alexela_uus.png\" class=\"attachment-medium size-medium\" alt=\"\" srcset=\"https:\/\/alldevice.com\/wp-content\/uploads\/2025\/05\/alexela_uus.png 547w, https:\/\/alldevice.com\/wp-content\/uploads\/2025\/05\/alexela_uus-150x150.png 150w, https:\/\/alldevice.com\/wp-content\/uploads\/2025\/05\/alexela_uus-12x12.png 12w, https:\/\/alldevice.com\/wp-content\/uploads\/2025\/05\/alexela_uus-110x110.png 110w\" sizes=\"auto, (max-width: 547px) 100vw, 547px\" \/><\/div><\/div><div class=\"portfolio-item\"><div class=\"item__logo\"><img loading=\"lazy\" decoding=\"async\" width=\"810\" height=\"810\" src=\"https:\/\/alldevice.com\/wp-content\/uploads\/2025\/06\/neste-logol-810x810.png\" class=\"attachment-medium size-medium\" alt=\"\" srcset=\"https:\/\/alldevice.com\/wp-content\/uploads\/2025\/06\/neste-logol-810x810.png 810w, https:\/\/alldevice.com\/wp-content\/uploads\/2025\/06\/neste-logol-150x150.png 150w, https:\/\/alldevice.com\/wp-content\/uploads\/2025\/06\/neste-logol-12x12.png 12w, https:\/\/alldevice.com\/wp-content\/uploads\/2025\/06\/neste-logol-110x110.png 110w, https:\/\/alldevice.com\/wp-content\/uploads\/2025\/06\/neste-logol.png 1069w\" sizes=\"auto, (max-width: 810px) 100vw, 810px\" \/><\/div><\/div><div class=\"portfolio-item\"><div class=\"item__logo\"><img loading=\"lazy\" decoding=\"async\" width=\"719\" height=\"720\" src=\"https:\/\/alldevice.com\/wp-content\/uploads\/2026\/01\/Magnum_logo.png\" class=\"attachment-medium size-medium\" alt=\"\" srcset=\"https:\/\/alldevice.com\/wp-content\/uploads\/2026\/01\/Magnum_logo.png 719w, https:\/\/alldevice.com\/wp-content\/uploads\/2026\/01\/Magnum_logo-150x150.png 150w, https:\/\/alldevice.com\/wp-content\/uploads\/2026\/01\/Magnum_logo-12x12.png 12w, https:\/\/alldevice.com\/wp-content\/uploads\/2026\/01\/Magnum_logo-110x110.png 110w\" sizes=\"auto, (max-width: 719px) 100vw, 719px\" \/><\/div><\/div><div class=\"portfolio-item\"><div class=\"item__logo\"><img loading=\"lazy\" decoding=\"async\" width=\"431\" height=\"431\" src=\"https:\/\/alldevice.com\/wp-content\/uploads\/2025\/06\/aq.jpg\" class=\"attachment-medium size-medium\" alt=\"\" srcset=\"https:\/\/alldevice.com\/wp-content\/uploads\/2025\/06\/aq.jpg 431w, https:\/\/alldevice.com\/wp-content\/uploads\/2025\/06\/aq-150x150.jpg 150w, https:\/\/alldevice.com\/wp-content\/uploads\/2025\/06\/aq-12x12.jpg 12w, https:\/\/alldevice.com\/wp-content\/uploads\/2025\/06\/aq-110x110.jpg 110w\" sizes=\"auto, (max-width: 431px) 100vw, 431px\" \/><\/div><\/div><\/div><\/div>\n\n<div class=\"ama-block block-bgcolor has-p-def full-width\">\n<div class=\"ama-block block-txtmedia\"><div class=\"block__body\"><div class=\"body__content\">\n\n<h2 class=\"wp-block-heading wp-el\"><strong>Maksimeeri t\u00f6\u00f6aega<\/strong><\/h2>\n\n\n\n<p class=\"wp-el\" style=\"font-style:normal;font-weight:500\">Klientide rahulolu on tihedalt seotud seadmete t\u00f6\u00f6kindlusega. Tagades k\u00f5rge t\u00f6\u00f6aja ja minimeerides rikkeid t\u00f5husa hoolduse abil, saate j\u00e4rjepidevalt t\u00e4ita klientide ootusi.<\/p>\n\n\n\n<div class=\"wp-block-buttons is-layout-flex wp-block-buttons-is-layout-flex\">\n<div class=\"wp-block-button\"><a class=\"wp-block-button__link wp-element-button\" href=\"http:\/\/alldevice.com\/et\/contact\/\">K\u00fcsi demo!<\/a><\/div>\n<\/div>\n\n<\/div><div class=\"body__media\"><a href=\"https:\/\/alldevice.com\/wp-content\/uploads\/2025\/07\/1.jpg\" class=\"ari-fancybox\" data-fancybox=\"gallery_block_6268eeacd61ab2ca241dcf065b1cedb0\" data-caption=\"\"><img decoding=\"async\" class=\"zoom-target-img\" width=\"600\" height=\"400\" src=\"https:\/\/alldevice.com\/wp-content\/uploads\/bis-images\/706\/1-600x400-f50_50.jpg\" alt=\"1\" loading=\"lazy\" \/><\/a><\/div><\/div><\/div>\n<\/div>\n\n<div class=\"ama-block block-txtmedia reverse-order\"><div class=\"block__body\"><div class=\"body__content\">\n\n<h2 class=\"wp-block-heading wp-el\"><strong><strong>Planeeritud hooldus<\/strong><\/strong><\/h2>\n\n\n\n<p class=\"wp-el\" style=\"font-style:normal;font-weight:500\">Klientide rahulolu on tihedalt seotud seadmete t\u00f6\u00f6kindlusega. Tagades k\u00f5rge t\u00f6\u00f6aja ja minimeerides rikkeid t\u00f5husa hoolduse abil, saate j\u00e4rjepidevalt t\u00e4ita klientide ootusi.<\/p>\n\n\n\n<div class=\"wp-block-buttons is-layout-flex wp-block-buttons-is-layout-flex\">\n<div class=\"wp-block-button\"><a class=\"wp-block-button__link wp-element-button\" href=\"http:\/\/alldevice.com\/et\/contact\/\">K\u00fcsi pakkumist<\/a><\/div>\n<\/div>\n\n<\/div><div class=\"body__media\"><a href=\"https:\/\/alldevice.com\/wp-content\/uploads\/2025\/10\/TasksTypes.png\" class=\"ari-fancybox\" data-fancybox=\"gallery_block_a9175da415ad5ab74046a05fb961dcfa\" data-caption=\"\"><img decoding=\"async\" class=\"zoom-target-img\" width=\"600\" height=\"400\" src=\"https:\/\/alldevice.com\/wp-content\/uploads\/bis-images\/2050\/TasksTypes-600x400-f50_50.png\" alt=\"\u00dclesannete t\u00fc\u00fcbid\" loading=\"lazy\" \/><\/a><\/div><\/div><\/div>\n\n<div class=\"ama-block block-bgcolor has-p-def full-width\">\n<div class=\"ama-block block-txtmedia\"><div class=\"block__body\"><div class=\"body__content\">\n\n<h2 class=\"wp-block-heading wp-el\"><strong><strong>Varuosade haldus<\/strong><\/strong><\/h2>\n\n\n\n<p class=\"wp-el\" style=\"font-style:normal;font-weight:500\">Veenduge, et teil oleksid vajalikud varuosad \u00f5iges koguses kergesti k\u00e4ttesaadavad, kasutades ajaloolisi andmeid optimaalse laoseisu m\u00e4\u00e4ramiseks. See l\u00e4henemisviis aitab s\u00e4ilitada t\u00f5husust ja minimeerida seisakuid.<\/p>\n\n\n\n<div class=\"wp-block-buttons is-layout-flex wp-block-buttons-is-layout-flex\">\n<div class=\"wp-block-button\"><a class=\"wp-block-button__link wp-element-button\" href=\"http:\/\/alldevice.com\/et\/contact\/\">K\u00fcsi demo!<\/a><\/div>\n<\/div>\n\n<\/div><div class=\"body__media\"><a href=\"https:\/\/alldevice.com\/wp-content\/uploads\/2025\/10\/SparesBelow.png\" class=\"ari-fancybox\" data-fancybox=\"gallery_block_8933a3e83547425dcaef95b70841c8e5\" data-caption=\"\"><img decoding=\"async\" class=\"zoom-target-img\" width=\"600\" height=\"400\" src=\"https:\/\/alldevice.com\/wp-content\/uploads\/bis-images\/2045\/SparesBelow-600x400-f50_50.png\" alt=\"Varuosad allpool\" loading=\"lazy\" \/><\/a><\/div><\/div><\/div>\n<\/div>\n\n<div class=\"ama-block block-txtmedia reverse-order\"><div class=\"block__body\"><div class=\"body__content\">\n\n<h2 class=\"wp-block-heading wp-el\"><strong><strong>Rikete teatamine<\/strong><\/strong><\/h2>\n\n\n\n<p class=\"wp-el\" style=\"font-style:normal;font-weight:500\">J\u00e4\u00e4dvustage ja lahendage rikkeid t\u00f5husalt meie tervikliku aruandluss\u00fcsteemi abil, mis on loodud kiireks reageerimiseks. Kasutage NFC-d, QR-koode v\u00f5i veebivorme, et koheselt salvestada ja esitada \u00fcksikasjalikku teavet juhtumite kohta, tagades kiire tegutsemise ja lahenduse.<\/p>\n\n\n\n<div class=\"wp-block-buttons is-layout-flex wp-block-buttons-is-layout-flex\">\n<div class=\"wp-block-button\"><a class=\"wp-block-button__link wp-element-button\" href=\"http:\/\/alldevice.com\/et\/contact\/\">K\u00fcsi pakkumist<\/a><\/div>\n<\/div>\n\n<\/div><div class=\"body__media\"><a href=\"https:\/\/alldevice.com\/wp-content\/uploads\/2025\/08\/Screenshot-2025-08-14-at-13.09.35.jpg\" class=\"ari-fancybox\" data-fancybox=\"gallery_block_9adbbe5af75dc2b21ef55bc79a046327\" data-caption=\"\"><img decoding=\"async\" class=\"zoom-target-img\" width=\"600\" height=\"400\" src=\"https:\/\/alldevice.com\/wp-content\/uploads\/bis-images\/1571\/Screenshot-2025-08-14-at-13.09.35-600x400-f50_50.jpg\" alt=\"Ekraanipilt\" loading=\"lazy\" \/><\/a><\/div><\/div><\/div>\n\n<div class=\"ama-block block-bgcolor has-p-def has-stencil stencil-right stencil-top full-width\">\n<div class=\"ama-block block-faqs\"><div class=\"block__header text-center\"><h2>Kommunaalteenuste haldamise KKK<\/h2><\/div><div class=\"block__body\"><div class=\"body__content accordion\" id=\"accordion-block_8075b5f63418c14902b4fe6507dcecd8\"><div class=\"accordion-item\" itemscope=\"\" itemprop=\"mainEntity\" itemtype=\"https:\/\/schema.org\/Question\"><h3 class=\"accordion-button collapsed\" data-bs-toggle=\"collapse\" data-bs-target=\"#collapse-block_8075b5f63418c14902b4fe6507dcecd81624\" aria-expanded=\"false\" aria-controls=\"collapse-block_8075b5f63418c14902b4fe6507dcecd81624\"><span class=\"d-block\" itemprop=\"name\">Kas teie CMMS-t\u00f6\u00f6riist optimeerib veevarude haldamist?<\/span><span class=\"d-flex\"><svg xmlns=\"http:\/\/www.w3.org\/2000\/svg\" width=\"24.225\" height=\"15.613\" viewbox=\"0 0 24.225 15.613\"><path d=\"M564.2,42.728l10,12,10-12\" transform=\"translate(-562.088 -40.615)\" fill=\"none\" stroke=\"currentColor\" stroke-linecap=\"round\" stroke-linejoin=\"round\" stroke-width=\"3\"\/><\/svg><\/span><\/h3><div id=\"collapse-block_8075b5f63418c14902b4fe6507dcecd81624\" class=\"accordion-collapse collapse\" data-bs-parent=\"#accordion-block_8075b5f63418c14902b4fe6507dcecd8\" itemscope=\"\" itemprop=\"acceptedAnswer\" itemtype=\"https:\/\/schema.org\/Answer\"><div class=\"accordion-body classic-editor\" itemprop=\"text\"><p><span style=\"font-weight: 400;\">Jah, meie hooldusautomaatika lahendus aitab optimeerida ka veevarade haldamist. Alldevice&#039;i abil saavad veevarade hooldusmeeskonnad automatiseerida remondi- ja hooldust\u00f6id, teha rikkeanal\u00fc\u00fcse ja j\u00e4lgida veeinfrastruktuuri toimivust. Meie kommunaalteenuste haldustarkvara aitab pikendada varade eluts\u00fcklit, v\u00e4hendada avariiremonti ja s\u00e4ilitada vastavust veemajandusstandarditele.<\/span><\/p>\n<\/div><\/div><\/div><div class=\"accordion-item\" itemscope=\"\" itemprop=\"mainEntity\" itemtype=\"https:\/\/schema.org\/Question\"><h3 class=\"accordion-button collapsed\" data-bs-toggle=\"collapse\" data-bs-target=\"#collapse-block_8075b5f63418c14902b4fe6507dcecd81622\" aria-expanded=\"false\" aria-controls=\"collapse-block_8075b5f63418c14902b4fe6507dcecd81622\"><span class=\"d-block\" itemprop=\"name\">Kui palju maksab teie kommunaalteenuste haldustarkvara?<\/span><span class=\"d-flex\"><svg xmlns=\"http:\/\/www.w3.org\/2000\/svg\" width=\"24.225\" height=\"15.613\" viewbox=\"0 0 24.225 15.613\"><path d=\"M564.2,42.728l10,12,10-12\" transform=\"translate(-562.088 -40.615)\" fill=\"none\" stroke=\"currentColor\" stroke-linecap=\"round\" stroke-linejoin=\"round\" stroke-width=\"3\"\/><\/svg><\/span><\/h3><div id=\"collapse-block_8075b5f63418c14902b4fe6507dcecd81622\" class=\"accordion-collapse collapse\" data-bs-parent=\"#accordion-block_8075b5f63418c14902b4fe6507dcecd8\" itemscope=\"\" itemprop=\"acceptedAnswer\" itemtype=\"https:\/\/schema.org\/Answer\"><div class=\"accordion-body classic-editor\" itemprop=\"text\"><p><span style=\"font-weight: 400;\">Alldevice on konkurentsiv\u00f5imelise hinnaga kommunaalteenuste haldustarkvara. Meie skaleeritavad lahendused v\u00f5imaldavad igas suuruses ettev\u00f5tetel automatiseerida kommunaalteenuste varade hooldust, v\u00e4hendades seisakuid ja pikendades varade eluiga. K\u00f5ik paketid sisaldavad t\u00e4ielikku funktsionaalsust ilma varjatud kuludeta. Meie soodsaim pakett algab 200 eurost kuus 5 kasutaja jaoks, samas kui meie k\u00f5ige kallim pakett maksab 1250 eurot kuus ja toetab piiramatut kasutajate arvu. V\u00f5tke meiega \u00fchendust, et saada teie vajadustele vastav pakkumine. Meil on kohalikud tugimeeskonnad suuremates Euroopa riikides, sealhulgas Prantsusmaal, \u00dchendkuningriigis, Saksamaal ja Poolas, kes on valmis teid abistama.<\/span><\/p>\n<\/div><\/div><\/div><div class=\"accordion-item\" itemscope=\"\" itemprop=\"mainEntity\" itemtype=\"https:\/\/schema.org\/Question\"><h3 class=\"accordion-button collapsed\" data-bs-toggle=\"collapse\" data-bs-target=\"#collapse-block_8075b5f63418c14902b4fe6507dcecd81620\" aria-expanded=\"false\" aria-controls=\"collapse-block_8075b5f63418c14902b4fe6507dcecd81620\"><span class=\"d-block\" itemprop=\"name\">Mis on kommunaalteenuste halduss\u00fcsteem?<\/span><span class=\"d-flex\"><svg xmlns=\"http:\/\/www.w3.org\/2000\/svg\" width=\"24.225\" height=\"15.613\" viewbox=\"0 0 24.225 15.613\"><path d=\"M564.2,42.728l10,12,10-12\" transform=\"translate(-562.088 -40.615)\" fill=\"none\" stroke=\"currentColor\" stroke-linecap=\"round\" stroke-linejoin=\"round\" stroke-width=\"3\"\/><\/svg><\/span><\/h3><div id=\"collapse-block_8075b5f63418c14902b4fe6507dcecd81620\" class=\"accordion-collapse collapse\" data-bs-parent=\"#accordion-block_8075b5f63418c14902b4fe6507dcecd8\" itemscope=\"\" itemprop=\"acceptedAnswer\" itemtype=\"https:\/\/schema.org\/Answer\"><div class=\"accordion-body classic-editor\" itemprop=\"text\"><p><span style=\"font-weight: 400;\">Kommunaalteenuste halduss\u00fcsteem on s\u00fcsteem, mida kasutatakse veemajandusvarade j\u00e4lgimiseks, hoolduse ja remondi ajastamiseks ning t\u00f6\u00f6korralduste haldamiseks. Alldevice&#039;i CMMS on t\u00e4isfunktsionaalne kommunaalteenuste valdkonna tarkvara. T\u00e4nu suurele salvestusandmebaasile on Alldevice tsentraliseeritud allikas seadmete j\u00f5udluse, hooldusajaloo ja varuosade inventuuri kohta. Meie mobiilne CMMS v\u00f5imaldab hooldusmeeskondadel varasid reaalajas hallata, muutes kommunaalteenuste ettev\u00f5tete varade haldamise t\u00f5husamaks.<\/span><\/p>\n<\/div><\/div><\/div><div class=\"accordion-item\" itemscope=\"\" itemprop=\"mainEntity\" itemtype=\"https:\/\/schema.org\/Question\"><h3 class=\"accordion-button collapsed\" data-bs-toggle=\"collapse\" data-bs-target=\"#collapse-block_8075b5f63418c14902b4fe6507dcecd81618\" aria-expanded=\"false\" aria-controls=\"collapse-block_8075b5f63418c14902b4fe6507dcecd81618\"><span class=\"d-block\" itemprop=\"name\">Mis on automatiseerimine elektri- v\u00f5i veet\u00f6\u00f6stuses?<\/span><span class=\"d-flex\"><svg xmlns=\"http:\/\/www.w3.org\/2000\/svg\" width=\"24.225\" height=\"15.613\" viewbox=\"0 0 24.225 15.613\"><path d=\"M564.2,42.728l10,12,10-12\" transform=\"translate(-562.088 -40.615)\" fill=\"none\" stroke=\"currentColor\" stroke-linecap=\"round\" stroke-linejoin=\"round\" stroke-width=\"3\"\/><\/svg><\/span><\/h3><div id=\"collapse-block_8075b5f63418c14902b4fe6507dcecd81618\" class=\"accordion-collapse collapse\" data-bs-parent=\"#accordion-block_8075b5f63418c14902b4fe6507dcecd8\" itemscope=\"\" itemprop=\"acceptedAnswer\" itemtype=\"https:\/\/schema.org\/Answer\"><div class=\"accordion-body classic-editor\" itemprop=\"text\"><p><span style=\"font-weight: 400;\">Vee- ja elektrisektori automatiseerimine h\u00f5lmab selliste t\u00f6\u00f6riistade nagu Alldevice kasutamist toimingute sujuvamaks muutmiseks, s\u00fcsteemi j\u00f5udluse j\u00e4lgimiseks ja hooldustegevuste automatiseerimiseks. Meie tarkvara v\u00f5imaldab hooldusmeeskondadel planeerida ennetavat hooldust, luua ja hallata t\u00f6\u00f6k\u00e4ske ning saada juurdep\u00e4\u00e4su reaalajas seadmete oleku v\u00e4rskendustele. Alldevice v\u00f5imaldab kasutajatel j\u00e4lgida ka seadmete j\u00f5udlust ja m\u00e4\u00e4rata vajalikku hooldust kommunaalteenuste infrastruktuurile. <\/span><\/p>\n<\/div><\/div><\/div><div class=\"accordion-item\" itemscope=\"\" itemprop=\"mainEntity\" itemtype=\"https:\/\/schema.org\/Question\"><h3 class=\"accordion-button collapsed\" data-bs-toggle=\"collapse\" data-bs-target=\"#collapse-block_8075b5f63418c14902b4fe6507dcecd81616\" aria-expanded=\"false\" aria-controls=\"collapse-block_8075b5f63418c14902b4fe6507dcecd81616\"><span class=\"d-block\" itemprop=\"name\">Milline on parim tarkvara kommunaalteenuste haldamiseks?<\/span><span class=\"d-flex\"><svg xmlns=\"http:\/\/www.w3.org\/2000\/svg\" width=\"24.225\" height=\"15.613\" viewbox=\"0 0 24.225 15.613\"><path d=\"M564.2,42.728l10,12,10-12\" transform=\"translate(-562.088 -40.615)\" fill=\"none\" stroke=\"currentColor\" stroke-linecap=\"round\" stroke-linejoin=\"round\" stroke-width=\"3\"\/><\/svg><\/span><\/h3><div id=\"collapse-block_8075b5f63418c14902b4fe6507dcecd81616\" class=\"accordion-collapse collapse\" data-bs-parent=\"#accordion-block_8075b5f63418c14902b4fe6507dcecd8\" itemscope=\"\" itemprop=\"acceptedAnswer\" itemtype=\"https:\/\/schema.org\/Answer\"><div class=\"accordion-body classic-editor\" itemprop=\"text\"><p><span style=\"font-weight: 400;\">Alldevice on eelistatud CMMS kommunaalteenuste haldusettev\u00f5tete seas paljudes EL-i riikides, sealhulgas Eestis, L\u00e4tis, Leedus ja Soomes. Meie tarkvaral on lihtne ja h\u00f5lpsasti kasutatav liides, ulatuslikud hooldusfunktsioonid ning mobiilne ligip\u00e4\u00e4setavus reaalajas hoolduse automatiseerimiseks. Alldevice pakub hoolduse ja remondi automatiseerimist, seadmete \u00fcksikasjalikku j\u00e4lgimist ja rikete anal\u00fc\u00fcsi.<\/span><\/p>\n<\/div><\/div><\/div><div class=\"accordion-item\" itemscope=\"\" itemprop=\"mainEntity\" itemtype=\"https:\/\/schema.org\/Question\"><h3 class=\"accordion-button collapsed\" data-bs-toggle=\"collapse\" data-bs-target=\"#collapse-block_8075b5f63418c14902b4fe6507dcecd81614\" aria-expanded=\"false\" aria-controls=\"collapse-block_8075b5f63418c14902b4fe6507dcecd81614\"><span class=\"d-block\" itemprop=\"name\">Milline on varade haldamise roll vee-ettev\u00f5tete planeerimisel?<\/span><span class=\"d-flex\"><svg xmlns=\"http:\/\/www.w3.org\/2000\/svg\" width=\"24.225\" height=\"15.613\" viewbox=\"0 0 24.225 15.613\"><path d=\"M564.2,42.728l10,12,10-12\" transform=\"translate(-562.088 -40.615)\" fill=\"none\" stroke=\"currentColor\" stroke-linecap=\"round\" stroke-linejoin=\"round\" stroke-width=\"3\"\/><\/svg><\/span><\/h3><div id=\"collapse-block_8075b5f63418c14902b4fe6507dcecd81614\" class=\"accordion-collapse collapse\" data-bs-parent=\"#accordion-block_8075b5f63418c14902b4fe6507dcecd8\" itemscope=\"\" itemprop=\"acceptedAnswer\" itemtype=\"https:\/\/schema.org\/Answer\"><div class=\"accordion-body classic-editor\" itemprop=\"text\"><p><span style=\"font-weight: 400;\">Kasutades varade haldamiseks selliseid t\u00f6\u00f6riistu nagu Alldevice, saavad kommunaalettev\u00f5tted \u00fcksikasjalikku teavet, mis aitab planeerimist. N\u00e4iteks saab Alldevice&#039;i kasutada veemajandusseadmete j\u00f5udluse j\u00e4lgimiseks, hooldusvajaduste prognoosimiseks ja varuosade eraldamiseks remondiks. See aitab varade haldamisel ja kommunaalteenuste planeerimisel, tagab varade t\u00f6\u00f6kindluse ja pikendab infrastruktuuri eluiga.<\/span><\/p>\n<\/div><\/div><\/div><div class=\"accordion-item\" itemscope=\"\" itemprop=\"mainEntity\" itemtype=\"https:\/\/schema.org\/Question\"><h3 class=\"accordion-button collapsed\" data-bs-toggle=\"collapse\" data-bs-target=\"#collapse-block_8075b5f63418c14902b4fe6507dcecd81612\" aria-expanded=\"false\" aria-controls=\"collapse-block_8075b5f63418c14902b4fe6507dcecd81612\"><span class=\"d-block\" itemprop=\"name\">Kas teie CMMS automatiseerib nafta- ja gaasit\u00f6\u00f6stuse hooldust?<\/span><span class=\"d-flex\"><svg xmlns=\"http:\/\/www.w3.org\/2000\/svg\" width=\"24.225\" height=\"15.613\" viewbox=\"0 0 24.225 15.613\"><path d=\"M564.2,42.728l10,12,10-12\" transform=\"translate(-562.088 -40.615)\" fill=\"none\" stroke=\"currentColor\" stroke-linecap=\"round\" stroke-linejoin=\"round\" stroke-width=\"3\"\/><\/svg><\/span><\/h3><div id=\"collapse-block_8075b5f63418c14902b4fe6507dcecd81612\" class=\"accordion-collapse collapse\" data-bs-parent=\"#accordion-block_8075b5f63418c14902b4fe6507dcecd8\" itemscope=\"\" itemprop=\"acceptedAnswer\" itemtype=\"https:\/\/schema.org\/Answer\"><div class=\"accordion-body classic-editor\" itemprop=\"text\"><p><span style=\"font-weight: 400;\">Jah, Alldevice&#039;i CMMS-tarkvara saab kasutada nafta- ja gaasivarade haldamise automatiseerimiseks. N\u00e4iteks saavad nafta- ja gaasiettev\u00f5tted Alldevice&#039;i abil automatiseerida pumpade, kompressorite ja separaatorite hooldusgraafikut. Hooldusmeeskonnad saavad Alldevice&#039;i abil luua ja hallata ka nafta- ja gaasiseadmete remondi t\u00f6\u00f6korraldusi. Alldevice toetab ka nafta- ja gaasivarade haldamist seadmete \u00fcksikasjaliku j\u00e4lgimise, hooldusajaloo dokumenteerimise ja rikete anal\u00fc\u00fcsi kaudu.<\/span><\/p>\n<\/div><\/div><\/div><\/div><\/div><\/div>\n<\/div>\n\n<div class=\"ama-block block-related\"><div class=\"block__header w-btn\"><h2>Blogi<\/h2><div class=\"wp-block-button is-style-read-more\"><a href=\"https:\/\/alldevice.com\/et\/resources\/\" class=\"wp-block-button__link\">Loe meie blogi<\/a><\/div><\/div><div class=\"block__body\"><a href=\"https:\/\/alldevice.com\/et\/case-studies\/utilitas\/\" class=\"post-item\"><div class=\"item__thumb\"><img decoding=\"async\" width=\"350\" height=\"180\" src=\"https:\/\/alldevice.com\/wp-content\/uploads\/bis-images\/3415\/utilitas3-1-350x180-f50_50.png\" class=\"attachment-350x180\" alt=\"utilitas3\" loading=\"lazy\" \/><div class=\"post--tags\"><span>Kliendilood<\/span><\/div><\/div><div class=\"item__content\"><p class=\"is-title\">T\u00f5hustades Utilitase kaugk\u00fctte hooldusprotsesse<\/p><p>Uue tarkvaralahenduse kasutuselev\u00f5tt on osa laiemast eesm\u00e4rgist hoida meie tehnoloogiline v\u00f5imekus ajakohasena ning rakendada uuenduslikke ja t\u00f6\u00f6kindlaid digilahendusi.<\/p>\n<\/div><div class=\"item__end wp-block-button is-style-read-more\"><span class=\"wp-block-button__link\">Loe edasi<\/span><\/div><\/a><a href=\"https:\/\/alldevice.com\/et\/case-studies\/e-piim\/\" class=\"post-item\"><div class=\"item__thumb\"><img decoding=\"async\" width=\"350\" height=\"180\" src=\"https:\/\/alldevice.com\/wp-content\/uploads\/bis-images\/3033\/E-Piim-24-350x180-f50_50.jpg\" class=\"attachment-350x180\" alt=\"E-Piim-24\" loading=\"lazy\" \/><div class=\"post--tags\"><span>Kliendilood<\/span><\/div><\/div><div class=\"item__content\"><p class=\"is-title\">Kuidas Epiim hoolduse p\u00e4riselt t\u00f6\u00f6le pani<\/p><p>Kui Epiim 2023. aastal oma uue tehase k\u00e4ivitas, otsustati ellu viia ka \u00fcks varaseid p\u00f5him\u00f5ttelisi otsuseid: kogu tehase hooldus peab olema digitaalselt juhitud, auditeeritav ja igap\u00e4evat\u00f6\u00f6s mugav kasutada.<\/p>\n<\/div><div class=\"item__end wp-block-button is-style-read-more\"><span class=\"wp-block-button__link\">Loe edasi<\/span><\/div><\/a><a href=\"https:\/\/alldevice.com\/et\/blog\/work-hour-based-maintenance-globalreader-alldevice\/\" class=\"post-item is-compact\"><div class=\"item__thumb\"><img decoding=\"async\" width=\"100\" height=\"100\" src=\"https:\/\/alldevice.com\/wp-content\/uploads\/bis-images\/1155\/Group-1000000898-100x100-f50_50.png\" class=\"attachment-100x100\" alt=\"Group 1000000898\" loading=\"lazy\" \/><\/div><div class=\"item__content\"><p class=\"is-title\">T\u00f6\u00f6tunnip\u00f5hine hooldus \u2013 GlobalReader ja Alldevice<\/p><\/div><\/a><a href=\"https:\/\/alldevice.com\/et\/blog\/iso-cert\/\" class=\"post-item is-compact\"><div class=\"item__thumb\"><img decoding=\"async\" width=\"100\" height=\"100\" src=\"https:\/\/alldevice.com\/wp-content\/uploads\/bis-images\/3020\/BVCER_withoutQR-ISO-27001-100x100-f47_32.png\" class=\"attachment-100x100\" alt=\"ISO 27001 certified\" loading=\"lazy\" \/><\/div><div class=\"item__content\"><p class=\"is-title\">Alldevice O\u00dc-le omistati ISO 27001:2022 sertifikaat<\/p><\/div><\/a><a href=\"https:\/\/alldevice.com\/et\/case-studies\/port-of-tallinn\/\" class=\"post-item is-compact\"><div class=\"item__thumb\"><img decoding=\"async\" width=\"100\" height=\"100\" src=\"https:\/\/alldevice.com\/wp-content\/uploads\/bis-images\/833\/Header_Case-Study_Port-of-Tallinn-100x100-f50_50.png\" class=\"attachment-100x100\" alt=\"P\u00e4is_Juhtumiuuring_Tallinna sadam\" loading=\"lazy\" \/><\/div><div class=\"item__content\"><p class=\"is-title\">Segadusest kontrolli alla saamiseni Tallinna sadamas<\/p><\/div><\/a><\/div><\/div>\n\n\n<p class=\"wp-el\"><\/p>","protected":false},"excerpt":{"rendered":"","protected":false},"author":2,"featured_media":0,"parent":254,"menu_order":0,"comment_status":"closed","ping_status":"closed","template":"","meta":{"_acf_changed":false,"inline_featured_image":false,"footnotes":""},"class_list":["post-1665","page","type-page","status-publish","hentry"],"acf":[],"_links":{"self":[{"href":"https:\/\/alldevice.com\/et\/wp-json\/wp\/v2\/pages\/1665","targetHints":{"allow":["GET"]}}],"collection":[{"href":"https:\/\/alldevice.com\/et\/wp-json\/wp\/v2\/pages"}],"about":[{"href":"https:\/\/alldevice.com\/et\/wp-json\/wp\/v2\/types\/page"}],"author":[{"embeddable":true,"href":"https:\/\/alldevice.com\/et\/wp-json\/wp\/v2\/users\/2"}],"replies":[{"embeddable":true,"href":"https:\/\/alldevice.com\/et\/wp-json\/wp\/v2\/comments?post=1665"}],"version-history":[{"count":11,"href":"https:\/\/alldevice.com\/et\/wp-json\/wp\/v2\/pages\/1665\/revisions"}],"predecessor-version":[{"id":2311,"href":"https:\/\/alldevice.com\/et\/wp-json\/wp\/v2\/pages\/1665\/revisions\/2311"}],"up":[{"embeddable":true,"href":"https:\/\/alldevice.com\/et\/wp-json\/wp\/v2\/pages\/254"}],"wp:attachment":[{"href":"https:\/\/alldevice.com\/et\/wp-json\/wp\/v2\/media?parent=1665"}],"curies":[{"name":"wp","href":"https:\/\/api.w.org\/{rel}","templated":true}]}}