{"id":1662,"date":"2025-08-18T12:50:44","date_gmt":"2025-08-18T12:50:44","guid":{"rendered":"https:\/\/alldevice.com\/?page_id=1662"},"modified":"2025-11-17T10:52:13","modified_gmt":"2025-11-17T08:52:13","slug":"recycling-waste","status":"publish","type":"page","link":"https:\/\/alldevice.com\/et\/industries\/recycling-waste\/","title":{"rendered":"Ringlussev\u00f5tu ja j\u00e4\u00e4tmek\u00e4itluse tarkvara"},"content":{"rendered":"<div class=\"ama-block block-bgcolor has-p-def has-stencil stencil-right stencil-top full-width\">\n<div class=\"ama-block block-grid-txt is-style-header-side\"><div class=\"block__header\"><p class=\"has-semi-huge-font-size\">Ringlussev\u00f5tu ja j\u00e4\u00e4tmek\u00e4itluse tarkvara<\/p><\/div><div class=\"block__body\"><div class=\"grid-txt-item\"><p class=\"has-medium-font-size fw-bold\">Dokumentatsioon ja j\u00e4lgitavus<\/p><p> <\/p><\/div><div class=\"grid-txt-item\"><p class=\"has-medium-font-size fw-bold\">Ennustav ja ennetav hooldus<\/p><p> <\/p><\/div><div class=\"grid-txt-item\"><p class=\"has-medium-font-size fw-bold\">Dokumentatsioon ja t\u00e4iustused<\/p><p> <\/p><\/div><div class=\"grid-txt-item\"><p class=\"has-medium-font-size fw-bold\">Pikendatud seadmete eluiga<\/p><p> <\/p><\/div><\/div><\/div>\n<\/div>\n\n<div class=\"ama-block block-portfolio is-compact is-style-simple\"><div class=\"block__header\"><h2>\u00dcle 10 000 hooldusspetsialisti hindab Alldevice&#039;i #1-ks<\/h2><\/div><div class=\"block__body\"><div class=\"portfolio-item\"><div class=\"item__logo\"><img loading=\"lazy\" decoding=\"async\" width=\"547\" height=\"547\" src=\"https:\/\/alldevice.com\/wp-content\/uploads\/2025\/05\/alexela_uus.png\" class=\"attachment-medium size-medium\" alt=\"\" srcset=\"https:\/\/alldevice.com\/wp-content\/uploads\/2025\/05\/alexela_uus.png 547w, https:\/\/alldevice.com\/wp-content\/uploads\/2025\/05\/alexela_uus-150x150.png 150w, https:\/\/alldevice.com\/wp-content\/uploads\/2025\/05\/alexela_uus-12x12.png 12w, https:\/\/alldevice.com\/wp-content\/uploads\/2025\/05\/alexela_uus-110x110.png 110w\" sizes=\"auto, (max-width: 547px) 100vw, 547px\" \/><\/div><\/div><div class=\"portfolio-item\"><div class=\"item__logo\"><img loading=\"lazy\" decoding=\"async\" width=\"810\" height=\"810\" src=\"https:\/\/alldevice.com\/wp-content\/uploads\/2025\/06\/neste-logol-810x810.png\" class=\"attachment-medium size-medium\" alt=\"\" srcset=\"https:\/\/alldevice.com\/wp-content\/uploads\/2025\/06\/neste-logol-810x810.png 810w, https:\/\/alldevice.com\/wp-content\/uploads\/2025\/06\/neste-logol-150x150.png 150w, https:\/\/alldevice.com\/wp-content\/uploads\/2025\/06\/neste-logol-12x12.png 12w, https:\/\/alldevice.com\/wp-content\/uploads\/2025\/06\/neste-logol-110x110.png 110w, https:\/\/alldevice.com\/wp-content\/uploads\/2025\/06\/neste-logol.png 1069w\" sizes=\"auto, (max-width: 810px) 100vw, 810px\" \/><\/div><\/div><div class=\"portfolio-item\"><div class=\"item__logo\"><img loading=\"lazy\" decoding=\"async\" width=\"719\" height=\"720\" src=\"https:\/\/alldevice.com\/wp-content\/uploads\/2026\/01\/Magnum_logo.png\" class=\"attachment-medium size-medium\" alt=\"\" srcset=\"https:\/\/alldevice.com\/wp-content\/uploads\/2026\/01\/Magnum_logo.png 719w, https:\/\/alldevice.com\/wp-content\/uploads\/2026\/01\/Magnum_logo-150x150.png 150w, https:\/\/alldevice.com\/wp-content\/uploads\/2026\/01\/Magnum_logo-12x12.png 12w, https:\/\/alldevice.com\/wp-content\/uploads\/2026\/01\/Magnum_logo-110x110.png 110w\" sizes=\"auto, (max-width: 719px) 100vw, 719px\" \/><\/div><\/div><div class=\"portfolio-item\"><div class=\"item__logo\"><img loading=\"lazy\" decoding=\"async\" width=\"431\" height=\"431\" src=\"https:\/\/alldevice.com\/wp-content\/uploads\/2025\/06\/aq.jpg\" class=\"attachment-medium size-medium\" alt=\"\" srcset=\"https:\/\/alldevice.com\/wp-content\/uploads\/2025\/06\/aq.jpg 431w, https:\/\/alldevice.com\/wp-content\/uploads\/2025\/06\/aq-150x150.jpg 150w, https:\/\/alldevice.com\/wp-content\/uploads\/2025\/06\/aq-12x12.jpg 12w, https:\/\/alldevice.com\/wp-content\/uploads\/2025\/06\/aq-110x110.jpg 110w\" sizes=\"auto, (max-width: 431px) 100vw, 431px\" \/><\/div><\/div><\/div><\/div>\n\n<div class=\"ama-block block-bgcolor has-p-def full-width\">\n<div class=\"ama-block block-txtmedia\"><div class=\"block__body\"><div class=\"body__content\">\n\n<h2 class=\"wp-block-heading wp-el\"><strong>Dokumentatsioon ja j\u00e4lgitavus<\/strong><\/h2>\n\n\n\n<p class=\"wp-el\" style=\"font-style:normal;font-weight:500\">Tagada l\u00e4bipaistvus ja vastavus tervise- ja ohutusstandarditele, pidades t\u00e4pset arvestust k\u00f5igi hooldustegevuste ja seadmete seisukorra \u00fcle. See tava mitte ainult ei toeta ohutusprotokolle, vaid suurendab ka tegevuse t\u00f5husust ja vastutust k\u00f5igis protsessides.<\/p>\n\n\n\n<div class=\"wp-block-buttons is-layout-flex wp-block-buttons-is-layout-flex\">\n<div class=\"wp-block-button\"><a class=\"wp-block-button__link wp-element-button\" href=\"http:\/\/alldevice.com\/et\/contact\/\">K\u00fcsi demo!<\/a><\/div>\n<\/div>\n\n<\/div><div class=\"body__media\"><a href=\"https:\/\/alldevice.com\/wp-content\/uploads\/2025\/08\/3_2.png\" class=\"ari-fancybox\" data-fancybox=\"gallery_block_224e30cd97bfcf86126cc656a2c67533\" data-caption=\"\"><img decoding=\"async\" class=\"zoom-target-img\" width=\"600\" height=\"400\" src=\"https:\/\/alldevice.com\/wp-content\/uploads\/bis-images\/1539\/3_2-600x400-f50_50.png\" alt=\"3_2\" loading=\"lazy\" \/><\/a><\/div><\/div><\/div>\n<\/div>\n\n<div class=\"ama-block block-txtmedia reverse-order\"><div class=\"block__body\"><div class=\"body__content\">\n\n<h2 class=\"wp-block-heading wp-el\"><strong><strong>Ennustav ja ennetav hooldus<\/strong><\/strong><\/h2>\n\n\n\n<p class=\"wp-el\" style=\"font-style:normal;font-weight:500\">Optimeerige hooldust, koostades ajakava aja v\u00f5i kasutuse p\u00f5hjal, tagades, et \u00fclesandeid t\u00e4idetakse ainult siis, kui see on vajalik. See l\u00e4henemisviis v\u00e4hendab kulusid ja parandab k\u00e4ttesaadavust, hoides tegevuse t\u00f5husa ja usaldusv\u00e4\u00e4rsena.<\/p>\n\n\n\n<div class=\"wp-block-buttons is-layout-flex wp-block-buttons-is-layout-flex\">\n<div class=\"wp-block-button\"><a class=\"wp-block-button__link wp-element-button\" href=\"http:\/\/alldevice.com\/et\/contact\/\">K\u00fcsi pakkumist<\/a><\/div>\n<\/div>\n\n<\/div><div class=\"body__media\"><a href=\"https:\/\/alldevice.com\/wp-content\/uploads\/2025\/10\/TasksTypes.png\" class=\"ari-fancybox\" data-fancybox=\"gallery_block_79b11d7ae1ad574c0c2764a8d312bf22\" data-caption=\"\"><img decoding=\"async\" class=\"zoom-target-img\" width=\"600\" height=\"400\" src=\"https:\/\/alldevice.com\/wp-content\/uploads\/bis-images\/2050\/TasksTypes-600x400-f50_50.png\" alt=\"\u00dclesannete t\u00fc\u00fcbid\" loading=\"lazy\" \/><\/a><\/div><\/div><\/div>\n\n<div class=\"ama-block block-bgcolor has-p-def full-width\">\n<div class=\"ama-block block-txtmedia\"><div class=\"block__body\"><div class=\"body__content\">\n\n<h2 class=\"wp-block-heading wp-el\"><strong><strong>Dokumentatsioon ja t\u00e4iustused<\/strong><\/strong><\/h2>\n\n\n\n<p class=\"wp-el\" style=\"font-style:normal;font-weight:500\">T\u00e4iustage oma hooldusprotsesse l\u00e4bin\u00e4gelike andmete ja aruandlust\u00f6\u00f6riistade abil. Kasutades \u00e4ra selliseid olulisi m\u00f5\u00f5dikuid nagu keskmine riketevaheline aeg (MTBF) ja keskmine remondiaeg (MTTR), saate oma hooldusstrateegiaid pidevalt optimeerida ja t\u00e4iustada, et parandada t\u00f5husust ja t\u00f6\u00f6kindlust.<\/p>\n\n\n\n<div class=\"wp-block-buttons is-layout-flex wp-block-buttons-is-layout-flex\">\n<div class=\"wp-block-button\"><a class=\"wp-block-button__link wp-element-button\" href=\"http:\/\/alldevice.com\/et\/contact\/\">K\u00fcsi demo!<\/a><\/div>\n<\/div>\n\n<\/div><div class=\"body__media\"><a href=\"https:\/\/alldevice.com\/wp-content\/uploads\/2025\/08\/3_1.png\" class=\"ari-fancybox\" data-fancybox=\"gallery_block_77aa4b0d70c0f78f221a3e70b8d9aae5\" data-caption=\"\"><img decoding=\"async\" class=\"zoom-target-img\" width=\"600\" height=\"400\" src=\"https:\/\/alldevice.com\/wp-content\/uploads\/bis-images\/1538\/3_1-600x400-f50_50.png\" alt=\"3_1\" loading=\"lazy\" \/><\/a><\/div><\/div><\/div>\n<\/div>\n\n<div class=\"ama-block block-txtmedia reverse-order\"><div class=\"block__body\"><div class=\"body__content\">\n\n<h2 class=\"wp-block-heading wp-el\"><strong><strong>Pikendatud seadmete eluiga<\/strong><\/strong><\/h2>\n\n\n\n<p class=\"wp-el\" style=\"font-style:normal;font-weight:500\">Regulaarne hooldus on oluline masinate eluea pikendamiseks, kaitstes nendesse varadesse tehtud olulisi investeeringuid.<\/p>\n\n\n\n<div class=\"wp-block-buttons is-layout-flex wp-block-buttons-is-layout-flex\">\n<div class=\"wp-block-button\"><a class=\"wp-block-button__link wp-element-button\" href=\"http:\/\/alldevice.com\/et\/contact\/\">K\u00fcsi pakkumist<\/a><\/div>\n<\/div>\n\n<\/div><div class=\"body__media\"><a href=\"https:\/\/alldevice.com\/wp-content\/uploads\/2025\/10\/TimeDash.png\" class=\"ari-fancybox\" data-fancybox=\"gallery_block_efd87de6d5fa21d385a22aa2100e153f\" data-caption=\"\"><img decoding=\"async\" class=\"zoom-target-img\" width=\"600\" height=\"400\" src=\"https:\/\/alldevice.com\/wp-content\/uploads\/bis-images\/2040\/TimeDash-600x400-f50_50.png\" alt=\"TimeDash\" loading=\"lazy\" \/><\/a><\/div><\/div><\/div>\n\n<div class=\"ama-block block-bgcolor has-p-def has-stencil stencil-right stencil-top full-width\">\n<div class=\"ama-block block-faqs\"><div class=\"block__header text-center\"><h2>Ringlussev\u00f5tu ja j\u00e4\u00e4tmek\u00e4itluse KKK<\/h2><\/div><div class=\"block__body\"><div class=\"body__content accordion\" id=\"accordion-block_b069deb623c36a32012135417dc36544\"><div class=\"accordion-item\" itemscope=\"\" itemprop=\"mainEntity\" itemtype=\"https:\/\/schema.org\/Question\"><h3 class=\"accordion-button collapsed\" data-bs-toggle=\"collapse\" data-bs-target=\"#collapse-block_b069deb623c36a32012135417dc365441610\" aria-expanded=\"false\" aria-controls=\"collapse-block_b069deb623c36a32012135417dc365441610\"><span class=\"d-block\" itemprop=\"name\">Millised on kaheksa tootmises esinevat raiskamist?<\/span><span class=\"d-flex\"><svg xmlns=\"http:\/\/www.w3.org\/2000\/svg\" width=\"24.225\" height=\"15.613\" viewbox=\"0 0 24.225 15.613\"><path d=\"M564.2,42.728l10,12,10-12\" transform=\"translate(-562.088 -40.615)\" fill=\"none\" stroke=\"currentColor\" stroke-linecap=\"round\" stroke-linejoin=\"round\" stroke-width=\"3\"\/><\/svg><\/span><\/h3><div id=\"collapse-block_b069deb623c36a32012135417dc365441610\" class=\"accordion-collapse collapse\" data-bs-parent=\"#accordion-block_b069deb623c36a32012135417dc36544\" itemscope=\"\" itemprop=\"acceptedAnswer\" itemtype=\"https:\/\/schema.org\/Answer\"><div class=\"accordion-body classic-editor\" itemprop=\"text\"><p><span style=\"font-weight: 400;\">Lean-tootmise 8 raiskamisliiki on: defektid, \u00fcletootmine, ootamine, kasutamata talent, transport, laoseisu \u00fclej\u00e4\u00e4k, liikumine ja t\u00f6\u00f6tlemine. Meie CMMS suudab neid raiskamisliike v\u00e4hendada, optimeerides hooldusprotsesse ja automatiseerides ennetavat hooldust. N\u00e4iteks saavad tootjad Alldevice&#039;i kasutada t\u00f6\u00f6korralduste loomiseks ja haldamiseks, v\u00e4hendades seadmete seisakuid ja minimeerides ooteaegu.<\/span><\/p>\n<\/div><\/div><\/div><div class=\"accordion-item\" itemscope=\"\" itemprop=\"mainEntity\" itemtype=\"https:\/\/schema.org\/Question\"><h3 class=\"accordion-button collapsed\" data-bs-toggle=\"collapse\" data-bs-target=\"#collapse-block_b069deb623c36a32012135417dc365441608\" aria-expanded=\"false\" aria-controls=\"collapse-block_b069deb623c36a32012135417dc365441608\"><span class=\"d-block\" itemprop=\"name\">Mida t\u00e4hendab seisakuaeg kaheksas raiskamises?<\/span><span class=\"d-flex\"><svg xmlns=\"http:\/\/www.w3.org\/2000\/svg\" width=\"24.225\" height=\"15.613\" viewbox=\"0 0 24.225 15.613\"><path d=\"M564.2,42.728l10,12,10-12\" transform=\"translate(-562.088 -40.615)\" fill=\"none\" stroke=\"currentColor\" stroke-linecap=\"round\" stroke-linejoin=\"round\" stroke-width=\"3\"\/><\/svg><\/span><\/h3><div id=\"collapse-block_b069deb623c36a32012135417dc365441608\" class=\"accordion-collapse collapse\" data-bs-parent=\"#accordion-block_b069deb623c36a32012135417dc36544\" itemscope=\"\" itemprop=\"acceptedAnswer\" itemtype=\"https:\/\/schema.org\/Answer\"><div class=\"accordion-body classic-editor\" itemprop=\"text\"><p><span style=\"font-weight: 400;\">Seisakuaeg kujutab endast seadmete rikete, planeerimata remondit\u00f6\u00f6de v\u00f5i hooldusviivituste t\u00f5ttu kaotatud tootmist. \u201cSeisakuaeg\u201d ei ole \u00fcks kaheksast raiskamisest, kuid seda v\u00f5ib pidada \u201cootamiseks\u201d. Tootjad saavad ooteaja minimeerimiseks kasutada CMMS-i, n\u00e4iteks Alldevice&#039;i. N\u00e4iteks saavad tootjad Alldevice&#039;i abil planeerida ennetavat hooldust planeeritud tootmispauside ajal, j\u00e4lgida seadmete t\u00f6\u00f6kindlust ja automatiseerida varuosade haldamist. <\/span><\/p>\n<\/div><\/div><\/div><div class=\"accordion-item\" itemscope=\"\" itemprop=\"mainEntity\" itemtype=\"https:\/\/schema.org\/Question\"><h3 class=\"accordion-button collapsed\" data-bs-toggle=\"collapse\" data-bs-target=\"#collapse-block_b069deb623c36a32012135417dc365441606\" aria-expanded=\"false\" aria-controls=\"collapse-block_b069deb623c36a32012135417dc365441606\"><span class=\"d-block\" itemprop=\"name\">Kuidas teie CMMS-programm v\u00e4hendab tootmises j\u00e4\u00e4tmeid?<\/span><span class=\"d-flex\"><svg xmlns=\"http:\/\/www.w3.org\/2000\/svg\" width=\"24.225\" height=\"15.613\" viewbox=\"0 0 24.225 15.613\"><path d=\"M564.2,42.728l10,12,10-12\" transform=\"translate(-562.088 -40.615)\" fill=\"none\" stroke=\"currentColor\" stroke-linecap=\"round\" stroke-linejoin=\"round\" stroke-width=\"3\"\/><\/svg><\/span><\/h3><div id=\"collapse-block_b069deb623c36a32012135417dc365441606\" class=\"accordion-collapse collapse\" data-bs-parent=\"#accordion-block_b069deb623c36a32012135417dc36544\" itemscope=\"\" itemprop=\"acceptedAnswer\" itemtype=\"https:\/\/schema.org\/Answer\"><div class=\"accordion-body classic-editor\" itemprop=\"text\"><p><span style=\"font-weight: 400;\">Alldevice&#039;i CMMS v\u00e4hendab tootmisj\u00e4\u00e4tmeid mitme mehhanismi abil. Esiteks, meie tarkvara abil ennetava hoolduse ajastamiseks saavad tootjad v\u00e4ltida seadmete rikkeid, mis p\u00f5hjustavad defekte v\u00f5i seisakuid. Alldevice automatiseerib ka remondi ajastamist, et minimeerida ooteaega. Tootjad paljudes Euroopa riikides, sealhulgas Prantsusmaal, \u00dchendkuningriigis, Saksamaal ja Poolas, valivad Alldevice&#039;i CMMS-i tootmisj\u00e4\u00e4tmete v\u00e4hendamiseks.<\/span><\/p>\n<\/div><\/div><\/div><div class=\"accordion-item\" itemscope=\"\" itemprop=\"mainEntity\" itemtype=\"https:\/\/schema.org\/Question\"><h3 class=\"accordion-button collapsed\" data-bs-toggle=\"collapse\" data-bs-target=\"#collapse-block_b069deb623c36a32012135417dc365441604\" aria-expanded=\"false\" aria-controls=\"collapse-block_b069deb623c36a32012135417dc365441604\"><span class=\"d-block\" itemprop=\"name\">Mis on j\u00e4tkusuutlikkus lisandite tootmises?<\/span><span class=\"d-flex\"><svg xmlns=\"http:\/\/www.w3.org\/2000\/svg\" width=\"24.225\" height=\"15.613\" viewbox=\"0 0 24.225 15.613\"><path d=\"M564.2,42.728l10,12,10-12\" transform=\"translate(-562.088 -40.615)\" fill=\"none\" stroke=\"currentColor\" stroke-linecap=\"round\" stroke-linejoin=\"round\" stroke-width=\"3\"\/><\/svg><\/span><\/h3><div id=\"collapse-block_b069deb623c36a32012135417dc365441604\" class=\"accordion-collapse collapse\" data-bs-parent=\"#accordion-block_b069deb623c36a32012135417dc36544\" itemscope=\"\" itemprop=\"acceptedAnswer\" itemtype=\"https:\/\/schema.org\/Answer\"><div class=\"accordion-body classic-editor\" itemprop=\"text\"><p><span style=\"font-weight: 400;\">J\u00e4tkusuutlikkus lisandite tootmises on tootmisviis, mis keskendub keskkonnam\u00f5ju v\u00e4hendamisele materjalij\u00e4\u00e4tmete ja energiatarbimise minimeerimise kaudu. N\u00e4iteks v\u00f5ivad tootjad kasutada CMMS-i nagu Alldevice ennetava hoolduse automatiseerimiseks. See parandab energiat\u00f5husust ja pikendab seadmete eluiga. Tootjad paljudes EL-i riikides, sealhulgas Eestis, L\u00e4tis, Leedus ja Soomes, kasutavad Alldevice&#039;i seisakuaja v\u00e4hendamiseks ja tootmisv\u00f5imsuse t\u00f5husa kasutamise tagamiseks.<\/span><\/p>\n<\/div><\/div><\/div><div class=\"accordion-item\" itemscope=\"\" itemprop=\"mainEntity\" itemtype=\"https:\/\/schema.org\/Question\"><h3 class=\"accordion-button collapsed\" data-bs-toggle=\"collapse\" data-bs-target=\"#collapse-block_b069deb623c36a32012135417dc365441602\" aria-expanded=\"false\" aria-controls=\"collapse-block_b069deb623c36a32012135417dc365441602\"><span class=\"d-block\" itemprop=\"name\">Kuidas CMMS-t\u00f6\u00f6riistad parandavad lisandite tootmise j\u00e4tkusuutlikkust?<\/span><span class=\"d-flex\"><svg xmlns=\"http:\/\/www.w3.org\/2000\/svg\" width=\"24.225\" height=\"15.613\" viewbox=\"0 0 24.225 15.613\"><path d=\"M564.2,42.728l10,12,10-12\" transform=\"translate(-562.088 -40.615)\" fill=\"none\" stroke=\"currentColor\" stroke-linecap=\"round\" stroke-linejoin=\"round\" stroke-width=\"3\"\/><\/svg><\/span><\/h3><div id=\"collapse-block_b069deb623c36a32012135417dc365441602\" class=\"accordion-collapse collapse\" data-bs-parent=\"#accordion-block_b069deb623c36a32012135417dc36544\" itemscope=\"\" itemprop=\"acceptedAnswer\" itemtype=\"https:\/\/schema.org\/Answer\"><div class=\"accordion-body classic-editor\" itemprop=\"text\"><p><span style=\"font-weight: 400;\">CMMS-t\u00f6\u00f6riistad, nagu n\u00e4iteks Alldevice, parandavad lisandite tootmise j\u00e4tkusuutlikkust, tagades seadmete maksimaalse efektiivsuse, v\u00e4hendades tootmisprotsesside materjalij\u00e4\u00e4tmeid ja pikendades masinate eluiga. Alldevice&#039;i CMMS-i abil saab planeerida ennetavat hooldust, teha rikkeanal\u00fc\u00fcsi ja salvestada hooldusajalugu. K\u00f5ik need funktsioonid aitavad kaasa j\u00e4tkusuutlikumale tootmistegevusele.<\/span><\/p>\n<\/div><\/div><\/div><div class=\"accordion-item\" itemscope=\"\" itemprop=\"mainEntity\" itemtype=\"https:\/\/schema.org\/Question\"><h3 class=\"accordion-button collapsed\" data-bs-toggle=\"collapse\" data-bs-target=\"#collapse-block_b069deb623c36a32012135417dc365441600\" aria-expanded=\"false\" aria-controls=\"collapse-block_b069deb623c36a32012135417dc365441600\"><span class=\"d-block\" itemprop=\"name\">Kuidas saab CMMS-tarkvara aidata reovee haldamist?<\/span><span class=\"d-flex\"><svg xmlns=\"http:\/\/www.w3.org\/2000\/svg\" width=\"24.225\" height=\"15.613\" viewbox=\"0 0 24.225 15.613\"><path d=\"M564.2,42.728l10,12,10-12\" transform=\"translate(-562.088 -40.615)\" fill=\"none\" stroke=\"currentColor\" stroke-linecap=\"round\" stroke-linejoin=\"round\" stroke-width=\"3\"\/><\/svg><\/span><\/h3><div id=\"collapse-block_b069deb623c36a32012135417dc365441600\" class=\"accordion-collapse collapse\" data-bs-parent=\"#accordion-block_b069deb623c36a32012135417dc36544\" itemscope=\"\" itemprop=\"acceptedAnswer\" itemtype=\"https:\/\/schema.org\/Answer\"><div class=\"accordion-body classic-editor\" itemprop=\"text\"><p><span style=\"font-weight: 400;\">CMMS-lahendused, nagu n\u00e4iteks Alldevice, aitavad hallata reovett reoveeseadmete hooldamise kaudu. N\u00e4iteks saavad hooldusmeeskonnad Alldevice&#039;i abil automatiseerida pumpade, filtrite ja reoveepuhastusseadmete remonti ja hooldust. See aitab v\u00e4ltida rikkeid, mis v\u00f5ivad p\u00f5hjustada probleeme reovee k\u00e4itlemisel. Meie CMMS automatiseerib ka kriitilise reoveeinfrastruktuuri ennetavat hooldust, salvestab hooldusajalugu ja automatiseerib j\u00e4\u00e4tmepressi remondiks vajalike varuosade haldust.<\/span><\/p>\n<\/div><\/div><\/div><\/div><\/div><\/div>\n<\/div>\n\n<div class=\"ama-block block-related\"><div class=\"block__header w-btn\"><h2>Blogi<\/h2><div class=\"wp-block-button is-style-read-more\"><a href=\"https:\/\/alldevice.com\/et\/resources\/\" class=\"wp-block-button__link\">Loe meie blogi<\/a><\/div><\/div><div class=\"block__body\"><a href=\"https:\/\/alldevice.com\/et\/case-studies\/utilitas\/\" class=\"post-item\"><div class=\"item__thumb\"><img decoding=\"async\" width=\"350\" height=\"180\" src=\"https:\/\/alldevice.com\/wp-content\/uploads\/bis-images\/3415\/utilitas3-1-350x180-f50_50.png\" class=\"attachment-350x180\" alt=\"utilitas3\" loading=\"lazy\" \/><div class=\"post--tags\"><span>Kliendilood<\/span><\/div><\/div><div class=\"item__content\"><p class=\"is-title\">T\u00f5hustades Utilitase kaugk\u00fctte hooldusprotsesse<\/p><p>Uue tarkvaralahenduse kasutuselev\u00f5tt on osa laiemast eesm\u00e4rgist hoida meie tehnoloogiline v\u00f5imekus ajakohasena ning rakendada uuenduslikke ja t\u00f6\u00f6kindlaid digilahendusi.<\/p>\n<\/div><div class=\"item__end wp-block-button is-style-read-more\"><span class=\"wp-block-button__link\">Loe edasi<\/span><\/div><\/a><a href=\"https:\/\/alldevice.com\/et\/case-studies\/e-piim\/\" class=\"post-item\"><div class=\"item__thumb\"><img decoding=\"async\" width=\"350\" height=\"180\" src=\"https:\/\/alldevice.com\/wp-content\/uploads\/bis-images\/3033\/E-Piim-24-350x180-f50_50.jpg\" class=\"attachment-350x180\" alt=\"E-Piim-24\" loading=\"lazy\" \/><div class=\"post--tags\"><span>Kliendilood<\/span><\/div><\/div><div class=\"item__content\"><p class=\"is-title\">Kuidas Epiim hoolduse p\u00e4riselt t\u00f6\u00f6le pani<\/p><p>Kui Epiim 2023. aastal oma uue tehase k\u00e4ivitas, otsustati ellu viia ka \u00fcks varaseid p\u00f5him\u00f5ttelisi otsuseid: kogu tehase hooldus peab olema digitaalselt juhitud, auditeeritav ja igap\u00e4evat\u00f6\u00f6s mugav kasutada.<\/p>\n<\/div><div class=\"item__end wp-block-button is-style-read-more\"><span class=\"wp-block-button__link\">Loe edasi<\/span><\/div><\/a><a href=\"https:\/\/alldevice.com\/et\/blog\/work-hour-based-maintenance-globalreader-alldevice\/\" class=\"post-item is-compact\"><div class=\"item__thumb\"><img decoding=\"async\" width=\"100\" height=\"100\" src=\"https:\/\/alldevice.com\/wp-content\/uploads\/bis-images\/1155\/Group-1000000898-100x100-f50_50.png\" class=\"attachment-100x100\" alt=\"Group 1000000898\" loading=\"lazy\" \/><\/div><div class=\"item__content\"><p class=\"is-title\">T\u00f6\u00f6tunnip\u00f5hine hooldus \u2013 GlobalReader ja Alldevice<\/p><\/div><\/a><a href=\"https:\/\/alldevice.com\/et\/blog\/iso-cert\/\" class=\"post-item is-compact\"><div class=\"item__thumb\"><img decoding=\"async\" width=\"100\" height=\"100\" src=\"https:\/\/alldevice.com\/wp-content\/uploads\/bis-images\/3020\/BVCER_withoutQR-ISO-27001-100x100-f47_32.png\" class=\"attachment-100x100\" alt=\"ISO 27001 certified\" loading=\"lazy\" \/><\/div><div class=\"item__content\"><p class=\"is-title\">Alldevice O\u00dc-le omistati ISO 27001:2022 sertifikaat<\/p><\/div><\/a><a href=\"https:\/\/alldevice.com\/et\/case-studies\/port-of-tallinn\/\" class=\"post-item is-compact\"><div class=\"item__thumb\"><img decoding=\"async\" width=\"100\" height=\"100\" src=\"https:\/\/alldevice.com\/wp-content\/uploads\/bis-images\/833\/Header_Case-Study_Port-of-Tallinn-100x100-f50_50.png\" class=\"attachment-100x100\" alt=\"P\u00e4is_Juhtumiuuring_Tallinna sadam\" loading=\"lazy\" \/><\/div><div class=\"item__content\"><p class=\"is-title\">Segadusest kontrolli alla saamiseni Tallinna sadamas<\/p><\/div><\/a><\/div><\/div>\n\n\n<p class=\"wp-el\"><\/p>","protected":false},"excerpt":{"rendered":"","protected":false},"author":2,"featured_media":0,"parent":254,"menu_order":0,"comment_status":"closed","ping_status":"closed","template":"","meta":{"_acf_changed":false,"inline_featured_image":false,"footnotes":""},"class_list":["post-1662","page","type-page","status-publish","hentry"],"acf":[],"_links":{"self":[{"href":"https:\/\/alldevice.com\/et\/wp-json\/wp\/v2\/pages\/1662","targetHints":{"allow":["GET"]}}],"collection":[{"href":"https:\/\/alldevice.com\/et\/wp-json\/wp\/v2\/pages"}],"about":[{"href":"https:\/\/alldevice.com\/et\/wp-json\/wp\/v2\/types\/page"}],"author":[{"embeddable":true,"href":"https:\/\/alldevice.com\/et\/wp-json\/wp\/v2\/users\/2"}],"replies":[{"embeddable":true,"href":"https:\/\/alldevice.com\/et\/wp-json\/wp\/v2\/comments?post=1662"}],"version-history":[{"count":7,"href":"https:\/\/alldevice.com\/et\/wp-json\/wp\/v2\/pages\/1662\/revisions"}],"predecessor-version":[{"id":2307,"href":"https:\/\/alldevice.com\/et\/wp-json\/wp\/v2\/pages\/1662\/revisions\/2307"}],"up":[{"embeddable":true,"href":"https:\/\/alldevice.com\/et\/wp-json\/wp\/v2\/pages\/254"}],"wp:attachment":[{"href":"https:\/\/alldevice.com\/et\/wp-json\/wp\/v2\/media?parent=1662"}],"curies":[{"name":"wp","href":"https:\/\/api.w.org\/{rel}","templated":true}]}}