{"id":1659,"date":"2025-08-18T12:42:41","date_gmt":"2025-08-18T12:42:41","guid":{"rendered":"https:\/\/alldevice.com\/?page_id=1659"},"modified":"2025-11-17T10:48:08","modified_gmt":"2025-11-17T08:48:08","slug":"cranes","status":"publish","type":"page","link":"https:\/\/alldevice.com\/et\/industries\/cranes\/","title":{"rendered":"Kraanade hooldus- ja haldustarkvara"},"content":{"rendered":"<div class=\"ama-block block-bgcolor has-p-def has-stencil stencil-right stencil-top full-width\">\n<div class=\"ama-block block-grid-txt is-style-header-side\"><div class=\"block__header\"><p class=\"has-semi-huge-font-size\">Kraanade hooldus- ja haldustarkvara<\/p><\/div><div class=\"block__body\"><div class=\"grid-txt-item\"><p class=\"has-medium-font-size fw-bold\">Sertifitseerimine ja auditid<\/p><p> <\/p><\/div><div class=\"grid-txt-item\"><p class=\"has-medium-font-size fw-bold\">Hooldus- ja remondikulud kontrolli all<\/p><p> <\/p><\/div><div class=\"grid-txt-item\"><p class=\"has-medium-font-size fw-bold\">Pikendatud seadmete eluiga<\/p><p> <\/p><\/div><div class=\"grid-txt-item\"><p class=\"has-medium-font-size fw-bold\">Planeeri hooldusinseneride aega t\u00f5husalt<\/p><p> <\/p><\/div><\/div><\/div>\n<\/div>\n\n<div class=\"ama-block block-portfolio is-compact is-style-simple\"><div class=\"block__header\"><h2>\u00dcle 10 000 hooldusspetsialisti hindab Alldevice&#039;i #1-ks<\/h2><\/div><div class=\"block__body\"><div class=\"portfolio-item\"><div class=\"item__logo\"><img loading=\"lazy\" decoding=\"async\" width=\"547\" height=\"547\" src=\"https:\/\/alldevice.com\/wp-content\/uploads\/2025\/05\/alexela_uus.png\" class=\"attachment-medium size-medium\" alt=\"\" srcset=\"https:\/\/alldevice.com\/wp-content\/uploads\/2025\/05\/alexela_uus.png 547w, https:\/\/alldevice.com\/wp-content\/uploads\/2025\/05\/alexela_uus-150x150.png 150w, https:\/\/alldevice.com\/wp-content\/uploads\/2025\/05\/alexela_uus-12x12.png 12w, https:\/\/alldevice.com\/wp-content\/uploads\/2025\/05\/alexela_uus-110x110.png 110w\" sizes=\"auto, (max-width: 547px) 100vw, 547px\" \/><\/div><\/div><div class=\"portfolio-item\"><div class=\"item__logo\"><img loading=\"lazy\" decoding=\"async\" width=\"810\" height=\"810\" src=\"https:\/\/alldevice.com\/wp-content\/uploads\/2025\/06\/neste-logol-810x810.png\" class=\"attachment-medium size-medium\" alt=\"\" srcset=\"https:\/\/alldevice.com\/wp-content\/uploads\/2025\/06\/neste-logol-810x810.png 810w, https:\/\/alldevice.com\/wp-content\/uploads\/2025\/06\/neste-logol-150x150.png 150w, https:\/\/alldevice.com\/wp-content\/uploads\/2025\/06\/neste-logol-12x12.png 12w, https:\/\/alldevice.com\/wp-content\/uploads\/2025\/06\/neste-logol-110x110.png 110w, https:\/\/alldevice.com\/wp-content\/uploads\/2025\/06\/neste-logol.png 1069w\" sizes=\"auto, (max-width: 810px) 100vw, 810px\" \/><\/div><\/div><div class=\"portfolio-item\"><div class=\"item__logo\"><img loading=\"lazy\" decoding=\"async\" width=\"719\" height=\"720\" src=\"https:\/\/alldevice.com\/wp-content\/uploads\/2026\/01\/Magnum_logo.png\" class=\"attachment-medium size-medium\" alt=\"\" srcset=\"https:\/\/alldevice.com\/wp-content\/uploads\/2026\/01\/Magnum_logo.png 719w, https:\/\/alldevice.com\/wp-content\/uploads\/2026\/01\/Magnum_logo-150x150.png 150w, https:\/\/alldevice.com\/wp-content\/uploads\/2026\/01\/Magnum_logo-12x12.png 12w, https:\/\/alldevice.com\/wp-content\/uploads\/2026\/01\/Magnum_logo-110x110.png 110w\" sizes=\"auto, (max-width: 719px) 100vw, 719px\" \/><\/div><\/div><div class=\"portfolio-item\"><div class=\"item__logo\"><img loading=\"lazy\" decoding=\"async\" width=\"431\" height=\"431\" src=\"https:\/\/alldevice.com\/wp-content\/uploads\/2025\/06\/aq.jpg\" class=\"attachment-medium size-medium\" alt=\"\" srcset=\"https:\/\/alldevice.com\/wp-content\/uploads\/2025\/06\/aq.jpg 431w, https:\/\/alldevice.com\/wp-content\/uploads\/2025\/06\/aq-150x150.jpg 150w, https:\/\/alldevice.com\/wp-content\/uploads\/2025\/06\/aq-12x12.jpg 12w, https:\/\/alldevice.com\/wp-content\/uploads\/2025\/06\/aq-110x110.jpg 110w\" sizes=\"auto, (max-width: 431px) 100vw, 431px\" \/><\/div><\/div><\/div><\/div>\n\n<div class=\"ama-block block-bgcolor has-p-def full-width\">\n<div class=\"ama-block block-txtmedia\"><div class=\"block__body\"><div class=\"body__content\">\n\n<h2 class=\"wp-block-heading wp-el\"><strong>Sertifitseerimine ja auditid<\/strong><\/h2>\n\n\n\n<p class=\"wp-el\" style=\"font-style:normal;font-weight:500\">Veenduge, et k\u00f5ik sertifikaadid oleksid ajakohased ning pidage n\u00f5utavate kontrollide kohta p\u00f5hjalikku arvestust, et auditeerimisprotsessi sujuvamaks muuta ja stressi minimeerida.<\/p>\n\n\n\n<div class=\"wp-block-buttons is-layout-flex wp-block-buttons-is-layout-flex\">\n<div class=\"wp-block-button\"><a class=\"wp-block-button__link wp-element-button\" href=\"http:\/\/alldevice.com\/et\/contact\/\">K\u00fcsi demo!<\/a><\/div>\n<\/div>\n\n<\/div><div class=\"body__media\"><a href=\"https:\/\/alldevice.com\/wp-content\/uploads\/2025\/10\/TaskTemplateMeasures.png\" class=\"ari-fancybox\" data-fancybox=\"gallery_block_c7cce8ac7341038d5d09b9d4b18b1dcb\" data-caption=\"\"><img decoding=\"async\" class=\"zoom-target-img\" width=\"600\" height=\"400\" src=\"https:\/\/alldevice.com\/wp-content\/uploads\/bis-images\/2051\/TaskTemplateMeasures-600x400-f50_50.png\" alt=\"\u00dclesandemalli m\u00f5\u00f5dud\" loading=\"lazy\" \/><\/a><\/div><\/div><\/div>\n<\/div>\n\n<div class=\"ama-block block-txtmedia reverse-order\"><div class=\"block__body\"><div class=\"body__content\">\n\n<h2 class=\"wp-block-heading wp-el\"><strong><strong>Hooldus- ja remondikulud kontrolli all<\/strong><\/strong><\/h2>\n\n\n\n<p class=\"wp-el\" style=\"font-style:normal;font-weight:500\">Aruandlus annab \u00fclevaate kraanade hoolduse ja sertifitseerimisega seotud kuludest ning aitab m\u00f5ista olulisi tulemusn\u00e4itajaid, nagu keskmine riketevaheline aeg (MTBF) ja keskmine remondiaeg (MTTR). Need tegurid on kraanade haldamisel tegevuse efektiivsuse, ohutuse ja kulut\u00f5hususe tagamiseks \u00fcliolulised.<\/p>\n\n\n\n<div class=\"wp-block-buttons is-layout-flex wp-block-buttons-is-layout-flex\">\n<div class=\"wp-block-button\"><a class=\"wp-block-button__link wp-element-button\" href=\"http:\/\/alldevice.com\/et\/contact\/\">K\u00fcsi pakkumist<\/a><\/div>\n<\/div>\n\n<\/div><div class=\"body__media\"><a href=\"https:\/\/alldevice.com\/wp-content\/uploads\/2025\/08\/3_1.png\" class=\"ari-fancybox\" data-fancybox=\"gallery_block_f740379b807799a7782c8257155bc3e2\" data-caption=\"\"><img decoding=\"async\" class=\"zoom-target-img\" width=\"600\" height=\"400\" src=\"https:\/\/alldevice.com\/wp-content\/uploads\/bis-images\/1538\/3_1-600x400-f50_50.png\" alt=\"3_1\" loading=\"lazy\" \/><\/a><\/div><\/div><\/div>\n\n<div class=\"ama-block block-bgcolor has-p-def full-width\">\n<div class=\"ama-block block-txtmedia\"><div class=\"block__body\"><div class=\"body__content\">\n\n<h2 class=\"wp-block-heading wp-el\"><strong><strong><strong>Pikendatud seadmete eluiga<\/strong><\/strong><\/strong><\/h2>\n\n\n\n<p class=\"wp-el\" style=\"font-style:normal;font-weight:500\">Regulaarne hooldus on oluline masinate eluea pikendamiseks, kaitstes nendesse varadesse tehtud olulisi investeeringuid.<\/p>\n\n\n\n<div class=\"wp-block-buttons is-layout-flex wp-block-buttons-is-layout-flex\">\n<div class=\"wp-block-button\"><a class=\"wp-block-button__link wp-element-button\" href=\"http:\/\/alldevice.com\/et\/contact\/\">K\u00fcsi demo!<\/a><\/div>\n<\/div>\n\n<\/div><div class=\"body__media\"><a href=\"https:\/\/alldevice.com\/wp-content\/uploads\/2025\/07\/2.jpg\" class=\"ari-fancybox\" data-fancybox=\"gallery_block_55b5743a5c7f3d3e01f6c6bc8ef2f0a0\" data-caption=\"\"><img decoding=\"async\" class=\"zoom-target-img\" width=\"600\" height=\"400\" src=\"https:\/\/alldevice.com\/wp-content\/uploads\/bis-images\/707\/2-600x400-f50_50.jpg\" alt=\"2\" loading=\"lazy\" \/><\/a><\/div><\/div><\/div>\n<\/div>\n\n<div class=\"ama-block block-txtmedia reverse-order\"><div class=\"block__body\"><div class=\"body__content\">\n\n<h2 class=\"wp-block-heading wp-el\"><strong><strong>Planeeri hooldusmeeskonda t\u00f5husalt<\/strong><\/strong><\/h2>\n\n\n\n<p class=\"wp-el\">Tagage \u00fclesannete \u00f5igeaegne t\u00e4itmine, hoides k\u00f5ik vajalikud seadmed ja varuosad valmis ja vajadusel k\u00e4ttesaadavad.<\/p>\n\n\n\n<div class=\"wp-block-buttons is-layout-flex wp-block-buttons-is-layout-flex\">\n<div class=\"wp-block-button\"><a class=\"wp-block-button__link wp-element-button\" href=\"http:\/\/alldevice.com\/et\/contact\/\">K\u00fcsi pakkumist<\/a><\/div>\n<\/div>\n\n<\/div><div class=\"body__media\"><a href=\"https:\/\/alldevice.com\/wp-content\/uploads\/2025\/10\/Calendar.png\" class=\"ari-fancybox\" data-fancybox=\"gallery_block_3a5d23e51e0d0e2d27b8b97dadaadc9b\" data-caption=\"\"><img decoding=\"async\" class=\"zoom-target-img\" width=\"600\" height=\"400\" src=\"https:\/\/alldevice.com\/wp-content\/uploads\/bis-images\/2052\/Calendar-600x400-f50_50.png\" alt=\"Kalender\" loading=\"lazy\" \/><\/a><\/div><\/div><\/div>\n\n<div class=\"ama-block block-bgcolor has-p-def has-stencil stencil-right stencil-top full-width\">\n<div class=\"ama-block block-faqs\"><div class=\"block__header text-center\"><h2>Kraanade hoolduse haldamise KKK<\/h2><\/div><div class=\"block__body\"><div class=\"body__content accordion\" id=\"accordion-block_f22c0c63fc4f1ef03a04deeebb76fc06\"><div class=\"accordion-item\" itemscope=\"\" itemprop=\"mainEntity\" itemtype=\"https:\/\/schema.org\/Question\"><h3 class=\"accordion-button collapsed\" data-bs-toggle=\"collapse\" data-bs-target=\"#collapse-block_f22c0c63fc4f1ef03a04deeebb76fc061598\" aria-expanded=\"false\" aria-controls=\"collapse-block_f22c0c63fc4f1ef03a04deeebb76fc061598\"><span class=\"d-block\" itemprop=\"name\">Kuidas teie CMMS aitab kraanade hooldust?<\/span><span class=\"d-flex\"><svg xmlns=\"http:\/\/www.w3.org\/2000\/svg\" width=\"24.225\" height=\"15.613\" viewbox=\"0 0 24.225 15.613\"><path d=\"M564.2,42.728l10,12,10-12\" transform=\"translate(-562.088 -40.615)\" fill=\"none\" stroke=\"currentColor\" stroke-linecap=\"round\" stroke-linejoin=\"round\" stroke-width=\"3\"\/><\/svg><\/span><\/h3><div id=\"collapse-block_f22c0c63fc4f1ef03a04deeebb76fc061598\" class=\"accordion-collapse collapse\" data-bs-parent=\"#accordion-block_f22c0c63fc4f1ef03a04deeebb76fc06\" itemscope=\"\" itemprop=\"acceptedAnswer\" itemtype=\"https:\/\/schema.org\/Answer\"><div class=\"accordion-body classic-editor\" itemprop=\"text\"><p><span style=\"font-weight: 400;\">Alldevice&#039;i CMMS-s\u00fcsteem suudab optimeerida k\u00f5iki kraanade hoolduse aspekte. N\u00e4iteks saavad hooldusmeeskonnad Alldevice&#039;i abil automatiseerida hooldus- ja remondit\u00f6id, planeerida \u00fclevaatusi ja salvestada hooldusajalugu. Alldevice automatiseerib ka varuosade haldust, aidates hooldusmeeskondadel j\u00e4lgida remondiks vajalikke tornkraana osi. Kraanahoolduse automatiseerimise abil Alldevice&#039;i abil saavad ettev\u00f5tted pikendada seadmete eluiga, s\u00e4ilitada vastavuse ohutusstandarditele ja v\u00e4hendada tornkraanade hoolduskulusid.<\/span><\/p>\n<\/div><\/div><\/div><div class=\"accordion-item\" itemscope=\"\" itemprop=\"mainEntity\" itemtype=\"https:\/\/schema.org\/Question\"><h3 class=\"accordion-button collapsed\" data-bs-toggle=\"collapse\" data-bs-target=\"#collapse-block_f22c0c63fc4f1ef03a04deeebb76fc061596\" aria-expanded=\"false\" aria-controls=\"collapse-block_f22c0c63fc4f1ef03a04deeebb76fc061596\"><span class=\"d-block\" itemprop=\"name\">Kui palju maksab teie tornkraanade hooldustarkvara?<\/span><span class=\"d-flex\"><svg xmlns=\"http:\/\/www.w3.org\/2000\/svg\" width=\"24.225\" height=\"15.613\" viewbox=\"0 0 24.225 15.613\"><path d=\"M564.2,42.728l10,12,10-12\" transform=\"translate(-562.088 -40.615)\" fill=\"none\" stroke=\"currentColor\" stroke-linecap=\"round\" stroke-linejoin=\"round\" stroke-width=\"3\"\/><\/svg><\/span><\/h3><div id=\"collapse-block_f22c0c63fc4f1ef03a04deeebb76fc061596\" class=\"accordion-collapse collapse\" data-bs-parent=\"#accordion-block_f22c0c63fc4f1ef03a04deeebb76fc06\" itemscope=\"\" itemprop=\"acceptedAnswer\" itemtype=\"https:\/\/schema.org\/Answer\"><div class=\"accordion-body classic-editor\" itemprop=\"text\"><p><span style=\"font-weight: 400;\">Meie tornkraanade hooldustarkvara on konkurentsiv\u00f5imelise hinnaga ja sobib igas suuruses ettev\u00f5tetele. Meie hinnad algavad 200 eurost kuus 5 kasutaja eest ja ulatuvad kuni 1250 euroni kuus piiramatu arvu kasutajate eest. V\u00f5tke meiega \u00fchendust, et saada personaalne hinnapakkumine, mis arvestab teie kraanapargi suurust ja hooldusvajadusi. Meil on kohalikud tugimeeskonnad suuremates Euroopa riikides, sealhulgas Prantsusmaal, \u00dchendkuningriigis, Saksamaal ja Poolas, kes on valmis teid abistama.<\/span><\/p>\n<\/div><\/div><\/div><div class=\"accordion-item\" itemscope=\"\" itemprop=\"mainEntity\" itemtype=\"https:\/\/schema.org\/Question\"><h3 class=\"accordion-button collapsed\" data-bs-toggle=\"collapse\" data-bs-target=\"#collapse-block_f22c0c63fc4f1ef03a04deeebb76fc061594\" aria-expanded=\"false\" aria-controls=\"collapse-block_f22c0c63fc4f1ef03a04deeebb76fc061594\"><span class=\"d-block\" itemprop=\"name\">Kas teie tarkvara suudab planeerida kraanade ennetavaid hooldusi?<\/span><span class=\"d-flex\"><svg xmlns=\"http:\/\/www.w3.org\/2000\/svg\" width=\"24.225\" height=\"15.613\" viewbox=\"0 0 24.225 15.613\"><path d=\"M564.2,42.728l10,12,10-12\" transform=\"translate(-562.088 -40.615)\" fill=\"none\" stroke=\"currentColor\" stroke-linecap=\"round\" stroke-linejoin=\"round\" stroke-width=\"3\"\/><\/svg><\/span><\/h3><div id=\"collapse-block_f22c0c63fc4f1ef03a04deeebb76fc061594\" class=\"accordion-collapse collapse\" data-bs-parent=\"#accordion-block_f22c0c63fc4f1ef03a04deeebb76fc06\" itemscope=\"\" itemprop=\"acceptedAnswer\" itemtype=\"https:\/\/schema.org\/Answer\"><div class=\"accordion-body classic-editor\" itemprop=\"text\"><p><span style=\"font-weight: 400;\">Jah, meie CMMS-i saab kasutada igat t\u00fc\u00fcpi kraanade, sealhulgas sildkraanade, tornkraanade ja mobiilkraanade ennetava hoolduse ajastamiseks. Kraanade hooldusmeeskonnad saavad Alldevice&#039;i abil ajastada sildkraanade t\u00f6\u00f6protseduuride kontrolle ja automatiseerida hooldust\u00f6id vastavalt kasutustundidele, kalendrikuup\u00e4evadele v\u00f5i kohandatud p\u00e4\u00e4stikutele. Alldevice&#039;i CMMS-i abil on lihtne luua ka kraanade t\u00f6\u00f6eelseid kontrollnimekirju ja j\u00e4lgida hoolduse l\u00f5petamist, nii et \u00fckski hooldust\u00f6\u00f6 ei j\u00e4\u00e4ks kahe silma vahele.<\/span><\/p>\n<\/div><\/div><\/div><div class=\"accordion-item\" itemscope=\"\" itemprop=\"mainEntity\" itemtype=\"https:\/\/schema.org\/Question\"><h3 class=\"accordion-button collapsed\" data-bs-toggle=\"collapse\" data-bs-target=\"#collapse-block_f22c0c63fc4f1ef03a04deeebb76fc061592\" aria-expanded=\"false\" aria-controls=\"collapse-block_f22c0c63fc4f1ef03a04deeebb76fc061592\"><span class=\"d-block\" itemprop=\"name\">Kuidas automatiseerimine parandab kraanade hooldust?<\/span><span class=\"d-flex\"><svg xmlns=\"http:\/\/www.w3.org\/2000\/svg\" width=\"24.225\" height=\"15.613\" viewbox=\"0 0 24.225 15.613\"><path d=\"M564.2,42.728l10,12,10-12\" transform=\"translate(-562.088 -40.615)\" fill=\"none\" stroke=\"currentColor\" stroke-linecap=\"round\" stroke-linejoin=\"round\" stroke-width=\"3\"\/><\/svg><\/span><\/h3><div id=\"collapse-block_f22c0c63fc4f1ef03a04deeebb76fc061592\" class=\"accordion-collapse collapse\" data-bs-parent=\"#accordion-block_f22c0c63fc4f1ef03a04deeebb76fc06\" itemscope=\"\" itemprop=\"acceptedAnswer\" itemtype=\"https:\/\/schema.org\/Answer\"><div class=\"accordion-body classic-editor\" itemprop=\"text\"><p><span style=\"font-weight: 400;\">Automatiseerimine saab kraanade hooldust mitmel viisil parandada. N\u00e4iteks saavad hooldusmeeskonnad kasutada Alldevice&#039;i kontrollide automatiseerimiseks, ennetava hoolduse t\u00f6\u00f6de ajastamiseks ja remondit\u00f6\u00f6de haldamiseks. Alldevice&#039;i mobiilirakendus v\u00f5imaldab kraanatehnikutel luua ja hallata ka t\u00f6\u00f6korraldusi kohapeal. Kasutades Alldevice&#039;i kraanade hoolduse automatiseerimiseks, saavad ettev\u00f5tted pikendada seadmete eluiga, parandada kraanade j\u00f5udlust ja standardiseerida hooldusprotseduure. <\/span><\/p>\n<\/div><\/div><\/div><div class=\"accordion-item\" itemscope=\"\" itemprop=\"mainEntity\" itemtype=\"https:\/\/schema.org\/Question\"><h3 class=\"accordion-button collapsed\" data-bs-toggle=\"collapse\" data-bs-target=\"#collapse-block_f22c0c63fc4f1ef03a04deeebb76fc061590\" aria-expanded=\"false\" aria-controls=\"collapse-block_f22c0c63fc4f1ef03a04deeebb76fc061590\"><span class=\"d-block\" itemprop=\"name\">Mis on kraana \u00fclevaatuse kontrollnimekirja n\u00e4ide?<\/span><span class=\"d-flex\"><svg xmlns=\"http:\/\/www.w3.org\/2000\/svg\" width=\"24.225\" height=\"15.613\" viewbox=\"0 0 24.225 15.613\"><path d=\"M564.2,42.728l10,12,10-12\" transform=\"translate(-562.088 -40.615)\" fill=\"none\" stroke=\"currentColor\" stroke-linecap=\"round\" stroke-linejoin=\"round\" stroke-width=\"3\"\/><\/svg><\/span><\/h3><div id=\"collapse-block_f22c0c63fc4f1ef03a04deeebb76fc061590\" class=\"accordion-collapse collapse\" data-bs-parent=\"#accordion-block_f22c0c63fc4f1ef03a04deeebb76fc06\" itemscope=\"\" itemprop=\"acceptedAnswer\" itemtype=\"https:\/\/schema.org\/Answer\"><div class=\"accordion-body classic-editor\" itemprop=\"text\"><p><span style=\"font-weight: 400;\">Kraana \u00fclevaatuse n\u00e4idiskontrollnimekiri v\u00f5ib sisaldada selliseid \u00fclesandeid nagu tornkraana komponentide kontrollimine, trosside kulumise hindamine, piirl\u00fclitite testimine ja tornkraana mehhanismide kontrollimine. Alldevice&#039;i abil saavad kasutajad luua kohandatud kraana \u00fclevaatuse kontrollnimekirja malle, et tagada kraanainspektorite poolt k\u00f5igi kriitiliste kraana komponentide kontrollimine. Alldevice v\u00f5imaldab kasutajatel ka \u00fclevaatuse tulemusi salvestada, hooldustegevusi j\u00e4lgida ja rikete anal\u00fc\u00fcsi teha. <\/span><\/p>\n<\/div><\/div><\/div><div class=\"accordion-item\" itemscope=\"\" itemprop=\"mainEntity\" itemtype=\"https:\/\/schema.org\/Question\"><h3 class=\"accordion-button collapsed\" data-bs-toggle=\"collapse\" data-bs-target=\"#collapse-block_f22c0c63fc4f1ef03a04deeebb76fc061588\" aria-expanded=\"false\" aria-controls=\"collapse-block_f22c0c63fc4f1ef03a04deeebb76fc061588\"><span class=\"d-block\" itemprop=\"name\">Kas teie tarkvara planeerib mobiilkraanade \u00fclevaatusi?<\/span><span class=\"d-flex\"><svg xmlns=\"http:\/\/www.w3.org\/2000\/svg\" width=\"24.225\" height=\"15.613\" viewbox=\"0 0 24.225 15.613\"><path d=\"M564.2,42.728l10,12,10-12\" transform=\"translate(-562.088 -40.615)\" fill=\"none\" stroke=\"currentColor\" stroke-linecap=\"round\" stroke-linejoin=\"round\" stroke-width=\"3\"\/><\/svg><\/span><\/h3><div id=\"collapse-block_f22c0c63fc4f1ef03a04deeebb76fc061588\" class=\"accordion-collapse collapse\" data-bs-parent=\"#accordion-block_f22c0c63fc4f1ef03a04deeebb76fc06\" itemscope=\"\" itemprop=\"acceptedAnswer\" itemtype=\"https:\/\/schema.org\/Answer\"><div class=\"accordion-body classic-editor\" itemprop=\"text\"><p><span style=\"font-weight: 400;\">Jah, meie tarkvara abil saab ajastada mobiilkraanade \u00fclevaatusi. Hooldusmeeskonnad saavad Alldevice&#039;i kasutada mobiilkraanade kontroll-loendite rakendamiseks ja mobiilkraanade koormustestide protseduuride ajastamiseks. Meie tarkvara v\u00f5imaldab kasutajatel salvestada ka mobiilkraanade igap\u00e4evaseid \u00fclevaatuslehti ja hooldusajalugu edaspidiseks kasutamiseks. Ettev\u00f5tted paljudes EL-i riikides, sealhulgas Eestis, L\u00e4tis, Leedus ja Soomes, loodavad Alldevice&#039;ile kraanade \u00fclevaatuste ajastamiseks.<\/span><\/p>\n<\/div><\/div><\/div><\/div><\/div><\/div>\n<\/div>\n\n<div class=\"ama-block block-related\"><div class=\"block__header w-btn\"><h2>Blogi<\/h2><div class=\"wp-block-button is-style-read-more\"><a href=\"https:\/\/alldevice.com\/et\/resources\/\" class=\"wp-block-button__link\">Loe meie blogi<\/a><\/div><\/div><div class=\"block__body\"><a href=\"https:\/\/alldevice.com\/et\/case-studies\/utilitas\/\" class=\"post-item\"><div class=\"item__thumb\"><img decoding=\"async\" width=\"350\" height=\"180\" src=\"https:\/\/alldevice.com\/wp-content\/uploads\/bis-images\/3415\/utilitas3-1-350x180-f50_50.png\" class=\"attachment-350x180\" alt=\"utilitas3\" loading=\"lazy\" \/><div class=\"post--tags\"><span>Kliendilood<\/span><\/div><\/div><div class=\"item__content\"><p class=\"is-title\">T\u00f5hustades Utilitase kaugk\u00fctte hooldusprotsesse<\/p><p>Uue tarkvaralahenduse kasutuselev\u00f5tt on osa laiemast eesm\u00e4rgist hoida meie tehnoloogiline v\u00f5imekus ajakohasena ning rakendada uuenduslikke ja t\u00f6\u00f6kindlaid digilahendusi.<\/p>\n<\/div><div class=\"item__end wp-block-button is-style-read-more\"><span class=\"wp-block-button__link\">Loe edasi<\/span><\/div><\/a><a href=\"https:\/\/alldevice.com\/et\/case-studies\/e-piim\/\" class=\"post-item\"><div class=\"item__thumb\"><img decoding=\"async\" width=\"350\" height=\"180\" src=\"https:\/\/alldevice.com\/wp-content\/uploads\/bis-images\/3033\/E-Piim-24-350x180-f50_50.jpg\" class=\"attachment-350x180\" alt=\"E-Piim-24\" loading=\"lazy\" \/><div class=\"post--tags\"><span>Kliendilood<\/span><\/div><\/div><div class=\"item__content\"><p class=\"is-title\">Kuidas Epiim hoolduse p\u00e4riselt t\u00f6\u00f6le pani<\/p><p>Kui Epiim 2023. aastal oma uue tehase k\u00e4ivitas, otsustati ellu viia ka \u00fcks varaseid p\u00f5him\u00f5ttelisi otsuseid: kogu tehase hooldus peab olema digitaalselt juhitud, auditeeritav ja igap\u00e4evat\u00f6\u00f6s mugav kasutada.<\/p>\n<\/div><div class=\"item__end wp-block-button is-style-read-more\"><span class=\"wp-block-button__link\">Loe edasi<\/span><\/div><\/a><a href=\"https:\/\/alldevice.com\/et\/blog\/work-hour-based-maintenance-globalreader-alldevice\/\" class=\"post-item is-compact\"><div class=\"item__thumb\"><img decoding=\"async\" width=\"100\" height=\"100\" src=\"https:\/\/alldevice.com\/wp-content\/uploads\/bis-images\/1155\/Group-1000000898-100x100-f50_50.png\" class=\"attachment-100x100\" alt=\"Group 1000000898\" loading=\"lazy\" \/><\/div><div class=\"item__content\"><p class=\"is-title\">T\u00f6\u00f6tunnip\u00f5hine hooldus \u2013 GlobalReader ja Alldevice<\/p><\/div><\/a><a href=\"https:\/\/alldevice.com\/et\/blog\/iso-cert\/\" class=\"post-item is-compact\"><div class=\"item__thumb\"><img decoding=\"async\" width=\"100\" height=\"100\" src=\"https:\/\/alldevice.com\/wp-content\/uploads\/bis-images\/3020\/BVCER_withoutQR-ISO-27001-100x100-f47_32.png\" class=\"attachment-100x100\" alt=\"ISO 27001 certified\" loading=\"lazy\" \/><\/div><div class=\"item__content\"><p class=\"is-title\">Alldevice O\u00dc-le omistati ISO 27001:2022 sertifikaat<\/p><\/div><\/a><a href=\"https:\/\/alldevice.com\/et\/case-studies\/port-of-tallinn\/\" class=\"post-item is-compact\"><div class=\"item__thumb\"><img decoding=\"async\" width=\"100\" height=\"100\" src=\"https:\/\/alldevice.com\/wp-content\/uploads\/bis-images\/833\/Header_Case-Study_Port-of-Tallinn-100x100-f50_50.png\" class=\"attachment-100x100\" alt=\"P\u00e4is_Juhtumiuuring_Tallinna sadam\" loading=\"lazy\" \/><\/div><div class=\"item__content\"><p class=\"is-title\">Segadusest kontrolli alla saamiseni Tallinna sadamas<\/p><\/div><\/a><\/div><\/div>\n\n\n<p class=\"wp-el\"><\/p>","protected":false},"excerpt":{"rendered":"","protected":false},"author":2,"featured_media":0,"parent":254,"menu_order":0,"comment_status":"closed","ping_status":"closed","template":"","meta":{"_acf_changed":false,"inline_featured_image":false,"footnotes":""},"class_list":["post-1659","page","type-page","status-publish","hentry"],"acf":[],"_links":{"self":[{"href":"https:\/\/alldevice.com\/et\/wp-json\/wp\/v2\/pages\/1659","targetHints":{"allow":["GET"]}}],"collection":[{"href":"https:\/\/alldevice.com\/et\/wp-json\/wp\/v2\/pages"}],"about":[{"href":"https:\/\/alldevice.com\/et\/wp-json\/wp\/v2\/types\/page"}],"author":[{"embeddable":true,"href":"https:\/\/alldevice.com\/et\/wp-json\/wp\/v2\/users\/2"}],"replies":[{"embeddable":true,"href":"https:\/\/alldevice.com\/et\/wp-json\/wp\/v2\/comments?post=1659"}],"version-history":[{"count":14,"href":"https:\/\/alldevice.com\/et\/wp-json\/wp\/v2\/pages\/1659\/revisions"}],"predecessor-version":[{"id":2299,"href":"https:\/\/alldevice.com\/et\/wp-json\/wp\/v2\/pages\/1659\/revisions\/2299"}],"up":[{"embeddable":true,"href":"https:\/\/alldevice.com\/et\/wp-json\/wp\/v2\/pages\/254"}],"wp:attachment":[{"href":"https:\/\/alldevice.com\/et\/wp-json\/wp\/v2\/media?parent=1659"}],"curies":[{"name":"wp","href":"https:\/\/api.w.org\/{rel}","templated":true}]}}