{"id":1653,"date":"2025-08-18T12:35:13","date_gmt":"2025-08-18T12:35:13","guid":{"rendered":"https:\/\/alldevice.com\/?page_id=1653"},"modified":"2025-11-17T10:51:39","modified_gmt":"2025-11-17T08:51:39","slug":"property","status":"publish","type":"page","link":"https:\/\/alldevice.com\/et\/industries\/property\/","title":{"rendered":"Kinnisvarahalduse tarkvara"},"content":{"rendered":"<div class=\"ama-block block-bgcolor has-p-def has-stencil stencil-right stencil-top full-width\">\n<div class=\"ama-block block-grid-txt is-style-header-side\"><div class=\"block__header\"><p class=\"has-semi-huge-font-size\">Kinnisvarahalduse tarkvara<\/p><\/div><div class=\"block__body\"><div class=\"grid-txt-item\"><p class=\"has-medium-font-size fw-bold\">Kliendi rikete aruandlus<\/p><p> <\/p><\/div><div class=\"grid-txt-item\"><p class=\"has-medium-font-size fw-bold\">Ennustav ja ennetav hooldus<\/p><p> <\/p><\/div><div class=\"grid-txt-item\"><p class=\"has-medium-font-size fw-bold\">Dokumentatsioon ja j\u00e4lgitavus<\/p><p> <\/p><\/div><div class=\"grid-txt-item\"><p class=\"has-medium-font-size fw-bold\">Energiat\u00f5husus<\/p><p> <\/p><\/div><\/div><\/div>\n<\/div>\n\n<div class=\"ama-block block-portfolio is-compact is-style-simple\"><div class=\"block__header\"><h2>\u00dcle 10 000 hooldusspetsialisti hindab Alldevice&#039;i #1-ks<\/h2><\/div><div class=\"block__body\"><div class=\"portfolio-item\"><div class=\"item__logo\"><img loading=\"lazy\" decoding=\"async\" width=\"547\" height=\"547\" src=\"https:\/\/alldevice.com\/wp-content\/uploads\/2025\/05\/alexela_uus.png\" class=\"attachment-medium size-medium\" alt=\"\" srcset=\"https:\/\/alldevice.com\/wp-content\/uploads\/2025\/05\/alexela_uus.png 547w, https:\/\/alldevice.com\/wp-content\/uploads\/2025\/05\/alexela_uus-150x150.png 150w, https:\/\/alldevice.com\/wp-content\/uploads\/2025\/05\/alexela_uus-12x12.png 12w, https:\/\/alldevice.com\/wp-content\/uploads\/2025\/05\/alexela_uus-110x110.png 110w\" sizes=\"auto, (max-width: 547px) 100vw, 547px\" \/><\/div><\/div><div class=\"portfolio-item\"><div class=\"item__logo\"><img loading=\"lazy\" decoding=\"async\" width=\"810\" height=\"810\" src=\"https:\/\/alldevice.com\/wp-content\/uploads\/2025\/06\/neste-logol-810x810.png\" class=\"attachment-medium size-medium\" alt=\"\" srcset=\"https:\/\/alldevice.com\/wp-content\/uploads\/2025\/06\/neste-logol-810x810.png 810w, https:\/\/alldevice.com\/wp-content\/uploads\/2025\/06\/neste-logol-150x150.png 150w, https:\/\/alldevice.com\/wp-content\/uploads\/2025\/06\/neste-logol-12x12.png 12w, https:\/\/alldevice.com\/wp-content\/uploads\/2025\/06\/neste-logol-110x110.png 110w, https:\/\/alldevice.com\/wp-content\/uploads\/2025\/06\/neste-logol.png 1069w\" sizes=\"auto, (max-width: 810px) 100vw, 810px\" \/><\/div><\/div><div class=\"portfolio-item\"><div class=\"item__logo\"><img loading=\"lazy\" decoding=\"async\" width=\"719\" height=\"720\" src=\"https:\/\/alldevice.com\/wp-content\/uploads\/2026\/01\/Magnum_logo.png\" class=\"attachment-medium size-medium\" alt=\"\" srcset=\"https:\/\/alldevice.com\/wp-content\/uploads\/2026\/01\/Magnum_logo.png 719w, https:\/\/alldevice.com\/wp-content\/uploads\/2026\/01\/Magnum_logo-150x150.png 150w, https:\/\/alldevice.com\/wp-content\/uploads\/2026\/01\/Magnum_logo-12x12.png 12w, https:\/\/alldevice.com\/wp-content\/uploads\/2026\/01\/Magnum_logo-110x110.png 110w\" sizes=\"auto, (max-width: 719px) 100vw, 719px\" \/><\/div><\/div><div class=\"portfolio-item\"><div class=\"item__logo\"><img loading=\"lazy\" decoding=\"async\" width=\"431\" height=\"431\" src=\"https:\/\/alldevice.com\/wp-content\/uploads\/2025\/06\/aq.jpg\" class=\"attachment-medium size-medium\" alt=\"\" srcset=\"https:\/\/alldevice.com\/wp-content\/uploads\/2025\/06\/aq.jpg 431w, https:\/\/alldevice.com\/wp-content\/uploads\/2025\/06\/aq-150x150.jpg 150w, https:\/\/alldevice.com\/wp-content\/uploads\/2025\/06\/aq-12x12.jpg 12w, https:\/\/alldevice.com\/wp-content\/uploads\/2025\/06\/aq-110x110.jpg 110w\" sizes=\"auto, (max-width: 431px) 100vw, 431px\" \/><\/div><\/div><\/div><\/div>\n\n<div class=\"ama-block block-bgcolor has-p-def full-width\">\n<div class=\"ama-block block-txtmedia\"><div class=\"block__body\"><div class=\"body__content\">\n\n<h2 class=\"wp-block-heading wp-el\"><strong>Kliendi rikete aruandlus<\/strong><\/h2>\n\n\n\n<p class=\"wp-el\" style=\"font-style:normal;font-weight:500\">T\u00e4iustage klienditeenindust NFC-siltide v\u00f5i QR-koodide abil, v\u00f5imaldades klientidel probleemidest vaevata ja viivituseta teatada. Olge esimene, kes vastab ja lahendab mured kiiresti, tagades sujuva kliendikogemuse.<\/p>\n\n\n\n<div class=\"wp-block-buttons is-layout-flex wp-block-buttons-is-layout-flex\">\n<div class=\"wp-block-button\"><a class=\"wp-block-button__link wp-element-button\" href=\"http:\/\/alldevice.com\/et\/contact\/\">K\u00fcsi demo!<\/a><\/div>\n<\/div>\n\n<\/div><div class=\"body__media\"><a href=\"https:\/\/alldevice.com\/wp-content\/uploads\/2025\/08\/Screenshot-2025-08-14-at-13.09.35.jpg\" class=\"ari-fancybox\" data-fancybox=\"gallery_block_483151d1597dafae568f03d4f902a7ed\" data-caption=\"\"><img decoding=\"async\" class=\"zoom-target-img\" width=\"600\" height=\"400\" src=\"https:\/\/alldevice.com\/wp-content\/uploads\/bis-images\/1571\/Screenshot-2025-08-14-at-13.09.35-600x400-f50_50.jpg\" alt=\"Ekraanipilt\" loading=\"lazy\" \/><\/a><\/div><\/div><\/div>\n<\/div>\n\n<div class=\"ama-block block-txtmedia reverse-order\"><div class=\"block__body\"><div class=\"body__content\">\n\n<h2 class=\"wp-block-heading wp-el\"><strong><strong>Ennustav ja ennetav hooldus<\/strong><\/strong><\/h2>\n\n\n\n<p class=\"wp-el\" style=\"font-style:normal;font-weight:500\">Optimeerige hooldust, koostades ajakava aja v\u00f5i kasutuse p\u00f5hjal, tagades, et \u00fclesandeid t\u00e4idetakse ainult siis, kui see on vajalik. See l\u00e4henemisviis v\u00e4hendab kulusid ja parandab k\u00e4ttesaadavust, hoides tegevuse t\u00f5husa ja usaldusv\u00e4\u00e4rsena.<\/p>\n\n\n\n<div class=\"wp-block-buttons is-layout-flex wp-block-buttons-is-layout-flex\">\n<div class=\"wp-block-button\"><a class=\"wp-block-button__link wp-element-button\" href=\"http:\/\/alldevice.com\/et\/contact\/\">K\u00fcsi pakkumist<\/a><\/div>\n<\/div>\n\n<\/div><div class=\"body__media\"><a href=\"https:\/\/alldevice.com\/wp-content\/uploads\/2025\/10\/TasksTypes.png\" class=\"ari-fancybox\" data-fancybox=\"gallery_block_529feec85fcfc2275a941a8c8f9f1d99\" data-caption=\"\"><img decoding=\"async\" class=\"zoom-target-img\" width=\"600\" height=\"400\" src=\"https:\/\/alldevice.com\/wp-content\/uploads\/bis-images\/2050\/TasksTypes-600x400-f50_50.png\" alt=\"\u00dclesannete t\u00fc\u00fcbid\" loading=\"lazy\" \/><\/a><\/div><\/div><\/div>\n\n<div class=\"ama-block block-bgcolor has-p-def full-width\">\n<div class=\"ama-block block-txtmedia\"><div class=\"block__body\"><div class=\"body__content\">\n\n<h2 class=\"wp-block-heading wp-el\"><strong><strong>Dokumentatsioon ja j\u00e4lgitavus<\/strong><\/strong><\/h2>\n\n\n\n<p class=\"wp-el\" style=\"font-style:normal;font-weight:500\">Tagada l\u00e4bipaistvus ja vastavus tervise- ja ohutusstandarditele, pidades t\u00e4pset arvestust k\u00f5igi hooldustegevuste ja seadmete seisukorra \u00fcle. See tava mitte ainult ei toeta ohutusprotokolle, vaid suurendab ka tegevuse t\u00f5husust ja vastutust k\u00f5igis protsessides.<\/p>\n\n\n\n<div class=\"wp-block-buttons is-layout-flex wp-block-buttons-is-layout-flex\">\n<div class=\"wp-block-button\"><a class=\"wp-block-button__link wp-element-button\" href=\"http:\/\/alldevice.com\/et\/contact\/\">K\u00fcsi demo!<\/a><\/div>\n<\/div>\n\n<\/div><div class=\"body__media\"><a href=\"https:\/\/alldevice.com\/wp-content\/uploads\/2025\/08\/3_2.png\" class=\"ari-fancybox\" data-fancybox=\"gallery_block_5754196df132871d2719b3c5740f12eb\" data-caption=\"\"><img decoding=\"async\" class=\"zoom-target-img\" width=\"600\" height=\"400\" src=\"https:\/\/alldevice.com\/wp-content\/uploads\/bis-images\/1539\/3_2-600x400-f50_50.png\" alt=\"3_2\" loading=\"lazy\" \/><\/a><\/div><\/div><\/div>\n<\/div>\n\n<div class=\"ama-block block-txtmedia reverse-order\"><div class=\"block__body\"><div class=\"body__content\">\n\n<h2 class=\"wp-block-heading wp-el\"><strong><strong>Energiat\u00f5husus<\/strong><\/strong><\/h2>\n\n\n\n<p class=\"wp-el\" style=\"font-style:normal;font-weight:500\">Seadmete regulaarne hooldus suurendab energiat\u00f5husust, mille tulemuseks on kulude kokkuhoid ja keskkonnas\u00e4\u00e4stlikkus.<\/p>\n\n\n\n<div class=\"wp-block-buttons is-layout-flex wp-block-buttons-is-layout-flex\">\n<div class=\"wp-block-button\"><a class=\"wp-block-button__link wp-element-button\" href=\"http:\/\/alldevice.com\/et\/contact\/\">K\u00fcsi pakkumist<\/a><\/div>\n<\/div>\n\n<\/div><div class=\"body__media\"><a href=\"https:\/\/alldevice.com\/wp-content\/uploads\/2025\/08\/3_1.png\" class=\"ari-fancybox\" data-fancybox=\"gallery_block_2188dc6c0cd41da7cec64d14102b7511\" data-caption=\"\"><img decoding=\"async\" class=\"zoom-target-img\" width=\"600\" height=\"400\" src=\"https:\/\/alldevice.com\/wp-content\/uploads\/bis-images\/1538\/3_1-600x400-f50_50.png\" alt=\"3_1\" loading=\"lazy\" \/><\/a><\/div><\/div><\/div>\n\n<div class=\"ama-block block-bgcolor has-p-def has-stencil stencil-right stencil-top full-width\">\n<div class=\"ama-block block-faqs\"><div class=\"block__header text-center\"><h2>Kinnisvarahalduse KKK<\/h2><\/div><div class=\"block__body\"><div class=\"body__content accordion\" id=\"accordion-block_594f4648639464420b2271b52fbbc937\"><div class=\"accordion-item\" itemscope=\"\" itemprop=\"mainEntity\" itemtype=\"https:\/\/schema.org\/Question\"><h3 class=\"accordion-button collapsed\" data-bs-toggle=\"collapse\" data-bs-target=\"#collapse-block_594f4648639464420b2271b52fbbc9371095\" aria-expanded=\"false\" aria-controls=\"collapse-block_594f4648639464420b2271b52fbbc9371095\"><span class=\"d-block\" itemprop=\"name\">Mis on kinnisvarahalduss\u00fcsteemid?<\/span><span class=\"d-flex\"><svg xmlns=\"http:\/\/www.w3.org\/2000\/svg\" width=\"24.225\" height=\"15.613\" viewbox=\"0 0 24.225 15.613\"><path d=\"M564.2,42.728l10,12,10-12\" transform=\"translate(-562.088 -40.615)\" fill=\"none\" stroke=\"currentColor\" stroke-linecap=\"round\" stroke-linejoin=\"round\" stroke-width=\"3\"\/><\/svg><\/span><\/h3><div id=\"collapse-block_594f4648639464420b2271b52fbbc9371095\" class=\"accordion-collapse collapse\" data-bs-parent=\"#accordion-block_594f4648639464420b2271b52fbbc937\" itemscope=\"\" itemprop=\"acceptedAnswer\" itemtype=\"https:\/\/schema.org\/Answer\"><div class=\"accordion-body classic-editor\" itemprop=\"text\"><p><span style=\"font-weight: 400;\">Kinnisvarahalduss\u00fcsteem (PMS) on tarkvaralahendus, mida kinnisvarahaldurid kasutavad kinnisvarahalduse iga aspekti sujuvamaks muutmiseks. Kinnisvarahalduss\u00fcsteemid pakuvad k\u00f5igi kinnisvarahooldustegevuste terviklikku haldamist. N\u00e4iteks selliste lahenduste nagu Alldevice CMMS abil saavad kinnisvarahaldusmeeskonnad planeerida ennetavat hooldust, luua t\u00f6\u00f6korraldusi ja j\u00e4lgida varade toimivust. <\/span><\/p>\n<\/div><\/div><\/div><div class=\"accordion-item\" itemscope=\"\" itemprop=\"mainEntity\" itemtype=\"https:\/\/schema.org\/Question\"><h3 class=\"accordion-button collapsed\" data-bs-toggle=\"collapse\" data-bs-target=\"#collapse-block_594f4648639464420b2271b52fbbc9371093\" aria-expanded=\"false\" aria-controls=\"collapse-block_594f4648639464420b2271b52fbbc9371093\"><span class=\"d-block\" itemprop=\"name\">Millised on automatiseeritud kinnisvarahalduss\u00fcsteemide eelised?<\/span><span class=\"d-flex\"><svg xmlns=\"http:\/\/www.w3.org\/2000\/svg\" width=\"24.225\" height=\"15.613\" viewbox=\"0 0 24.225 15.613\"><path d=\"M564.2,42.728l10,12,10-12\" transform=\"translate(-562.088 -40.615)\" fill=\"none\" stroke=\"currentColor\" stroke-linecap=\"round\" stroke-linejoin=\"round\" stroke-width=\"3\"\/><\/svg><\/span><\/h3><div id=\"collapse-block_594f4648639464420b2271b52fbbc9371093\" class=\"accordion-collapse collapse\" data-bs-parent=\"#accordion-block_594f4648639464420b2271b52fbbc937\" itemscope=\"\" itemprop=\"acceptedAnswer\" itemtype=\"https:\/\/schema.org\/Answer\"><div class=\"accordion-body classic-editor\" itemprop=\"text\"><p><span style=\"font-weight: 400;\">Kinnisvara hoolduse ja remondi automatiseerimine tagab \u00f5igeaegse hoolduse ja hoiab \u00fc\u00fcrnikud rahulolevana. Lisaks muudavad hoolduse automatiseerimise lahendused, nagu n\u00e4iteks Alldevice, ennetava hoolduse ajastamise lihtsaks, mis aitab v\u00e4hendada kulusid, pikendada kinnisvara eluiga ja v\u00e4ltida tulevikus kallimaid remondit\u00f6id. Alldevice aitab ka kinnisvarahalduritel minna \u00fcle reaktiivselt hoolduselt ennetavale hooldusele, optimeerides hooldust\u00f6\u00f6vooge ja pikendades f\u00fc\u00fcsiliste varade eluiga.<\/span><\/p>\n<\/div><\/div><\/div><div class=\"accordion-item\" itemscope=\"\" itemprop=\"mainEntity\" itemtype=\"https:\/\/schema.org\/Question\"><h3 class=\"accordion-button collapsed\" data-bs-toggle=\"collapse\" data-bs-target=\"#collapse-block_594f4648639464420b2271b52fbbc9371091\" aria-expanded=\"false\" aria-controls=\"collapse-block_594f4648639464420b2271b52fbbc9371091\"><span class=\"d-block\" itemprop=\"name\">Milline on parim kinnisvarahalduse tarkvara?<\/span><span class=\"d-flex\"><svg xmlns=\"http:\/\/www.w3.org\/2000\/svg\" width=\"24.225\" height=\"15.613\" viewbox=\"0 0 24.225 15.613\"><path d=\"M564.2,42.728l10,12,10-12\" transform=\"translate(-562.088 -40.615)\" fill=\"none\" stroke=\"currentColor\" stroke-linecap=\"round\" stroke-linejoin=\"round\" stroke-width=\"3\"\/><\/svg><\/span><\/h3><div id=\"collapse-block_594f4648639464420b2271b52fbbc9371091\" class=\"accordion-collapse collapse\" data-bs-parent=\"#accordion-block_594f4648639464420b2271b52fbbc937\" itemscope=\"\" itemprop=\"acceptedAnswer\" itemtype=\"https:\/\/schema.org\/Answer\"><div class=\"accordion-body classic-editor\" itemprop=\"text\"><p><span style=\"font-weight: 400;\">Alldevice on \u00fcks parimaid kinnisvarahalduse tarkvaraprogramme. Selle lihtne, intuitiivne liides ja ulatuslikud funktsioonid muudavad selle kinnisvarahalduse tarkvara k\u00f5ige h\u00f5lpsamini kasutatavaks. Erinevalt teistest kinnisvarahalduse tarkvaraprogrammidest on Alldevice&#039;i loonud hooldusspetsialistid, kes kasutavad hooldustarkvara iga p\u00e4ev. Alldevice on eelistatud CMMS kinnisvarahaldusettev\u00f5tete jaoks paljudes Euroopa riikides, sealhulgas \u00dchendkuningriigis, Prantsusmaal, Saksamaal ja Poolas.<\/span><\/p>\n<\/div><\/div><\/div><div class=\"accordion-item\" itemscope=\"\" itemprop=\"mainEntity\" itemtype=\"https:\/\/schema.org\/Question\"><h3 class=\"accordion-button collapsed\" data-bs-toggle=\"collapse\" data-bs-target=\"#collapse-block_594f4648639464420b2271b52fbbc9371089\" aria-expanded=\"false\" aria-controls=\"collapse-block_594f4648639464420b2271b52fbbc9371089\"><span class=\"d-block\" itemprop=\"name\">Kui palju maksab teie kinnisvarahaldustarkvara?<\/span><span class=\"d-flex\"><svg xmlns=\"http:\/\/www.w3.org\/2000\/svg\" width=\"24.225\" height=\"15.613\" viewbox=\"0 0 24.225 15.613\"><path d=\"M564.2,42.728l10,12,10-12\" transform=\"translate(-562.088 -40.615)\" fill=\"none\" stroke=\"currentColor\" stroke-linecap=\"round\" stroke-linejoin=\"round\" stroke-width=\"3\"\/><\/svg><\/span><\/h3><div id=\"collapse-block_594f4648639464420b2271b52fbbc9371089\" class=\"accordion-collapse collapse\" data-bs-parent=\"#accordion-block_594f4648639464420b2271b52fbbc937\" itemscope=\"\" itemprop=\"acceptedAnswer\" itemtype=\"https:\/\/schema.org\/Answer\"><div class=\"accordion-body classic-editor\" itemprop=\"text\"><p><span style=\"font-weight: 400;\">Pakume kulut\u00f5husaid lahendusi igas suuruses ettev\u00f5tetele. Meie soodsaim pakett algab 200 eurost kuus 5 kasutaja puhul ja k\u00f5ige kallim pakett maksab piiramatu arvu kasutajate puhul 1250 eurot kuus. K\u00f5ik meie kinnisvarahaldustarkvara paketid sisaldavad k\u00f5iki funktsioone. Isikup\u00e4rastatud hinnapakkumise saamiseks v\u00f5tke \u00fchendust oma kohaliku tugimeeskonnaga. Meil on klienditeenindusmeeskonnad \u00fcle EL-i, sealhulgas Soomes, Eestis, L\u00e4tis ja Leedus, kes on valmis teid abistama. <\/span><\/p>\n<\/div><\/div><\/div><div class=\"accordion-item\" itemscope=\"\" itemprop=\"mainEntity\" itemtype=\"https:\/\/schema.org\/Question\"><h3 class=\"accordion-button collapsed\" data-bs-toggle=\"collapse\" data-bs-target=\"#collapse-block_594f4648639464420b2271b52fbbc9371087\" aria-expanded=\"false\" aria-controls=\"collapse-block_594f4648639464420b2271b52fbbc9371087\"><span class=\"d-block\" itemprop=\"name\">Kas on olemas t\u00f6\u00f6riist kinnisvarahalduse t\u00f6\u00f6korralduste haldamiseks?<\/span><span class=\"d-flex\"><svg xmlns=\"http:\/\/www.w3.org\/2000\/svg\" width=\"24.225\" height=\"15.613\" viewbox=\"0 0 24.225 15.613\"><path d=\"M564.2,42.728l10,12,10-12\" transform=\"translate(-562.088 -40.615)\" fill=\"none\" stroke=\"currentColor\" stroke-linecap=\"round\" stroke-linejoin=\"round\" stroke-width=\"3\"\/><\/svg><\/span><\/h3><div id=\"collapse-block_594f4648639464420b2271b52fbbc9371087\" class=\"accordion-collapse collapse\" data-bs-parent=\"#accordion-block_594f4648639464420b2271b52fbbc937\" itemscope=\"\" itemprop=\"acceptedAnswer\" itemtype=\"https:\/\/schema.org\/Answer\"><div class=\"accordion-body classic-editor\" itemprop=\"text\"><p><span style=\"font-weight: 400;\">Jah, Alldevice CMMS toimib kinnisvarahalduse t\u00f6\u00f6korralduste tarkvarana. Kinnisvarahalduse meeskonnad saavad Alldevice&#039;i abil h\u00f5lpsalt luua, hallata ja j\u00e4lgida hooldust\u00f6\u00f6de korraldusi. See tagab \u00f5igeaegse remondi, minimeerib f\u00fc\u00fcsilise vara seisakuid ja hoiab \u00fc\u00fcrnikud rahulolevana. Alldevice&#039;i mobiilirakendus v\u00f5imaldab meeskondadel hallata t\u00f6\u00f6korraldusi ka kohapeal, muutes selle ideaalseks v\u00e4lit\u00f6\u00f6de halduslahenduseks kinnisvarahalduritele.<\/span><\/p>\n<\/div><\/div><\/div><div class=\"accordion-item\" itemscope=\"\" itemprop=\"mainEntity\" itemtype=\"https:\/\/schema.org\/Question\"><h3 class=\"accordion-button collapsed\" data-bs-toggle=\"collapse\" data-bs-target=\"#collapse-block_594f4648639464420b2271b52fbbc9371085\" aria-expanded=\"false\" aria-controls=\"collapse-block_594f4648639464420b2271b52fbbc9371085\"><span class=\"d-block\" itemprop=\"name\">Kas teie CMMS automatiseerib kinnisvara hooldus- ja haldusteenuseid?<\/span><span class=\"d-flex\"><svg xmlns=\"http:\/\/www.w3.org\/2000\/svg\" width=\"24.225\" height=\"15.613\" viewbox=\"0 0 24.225 15.613\"><path d=\"M564.2,42.728l10,12,10-12\" transform=\"translate(-562.088 -40.615)\" fill=\"none\" stroke=\"currentColor\" stroke-linecap=\"round\" stroke-linejoin=\"round\" stroke-width=\"3\"\/><\/svg><\/span><\/h3><div id=\"collapse-block_594f4648639464420b2271b52fbbc9371085\" class=\"accordion-collapse collapse\" data-bs-parent=\"#accordion-block_594f4648639464420b2271b52fbbc937\" itemscope=\"\" itemprop=\"acceptedAnswer\" itemtype=\"https:\/\/schema.org\/Answer\"><div class=\"accordion-body classic-editor\" itemprop=\"text\"><p><span style=\"font-weight: 400;\">Jah, meie kinnisvarahalduss\u00fcsteemide tarkvara abil saate automatiseerida kinnisvara hoolduse ja haldamise erinevaid aspekte. N\u00e4iteks saate Alldevice&#039;i abil ajastada korduvaid hooldust\u00f6id, luua ennetava hoolduse t\u00f6\u00f6korraldusi ja hooldusajalugu. Meie tarkvara abil saate automatiseerida ka varuosade haldust, tagades, et teil on alati \u00f5iged varuosad kinnisvara hoolduse teostamiseks.<\/span><\/p>\n<\/div><\/div><\/div><\/div><\/div><\/div>\n<\/div>\n\n<div class=\"ama-block block-related\"><div class=\"block__header w-btn\"><h2>Blogi<\/h2><div class=\"wp-block-button is-style-read-more\"><a href=\"https:\/\/alldevice.com\/et\/resources\/\" class=\"wp-block-button__link\">Loe meie blogi<\/a><\/div><\/div><div class=\"block__body\"><a href=\"https:\/\/alldevice.com\/et\/case-studies\/utilitas\/\" class=\"post-item\"><div class=\"item__thumb\"><img decoding=\"async\" width=\"350\" height=\"180\" src=\"https:\/\/alldevice.com\/wp-content\/uploads\/bis-images\/3415\/utilitas3-1-350x180-f50_50.png\" class=\"attachment-350x180\" alt=\"utilitas3\" loading=\"lazy\" \/><div class=\"post--tags\"><span>Kliendilood<\/span><\/div><\/div><div class=\"item__content\"><p class=\"is-title\">T\u00f5hustades Utilitase kaugk\u00fctte hooldusprotsesse<\/p><p>Uue tarkvaralahenduse kasutuselev\u00f5tt on osa laiemast eesm\u00e4rgist hoida meie tehnoloogiline v\u00f5imekus ajakohasena ning rakendada uuenduslikke ja t\u00f6\u00f6kindlaid digilahendusi.<\/p>\n<\/div><div class=\"item__end wp-block-button is-style-read-more\"><span class=\"wp-block-button__link\">Loe edasi<\/span><\/div><\/a><a href=\"https:\/\/alldevice.com\/et\/case-studies\/e-piim\/\" class=\"post-item\"><div class=\"item__thumb\"><img decoding=\"async\" width=\"350\" height=\"180\" src=\"https:\/\/alldevice.com\/wp-content\/uploads\/bis-images\/3033\/E-Piim-24-350x180-f50_50.jpg\" class=\"attachment-350x180\" alt=\"E-Piim-24\" loading=\"lazy\" \/><div class=\"post--tags\"><span>Kliendilood<\/span><\/div><\/div><div class=\"item__content\"><p class=\"is-title\">Kuidas Epiim hoolduse p\u00e4riselt t\u00f6\u00f6le pani<\/p><p>Kui Epiim 2023. aastal oma uue tehase k\u00e4ivitas, otsustati ellu viia ka \u00fcks varaseid p\u00f5him\u00f5ttelisi otsuseid: kogu tehase hooldus peab olema digitaalselt juhitud, auditeeritav ja igap\u00e4evat\u00f6\u00f6s mugav kasutada.<\/p>\n<\/div><div class=\"item__end wp-block-button is-style-read-more\"><span class=\"wp-block-button__link\">Loe edasi<\/span><\/div><\/a><a href=\"https:\/\/alldevice.com\/et\/blog\/work-hour-based-maintenance-globalreader-alldevice\/\" class=\"post-item is-compact\"><div class=\"item__thumb\"><img decoding=\"async\" width=\"100\" height=\"100\" src=\"https:\/\/alldevice.com\/wp-content\/uploads\/bis-images\/1155\/Group-1000000898-100x100-f50_50.png\" class=\"attachment-100x100\" alt=\"Group 1000000898\" loading=\"lazy\" \/><\/div><div class=\"item__content\"><p class=\"is-title\">T\u00f6\u00f6tunnip\u00f5hine hooldus \u2013 GlobalReader ja Alldevice<\/p><\/div><\/a><a href=\"https:\/\/alldevice.com\/et\/blog\/iso-cert\/\" class=\"post-item is-compact\"><div class=\"item__thumb\"><img decoding=\"async\" width=\"100\" height=\"100\" src=\"https:\/\/alldevice.com\/wp-content\/uploads\/bis-images\/3020\/BVCER_withoutQR-ISO-27001-100x100-f47_32.png\" class=\"attachment-100x100\" alt=\"ISO 27001 certified\" loading=\"lazy\" \/><\/div><div class=\"item__content\"><p class=\"is-title\">Alldevice O\u00dc-le omistati ISO 27001:2022 sertifikaat<\/p><\/div><\/a><a href=\"https:\/\/alldevice.com\/et\/case-studies\/port-of-tallinn\/\" class=\"post-item is-compact\"><div class=\"item__thumb\"><img decoding=\"async\" width=\"100\" height=\"100\" src=\"https:\/\/alldevice.com\/wp-content\/uploads\/bis-images\/833\/Header_Case-Study_Port-of-Tallinn-100x100-f50_50.png\" class=\"attachment-100x100\" alt=\"P\u00e4is_Juhtumiuuring_Tallinna sadam\" loading=\"lazy\" \/><\/div><div class=\"item__content\"><p class=\"is-title\">Segadusest kontrolli alla saamiseni Tallinna sadamas<\/p><\/div><\/a><\/div><\/div>\n\n\n<p class=\"wp-el\"><\/p>","protected":false},"excerpt":{"rendered":"","protected":false},"author":2,"featured_media":0,"parent":254,"menu_order":0,"comment_status":"closed","ping_status":"closed","template":"","meta":{"_acf_changed":false,"inline_featured_image":false,"footnotes":""},"class_list":["post-1653","page","type-page","status-publish","hentry"],"acf":[],"_links":{"self":[{"href":"https:\/\/alldevice.com\/et\/wp-json\/wp\/v2\/pages\/1653","targetHints":{"allow":["GET"]}}],"collection":[{"href":"https:\/\/alldevice.com\/et\/wp-json\/wp\/v2\/pages"}],"about":[{"href":"https:\/\/alldevice.com\/et\/wp-json\/wp\/v2\/types\/page"}],"author":[{"embeddable":true,"href":"https:\/\/alldevice.com\/et\/wp-json\/wp\/v2\/users\/2"}],"replies":[{"embeddable":true,"href":"https:\/\/alldevice.com\/et\/wp-json\/wp\/v2\/comments?post=1653"}],"version-history":[{"count":8,"href":"https:\/\/alldevice.com\/et\/wp-json\/wp\/v2\/pages\/1653\/revisions"}],"predecessor-version":[{"id":2306,"href":"https:\/\/alldevice.com\/et\/wp-json\/wp\/v2\/pages\/1653\/revisions\/2306"}],"up":[{"embeddable":true,"href":"https:\/\/alldevice.com\/et\/wp-json\/wp\/v2\/pages\/254"}],"wp:attachment":[{"href":"https:\/\/alldevice.com\/et\/wp-json\/wp\/v2\/media?parent=1653"}],"curies":[{"name":"wp","href":"https:\/\/api.w.org\/{rel}","templated":true}]}}