{"id":1650,"date":"2025-08-18T11:29:01","date_gmt":"2025-08-18T11:29:01","guid":{"rendered":"https:\/\/alldevice.com\/?page_id=1650"},"modified":"2025-11-17T10:43:12","modified_gmt":"2025-11-17T08:43:12","slug":"chemical","status":"publish","type":"page","link":"https:\/\/alldevice.com\/et\/industries\/chemical\/","title":{"rendered":"Keemiat\u00f6\u00f6stuse hooldustarkvara"},"content":{"rendered":"<div class=\"ama-block block-bgcolor has-p-def has-stencil stencil-right stencil-top full-width\">\n<div class=\"ama-block block-grid-txt is-style-header-side\"><div class=\"block__header\"><p class=\"has-semi-huge-font-size\">Keemiat\u00f6\u00f6stuse hooldustarkvara<\/p><\/div><div class=\"block__body\"><div class=\"grid-txt-item\"><p class=\"has-medium-font-size fw-bold\">Regulatiivsele vastavusele<\/p><p> <\/p><\/div><div class=\"grid-txt-item\"><p class=\"has-medium-font-size fw-bold\">Ennustav ja ennetav hooldus <\/p><p> <\/p><\/div><div class=\"grid-txt-item\"><p class=\"has-medium-font-size fw-bold\">Pikendatud vara eluiga<\/p><p> <\/p><\/div><div class=\"grid-txt-item\"><p class=\"has-medium-font-size fw-bold\">Dokumentatsioon ja t\u00e4iustamine<\/p><p> <\/p><\/div><\/div><\/div>\n<\/div>\n\n<div class=\"ama-block block-portfolio is-compact is-style-simple\"><div class=\"block__header\"><h2>\u00dcle 10 000 hooldusspetsialisti hindab Alldevice&#039;i #1-ks<\/h2><\/div><div class=\"block__body\"><div class=\"portfolio-item\"><div class=\"item__logo\"><img loading=\"lazy\" decoding=\"async\" width=\"547\" height=\"547\" src=\"https:\/\/alldevice.com\/wp-content\/uploads\/2025\/05\/alexela_uus.png\" class=\"attachment-medium size-medium\" alt=\"\" srcset=\"https:\/\/alldevice.com\/wp-content\/uploads\/2025\/05\/alexela_uus.png 547w, https:\/\/alldevice.com\/wp-content\/uploads\/2025\/05\/alexela_uus-150x150.png 150w, https:\/\/alldevice.com\/wp-content\/uploads\/2025\/05\/alexela_uus-12x12.png 12w, https:\/\/alldevice.com\/wp-content\/uploads\/2025\/05\/alexela_uus-110x110.png 110w\" sizes=\"auto, (max-width: 547px) 100vw, 547px\" \/><\/div><\/div><div class=\"portfolio-item\"><div class=\"item__logo\"><img loading=\"lazy\" decoding=\"async\" width=\"810\" height=\"810\" src=\"https:\/\/alldevice.com\/wp-content\/uploads\/2025\/06\/neste-logol-810x810.png\" class=\"attachment-medium size-medium\" alt=\"\" srcset=\"https:\/\/alldevice.com\/wp-content\/uploads\/2025\/06\/neste-logol-810x810.png 810w, https:\/\/alldevice.com\/wp-content\/uploads\/2025\/06\/neste-logol-150x150.png 150w, https:\/\/alldevice.com\/wp-content\/uploads\/2025\/06\/neste-logol-12x12.png 12w, https:\/\/alldevice.com\/wp-content\/uploads\/2025\/06\/neste-logol-110x110.png 110w, https:\/\/alldevice.com\/wp-content\/uploads\/2025\/06\/neste-logol.png 1069w\" sizes=\"auto, (max-width: 810px) 100vw, 810px\" \/><\/div><\/div><div class=\"portfolio-item\"><div class=\"item__logo\"><img loading=\"lazy\" decoding=\"async\" width=\"719\" height=\"720\" src=\"https:\/\/alldevice.com\/wp-content\/uploads\/2026\/01\/Magnum_logo.png\" class=\"attachment-medium size-medium\" alt=\"\" srcset=\"https:\/\/alldevice.com\/wp-content\/uploads\/2026\/01\/Magnum_logo.png 719w, https:\/\/alldevice.com\/wp-content\/uploads\/2026\/01\/Magnum_logo-150x150.png 150w, https:\/\/alldevice.com\/wp-content\/uploads\/2026\/01\/Magnum_logo-12x12.png 12w, https:\/\/alldevice.com\/wp-content\/uploads\/2026\/01\/Magnum_logo-110x110.png 110w\" sizes=\"auto, (max-width: 719px) 100vw, 719px\" \/><\/div><\/div><div class=\"portfolio-item\"><div class=\"item__logo\"><img loading=\"lazy\" decoding=\"async\" width=\"431\" height=\"431\" src=\"https:\/\/alldevice.com\/wp-content\/uploads\/2025\/06\/aq.jpg\" class=\"attachment-medium size-medium\" alt=\"\" srcset=\"https:\/\/alldevice.com\/wp-content\/uploads\/2025\/06\/aq.jpg 431w, https:\/\/alldevice.com\/wp-content\/uploads\/2025\/06\/aq-150x150.jpg 150w, https:\/\/alldevice.com\/wp-content\/uploads\/2025\/06\/aq-12x12.jpg 12w, https:\/\/alldevice.com\/wp-content\/uploads\/2025\/06\/aq-110x110.jpg 110w\" sizes=\"auto, (max-width: 431px) 100vw, 431px\" \/><\/div><\/div><\/div><\/div>\n\n<div class=\"ama-block block-bgcolor has-p-def full-width\">\n<div class=\"ama-block block-txtmedia\"><div class=\"block__body\"><div class=\"body__content\">\n\n<h2 class=\"wp-block-heading wp-el\"><strong>Regulatiivsele vastavusele<\/strong><\/h2>\n\n\n\n<p class=\"wp-el\" style=\"font-style:normal;font-weight:500\">Meie platvorm lihtsustab k\u00f5igi tegevuste dokumenteerimist ja j\u00e4lgitavust, lihtsustades auditeid ja kontrolle. See t\u00f5hus protsess v\u00e4hendab oluliselt vastavuse tagamiseks kuluvat aega ja vaeva, v\u00f5imaldades teie meeskonnal keskenduda p\u00f5hi\u00fclesannetele.<\/p>\n\n\n\n<div class=\"wp-block-buttons is-layout-flex wp-block-buttons-is-layout-flex\">\n<div class=\"wp-block-button\"><a class=\"wp-block-button__link wp-element-button\" href=\"http:\/\/alldevice.com\/et\/contact\/\">K\u00fcsi demo!<\/a><\/div>\n<\/div>\n\n<\/div><div class=\"body__media\"><a href=\"https:\/\/alldevice.com\/wp-content\/uploads\/2025\/10\/CleanLogs.png\" class=\"ari-fancybox\" data-fancybox=\"gallery_block_00ccb8236e6afad5285cbb6321c5ff19\" data-caption=\"\"><img decoding=\"async\" class=\"zoom-target-img\" width=\"600\" height=\"400\" src=\"https:\/\/alldevice.com\/wp-content\/uploads\/bis-images\/2078\/CleanLogs-600x400-f50_50.png\" alt=\"Puhaslogid\" loading=\"lazy\" \/><\/a><\/div><\/div><\/div>\n<\/div>\n\n<div class=\"ama-block block-txtmedia reverse-order\"><div class=\"block__body\"><div class=\"body__content\">\n\n<h2 class=\"wp-block-heading wp-el\"><strong><strong>Ennustav ja ennetav hooldus<\/strong><\/strong><\/h2>\n\n\n\n<p class=\"wp-el\" style=\"font-style:normal;font-weight:500\">Optimeerige hooldust, koostades ajakava aja v\u00f5i kasutuse p\u00f5hjal, tagades, et \u00fclesandeid t\u00e4idetakse ainult siis, kui see on vajalik. See l\u00e4henemisviis v\u00e4hendab kulusid ja parandab k\u00e4ttesaadavust, hoides tegevuse t\u00f5husa ja usaldusv\u00e4\u00e4rsena.<\/p>\n\n\n\n<div class=\"wp-block-buttons is-layout-flex wp-block-buttons-is-layout-flex\">\n<div class=\"wp-block-button\"><a class=\"wp-block-button__link wp-element-button\" href=\"http:\/\/alldevice.com\/et\/contact\/\">K\u00fcsi pakkumist<\/a><\/div>\n<\/div>\n\n<\/div><div class=\"body__media\"><a href=\"https:\/\/alldevice.com\/wp-content\/uploads\/2025\/10\/TasksTypes.png\" class=\"ari-fancybox\" data-fancybox=\"gallery_block_f92ad8f66fdef3fd2449195aa3aa5e2e\" data-caption=\"\"><img decoding=\"async\" class=\"zoom-target-img\" width=\"600\" height=\"400\" src=\"https:\/\/alldevice.com\/wp-content\/uploads\/bis-images\/2050\/TasksTypes-600x400-f50_50.png\" alt=\"\u00dclesannete t\u00fc\u00fcbid\" loading=\"lazy\" \/><\/a><\/div><\/div><\/div>\n\n<div class=\"ama-block block-bgcolor has-p-def full-width\">\n<div class=\"ama-block block-txtmedia\"><div class=\"block__body\"><div class=\"body__content\">\n\n<h2 class=\"wp-block-heading wp-el\"><strong><strong>Pikendatud vara eluiga<\/strong><\/strong><\/h2>\n\n\n\n<p class=\"wp-el\" style=\"font-style:normal;font-weight:500\">Suurendage oma masinate pikaealisust ja t\u00f5husust ennetavate ja ennustavate hooldusstrateegiate rakendamisega. Need ennetavad l\u00e4henemisviisid tagavad, et teie seadmed t\u00f6\u00f6tavad pidevalt parimal v\u00f5imalikul viisil, minimeerides seisakuid ja pikendades nende tootmisiga.<\/p>\n\n\n\n<div class=\"wp-block-buttons is-layout-flex wp-block-buttons-is-layout-flex\">\n<div class=\"wp-block-button\"><a class=\"wp-block-button__link wp-element-button\" href=\"http:\/\/alldevice.com\/et\/contact\/\">K\u00fcsi demo!<\/a><\/div>\n<\/div>\n\n<\/div><div class=\"body__media\"><a href=\"https:\/\/alldevice.com\/wp-content\/uploads\/2025\/08\/3_1.png\" class=\"ari-fancybox\" data-fancybox=\"gallery_block_429a82bab9595fd20ea8c1e947c61f28\" data-caption=\"\"><img decoding=\"async\" class=\"zoom-target-img\" width=\"600\" height=\"400\" src=\"https:\/\/alldevice.com\/wp-content\/uploads\/bis-images\/1538\/3_1-600x400-f50_50.png\" alt=\"3_1\" loading=\"lazy\" \/><\/a><\/div><\/div><\/div>\n<\/div>\n\n<div class=\"ama-block block-txtmedia reverse-order\"><div class=\"block__body\"><div class=\"body__content\">\n\n<h2 class=\"wp-block-heading wp-el\"><strong><strong>Dokumentatsioon ja t\u00e4iustamine<\/strong><\/strong>s<\/h2>\n\n\n\n<p class=\"wp-el\" style=\"font-style:normal;font-weight:500\">T\u00e4iustage oma hooldusprotsesse l\u00e4bin\u00e4gelike andmete ja aruandlust\u00f6\u00f6riistade abil. Kasutades \u00e4ra selliseid olulisi m\u00f5\u00f5dikuid nagu keskmine riketevaheline aeg (MTBF) ja keskmine remondiaeg (MTTR), saate oma hooldusstrateegiaid pidevalt optimeerida ja t\u00e4iustada, et parandada t\u00f5husust ja t\u00f6\u00f6kindlust.<\/p>\n\n\n\n<div class=\"wp-block-buttons is-layout-flex wp-block-buttons-is-layout-flex\">\n<div class=\"wp-block-button\"><a class=\"wp-block-button__link wp-element-button\" href=\"http:\/\/alldevice.com\/et\/contact\/\">K\u00fcsi pakkumist<\/a><\/div>\n<\/div>\n\n<\/div><div class=\"body__media\"><a href=\"https:\/\/alldevice.com\/wp-content\/uploads\/2025\/07\/3.jpg\" class=\"ari-fancybox\" data-fancybox=\"gallery_block_ee3e20ef5374be1726d2c059a3a93961\" data-caption=\"\"><img decoding=\"async\" class=\"zoom-target-img\" width=\"600\" height=\"400\" src=\"https:\/\/alldevice.com\/wp-content\/uploads\/bis-images\/708\/3-600x400-f50_50.jpg\" alt=\"3\" loading=\"lazy\" \/><\/a><\/div><\/div><\/div>\n\n<div class=\"ama-block block-bgcolor has-p-def has-stencil stencil-right stencil-top full-width\">\n<div class=\"ama-block block-faqs\"><div class=\"block__header text-center\"><h2>Keemiat\u00f6\u00f6stuse KKK<\/h2><\/div><div class=\"block__body\"><div class=\"body__content accordion\" id=\"accordion-block_3d1236552fd1509f2416fe9d31ff0ea6\"><div class=\"accordion-item\" itemscope=\"\" itemprop=\"mainEntity\" itemtype=\"https:\/\/schema.org\/Question\"><h3 class=\"accordion-button collapsed\" data-bs-toggle=\"collapse\" data-bs-target=\"#collapse-block_3d1236552fd1509f2416fe9d31ff0ea61011\" aria-expanded=\"false\" aria-controls=\"collapse-block_3d1236552fd1509f2416fe9d31ff0ea61011\"><span class=\"d-block\" itemprop=\"name\">Mis on hooldusautomaatika keemiat\u00f6\u00f6stuses?<\/span><span class=\"d-flex\"><svg xmlns=\"http:\/\/www.w3.org\/2000\/svg\" width=\"24.225\" height=\"15.613\" viewbox=\"0 0 24.225 15.613\"><path d=\"M564.2,42.728l10,12,10-12\" transform=\"translate(-562.088 -40.615)\" fill=\"none\" stroke=\"currentColor\" stroke-linecap=\"round\" stroke-linejoin=\"round\" stroke-width=\"3\"\/><\/svg><\/span><\/h3><div id=\"collapse-block_3d1236552fd1509f2416fe9d31ff0ea61011\" class=\"accordion-collapse collapse\" data-bs-parent=\"#accordion-block_3d1236552fd1509f2416fe9d31ff0ea6\" itemscope=\"\" itemprop=\"acceptedAnswer\" itemtype=\"https:\/\/schema.org\/Answer\"><div class=\"accordion-body classic-editor\" itemprop=\"text\"><p><span style=\"font-weight: 400;\">Keemiat\u00f6\u00f6stuses hoolduse automatiseerimine on tarkvara kasutamine tootmisseadmete (nt kuivatid, reaktorid ja tsentrifuugid) hoolduse optimeerimiseks. Keemiat\u00f6\u00f6stuse vajadus automatiseerimise j\u00e4rele on m\u00e4rkimisv\u00e4\u00e4rselt kasvanud, mis on ajendanud keemiaseadmete hooldustarkvara, n\u00e4iteks Alldevice&#039;i, kasutuselev\u00f5ttu. Keemiatootjad kasutavad Alldevice&#039;i hooldust\u00f6\u00f6de planeerimiseks, ajastamiseks ja j\u00e4lgimiseks, v\u00e4hendades k\u00e4sitsi tehtavat t\u00f6\u00f6d ja seadmete seisakuid.<\/span><\/p>\n<\/div><\/div><\/div><div class=\"accordion-item\" itemscope=\"\" itemprop=\"mainEntity\" itemtype=\"https:\/\/schema.org\/Question\"><h3 class=\"accordion-button collapsed\" data-bs-toggle=\"collapse\" data-bs-target=\"#collapse-block_3d1236552fd1509f2416fe9d31ff0ea61009\" aria-expanded=\"false\" aria-controls=\"collapse-block_3d1236552fd1509f2416fe9d31ff0ea61009\"><span class=\"d-block\" itemprop=\"name\">Kas pakute keemiat\u00f6\u00f6stusele tasuta automatiseerimist\u00f6\u00f6riistu?<\/span><span class=\"d-flex\"><svg xmlns=\"http:\/\/www.w3.org\/2000\/svg\" width=\"24.225\" height=\"15.613\" viewbox=\"0 0 24.225 15.613\"><path d=\"M564.2,42.728l10,12,10-12\" transform=\"translate(-562.088 -40.615)\" fill=\"none\" stroke=\"currentColor\" stroke-linecap=\"round\" stroke-linejoin=\"round\" stroke-width=\"3\"\/><\/svg><\/span><\/h3><div id=\"collapse-block_3d1236552fd1509f2416fe9d31ff0ea61009\" class=\"accordion-collapse collapse\" data-bs-parent=\"#accordion-block_3d1236552fd1509f2416fe9d31ff0ea6\" itemscope=\"\" itemprop=\"acceptedAnswer\" itemtype=\"https:\/\/schema.org\/Answer\"><div class=\"accordion-body classic-editor\" itemprop=\"text\"><p><span style=\"font-weight: 400;\">Alldevice ei ole tasuta keemiaseadmete hooldustarkvara, kuid pakume taskukohaseid hinnapakette. Meie paketid j\u00e4\u00e4vad vahemikku 200 \u20ac\/kuu 5 kasutaja eest kuni 1250 \u20ac\/kuu piiramatu kasutajate arvu eest. K\u00f5ik meie paketid pakuvad t\u00e4isfunktsionaalsust, sealhulgas selliseid funktsioone nagu hoolduse automatiseerimine, rikete anal\u00fc\u00fcs ja detailsed aruanded. Meie tarkvara sobib ka meditsiinilaboriseadmete hoolduseks. <\/span><\/p>\n<\/div><\/div><\/div><div class=\"accordion-item\" itemscope=\"\" itemprop=\"mainEntity\" itemtype=\"https:\/\/schema.org\/Question\"><h3 class=\"accordion-button collapsed\" data-bs-toggle=\"collapse\" data-bs-target=\"#collapse-block_3d1236552fd1509f2416fe9d31ff0ea61007\" aria-expanded=\"false\" aria-controls=\"collapse-block_3d1236552fd1509f2416fe9d31ff0ea61007\"><span class=\"d-block\" itemprop=\"name\">Mis on n\u00e4ide laboriseadmete hoolduse kontrollnimekirjast?<\/span><span class=\"d-flex\"><svg xmlns=\"http:\/\/www.w3.org\/2000\/svg\" width=\"24.225\" height=\"15.613\" viewbox=\"0 0 24.225 15.613\"><path d=\"M564.2,42.728l10,12,10-12\" transform=\"translate(-562.088 -40.615)\" fill=\"none\" stroke=\"currentColor\" stroke-linecap=\"round\" stroke-linejoin=\"round\" stroke-width=\"3\"\/><\/svg><\/span><\/h3><div id=\"collapse-block_3d1236552fd1509f2416fe9d31ff0ea61007\" class=\"accordion-collapse collapse\" data-bs-parent=\"#accordion-block_3d1236552fd1509f2416fe9d31ff0ea6\" itemscope=\"\" itemprop=\"acceptedAnswer\" itemtype=\"https:\/\/schema.org\/Answer\"><div class=\"accordion-body classic-editor\" itemprop=\"text\"><p><span style=\"font-weight: 400;\">Laboriseadmete hoolduskontrollnimekiri tagab hooldust\u00f6\u00f6de regulaarse teostamise. N\u00e4idiskontrollnimekiri v\u00f5ib sisaldada hooldust\u00f6id nagu komponentide puhastamine ja m\u00e4\u00e4rimine, filtrite vahetamine ning seadmete kulumise kontrollimine. Alldevice CMMS-i abil saavad hooldusmeeskonnad luua kohandatud laborikontrolli kontrollnimekirju, et tagada \u00f5igeaegne hooldus, v\u00e4hendada seisakuid ja pikendada seadmete eluiga.<\/span><\/p>\n<\/div><\/div><\/div><div class=\"accordion-item\" itemscope=\"\" itemprop=\"mainEntity\" itemtype=\"https:\/\/schema.org\/Question\"><h3 class=\"accordion-button collapsed\" data-bs-toggle=\"collapse\" data-bs-target=\"#collapse-block_3d1236552fd1509f2416fe9d31ff0ea61005\" aria-expanded=\"false\" aria-controls=\"collapse-block_3d1236552fd1509f2416fe9d31ff0ea61005\"><span class=\"d-block\" itemprop=\"name\">Miks on automatiseerimine meditsiinilaboriteaduses oluline?<\/span><span class=\"d-flex\"><svg xmlns=\"http:\/\/www.w3.org\/2000\/svg\" width=\"24.225\" height=\"15.613\" viewbox=\"0 0 24.225 15.613\"><path d=\"M564.2,42.728l10,12,10-12\" transform=\"translate(-562.088 -40.615)\" fill=\"none\" stroke=\"currentColor\" stroke-linecap=\"round\" stroke-linejoin=\"round\" stroke-width=\"3\"\/><\/svg><\/span><\/h3><div id=\"collapse-block_3d1236552fd1509f2416fe9d31ff0ea61005\" class=\"accordion-collapse collapse\" data-bs-parent=\"#accordion-block_3d1236552fd1509f2416fe9d31ff0ea6\" itemscope=\"\" itemprop=\"acceptedAnswer\" itemtype=\"https:\/\/schema.org\/Answer\"><div class=\"accordion-body classic-editor\" itemprop=\"text\"><p><span style=\"font-weight: 400;\">Meditsiinilaboriseadmete hoolduse automatiseerimise abil v\u00e4hendavad laborid inimlike vigade riski, suurendavad l\u00e4bilaskev\u00f5imet ning tagavad t\u00e4psed ja j\u00e4rjepidevad tulemused. Hoolduse automatiseerimise tarkvaral, nagu n\u00e4iteks Alldevice, on sellised funktsioonid nagu sisseehitatud salvestusruum ja \u00fcksikasjalikud hooldusaruanded, mis aitavad laboritel teha andmep\u00f5hiseid otsuseid seadmete seisakuaja v\u00e4hendamiseks. <\/span><\/p>\n<\/div><\/div><\/div><div class=\"accordion-item\" itemscope=\"\" itemprop=\"mainEntity\" itemtype=\"https:\/\/schema.org\/Question\"><h3 class=\"accordion-button collapsed\" data-bs-toggle=\"collapse\" data-bs-target=\"#collapse-block_3d1236552fd1509f2416fe9d31ff0ea61003\" aria-expanded=\"false\" aria-controls=\"collapse-block_3d1236552fd1509f2416fe9d31ff0ea61003\"><span class=\"d-block\" itemprop=\"name\">Milline on parim CMMS keemiat\u00f6\u00f6stuse automatiseerimiseks?<\/span><span class=\"d-flex\"><svg xmlns=\"http:\/\/www.w3.org\/2000\/svg\" width=\"24.225\" height=\"15.613\" viewbox=\"0 0 24.225 15.613\"><path d=\"M564.2,42.728l10,12,10-12\" transform=\"translate(-562.088 -40.615)\" fill=\"none\" stroke=\"currentColor\" stroke-linecap=\"round\" stroke-linejoin=\"round\" stroke-width=\"3\"\/><\/svg><\/span><\/h3><div id=\"collapse-block_3d1236552fd1509f2416fe9d31ff0ea61003\" class=\"accordion-collapse collapse\" data-bs-parent=\"#accordion-block_3d1236552fd1509f2416fe9d31ff0ea6\" itemscope=\"\" itemprop=\"acceptedAnswer\" itemtype=\"https:\/\/schema.org\/Answer\"><div class=\"accordion-body classic-editor\" itemprop=\"text\"><p><span style=\"font-weight: 400;\">Alldevice on parim CMMS laboriautomaatikaks keemiat\u00f6\u00f6stuses. Meie tarkvara on lihtne kasutada ja see on varustatud keemiatootjate ainulaadsete vajaduste rahuldamiseks. Alldevices pakub selliseid funktsioone nagu hooldust\u00f6\u00f6de automatiseerimine, rikete anal\u00fc\u00fcs ja varuosade haldamine, aidates keemiatootjatel optimeerida hooldust, v\u00e4hendada seisakuid ja suurendada tootlikkust. Alldevice on keemiatootjate ja meditsiinilaborite eelistatud valik paljudes EL-i riikides, sealhulgas Poolas, L\u00e4tis, Leedus ja Eestis.<\/span><\/p>\n<\/div><\/div><\/div><div class=\"accordion-item\" itemscope=\"\" itemprop=\"mainEntity\" itemtype=\"https:\/\/schema.org\/Question\"><h3 class=\"accordion-button collapsed\" data-bs-toggle=\"collapse\" data-bs-target=\"#collapse-block_3d1236552fd1509f2416fe9d31ff0ea61001\" aria-expanded=\"false\" aria-controls=\"collapse-block_3d1236552fd1509f2416fe9d31ff0ea61001\"><span class=\"d-block\" itemprop=\"name\">Kui palju maksab teie meditsiinilabori haldustarkvara?<\/span><span class=\"d-flex\"><svg xmlns=\"http:\/\/www.w3.org\/2000\/svg\" width=\"24.225\" height=\"15.613\" viewbox=\"0 0 24.225 15.613\"><path d=\"M564.2,42.728l10,12,10-12\" transform=\"translate(-562.088 -40.615)\" fill=\"none\" stroke=\"currentColor\" stroke-linecap=\"round\" stroke-linejoin=\"round\" stroke-width=\"3\"\/><\/svg><\/span><\/h3><div id=\"collapse-block_3d1236552fd1509f2416fe9d31ff0ea61001\" class=\"accordion-collapse collapse\" data-bs-parent=\"#accordion-block_3d1236552fd1509f2416fe9d31ff0ea6\" itemscope=\"\" itemprop=\"acceptedAnswer\" itemtype=\"https:\/\/schema.org\/Answer\"><div class=\"accordion-body classic-editor\" itemprop=\"text\"><p><span style=\"font-weight: 400;\">Meie meditsiinilabori haldustarkvara hind s\u00f5ltub kasutajate arvust. Meie paindlikud hinnaplaanid j\u00e4\u00e4vad vahemikku 200 \u20ac\/kuus 5 kasutaja puhul kuni 1250 \u20ac\/kuus piiramatu kasutajate arvu puhul, mist\u00f5ttu sobib see igas suuruses keemiat\u00f6\u00f6stuse ettev\u00f5tetele. Meil on kohalikud tugimeeskonnad suuremates Euroopa riikides, nagu Prantsusmaa, \u00dchendkuningriik, Saksamaa ja Poola, kes aitavad teil leida teie vajadustele ja eelarvele vastava paketi.<\/span><\/p>\n<\/div><\/div><\/div><\/div><\/div><\/div>\n<\/div>\n\n<div class=\"ama-block block-related\"><div class=\"block__header w-btn\"><h2>Blogi<\/h2><div class=\"wp-block-button is-style-read-more\"><a href=\"https:\/\/alldevice.com\/et\/resources\/\" class=\"wp-block-button__link\">Loe meie blogi<\/a><\/div><\/div><div class=\"block__body\"><a href=\"https:\/\/alldevice.com\/et\/case-studies\/utilitas\/\" class=\"post-item\"><div class=\"item__thumb\"><img decoding=\"async\" width=\"350\" height=\"180\" src=\"https:\/\/alldevice.com\/wp-content\/uploads\/bis-images\/3415\/utilitas3-1-350x180-f50_50.png\" class=\"attachment-350x180\" alt=\"utilitas3\" loading=\"lazy\" \/><div class=\"post--tags\"><span>Kliendilood<\/span><\/div><\/div><div class=\"item__content\"><p class=\"is-title\">T\u00f5hustades Utilitase kaugk\u00fctte hooldusprotsesse<\/p><p>Uue tarkvaralahenduse kasutuselev\u00f5tt on osa laiemast eesm\u00e4rgist hoida meie tehnoloogiline v\u00f5imekus ajakohasena ning rakendada uuenduslikke ja t\u00f6\u00f6kindlaid digilahendusi.<\/p>\n<\/div><div class=\"item__end wp-block-button is-style-read-more\"><span class=\"wp-block-button__link\">Loe edasi<\/span><\/div><\/a><a href=\"https:\/\/alldevice.com\/et\/case-studies\/e-piim\/\" class=\"post-item\"><div class=\"item__thumb\"><img decoding=\"async\" width=\"350\" height=\"180\" src=\"https:\/\/alldevice.com\/wp-content\/uploads\/bis-images\/3033\/E-Piim-24-350x180-f50_50.jpg\" class=\"attachment-350x180\" alt=\"E-Piim-24\" loading=\"lazy\" \/><div class=\"post--tags\"><span>Kliendilood<\/span><\/div><\/div><div class=\"item__content\"><p class=\"is-title\">Kuidas Epiim hoolduse p\u00e4riselt t\u00f6\u00f6le pani<\/p><p>Kui Epiim 2023. aastal oma uue tehase k\u00e4ivitas, otsustati ellu viia ka \u00fcks varaseid p\u00f5him\u00f5ttelisi otsuseid: kogu tehase hooldus peab olema digitaalselt juhitud, auditeeritav ja igap\u00e4evat\u00f6\u00f6s mugav kasutada.<\/p>\n<\/div><div class=\"item__end wp-block-button is-style-read-more\"><span class=\"wp-block-button__link\">Loe edasi<\/span><\/div><\/a><a href=\"https:\/\/alldevice.com\/et\/blog\/work-hour-based-maintenance-globalreader-alldevice\/\" class=\"post-item is-compact\"><div class=\"item__thumb\"><img decoding=\"async\" width=\"100\" height=\"100\" src=\"https:\/\/alldevice.com\/wp-content\/uploads\/bis-images\/1155\/Group-1000000898-100x100-f50_50.png\" class=\"attachment-100x100\" alt=\"Group 1000000898\" loading=\"lazy\" \/><\/div><div class=\"item__content\"><p class=\"is-title\">T\u00f6\u00f6tunnip\u00f5hine hooldus \u2013 GlobalReader ja Alldevice<\/p><\/div><\/a><a href=\"https:\/\/alldevice.com\/et\/blog\/iso-cert\/\" class=\"post-item is-compact\"><div class=\"item__thumb\"><img decoding=\"async\" width=\"100\" height=\"100\" src=\"https:\/\/alldevice.com\/wp-content\/uploads\/bis-images\/3020\/BVCER_withoutQR-ISO-27001-100x100-f47_32.png\" class=\"attachment-100x100\" alt=\"ISO 27001 certified\" loading=\"lazy\" \/><\/div><div class=\"item__content\"><p class=\"is-title\">Alldevice O\u00dc-le omistati ISO 27001:2022 sertifikaat<\/p><\/div><\/a><a href=\"https:\/\/alldevice.com\/et\/case-studies\/port-of-tallinn\/\" class=\"post-item is-compact\"><div class=\"item__thumb\"><img decoding=\"async\" width=\"100\" height=\"100\" src=\"https:\/\/alldevice.com\/wp-content\/uploads\/bis-images\/833\/Header_Case-Study_Port-of-Tallinn-100x100-f50_50.png\" class=\"attachment-100x100\" alt=\"P\u00e4is_Juhtumiuuring_Tallinna sadam\" loading=\"lazy\" \/><\/div><div class=\"item__content\"><p class=\"is-title\">Segadusest kontrolli alla saamiseni Tallinna sadamas<\/p><\/div><\/a><\/div><\/div>\n\n\n<p class=\"wp-el\"><\/p>","protected":false},"excerpt":{"rendered":"","protected":false},"author":2,"featured_media":0,"parent":254,"menu_order":0,"comment_status":"closed","ping_status":"closed","template":"","meta":{"_acf_changed":false,"inline_featured_image":false,"footnotes":""},"class_list":["post-1650","page","type-page","status-publish","hentry"],"acf":[],"_links":{"self":[{"href":"https:\/\/alldevice.com\/et\/wp-json\/wp\/v2\/pages\/1650","targetHints":{"allow":["GET"]}}],"collection":[{"href":"https:\/\/alldevice.com\/et\/wp-json\/wp\/v2\/pages"}],"about":[{"href":"https:\/\/alldevice.com\/et\/wp-json\/wp\/v2\/types\/page"}],"author":[{"embeddable":true,"href":"https:\/\/alldevice.com\/et\/wp-json\/wp\/v2\/users\/2"}],"replies":[{"embeddable":true,"href":"https:\/\/alldevice.com\/et\/wp-json\/wp\/v2\/comments?post=1650"}],"version-history":[{"count":17,"href":"https:\/\/alldevice.com\/et\/wp-json\/wp\/v2\/pages\/1650\/revisions"}],"predecessor-version":[{"id":2298,"href":"https:\/\/alldevice.com\/et\/wp-json\/wp\/v2\/pages\/1650\/revisions\/2298"}],"up":[{"embeddable":true,"href":"https:\/\/alldevice.com\/et\/wp-json\/wp\/v2\/pages\/254"}],"wp:attachment":[{"href":"https:\/\/alldevice.com\/et\/wp-json\/wp\/v2\/media?parent=1650"}],"curies":[{"name":"wp","href":"https:\/\/api.w.org\/{rel}","templated":true}]}}