{"id":1636,"date":"2025-08-18T10:34:23","date_gmt":"2025-08-18T10:34:23","guid":{"rendered":"https:\/\/alldevice.com\/?page_id=1636"},"modified":"2025-11-17T10:52:37","modified_gmt":"2025-11-17T08:52:37","slug":"steel-metal","status":"publish","type":"page","link":"https:\/\/alldevice.com\/et\/industries\/steel-metal\/","title":{"rendered":"Terase- ja metallit\u00f6\u00f6stuse hooldustarkvara"},"content":{"rendered":"<div class=\"ama-block block-bgcolor has-p-def has-stencil stencil-right stencil-top full-width\">\n<div class=\"ama-block block-grid-txt is-style-header-side\"><div class=\"block__header\"><p class=\"has-semi-huge-font-size\">Terase- ja metallit\u00f6\u00f6stuse hooldustarkvara<\/p><\/div><div class=\"block__body\"><div class=\"grid-txt-item\"><p class=\"has-medium-font-size fw-bold\">Parem tegevuse efektiivsus<\/p><p> <\/p><\/div><div class=\"grid-txt-item\"><p class=\"has-medium-font-size fw-bold\">Pikendatud seadmete eluiga<\/p><p> <\/p><\/div><div class=\"grid-txt-item\"><p class=\"has-medium-font-size fw-bold\">Klientide usaldus<\/p><p> <\/p><\/div><div class=\"grid-txt-item\"><p class=\"has-medium-font-size fw-bold\">Energiat\u00f5husus<\/p><p> <\/p><\/div><\/div><\/div>\n<\/div>\n\n<div class=\"ama-block block-portfolio is-compact is-style-simple\"><div class=\"block__header\"><h2>\u00dcle 10 000 hooldusspetsialisti hindab Alldevice&#039;i #1-ks<\/h2><\/div><div class=\"block__body\"><div class=\"portfolio-item\"><div class=\"item__logo\"><img loading=\"lazy\" decoding=\"async\" width=\"547\" height=\"547\" src=\"https:\/\/alldevice.com\/wp-content\/uploads\/2025\/05\/alexela_uus.png\" class=\"attachment-medium size-medium\" alt=\"\" srcset=\"https:\/\/alldevice.com\/wp-content\/uploads\/2025\/05\/alexela_uus.png 547w, https:\/\/alldevice.com\/wp-content\/uploads\/2025\/05\/alexela_uus-150x150.png 150w, https:\/\/alldevice.com\/wp-content\/uploads\/2025\/05\/alexela_uus-12x12.png 12w, https:\/\/alldevice.com\/wp-content\/uploads\/2025\/05\/alexela_uus-110x110.png 110w\" sizes=\"auto, (max-width: 547px) 100vw, 547px\" \/><\/div><\/div><div class=\"portfolio-item\"><div class=\"item__logo\"><img loading=\"lazy\" decoding=\"async\" width=\"810\" height=\"810\" src=\"https:\/\/alldevice.com\/wp-content\/uploads\/2025\/06\/neste-logol-810x810.png\" class=\"attachment-medium size-medium\" alt=\"\" srcset=\"https:\/\/alldevice.com\/wp-content\/uploads\/2025\/06\/neste-logol-810x810.png 810w, https:\/\/alldevice.com\/wp-content\/uploads\/2025\/06\/neste-logol-150x150.png 150w, https:\/\/alldevice.com\/wp-content\/uploads\/2025\/06\/neste-logol-12x12.png 12w, https:\/\/alldevice.com\/wp-content\/uploads\/2025\/06\/neste-logol-110x110.png 110w, https:\/\/alldevice.com\/wp-content\/uploads\/2025\/06\/neste-logol.png 1069w\" sizes=\"auto, (max-width: 810px) 100vw, 810px\" \/><\/div><\/div><div class=\"portfolio-item\"><div class=\"item__logo\"><img loading=\"lazy\" decoding=\"async\" width=\"719\" height=\"720\" src=\"https:\/\/alldevice.com\/wp-content\/uploads\/2026\/01\/Magnum_logo.png\" class=\"attachment-medium size-medium\" alt=\"\" srcset=\"https:\/\/alldevice.com\/wp-content\/uploads\/2026\/01\/Magnum_logo.png 719w, https:\/\/alldevice.com\/wp-content\/uploads\/2026\/01\/Magnum_logo-150x150.png 150w, https:\/\/alldevice.com\/wp-content\/uploads\/2026\/01\/Magnum_logo-12x12.png 12w, https:\/\/alldevice.com\/wp-content\/uploads\/2026\/01\/Magnum_logo-110x110.png 110w\" sizes=\"auto, (max-width: 719px) 100vw, 719px\" \/><\/div><\/div><div class=\"portfolio-item\"><div class=\"item__logo\"><img loading=\"lazy\" decoding=\"async\" width=\"431\" height=\"431\" src=\"https:\/\/alldevice.com\/wp-content\/uploads\/2025\/06\/aq.jpg\" class=\"attachment-medium size-medium\" alt=\"\" srcset=\"https:\/\/alldevice.com\/wp-content\/uploads\/2025\/06\/aq.jpg 431w, https:\/\/alldevice.com\/wp-content\/uploads\/2025\/06\/aq-150x150.jpg 150w, https:\/\/alldevice.com\/wp-content\/uploads\/2025\/06\/aq-12x12.jpg 12w, https:\/\/alldevice.com\/wp-content\/uploads\/2025\/06\/aq-110x110.jpg 110w\" sizes=\"auto, (max-width: 431px) 100vw, 431px\" \/><\/div><\/div><\/div><\/div>\n\n<div class=\"ama-block block-bgcolor has-p-def full-width\">\n<div class=\"ama-block block-txtmedia\"><div class=\"block__body\"><div class=\"body__content\">\n\n<h2 class=\"wp-block-heading wp-el\"><strong>Parem tegevuse efektiivsus<\/strong><\/h2>\n\n\n\n<p class=\"wp-el\" style=\"font-style:normal;font-weight:500\">Regulaarne hooldus on \u00fclioluline masinate sujuva t\u00f6\u00f6, tootlikkuse suurendamise ja \u00fchtlase toodangu kvaliteedi tagamiseks.<\/p>\n\n\n\n<div class=\"wp-block-buttons is-layout-flex wp-block-buttons-is-layout-flex\">\n<div class=\"wp-block-button\"><a class=\"wp-block-button__link wp-element-button\" href=\"http:\/\/alldevice.com\/et\/contact\/\">K\u00fcsi demo!<\/a><\/div>\n<\/div>\n\n<\/div><div class=\"body__media\"><a href=\"https:\/\/alldevice.com\/wp-content\/uploads\/2025\/08\/3_1.png\" class=\"ari-fancybox\" data-fancybox=\"gallery_block_f8f48aadb713c96090adea58a577922d\" data-caption=\"\"><img decoding=\"async\" class=\"zoom-target-img\" width=\"600\" height=\"400\" src=\"https:\/\/alldevice.com\/wp-content\/uploads\/bis-images\/1538\/3_1-600x400-f50_50.png\" alt=\"3_1\" loading=\"lazy\" \/><\/a><\/div><\/div><\/div>\n<\/div>\n\n<div class=\"ama-block block-txtmedia reverse-order\"><div class=\"block__body\"><div class=\"body__content\">\n\n<h2 class=\"wp-block-heading wp-el\"><strong><strong>Pikendatud seadmete eluiga<\/strong><\/strong><\/h2>\n\n\n\n<p class=\"wp-el\" style=\"font-style:normal;font-weight:500\">Regulaarne hooldus on oluline masinate eluea pikendamiseks, kaitstes nendesse varadesse tehtud olulisi investeeringuid.<\/p>\n\n\n\n<div class=\"wp-block-buttons is-layout-flex wp-block-buttons-is-layout-flex\">\n<div class=\"wp-block-button\"><a class=\"wp-block-button__link wp-element-button\" href=\"http:\/\/alldevice.com\/et\/contact\/\">K\u00fcsi pakkumist<\/a><\/div>\n<\/div>\n\n<\/div><div class=\"body__media\"><a href=\"https:\/\/alldevice.com\/wp-content\/uploads\/2025\/10\/TimeDash.png\" class=\"ari-fancybox\" data-fancybox=\"gallery_block_9726b8505fc8f705b042703120e5a9e1\" data-caption=\"\"><img decoding=\"async\" class=\"zoom-target-img\" width=\"600\" height=\"400\" src=\"https:\/\/alldevice.com\/wp-content\/uploads\/bis-images\/2040\/TimeDash-600x400-f50_50.png\" alt=\"TimeDash\" loading=\"lazy\" \/><\/a><\/div><\/div><\/div>\n\n<div class=\"ama-block block-bgcolor has-p-def full-width\">\n<div class=\"ama-block block-txtmedia\"><div class=\"block__body\"><div class=\"body__content\">\n\n<h2 class=\"wp-block-heading wp-el\"><strong><strong>Klientide usaldus<\/strong><\/strong><\/h2>\n\n\n\n<p class=\"wp-el\" style=\"font-style:normal;font-weight:500\">Klientide usalduse suurendamine sertifitseeritud m\u00f5\u00f5teseadmete abil v\u00f5ib oluliselt parandada teie toodete tajutavat kvaliteeti ja t\u00e4psust, andes teie ettev\u00f5ttele m\u00e4rkimisv\u00e4\u00e4rse konkurentsieelise.<\/p>\n\n\n\n<div class=\"wp-block-buttons is-layout-flex wp-block-buttons-is-layout-flex\">\n<div class=\"wp-block-button\"><a class=\"wp-block-button__link wp-element-button\" href=\"http:\/\/alldevice.com\/et\/contact\/\">K\u00fcsi demo!<\/a><\/div>\n<\/div>\n\n<\/div><div class=\"body__media\"><a href=\"https:\/\/alldevice.com\/wp-content\/uploads\/2025\/07\/2.jpg\" class=\"ari-fancybox\" data-fancybox=\"gallery_block_bb86eac40b1dd56557fa738492a519dd\" data-caption=\"\"><img decoding=\"async\" class=\"zoom-target-img\" width=\"600\" height=\"400\" src=\"https:\/\/alldevice.com\/wp-content\/uploads\/bis-images\/707\/2-600x400-f50_50.jpg\" alt=\"2\" loading=\"lazy\" \/><\/a><\/div><\/div><\/div>\n<\/div>\n\n<div class=\"ama-block block-txtmedia reverse-order\"><div class=\"block__body\"><div class=\"body__content\">\n\n<h2 class=\"wp-block-heading wp-el\"><strong><strong><strong>Energiat\u00f5husus<\/strong><\/strong><\/strong><\/h2>\n\n\n\n<p class=\"wp-el\" style=\"font-style:normal;font-weight:500\">Klientide usalduse suurendamine sertifitseeritud m\u00f5\u00f5teseadmete abil v\u00f5ib oluliselt parandada teie toodete tajutavat kvaliteeti ja t\u00e4psust, andes teie ettev\u00f5ttele m\u00e4rkimisv\u00e4\u00e4rse konkurentsieelise.<\/p>\n\n\n\n<div class=\"wp-block-buttons is-layout-flex wp-block-buttons-is-layout-flex\">\n<div class=\"wp-block-button\"><a class=\"wp-block-button__link wp-element-button\" href=\"http:\/\/alldevice.com\/et\/contact\/\">K\u00fcsi pakkumist<\/a><\/div>\n<\/div>\n\n<\/div><div class=\"body__media\"><a href=\"https:\/\/alldevice.com\/wp-content\/uploads\/2025\/08\/3.png\" class=\"ari-fancybox\" data-fancybox=\"gallery_block_6e91996abf708aa21d0bb5d651a18236\" data-caption=\"\"><img decoding=\"async\" class=\"zoom-target-img\" width=\"600\" height=\"400\" src=\"https:\/\/alldevice.com\/wp-content\/uploads\/bis-images\/1531\/3-600x400-f50_50.png\" alt=\"3\" loading=\"lazy\" \/><\/a><\/div><\/div><\/div>\n\n<div class=\"ama-block block-bgcolor has-p-def has-stencil stencil-right stencil-top full-width\">\n<div class=\"ama-block block-faqs\"><div class=\"block__header text-center\"><h2>Terase- ja metallit\u00f6\u00f6stuse KKK<\/h2><\/div><div class=\"block__body\"><div class=\"body__content accordion\" id=\"accordion-block_94b3091b09759e8e984372766740f785\"><div class=\"accordion-item\" itemscope=\"\" itemprop=\"mainEntity\" itemtype=\"https:\/\/schema.org\/Question\"><h3 class=\"accordion-button collapsed\" data-bs-toggle=\"collapse\" data-bs-target=\"#collapse-block_94b3091b09759e8e984372766740f7851045\" aria-expanded=\"false\" aria-controls=\"collapse-block_94b3091b09759e8e984372766740f7851045\"><span class=\"d-block\" itemprop=\"name\">Kuidas kasutatakse automatiseerimist teraset\u00f6\u00f6stuses?<\/span><span class=\"d-flex\"><svg xmlns=\"http:\/\/www.w3.org\/2000\/svg\" width=\"24.225\" height=\"15.613\" viewbox=\"0 0 24.225 15.613\"><path d=\"M564.2,42.728l10,12,10-12\" transform=\"translate(-562.088 -40.615)\" fill=\"none\" stroke=\"currentColor\" stroke-linecap=\"round\" stroke-linejoin=\"round\" stroke-width=\"3\"\/><\/svg><\/span><\/h3><div id=\"collapse-block_94b3091b09759e8e984372766740f7851045\" class=\"accordion-collapse collapse\" data-bs-parent=\"#accordion-block_94b3091b09759e8e984372766740f785\" itemscope=\"\" itemprop=\"acceptedAnswer\" itemtype=\"https:\/\/schema.org\/Answer\"><div class=\"accordion-body classic-editor\" itemprop=\"text\"><p><span style=\"font-weight: 400;\">Teraset\u00f6\u00f6stuse automatiseerimine on tarkvara ja s\u00fcsteemide kasutamine teraset\u00f6\u00f6stuses kasutatavate seadmete t\u00f6\u00f6 automatiseerimiseks. See h\u00f5lmab k\u00f5rgahjusid, valumasinaid ja valtsimistehaseid. Terasetootjad saavad CMMS-lahendusi kasutada ka seadmete hoolduse automatiseerimiseks. N\u00e4iteks v\u00f5imaldab Alldevice terasetootjatel automatiseerida ennetavaid hooldust\u00f6id, planeerida terasetootmisseadmete remonti ja teha rikete anal\u00fc\u00fcsi. <\/span><\/p>\n<\/div><\/div><\/div><div class=\"accordion-item\" itemscope=\"\" itemprop=\"mainEntity\" itemtype=\"https:\/\/schema.org\/Question\"><h3 class=\"accordion-button collapsed\" data-bs-toggle=\"collapse\" data-bs-target=\"#collapse-block_94b3091b09759e8e984372766740f7851043\" aria-expanded=\"false\" aria-controls=\"collapse-block_94b3091b09759e8e984372766740f7851043\"><span class=\"d-block\" itemprop=\"name\">Milline on parim hooldusautomaatika tarkvara teraset\u00f6\u00f6stuses?<\/span><span class=\"d-flex\"><svg xmlns=\"http:\/\/www.w3.org\/2000\/svg\" width=\"24.225\" height=\"15.613\" viewbox=\"0 0 24.225 15.613\"><path d=\"M564.2,42.728l10,12,10-12\" transform=\"translate(-562.088 -40.615)\" fill=\"none\" stroke=\"currentColor\" stroke-linecap=\"round\" stroke-linejoin=\"round\" stroke-width=\"3\"\/><\/svg><\/span><\/h3><div id=\"collapse-block_94b3091b09759e8e984372766740f7851043\" class=\"accordion-collapse collapse\" data-bs-parent=\"#accordion-block_94b3091b09759e8e984372766740f785\" itemscope=\"\" itemprop=\"acceptedAnswer\" itemtype=\"https:\/\/schema.org\/Answer\"><div class=\"accordion-body classic-editor\" itemprop=\"text\"><p><span style=\"font-weight: 400;\">Alldevice on parim tarkvara teraset\u00f6\u00f6stuse hoolduse automatiseerimiseks. Meie platvormi lihtne ja intuitiivne liides teeb t\u00f6\u00f6k\u00e4skude loomise ja haldamise, hoolduse ja remondi automatiseerimise ning varade j\u00f5udluse j\u00e4lgimise lihtsaks. Alldevice&#039;i mobiilirakenduse abil saavad hooldusmeeskonnad t\u00f6\u00f6k\u00e4ske hallata ja seadme teavet vaadata ka seadmete k\u00f5rval seistes. Alldevice on terasetootjate eelistatud CMMS paljudes EL-i riikides, sealhulgas Eestis, L\u00e4tis, Leedus ja Soomes.<\/span><\/p>\n<\/div><\/div><\/div><div class=\"accordion-item\" itemscope=\"\" itemprop=\"mainEntity\" itemtype=\"https:\/\/schema.org\/Question\"><h3 class=\"accordion-button collapsed\" data-bs-toggle=\"collapse\" data-bs-target=\"#collapse-block_94b3091b09759e8e984372766740f7851041\" aria-expanded=\"false\" aria-controls=\"collapse-block_94b3091b09759e8e984372766740f7851041\"><span class=\"d-block\" itemprop=\"name\">Mis on NDT metalli testimine?<\/span><span class=\"d-flex\"><svg xmlns=\"http:\/\/www.w3.org\/2000\/svg\" width=\"24.225\" height=\"15.613\" viewbox=\"0 0 24.225 15.613\"><path d=\"M564.2,42.728l10,12,10-12\" transform=\"translate(-562.088 -40.615)\" fill=\"none\" stroke=\"currentColor\" stroke-linecap=\"round\" stroke-linejoin=\"round\" stroke-width=\"3\"\/><\/svg><\/span><\/h3><div id=\"collapse-block_94b3091b09759e8e984372766740f7851041\" class=\"accordion-collapse collapse\" data-bs-parent=\"#accordion-block_94b3091b09759e8e984372766740f785\" itemscope=\"\" itemprop=\"acceptedAnswer\" itemtype=\"https:\/\/schema.org\/Answer\"><div class=\"accordion-body classic-editor\" itemprop=\"text\"><p><span style=\"font-weight: 400;\">NDT (mittepurustav testimine) on meetod, mida kasutatakse metalli omaduste, kvaliteedi ja terviklikkuse hindamiseks seda kahjustamata. NDT h\u00f5lmab mitmesuguseid anal\u00fc\u00fcsitehnikaid, nagu ultraheli testimine, radiograafia ja magnetosakeste kontroll. NDT-tehnikate abil saavad terasetootjad leida defekte, katkestusi v\u00f5i ebakorrap\u00e4rasusi, mis v\u00f5ivad m\u00f5jutada terasetoodete toimivust ja ohutust.<\/span><\/p>\n<\/div><\/div><\/div><div class=\"accordion-item\" itemscope=\"\" itemprop=\"mainEntity\" itemtype=\"https:\/\/schema.org\/Question\"><h3 class=\"accordion-button collapsed\" data-bs-toggle=\"collapse\" data-bs-target=\"#collapse-block_94b3091b09759e8e984372766740f7851039\" aria-expanded=\"false\" aria-controls=\"collapse-block_94b3091b09759e8e984372766740f7851039\"><span class=\"d-block\" itemprop=\"name\">Kas teie hooldustarkvara pakub mittepurustavat metalli testimist?<\/span><span class=\"d-flex\"><svg xmlns=\"http:\/\/www.w3.org\/2000\/svg\" width=\"24.225\" height=\"15.613\" viewbox=\"0 0 24.225 15.613\"><path d=\"M564.2,42.728l10,12,10-12\" transform=\"translate(-562.088 -40.615)\" fill=\"none\" stroke=\"currentColor\" stroke-linecap=\"round\" stroke-linejoin=\"round\" stroke-width=\"3\"\/><\/svg><\/span><\/h3><div id=\"collapse-block_94b3091b09759e8e984372766740f7851039\" class=\"accordion-collapse collapse\" data-bs-parent=\"#accordion-block_94b3091b09759e8e984372766740f785\" itemscope=\"\" itemprop=\"acceptedAnswer\" itemtype=\"https:\/\/schema.org\/Answer\"><div class=\"accordion-body classic-editor\" itemprop=\"text\"><p><span style=\"font-weight: 400;\">Alldevice ei paku spetsiaalselt mittepurustavat metallikatsetust. K\u00fcll aga v\u00f5imaldab see kasutajatel planeerida, ajastada ja dokumenteerida NDT tegevusi. Terasetootjad saavad Alldevice&#039;i abil luua kohandatud kontrollnimekirju, salvestada katsetulemusi ja genereerida vastavusn\u00f5uete t\u00e4itmiseks \u00fcksikasjalikke aruandeid. See aitab ka terasetootjatel ajastada seisukorrap\u00f5hist hooldust ja parandada varade t\u00f6\u00f6kindlust.<\/span><\/p>\n<\/div><\/div><\/div><div class=\"accordion-item\" itemscope=\"\" itemprop=\"mainEntity\" itemtype=\"https:\/\/schema.org\/Question\"><h3 class=\"accordion-button collapsed\" data-bs-toggle=\"collapse\" data-bs-target=\"#collapse-block_94b3091b09759e8e984372766740f7851037\" aria-expanded=\"false\" aria-controls=\"collapse-block_94b3091b09759e8e984372766740f7851037\"><span class=\"d-block\" itemprop=\"name\">Kas teie CMMS-programm planeerib teraskonstruktsioonide kontrolli?<\/span><span class=\"d-flex\"><svg xmlns=\"http:\/\/www.w3.org\/2000\/svg\" width=\"24.225\" height=\"15.613\" viewbox=\"0 0 24.225 15.613\"><path d=\"M564.2,42.728l10,12,10-12\" transform=\"translate(-562.088 -40.615)\" fill=\"none\" stroke=\"currentColor\" stroke-linecap=\"round\" stroke-linejoin=\"round\" stroke-width=\"3\"\/><\/svg><\/span><\/h3><div id=\"collapse-block_94b3091b09759e8e984372766740f7851037\" class=\"accordion-collapse collapse\" data-bs-parent=\"#accordion-block_94b3091b09759e8e984372766740f785\" itemscope=\"\" itemprop=\"acceptedAnswer\" itemtype=\"https:\/\/schema.org\/Answer\"><div class=\"accordion-body classic-editor\" itemprop=\"text\"><p><span style=\"font-weight: 400;\">Jah, Alldevice&#039;iga on v\u00f5imalik teraskonstruktsioonide \u00fclevaatusi ajastada. Kasutajad saavad f\u00fc\u00fcsiliste varade, sealhulgas teraskonstruktsioonide komponentide \u00fclevaatusi ajastada, hallata ja j\u00e4lgida. Meie tarkvaral on suur salvestusandmebaas, mis teeb metallispetsifikatsioonide ja \u00fclevaatusn\u00f5uete salvestamise edaspidiseks kasutamiseks lihtsaks. <\/span><\/p>\n<\/div><\/div><\/div><div class=\"accordion-item\" itemscope=\"\" itemprop=\"mainEntity\" itemtype=\"https:\/\/schema.org\/Question\"><h3 class=\"accordion-button collapsed\" data-bs-toggle=\"collapse\" data-bs-target=\"#collapse-block_94b3091b09759e8e984372766740f7851035\" aria-expanded=\"false\" aria-controls=\"collapse-block_94b3091b09759e8e984372766740f7851035\"><span class=\"d-block\" itemprop=\"name\">Kui palju maksab teie teraset\u00f6\u00f6stuse hoolduss\u00fcsteem?<\/span><span class=\"d-flex\"><svg xmlns=\"http:\/\/www.w3.org\/2000\/svg\" width=\"24.225\" height=\"15.613\" viewbox=\"0 0 24.225 15.613\"><path d=\"M564.2,42.728l10,12,10-12\" transform=\"translate(-562.088 -40.615)\" fill=\"none\" stroke=\"currentColor\" stroke-linecap=\"round\" stroke-linejoin=\"round\" stroke-width=\"3\"\/><\/svg><\/span><\/h3><div id=\"collapse-block_94b3091b09759e8e984372766740f7851035\" class=\"accordion-collapse collapse\" data-bs-parent=\"#accordion-block_94b3091b09759e8e984372766740f785\" itemscope=\"\" itemprop=\"acceptedAnswer\" itemtype=\"https:\/\/schema.org\/Answer\"><div class=\"accordion-body classic-editor\" itemprop=\"text\"><p><span style=\"font-weight: 400;\">Meie hinnaplaanid on loodud igas suuruses terasetootjatele. Paketid algavad 200 eurost kuus kuni 5 kasutaja jaoks, meie k\u00f5ige kallim pakett maksab 1250 eurot kuus piiramatu arvu kasutajate jaoks. K\u00f5ik meie paketid sisaldavad t\u00e4ielikku funktsionaalsust, olenemata kasutajate arvust. Meil on kohalikud tugimeeskonnad suuremates Euroopa riikides, sealhulgas Prantsusmaal, Saksamaal, \u00dchendkuningriigis ja Poolas, kes aitavad teil leida teie vajadustele vastava paketi.<\/span><\/p>\n<\/div><\/div><\/div><\/div><\/div><\/div>\n<\/div>\n\n<div class=\"ama-block block-related\"><div class=\"block__header w-btn\"><h2>Blogi<\/h2><div class=\"wp-block-button is-style-read-more\"><a href=\"https:\/\/alldevice.com\/et\/resources\/\" class=\"wp-block-button__link\">Loe meie blogi<\/a><\/div><\/div><div class=\"block__body\"><a href=\"https:\/\/alldevice.com\/et\/case-studies\/utilitas\/\" class=\"post-item\"><div class=\"item__thumb\"><img decoding=\"async\" width=\"350\" height=\"180\" src=\"https:\/\/alldevice.com\/wp-content\/uploads\/bis-images\/3415\/utilitas3-1-350x180-f50_50.png\" class=\"attachment-350x180\" alt=\"utilitas3\" loading=\"lazy\" \/><div class=\"post--tags\"><span>Kliendilood<\/span><\/div><\/div><div class=\"item__content\"><p class=\"is-title\">T\u00f5hustades Utilitase kaugk\u00fctte hooldusprotsesse<\/p><p>Uue tarkvaralahenduse kasutuselev\u00f5tt on osa laiemast eesm\u00e4rgist hoida meie tehnoloogiline v\u00f5imekus ajakohasena ning rakendada uuenduslikke ja t\u00f6\u00f6kindlaid digilahendusi.<\/p>\n<\/div><div class=\"item__end wp-block-button is-style-read-more\"><span class=\"wp-block-button__link\">Loe edasi<\/span><\/div><\/a><a href=\"https:\/\/alldevice.com\/et\/case-studies\/e-piim\/\" class=\"post-item\"><div class=\"item__thumb\"><img decoding=\"async\" width=\"350\" height=\"180\" src=\"https:\/\/alldevice.com\/wp-content\/uploads\/bis-images\/3033\/E-Piim-24-350x180-f50_50.jpg\" class=\"attachment-350x180\" alt=\"E-Piim-24\" loading=\"lazy\" \/><div class=\"post--tags\"><span>Kliendilood<\/span><\/div><\/div><div class=\"item__content\"><p class=\"is-title\">Kuidas Epiim hoolduse p\u00e4riselt t\u00f6\u00f6le pani<\/p><p>Kui Epiim 2023. aastal oma uue tehase k\u00e4ivitas, otsustati ellu viia ka \u00fcks varaseid p\u00f5him\u00f5ttelisi otsuseid: kogu tehase hooldus peab olema digitaalselt juhitud, auditeeritav ja igap\u00e4evat\u00f6\u00f6s mugav kasutada.<\/p>\n<\/div><div class=\"item__end wp-block-button is-style-read-more\"><span class=\"wp-block-button__link\">Loe edasi<\/span><\/div><\/a><a href=\"https:\/\/alldevice.com\/et\/blog\/work-hour-based-maintenance-globalreader-alldevice\/\" class=\"post-item is-compact\"><div class=\"item__thumb\"><img decoding=\"async\" width=\"100\" height=\"100\" src=\"https:\/\/alldevice.com\/wp-content\/uploads\/bis-images\/1155\/Group-1000000898-100x100-f50_50.png\" class=\"attachment-100x100\" alt=\"Group 1000000898\" loading=\"lazy\" \/><\/div><div class=\"item__content\"><p class=\"is-title\">T\u00f6\u00f6tunnip\u00f5hine hooldus \u2013 GlobalReader ja Alldevice<\/p><\/div><\/a><a href=\"https:\/\/alldevice.com\/et\/blog\/iso-cert\/\" class=\"post-item is-compact\"><div class=\"item__thumb\"><img decoding=\"async\" width=\"100\" height=\"100\" src=\"https:\/\/alldevice.com\/wp-content\/uploads\/bis-images\/3020\/BVCER_withoutQR-ISO-27001-100x100-f47_32.png\" class=\"attachment-100x100\" alt=\"ISO 27001 certified\" loading=\"lazy\" \/><\/div><div class=\"item__content\"><p class=\"is-title\">Alldevice O\u00dc-le omistati ISO 27001:2022 sertifikaat<\/p><\/div><\/a><a href=\"https:\/\/alldevice.com\/et\/case-studies\/port-of-tallinn\/\" class=\"post-item is-compact\"><div class=\"item__thumb\"><img decoding=\"async\" width=\"100\" height=\"100\" src=\"https:\/\/alldevice.com\/wp-content\/uploads\/bis-images\/833\/Header_Case-Study_Port-of-Tallinn-100x100-f50_50.png\" class=\"attachment-100x100\" alt=\"P\u00e4is_Juhtumiuuring_Tallinna sadam\" loading=\"lazy\" \/><\/div><div class=\"item__content\"><p class=\"is-title\">Segadusest kontrolli alla saamiseni Tallinna sadamas<\/p><\/div><\/a><\/div><\/div>\n\n\n<p class=\"wp-el\"><\/p>","protected":false},"excerpt":{"rendered":"","protected":false},"author":2,"featured_media":0,"parent":254,"menu_order":0,"comment_status":"closed","ping_status":"closed","template":"","meta":{"_acf_changed":false,"inline_featured_image":false,"footnotes":""},"class_list":["post-1636","page","type-page","status-publish","hentry"],"acf":[],"_links":{"self":[{"href":"https:\/\/alldevice.com\/et\/wp-json\/wp\/v2\/pages\/1636","targetHints":{"allow":["GET"]}}],"collection":[{"href":"https:\/\/alldevice.com\/et\/wp-json\/wp\/v2\/pages"}],"about":[{"href":"https:\/\/alldevice.com\/et\/wp-json\/wp\/v2\/types\/page"}],"author":[{"embeddable":true,"href":"https:\/\/alldevice.com\/et\/wp-json\/wp\/v2\/users\/2"}],"replies":[{"embeddable":true,"href":"https:\/\/alldevice.com\/et\/wp-json\/wp\/v2\/comments?post=1636"}],"version-history":[{"count":9,"href":"https:\/\/alldevice.com\/et\/wp-json\/wp\/v2\/pages\/1636\/revisions"}],"predecessor-version":[{"id":2308,"href":"https:\/\/alldevice.com\/et\/wp-json\/wp\/v2\/pages\/1636\/revisions\/2308"}],"up":[{"embeddable":true,"href":"https:\/\/alldevice.com\/et\/wp-json\/wp\/v2\/pages\/254"}],"wp:attachment":[{"href":"https:\/\/alldevice.com\/et\/wp-json\/wp\/v2\/media?parent=1636"}],"curies":[{"name":"wp","href":"https:\/\/api.w.org\/{rel}","templated":true}]}}