{"id":1633,"date":"2025-08-18T10:23:28","date_gmt":"2025-08-18T10:23:28","guid":{"rendered":"https:\/\/alldevice.com\/?page_id=1633"},"modified":"2025-11-17T10:53:21","modified_gmt":"2025-11-17T08:53:21","slug":"timber","status":"publish","type":"page","link":"https:\/\/alldevice.com\/et\/industries\/timber\/","title":{"rendered":"Puidut\u00f6\u00f6stuse hooldustarkvara"},"content":{"rendered":"<div class=\"ama-block block-bgcolor has-p-def has-stencil stencil-right stencil-top full-width\">\n<div class=\"ama-block block-grid-txt is-style-header-side\"><div class=\"block__header\"><p class=\"has-semi-huge-font-size\">Puidut\u00f6\u00f6stuse hooldustarkvara<\/p><\/div><div class=\"block__body\"><div class=\"grid-txt-item\"><p class=\"has-medium-font-size fw-bold\">Energiat\u00f5husus<\/p><p> <\/p><\/div><div class=\"grid-txt-item\"><p class=\"has-medium-font-size fw-bold\">V\u00e4hendatud seisakuaeg<\/p><p> <\/p><\/div><div class=\"grid-txt-item\"><p class=\"has-medium-font-size fw-bold\">Pikendatud seadmete eluiga<\/p><p> <\/p><\/div><div class=\"grid-txt-item\"><p class=\"has-medium-font-size fw-bold\">Kulude kokkuhoid<\/p><p> <\/p><\/div><\/div><\/div>\n<\/div>\n\n<div class=\"ama-block block-portfolio is-compact is-style-simple\"><div class=\"block__header\"><h2>\u00dcle 10 000 hooldusspetsialisti hindab Alldevice&#039;i #1-ks<\/h2><\/div><div class=\"block__body\"><div class=\"portfolio-item\"><div class=\"item__logo\"><img loading=\"lazy\" decoding=\"async\" width=\"547\" height=\"547\" src=\"https:\/\/alldevice.com\/wp-content\/uploads\/2025\/05\/alexela_uus.png\" class=\"attachment-medium size-medium\" alt=\"\" srcset=\"https:\/\/alldevice.com\/wp-content\/uploads\/2025\/05\/alexela_uus.png 547w, https:\/\/alldevice.com\/wp-content\/uploads\/2025\/05\/alexela_uus-150x150.png 150w, https:\/\/alldevice.com\/wp-content\/uploads\/2025\/05\/alexela_uus-12x12.png 12w, https:\/\/alldevice.com\/wp-content\/uploads\/2025\/05\/alexela_uus-110x110.png 110w\" sizes=\"auto, (max-width: 547px) 100vw, 547px\" \/><\/div><\/div><div class=\"portfolio-item\"><div class=\"item__logo\"><img loading=\"lazy\" decoding=\"async\" width=\"810\" height=\"810\" src=\"https:\/\/alldevice.com\/wp-content\/uploads\/2025\/06\/neste-logol-810x810.png\" class=\"attachment-medium size-medium\" alt=\"\" srcset=\"https:\/\/alldevice.com\/wp-content\/uploads\/2025\/06\/neste-logol-810x810.png 810w, https:\/\/alldevice.com\/wp-content\/uploads\/2025\/06\/neste-logol-150x150.png 150w, https:\/\/alldevice.com\/wp-content\/uploads\/2025\/06\/neste-logol-12x12.png 12w, https:\/\/alldevice.com\/wp-content\/uploads\/2025\/06\/neste-logol-110x110.png 110w, https:\/\/alldevice.com\/wp-content\/uploads\/2025\/06\/neste-logol.png 1069w\" sizes=\"auto, (max-width: 810px) 100vw, 810px\" \/><\/div><\/div><div class=\"portfolio-item\"><div class=\"item__logo\"><img loading=\"lazy\" decoding=\"async\" width=\"719\" height=\"720\" src=\"https:\/\/alldevice.com\/wp-content\/uploads\/2026\/01\/Magnum_logo.png\" class=\"attachment-medium size-medium\" alt=\"\" srcset=\"https:\/\/alldevice.com\/wp-content\/uploads\/2026\/01\/Magnum_logo.png 719w, https:\/\/alldevice.com\/wp-content\/uploads\/2026\/01\/Magnum_logo-150x150.png 150w, https:\/\/alldevice.com\/wp-content\/uploads\/2026\/01\/Magnum_logo-12x12.png 12w, https:\/\/alldevice.com\/wp-content\/uploads\/2026\/01\/Magnum_logo-110x110.png 110w\" sizes=\"auto, (max-width: 719px) 100vw, 719px\" \/><\/div><\/div><div class=\"portfolio-item\"><div class=\"item__logo\"><img loading=\"lazy\" decoding=\"async\" width=\"431\" height=\"431\" src=\"https:\/\/alldevice.com\/wp-content\/uploads\/2025\/06\/aq.jpg\" class=\"attachment-medium size-medium\" alt=\"\" srcset=\"https:\/\/alldevice.com\/wp-content\/uploads\/2025\/06\/aq.jpg 431w, https:\/\/alldevice.com\/wp-content\/uploads\/2025\/06\/aq-150x150.jpg 150w, https:\/\/alldevice.com\/wp-content\/uploads\/2025\/06\/aq-12x12.jpg 12w, https:\/\/alldevice.com\/wp-content\/uploads\/2025\/06\/aq-110x110.jpg 110w\" sizes=\"auto, (max-width: 431px) 100vw, 431px\" \/><\/div><\/div><\/div><\/div>\n\n<div class=\"ama-block block-bgcolor has-p-def full-width\">\n<div class=\"ama-block block-txtmedia\"><div class=\"block__body\"><div class=\"body__content\">\n\n<h2 class=\"wp-block-heading wp-el\"><strong>Energiat\u00f5husus<\/strong><\/h2>\n\n\n\n<p class=\"wp-el\" style=\"font-style:normal;font-weight:500\">Seadmete regulaarne hooldus suurendab energiat\u00f5husust, mille tulemuseks on kulude kokkuhoid ja keskkonnas\u00e4\u00e4stlikkus.<\/p>\n\n\n\n<div class=\"wp-block-buttons is-layout-flex wp-block-buttons-is-layout-flex\">\n<div class=\"wp-block-button\"><a class=\"wp-block-button__link wp-element-button\" href=\"http:\/\/alldevice.com\/et\/contact\/\">K\u00fcsi demo!<\/a><\/div>\n<\/div>\n\n<\/div><div class=\"body__media\"><a href=\"https:\/\/alldevice.com\/wp-content\/uploads\/2025\/08\/2_1.png\" class=\"ari-fancybox\" data-fancybox=\"gallery_block_9bfab78cc156c3a019f7b5122eb5fa3a\" data-caption=\"\"><img decoding=\"async\" class=\"zoom-target-img\" width=\"600\" height=\"400\" src=\"https:\/\/alldevice.com\/wp-content\/uploads\/bis-images\/1535\/2_1-600x400-f50_50.png\" alt=\"2_1\" loading=\"lazy\" \/><\/a><\/div><\/div><\/div>\n<\/div>\n\n<div class=\"ama-block block-txtmedia reverse-order\"><div class=\"block__body\"><div class=\"body__content\">\n\n<h2 class=\"wp-block-heading wp-el\"><strong><strong>V\u00e4hendatud seisakuaeg<\/strong><\/strong><\/h2>\n\n\n\n<p class=\"wp-el\" style=\"font-style:normal;font-weight:500\">Ennetav hooldus m\u00e4ngib olulist rolli ootamatute seadmete rikete minimeerimisel, sujuva tootmise tagamisel ja kulukate seisakute v\u00e4hendamisel. Hoolduse planeerimine kindlate ajavahemike j\u00e4rel v\u00f5i kasutuskordade p\u00f5hjal tagab selle ennetava l\u00e4henemisviisi, et seadmeid hooldatakse t\u00e4pselt siis, kui vaja, suurendades t\u00f5husust ja t\u00f6\u00f6kindlust.<\/p>\n\n\n\n<div class=\"wp-block-buttons is-layout-flex wp-block-buttons-is-layout-flex\">\n<div class=\"wp-block-button\"><a class=\"wp-block-button__link wp-element-button\" href=\"http:\/\/alldevice.com\/et\/contact\/\">K\u00fcsi pakkumist<\/a><\/div>\n<\/div>\n\n<\/div><div class=\"body__media\"><a href=\"https:\/\/alldevice.com\/wp-content\/uploads\/2025\/10\/TimeDash.png\" class=\"ari-fancybox\" data-fancybox=\"gallery_block_a31a5e89bd0a5c1df5834672d581ee04\" data-caption=\"\"><img decoding=\"async\" class=\"zoom-target-img\" width=\"600\" height=\"400\" src=\"https:\/\/alldevice.com\/wp-content\/uploads\/bis-images\/2040\/TimeDash-600x400-f50_50.png\" alt=\"TimeDash\" loading=\"lazy\" \/><\/a><\/div><\/div><\/div>\n\n<div class=\"ama-block block-bgcolor has-p-def full-width\">\n<div class=\"ama-block block-txtmedia\"><div class=\"block__body\"><div class=\"body__content\">\n\n<h2 class=\"wp-block-heading wp-el\"><strong><strong>Pikendatud seadmete eluiga<\/strong><\/strong><\/h2>\n\n\n\n<p class=\"wp-el\" style=\"font-style:normal;font-weight:500\">Regulaarne hooldus on oluline masinate eluea pikendamiseks, kaitstes nendesse varadesse tehtud olulisi investeeringuid.<\/p>\n\n\n\n<div class=\"wp-block-buttons is-layout-flex wp-block-buttons-is-layout-flex\">\n<div class=\"wp-block-button\"><a class=\"wp-block-button__link wp-element-button\" href=\"http:\/\/alldevice.com\/et\/contact\/\">K\u00fcsi demo!<\/a><\/div>\n<\/div>\n\n<\/div><div class=\"body__media\"><a href=\"https:\/\/alldevice.com\/wp-content\/uploads\/2025\/07\/2.jpg\" class=\"ari-fancybox\" data-fancybox=\"gallery_block_f3ab8aae95d9f441fd66d92ed84bb4d3\" data-caption=\"\"><img decoding=\"async\" class=\"zoom-target-img\" width=\"600\" height=\"400\" src=\"https:\/\/alldevice.com\/wp-content\/uploads\/bis-images\/707\/2-600x400-f50_50.jpg\" alt=\"2\" loading=\"lazy\" \/><\/a><\/div><\/div><\/div>\n<\/div>\n\n<div class=\"ama-block block-txtmedia reverse-order\"><div class=\"block__body\"><div class=\"body__content\">\n\n<h2 class=\"wp-block-heading wp-el\"><strong><strong>Kulude kokkuhoid<\/strong><\/strong><\/h2>\n\n\n\n<p class=\"wp-el\" style=\"font-style:normal;font-weight:500\">Ennetav hooldus on ennetav l\u00e4henemisviis, mis aitab minimeerida avariiremonti ja v\u00e4hendada varuosade kulusid, tuvastades ja lahendades potentsiaalsed probleemid enne, kui need suuremateks probleemideks eskaleeruvad.<\/p>\n\n\n\n<div class=\"wp-block-buttons is-layout-flex wp-block-buttons-is-layout-flex\">\n<div class=\"wp-block-button\"><a class=\"wp-block-button__link wp-element-button\" href=\"http:\/\/alldevice.com\/et\/contact\/\">K\u00fcsi pakkumist<\/a><\/div>\n<\/div>\n\n<\/div><div class=\"body__media\"><a href=\"https:\/\/alldevice.com\/wp-content\/uploads\/2025\/10\/Costs.png\" class=\"ari-fancybox\" data-fancybox=\"gallery_block_fefbac58ccb5e57c46278d6fe85e3cc2\" data-caption=\"\"><img decoding=\"async\" class=\"zoom-target-img\" width=\"600\" height=\"400\" src=\"https:\/\/alldevice.com\/wp-content\/uploads\/bis-images\/2043\/Costs-600x400-f50_50.png\" alt=\"Kulud\" loading=\"lazy\" \/><\/a><\/div><\/div><\/div>\n\n<div class=\"ama-block block-bgcolor has-p-def has-stencil stencil-right stencil-top full-width\">\n<div class=\"ama-block block-faqs\"><div class=\"block__header text-center\"><h2>Puidut\u00f6\u00f6stuse KKK<\/h2><\/div><div class=\"block__body\"><div class=\"body__content accordion\" id=\"accordion-block_ee421a7e20ca94dec692736ac2baf99e\"><div class=\"accordion-item\" itemscope=\"\" itemprop=\"mainEntity\" itemtype=\"https:\/\/schema.org\/Question\"><h3 class=\"accordion-button collapsed\" data-bs-toggle=\"collapse\" data-bs-target=\"#collapse-block_ee421a7e20ca94dec692736ac2baf99e1033\" aria-expanded=\"false\" aria-controls=\"collapse-block_ee421a7e20ca94dec692736ac2baf99e1033\"><span class=\"d-block\" itemprop=\"name\">Millised on m\u00f5ned n\u00e4ited automatiseerimisest puidut\u00f6\u00f6stuses?<\/span><span class=\"d-flex\"><svg xmlns=\"http:\/\/www.w3.org\/2000\/svg\" width=\"24.225\" height=\"15.613\" viewbox=\"0 0 24.225 15.613\"><path d=\"M564.2,42.728l10,12,10-12\" transform=\"translate(-562.088 -40.615)\" fill=\"none\" stroke=\"currentColor\" stroke-linecap=\"round\" stroke-linejoin=\"round\" stroke-width=\"3\"\/><\/svg><\/span><\/h3><div id=\"collapse-block_ee421a7e20ca94dec692736ac2baf99e1033\" class=\"accordion-collapse collapse\" data-bs-parent=\"#accordion-block_ee421a7e20ca94dec692736ac2baf99e\" itemscope=\"\" itemprop=\"acceptedAnswer\" itemtype=\"https:\/\/schema.org\/Answer\"><div class=\"accordion-body classic-editor\" itemprop=\"text\"><p><span style=\"font-weight: 400;\">Puidufirmad kasutavad automatiseerimist efektiivsuse parandamiseks, tootmisvigade k\u00f5rvaldamiseks ja j\u00e4\u00e4tmete v\u00e4hendamiseks. Puidut\u00f6\u00f6stuse automatiseerimise n\u00e4ideteks on arvutiga juhitavate saekaadrite ja sorteerimiss\u00fcsteemide kasutamine ning hooldust\u00f6\u00f6de automatiseerimine CMMS-i abil. N\u00e4iteks saavad puidufirmad kasutada Alldevice&#039;i seadmete hoolduse automaatseks ajastamiseks, hooldustegevuste andmete kogumiseks ja remondiks vajalike varuosade haldamiseks.<\/span><\/p>\n<\/div><\/div><\/div><div class=\"accordion-item\" itemscope=\"\" itemprop=\"mainEntity\" itemtype=\"https:\/\/schema.org\/Question\"><h3 class=\"accordion-button collapsed\" data-bs-toggle=\"collapse\" data-bs-target=\"#collapse-block_ee421a7e20ca94dec692736ac2baf99e1031\" aria-expanded=\"false\" aria-controls=\"collapse-block_ee421a7e20ca94dec692736ac2baf99e1031\"><span class=\"d-block\" itemprop=\"name\">Millised on automatiseerimisvahendite eelised puidut\u00f6\u00f6tlemistehastele?<\/span><span class=\"d-flex\"><svg xmlns=\"http:\/\/www.w3.org\/2000\/svg\" width=\"24.225\" height=\"15.613\" viewbox=\"0 0 24.225 15.613\"><path d=\"M564.2,42.728l10,12,10-12\" transform=\"translate(-562.088 -40.615)\" fill=\"none\" stroke=\"currentColor\" stroke-linecap=\"round\" stroke-linejoin=\"round\" stroke-width=\"3\"\/><\/svg><\/span><\/h3><div id=\"collapse-block_ee421a7e20ca94dec692736ac2baf99e1031\" class=\"accordion-collapse collapse\" data-bs-parent=\"#accordion-block_ee421a7e20ca94dec692736ac2baf99e\" itemscope=\"\" itemprop=\"acceptedAnswer\" itemtype=\"https:\/\/schema.org\/Answer\"><div class=\"accordion-body classic-editor\" itemprop=\"text\"><p><span style=\"font-weight: 400;\">Puidut\u00f6\u00f6tlemistehaste automatiseerimine aitab parandada t\u00f5husust, v\u00e4hendada j\u00e4\u00e4tmeid ja kulusid. Kasutades sellist CMMS-i nagu Alldevice, saavad t\u00f6\u00f6tlemistehased v\u00e4hendada seadmete seisakuid, parandada tootmist ja pikendada puidut\u00f6\u00f6tlemisseadmete eluiga. Hoolduse automatiseerimine puidut\u00f6\u00f6stuses tagab ka seadmete ohutu t\u00f6\u00f6, v\u00e4hendades t\u00f6\u00f6tajate t\u00f5siste vigastuste ohtu. Paljude EL-i riikide, sealhulgas Eesti, L\u00e4ti, Leedu ja Soome puidut\u00f6\u00f6tlemistehased kasutavad Alldevice&#039;i CMMS-i oma hooldustegevuse automatiseerimiseks.<\/span><\/p>\n<\/div><\/div><\/div><div class=\"accordion-item\" itemscope=\"\" itemprop=\"mainEntity\" itemtype=\"https:\/\/schema.org\/Question\"><h3 class=\"accordion-button collapsed\" data-bs-toggle=\"collapse\" data-bs-target=\"#collapse-block_ee421a7e20ca94dec692736ac2baf99e1029\" aria-expanded=\"false\" aria-controls=\"collapse-block_ee421a7e20ca94dec692736ac2baf99e1029\"><span class=\"d-block\" itemprop=\"name\">Milline on parim hooldustarkvara puidumassi ja paberi tootmiseks?<\/span><span class=\"d-flex\"><svg xmlns=\"http:\/\/www.w3.org\/2000\/svg\" width=\"24.225\" height=\"15.613\" viewbox=\"0 0 24.225 15.613\"><path d=\"M564.2,42.728l10,12,10-12\" transform=\"translate(-562.088 -40.615)\" fill=\"none\" stroke=\"currentColor\" stroke-linecap=\"round\" stroke-linejoin=\"round\" stroke-width=\"3\"\/><\/svg><\/span><\/h3><div id=\"collapse-block_ee421a7e20ca94dec692736ac2baf99e1029\" class=\"accordion-collapse collapse\" data-bs-parent=\"#accordion-block_ee421a7e20ca94dec692736ac2baf99e\" itemscope=\"\" itemprop=\"acceptedAnswer\" itemtype=\"https:\/\/schema.org\/Answer\"><div class=\"accordion-body classic-editor\" itemprop=\"text\"><p><span style=\"font-weight: 400;\">Alldevice paistab silma kui parim hooldusprogramm tselluloosi- ja paberit\u00f6\u00f6stusele. Meie tarkvara on lihtne kasutada ja selle on loonud inimesed, kes kasutavad CMMS-i iga p\u00e4ev. Tselluloosi- ja paberit\u00f6\u00f6stuse ettev\u00f5tted saavad Alldevice&#039;i abil luua ja hallata t\u00f6\u00f6korraldusi kriitiliste seadmete, n\u00e4iteks puiduk\u00e4itlusseadmete ja tselluloosi t\u00f6\u00f6tlemise masinate jaoks. Hooldusmeeskonnad saavad Alldevice&#039;i abil planeerida ka paberimasinate, presside ja kuivatite ennetavat hooldust.<\/span><\/p>\n<\/div><\/div><\/div><div class=\"accordion-item\" itemscope=\"\" itemprop=\"mainEntity\" itemtype=\"https:\/\/schema.org\/Question\"><h3 class=\"accordion-button collapsed\" data-bs-toggle=\"collapse\" data-bs-target=\"#collapse-block_ee421a7e20ca94dec692736ac2baf99e1027\" aria-expanded=\"false\" aria-controls=\"collapse-block_ee421a7e20ca94dec692736ac2baf99e1027\"><span class=\"d-block\" itemprop=\"name\">Kuidas teie CMMS optimeerib puidu v\u00e4\u00e4rtusahelat?<\/span><span class=\"d-flex\"><svg xmlns=\"http:\/\/www.w3.org\/2000\/svg\" width=\"24.225\" height=\"15.613\" viewbox=\"0 0 24.225 15.613\"><path d=\"M564.2,42.728l10,12,10-12\" transform=\"translate(-562.088 -40.615)\" fill=\"none\" stroke=\"currentColor\" stroke-linecap=\"round\" stroke-linejoin=\"round\" stroke-width=\"3\"\/><\/svg><\/span><\/h3><div id=\"collapse-block_ee421a7e20ca94dec692736ac2baf99e1027\" class=\"accordion-collapse collapse\" data-bs-parent=\"#accordion-block_ee421a7e20ca94dec692736ac2baf99e\" itemscope=\"\" itemprop=\"acceptedAnswer\" itemtype=\"https:\/\/schema.org\/Answer\"><div class=\"accordion-body classic-editor\" itemprop=\"text\"><p><span style=\"font-weight: 400;\">Alldevice&#039;i CMMS-s\u00fcsteem suudab optimeerida puidu v\u00e4\u00e4rtusahela k\u00f5iki aspekte. Puiduettev\u00f5tted saavad meie CMMS-i kasutada langetusmasinate ennetava hoolduse automatiseerimiseks. Puidut\u00f6\u00f6tlemistehased saavad Alldevice&#039;i kasutada hoolduse automatiseerimiseks. See h\u00f5lmab sorteerimisseadmete hooldust, palkide l\u00f5ikamist saematerjaliks ja saematerjali t\u00f6\u00f6tlemist spooniks, hakkeks v\u00f5i muudeks puidutoodeteks. L\u00f5puks saavad puidut\u00f6\u00f6tlemisettev\u00f5tted meie CMMS-i kasutada seadmete j\u00f5udluse j\u00e4lgimiseks, ennetava hoolduse planeerimiseks ja puidusertifikaadi n\u00f5uete t\u00e4itmise tagamiseks.<\/span><\/p>\n<\/div><\/div><\/div><div class=\"accordion-item\" itemscope=\"\" itemprop=\"mainEntity\" itemtype=\"https:\/\/schema.org\/Question\"><h3 class=\"accordion-button collapsed\" data-bs-toggle=\"collapse\" data-bs-target=\"#collapse-block_ee421a7e20ca94dec692736ac2baf99e1025\" aria-expanded=\"false\" aria-controls=\"collapse-block_ee421a7e20ca94dec692736ac2baf99e1025\"><span class=\"d-block\" itemprop=\"name\">Kui palju maksab teie CMMS puidut\u00f6\u00f6stusele?<\/span><span class=\"d-flex\"><svg xmlns=\"http:\/\/www.w3.org\/2000\/svg\" width=\"24.225\" height=\"15.613\" viewbox=\"0 0 24.225 15.613\"><path d=\"M564.2,42.728l10,12,10-12\" transform=\"translate(-562.088 -40.615)\" fill=\"none\" stroke=\"currentColor\" stroke-linecap=\"round\" stroke-linejoin=\"round\" stroke-width=\"3\"\/><\/svg><\/span><\/h3><div id=\"collapse-block_ee421a7e20ca94dec692736ac2baf99e1025\" class=\"accordion-collapse collapse\" data-bs-parent=\"#accordion-block_ee421a7e20ca94dec692736ac2baf99e\" itemscope=\"\" itemprop=\"acceptedAnswer\" itemtype=\"https:\/\/schema.org\/Answer\"><div class=\"accordion-body classic-editor\" itemprop=\"text\"><p><span style=\"font-weight: 400;\">Pakume paindlikke hinnaplaane, mis sobivad igas suuruses puidut\u00f6\u00f6stuse tootjatele. Meie paketid algavad k\u00f5igest 200 eurost kuus 5 kasutaja puhul ja ulatuvad piiramatu arvu kasutajate puhul kuni 1250 euroni kuus. Erinevalt teistest CMMS-platvormidest on igal meie paketil t\u00e4ielik funktsionaalsus olenemata kasutajate arvust. V\u00f5tke meiega \u00fchendust, et saada oma konkreetsetele vajadustele vastav kohandatud hinnapakkumine. Meil on kohalikud tugimeeskonnad suuremates Euroopa riikides, sealhulgas Prantsusmaal, Saksamaal, \u00dchendkuningriigis ja Poolas, kes on valmis teid abistama.<\/span><\/p>\n<\/div><\/div><\/div><\/div><\/div><\/div>\n<\/div>\n\n<div class=\"ama-block block-related\"><div class=\"block__header w-btn\"><h2>Blogi<\/h2><div class=\"wp-block-button is-style-read-more\"><a href=\"https:\/\/alldevice.com\/et\/resources\/\" class=\"wp-block-button__link\">Loe meie blogi<\/a><\/div><\/div><div class=\"block__body\"><a href=\"https:\/\/alldevice.com\/et\/case-studies\/utilitas\/\" class=\"post-item\"><div class=\"item__thumb\"><img decoding=\"async\" width=\"350\" height=\"180\" src=\"https:\/\/alldevice.com\/wp-content\/uploads\/bis-images\/3415\/utilitas3-1-350x180-f50_50.png\" class=\"attachment-350x180\" alt=\"utilitas3\" loading=\"lazy\" \/><div class=\"post--tags\"><span>Kliendilood<\/span><\/div><\/div><div class=\"item__content\"><p class=\"is-title\">T\u00f5hustades Utilitase kaugk\u00fctte hooldusprotsesse<\/p><p>Uue tarkvaralahenduse kasutuselev\u00f5tt on osa laiemast eesm\u00e4rgist hoida meie tehnoloogiline v\u00f5imekus ajakohasena ning rakendada uuenduslikke ja t\u00f6\u00f6kindlaid digilahendusi.<\/p>\n<\/div><div class=\"item__end wp-block-button is-style-read-more\"><span class=\"wp-block-button__link\">Loe edasi<\/span><\/div><\/a><a href=\"https:\/\/alldevice.com\/et\/case-studies\/e-piim\/\" class=\"post-item\"><div class=\"item__thumb\"><img decoding=\"async\" width=\"350\" height=\"180\" src=\"https:\/\/alldevice.com\/wp-content\/uploads\/bis-images\/3033\/E-Piim-24-350x180-f50_50.jpg\" class=\"attachment-350x180\" alt=\"E-Piim-24\" loading=\"lazy\" \/><div class=\"post--tags\"><span>Kliendilood<\/span><\/div><\/div><div class=\"item__content\"><p class=\"is-title\">Kuidas Epiim hoolduse p\u00e4riselt t\u00f6\u00f6le pani<\/p><p>Kui Epiim 2023. aastal oma uue tehase k\u00e4ivitas, otsustati ellu viia ka \u00fcks varaseid p\u00f5him\u00f5ttelisi otsuseid: kogu tehase hooldus peab olema digitaalselt juhitud, auditeeritav ja igap\u00e4evat\u00f6\u00f6s mugav kasutada.<\/p>\n<\/div><div class=\"item__end wp-block-button is-style-read-more\"><span class=\"wp-block-button__link\">Loe edasi<\/span><\/div><\/a><a href=\"https:\/\/alldevice.com\/et\/blog\/work-hour-based-maintenance-globalreader-alldevice\/\" class=\"post-item is-compact\"><div class=\"item__thumb\"><img decoding=\"async\" width=\"100\" height=\"100\" src=\"https:\/\/alldevice.com\/wp-content\/uploads\/bis-images\/1155\/Group-1000000898-100x100-f50_50.png\" class=\"attachment-100x100\" alt=\"Group 1000000898\" loading=\"lazy\" \/><\/div><div class=\"item__content\"><p class=\"is-title\">T\u00f6\u00f6tunnip\u00f5hine hooldus \u2013 GlobalReader ja Alldevice<\/p><\/div><\/a><a href=\"https:\/\/alldevice.com\/et\/blog\/iso-cert\/\" class=\"post-item is-compact\"><div class=\"item__thumb\"><img decoding=\"async\" width=\"100\" height=\"100\" src=\"https:\/\/alldevice.com\/wp-content\/uploads\/bis-images\/3020\/BVCER_withoutQR-ISO-27001-100x100-f47_32.png\" class=\"attachment-100x100\" alt=\"ISO 27001 certified\" loading=\"lazy\" \/><\/div><div class=\"item__content\"><p class=\"is-title\">Alldevice O\u00dc-le omistati ISO 27001:2022 sertifikaat<\/p><\/div><\/a><a href=\"https:\/\/alldevice.com\/et\/case-studies\/port-of-tallinn\/\" class=\"post-item is-compact\"><div class=\"item__thumb\"><img decoding=\"async\" width=\"100\" height=\"100\" src=\"https:\/\/alldevice.com\/wp-content\/uploads\/bis-images\/833\/Header_Case-Study_Port-of-Tallinn-100x100-f50_50.png\" class=\"attachment-100x100\" alt=\"P\u00e4is_Juhtumiuuring_Tallinna sadam\" loading=\"lazy\" \/><\/div><div class=\"item__content\"><p class=\"is-title\">Segadusest kontrolli alla saamiseni Tallinna sadamas<\/p><\/div><\/a><\/div><\/div>\n\n\n<p class=\"wp-el\"><\/p>","protected":false},"excerpt":{"rendered":"","protected":false},"author":2,"featured_media":0,"parent":254,"menu_order":0,"comment_status":"closed","ping_status":"closed","template":"","meta":{"_acf_changed":false,"inline_featured_image":false,"footnotes":""},"class_list":["post-1633","page","type-page","status-publish","hentry"],"acf":[],"_links":{"self":[{"href":"https:\/\/alldevice.com\/et\/wp-json\/wp\/v2\/pages\/1633","targetHints":{"allow":["GET"]}}],"collection":[{"href":"https:\/\/alldevice.com\/et\/wp-json\/wp\/v2\/pages"}],"about":[{"href":"https:\/\/alldevice.com\/et\/wp-json\/wp\/v2\/types\/page"}],"author":[{"embeddable":true,"href":"https:\/\/alldevice.com\/et\/wp-json\/wp\/v2\/users\/2"}],"replies":[{"embeddable":true,"href":"https:\/\/alldevice.com\/et\/wp-json\/wp\/v2\/comments?post=1633"}],"version-history":[{"count":13,"href":"https:\/\/alldevice.com\/et\/wp-json\/wp\/v2\/pages\/1633\/revisions"}],"predecessor-version":[{"id":2310,"href":"https:\/\/alldevice.com\/et\/wp-json\/wp\/v2\/pages\/1633\/revisions\/2310"}],"up":[{"embeddable":true,"href":"https:\/\/alldevice.com\/et\/wp-json\/wp\/v2\/pages\/254"}],"wp:attachment":[{"href":"https:\/\/alldevice.com\/et\/wp-json\/wp\/v2\/media?parent=1633"}],"curies":[{"name":"wp","href":"https:\/\/api.w.org\/{rel}","templated":true}]}}