{"id":1630,"date":"2025-08-18T10:14:50","date_gmt":"2025-08-18T10:14:50","guid":{"rendered":"https:\/\/alldevice.com\/?page_id=1630"},"modified":"2025-10-01T11:49:27","modified_gmt":"2025-10-01T11:49:27","slug":"construction","status":"publish","type":"page","link":"https:\/\/alldevice.com\/et\/industries\/construction\/","title":{"rendered":"Ehitust\u00f6\u00f6stuse hooldustarkvara"},"content":{"rendered":"<div class=\"ama-block block-bgcolor has-p-def has-stencil stencil-right stencil-top full-width\">\n<div class=\"ama-block block-grid-txt is-style-header-side\"><div class=\"block__header\"><p class=\"has-semi-huge-font-size\">Ehitust\u00f6\u00f6stuse hooldustarkvara<\/p><\/div><div class=\"block__body\"><div class=\"grid-txt-item\"><p class=\"has-medium-font-size fw-bold\">Pikendatud seadmete eluiga<\/p><p> <\/p><\/div><div class=\"grid-txt-item\"><p class=\"has-medium-font-size fw-bold\">Kulude kokkuhoid<\/p><p> <\/p><\/div><div class=\"grid-txt-item\"><p class=\"has-medium-font-size fw-bold\">V\u00e4hendatud seisakuaeg<\/p><p> <\/p><\/div><div class=\"grid-txt-item\"><p class=\"has-medium-font-size fw-bold\">Energiat\u00f5husus<\/p><p> <\/p><\/div><\/div><\/div>\n<\/div>\n\n<div class=\"ama-block block-portfolio is-compact is-style-simple\"><div class=\"block__header\"><h2>\u00dcle 10 000 hooldusspetsialisti hindab Alldevice&#039;i #1-ks<\/h2><\/div><div class=\"block__body\"><div class=\"portfolio-item\"><div class=\"item__logo\"><img loading=\"lazy\" decoding=\"async\" width=\"547\" height=\"547\" src=\"https:\/\/alldevice.com\/wp-content\/uploads\/2025\/05\/alexela_uus.png\" class=\"attachment-medium size-medium\" alt=\"\" srcset=\"https:\/\/alldevice.com\/wp-content\/uploads\/2025\/05\/alexela_uus.png 547w, https:\/\/alldevice.com\/wp-content\/uploads\/2025\/05\/alexela_uus-150x150.png 150w, https:\/\/alldevice.com\/wp-content\/uploads\/2025\/05\/alexela_uus-12x12.png 12w, https:\/\/alldevice.com\/wp-content\/uploads\/2025\/05\/alexela_uus-110x110.png 110w\" sizes=\"auto, (max-width: 547px) 100vw, 547px\" \/><\/div><\/div><div class=\"portfolio-item\"><div class=\"item__logo\"><img loading=\"lazy\" decoding=\"async\" width=\"810\" height=\"810\" src=\"https:\/\/alldevice.com\/wp-content\/uploads\/2025\/06\/neste-logol-810x810.png\" class=\"attachment-medium size-medium\" alt=\"\" srcset=\"https:\/\/alldevice.com\/wp-content\/uploads\/2025\/06\/neste-logol-810x810.png 810w, https:\/\/alldevice.com\/wp-content\/uploads\/2025\/06\/neste-logol-150x150.png 150w, https:\/\/alldevice.com\/wp-content\/uploads\/2025\/06\/neste-logol-12x12.png 12w, https:\/\/alldevice.com\/wp-content\/uploads\/2025\/06\/neste-logol-110x110.png 110w, https:\/\/alldevice.com\/wp-content\/uploads\/2025\/06\/neste-logol.png 1069w\" sizes=\"auto, (max-width: 810px) 100vw, 810px\" \/><\/div><\/div><div class=\"portfolio-item\"><div class=\"item__logo\"><img loading=\"lazy\" decoding=\"async\" width=\"719\" height=\"720\" src=\"https:\/\/alldevice.com\/wp-content\/uploads\/2026\/01\/Magnum_logo.png\" class=\"attachment-medium size-medium\" alt=\"\" srcset=\"https:\/\/alldevice.com\/wp-content\/uploads\/2026\/01\/Magnum_logo.png 719w, https:\/\/alldevice.com\/wp-content\/uploads\/2026\/01\/Magnum_logo-150x150.png 150w, https:\/\/alldevice.com\/wp-content\/uploads\/2026\/01\/Magnum_logo-12x12.png 12w, https:\/\/alldevice.com\/wp-content\/uploads\/2026\/01\/Magnum_logo-110x110.png 110w\" sizes=\"auto, (max-width: 719px) 100vw, 719px\" \/><\/div><\/div><div class=\"portfolio-item\"><div class=\"item__logo\"><img loading=\"lazy\" decoding=\"async\" width=\"431\" height=\"431\" src=\"https:\/\/alldevice.com\/wp-content\/uploads\/2025\/06\/aq.jpg\" class=\"attachment-medium size-medium\" alt=\"\" srcset=\"https:\/\/alldevice.com\/wp-content\/uploads\/2025\/06\/aq.jpg 431w, https:\/\/alldevice.com\/wp-content\/uploads\/2025\/06\/aq-150x150.jpg 150w, https:\/\/alldevice.com\/wp-content\/uploads\/2025\/06\/aq-12x12.jpg 12w, https:\/\/alldevice.com\/wp-content\/uploads\/2025\/06\/aq-110x110.jpg 110w\" sizes=\"auto, (max-width: 431px) 100vw, 431px\" \/><\/div><\/div><\/div><\/div>\n\n<div class=\"ama-block block-bgcolor has-p-def full-width\">\n<div class=\"ama-block block-txtmedia\"><div class=\"block__body\"><div class=\"body__content\">\n\n<h2 class=\"wp-block-heading wp-el\"><strong>Pikendatud seadmete eluiga<\/strong><\/h2>\n\n\n\n<p class=\"wp-el\" style=\"font-style:normal;font-weight:500\">Regulaarne hooldus pikendab masinate eluiga, kaitstes nendesse varadesse tehtud olulisi investeeringuid.<\/p>\n\n\n\n<div class=\"wp-block-buttons is-layout-flex wp-block-buttons-is-layout-flex\">\n<div class=\"wp-block-button\"><a class=\"wp-block-button__link wp-element-button\">K\u00fcsi demo!<\/a><\/div>\n<\/div>\n\n<\/div><div class=\"body__media\"><a href=\"https:\/\/alldevice.com\/wp-content\/uploads\/2025\/07\/1.jpg\" class=\"ari-fancybox\" data-fancybox=\"gallery_block_5366f311107334f1b015dea310af3ed4\" data-caption=\"\"><img decoding=\"async\" class=\"zoom-target-img\" width=\"600\" height=\"400\" src=\"https:\/\/alldevice.com\/wp-content\/uploads\/bis-images\/706\/1-600x400-f50_50.jpg\" alt=\"1\" loading=\"lazy\" \/><\/a><\/div><\/div><\/div>\n<\/div>\n\n<div class=\"ama-block block-txtmedia reverse-order\"><div class=\"block__body\"><div class=\"body__content\">\n\n<h2 class=\"wp-block-heading wp-el\"><strong><strong>Kulude kokkuhoid<\/strong><\/strong><\/h2>\n\n\n\n<p class=\"wp-el\" style=\"font-style:normal;font-weight:500\">Ennetav hooldus aitab v\u00e4hendada vajadust avariiliste remondit\u00f6\u00f6de j\u00e4rele ja varuosade kulusid, lahendades probleemid enne, kui need suureks muutuvad.<\/p>\n\n\n\n<div class=\"wp-block-buttons is-layout-flex wp-block-buttons-is-layout-flex\">\n<div class=\"wp-block-button\"><a class=\"wp-block-button__link wp-element-button\">K\u00fcsi pakkumist<\/a><\/div>\n<\/div>\n\n<\/div><div class=\"body__media\"><a href=\"https:\/\/alldevice.com\/wp-content\/uploads\/2025\/07\/3.jpg\" class=\"ari-fancybox\" data-fancybox=\"gallery_block_5c2d1ccf5366bc99d4840e50155c7a8d\" data-caption=\"\"><img decoding=\"async\" class=\"zoom-target-img\" width=\"600\" height=\"400\" src=\"https:\/\/alldevice.com\/wp-content\/uploads\/bis-images\/708\/3-600x400-f50_50.jpg\" alt=\"3\" loading=\"lazy\" \/><\/a><\/div><\/div><\/div>\n\n<div class=\"ama-block block-bgcolor has-p-def full-width\">\n<div class=\"ama-block block-txtmedia\"><div class=\"block__body\"><div class=\"body__content\">\n\n<h2 class=\"wp-block-heading wp-el\"><strong><strong>V\u00e4hendatud seisakuaeg<\/strong><\/strong><\/h2>\n\n\n\n<p class=\"wp-el\" style=\"font-style:normal;font-weight:500\">Ennetav hooldus aitab minimeerida ootamatuid seadmete rikkeid, tagades pideva tootmise ja v\u00e4hendades kulukaid seisakuid.<\/p>\n\n\n\n<div class=\"wp-block-buttons is-layout-flex wp-block-buttons-is-layout-flex\">\n<div class=\"wp-block-button\"><a class=\"wp-block-button__link wp-element-button\">K\u00fcsi demo!<\/a><\/div>\n<\/div>\n\n<\/div><div class=\"body__media\"><a href=\"https:\/\/alldevice.com\/wp-content\/uploads\/2025\/07\/2.jpg\" class=\"ari-fancybox\" data-fancybox=\"gallery_block_8e1e524064a12a0e30d0c2e7d0b5cffc\" data-caption=\"\"><img decoding=\"async\" class=\"zoom-target-img\" width=\"600\" height=\"400\" src=\"https:\/\/alldevice.com\/wp-content\/uploads\/bis-images\/707\/2-600x400-f50_50.jpg\" alt=\"2\" loading=\"lazy\" \/><\/a><\/div><\/div><\/div>\n<\/div>\n\n<div class=\"ama-block block-txtmedia reverse-order\"><div class=\"block__body\"><div class=\"body__content\">\n\n<h2 class=\"wp-block-heading wp-el\"><strong><strong>Energiat\u00f5husus<\/strong><\/strong><\/h2>\n\n\n\n<p class=\"wp-el\" style=\"font-style:normal;font-weight:500\">N\u00f5uetekohaselt hooldatud seadmed tarbivad v\u00e4hem energiat, aidates kaasa kulude kokkuhoiule ja keskkonnas\u00e4\u00e4stlikkusele.<\/p>\n\n\n\n<div class=\"wp-block-buttons is-layout-flex wp-block-buttons-is-layout-flex\">\n<div class=\"wp-block-button\"><a class=\"wp-block-button__link wp-element-button\">K\u00fcsi pakkumist<\/a><\/div>\n<\/div>\n\n<\/div><div class=\"body__media\"><a href=\"https:\/\/alldevice.com\/wp-content\/uploads\/2025\/07\/3.jpg\" class=\"ari-fancybox\" data-fancybox=\"gallery_block_5c2d1ccf5366bc99d4840e50155c7a8d\" data-caption=\"\"><img decoding=\"async\" class=\"zoom-target-img\" width=\"600\" height=\"400\" src=\"https:\/\/alldevice.com\/wp-content\/uploads\/bis-images\/708\/3-600x400-f50_50.jpg\" alt=\"3\" loading=\"lazy\" \/><\/a><\/div><\/div><\/div>\n\n<div class=\"ama-block block-bgcolor has-p-def has-stencil stencil-right stencil-top full-width\">\n<div class=\"ama-block block-faqs\"><div class=\"block__header text-center\"><h2>Ehitust\u00f6\u00f6stuse KKK<\/h2><\/div><div class=\"block__body\"><div class=\"body__content accordion\" id=\"accordion-block_fde4bf32ab39b9b852d3d7f577d45405\"><div class=\"accordion-item\" itemscope=\"\" itemprop=\"mainEntity\" itemtype=\"https:\/\/schema.org\/Question\"><h3 class=\"accordion-button collapsed\" data-bs-toggle=\"collapse\" data-bs-target=\"#collapse-block_fde4bf32ab39b9b852d3d7f577d454051023\" aria-expanded=\"false\" aria-controls=\"collapse-block_fde4bf32ab39b9b852d3d7f577d454051023\"><span class=\"d-block\" itemprop=\"name\">Kuidas ehitust\u00f6\u00f6stuses automatiseerimist kasutatakse?<\/span><span class=\"d-flex\"><svg xmlns=\"http:\/\/www.w3.org\/2000\/svg\" width=\"24.225\" height=\"15.613\" viewbox=\"0 0 24.225 15.613\"><path d=\"M564.2,42.728l10,12,10-12\" transform=\"translate(-562.088 -40.615)\" fill=\"none\" stroke=\"currentColor\" stroke-linecap=\"round\" stroke-linejoin=\"round\" stroke-width=\"3\"\/><\/svg><\/span><\/h3><div id=\"collapse-block_fde4bf32ab39b9b852d3d7f577d454051023\" class=\"accordion-collapse collapse\" data-bs-parent=\"#accordion-block_fde4bf32ab39b9b852d3d7f577d45405\" itemscope=\"\" itemprop=\"acceptedAnswer\" itemtype=\"https:\/\/schema.org\/Answer\"><div class=\"accordion-body classic-editor\" itemprop=\"text\"><p><span style=\"font-weight: 400;\">Ehitust\u00f6\u00f6stuses h\u00f5lmab automatiseerimine tarkvara kasutamist hoonete ja ehitusseadmete hooldust\u00f6\u00f6de automatiseerimiseks. N\u00e4iteks saavad ettev\u00f5tted kasutada ehitusseadmete hooldustarkvara rasketehnika hooldamiseks ja seadmete j\u00f5udluse j\u00e4lgimiseks. Hooldustarkvara (nt Alldevice) abil saavad ehitust\u00f6\u00f6stuse ettev\u00f5tted hallata varuosi ja planeerida ennetavat hooldust, minimeerides kulusid ja v\u00e4hendades seisakuid. <\/span><\/p>\n<\/div><\/div><\/div><div class=\"accordion-item\" itemscope=\"\" itemprop=\"mainEntity\" itemtype=\"https:\/\/schema.org\/Question\"><h3 class=\"accordion-button collapsed\" data-bs-toggle=\"collapse\" data-bs-target=\"#collapse-block_fde4bf32ab39b9b852d3d7f577d454051021\" aria-expanded=\"false\" aria-controls=\"collapse-block_fde4bf32ab39b9b852d3d7f577d454051021\"><span class=\"d-block\" itemprop=\"name\">Mis on ehitusvarade haldamine?<\/span><span class=\"d-flex\"><svg xmlns=\"http:\/\/www.w3.org\/2000\/svg\" width=\"24.225\" height=\"15.613\" viewbox=\"0 0 24.225 15.613\"><path d=\"M564.2,42.728l10,12,10-12\" transform=\"translate(-562.088 -40.615)\" fill=\"none\" stroke=\"currentColor\" stroke-linecap=\"round\" stroke-linejoin=\"round\" stroke-width=\"3\"\/><\/svg><\/span><\/h3><div id=\"collapse-block_fde4bf32ab39b9b852d3d7f577d454051021\" class=\"accordion-collapse collapse\" data-bs-parent=\"#accordion-block_fde4bf32ab39b9b852d3d7f577d45405\" itemscope=\"\" itemprop=\"acceptedAnswer\" itemtype=\"https:\/\/schema.org\/Answer\"><div class=\"accordion-body classic-editor\" itemprop=\"text\"><p><span style=\"font-weight: 400;\">Ehitusvarade haldamine h\u00f5lmab ehitusprojektides kasutatavate seadmete ja masinate j\u00e4lgimist, hooldust ja optimeerimist. T\u00f5husa varade haldamise abil saavad ettev\u00f5tted v\u00e4hendada kulusid, parandada t\u00f5husust ja pikendada ehitusvarade eluiga. Alldevice&#039;i ehitushooldustarkvara on varade haldamiseks h\u00e4davajalik, kuna see aitab ettev\u00f5tetel hooldust planeerida, hooldusajalugu salvestada ja seadmete rikkeid anal\u00fc\u00fcsida.<\/span><\/p>\n<\/div><\/div><\/div><div class=\"accordion-item\" itemscope=\"\" itemprop=\"mainEntity\" itemtype=\"https:\/\/schema.org\/Question\"><h3 class=\"accordion-button collapsed\" data-bs-toggle=\"collapse\" data-bs-target=\"#collapse-block_fde4bf32ab39b9b852d3d7f577d454051019\" aria-expanded=\"false\" aria-controls=\"collapse-block_fde4bf32ab39b9b852d3d7f577d454051019\"><span class=\"d-block\" itemprop=\"name\">Milline on parim tarkvara ehitusvarade haldamiseks?<\/span><span class=\"d-flex\"><svg xmlns=\"http:\/\/www.w3.org\/2000\/svg\" width=\"24.225\" height=\"15.613\" viewbox=\"0 0 24.225 15.613\"><path d=\"M564.2,42.728l10,12,10-12\" transform=\"translate(-562.088 -40.615)\" fill=\"none\" stroke=\"currentColor\" stroke-linecap=\"round\" stroke-linejoin=\"round\" stroke-width=\"3\"\/><\/svg><\/span><\/h3><div id=\"collapse-block_fde4bf32ab39b9b852d3d7f577d454051019\" class=\"accordion-collapse collapse\" data-bs-parent=\"#accordion-block_fde4bf32ab39b9b852d3d7f577d45405\" itemscope=\"\" itemprop=\"acceptedAnswer\" itemtype=\"https:\/\/schema.org\/Answer\"><div class=\"accordion-body classic-editor\" itemprop=\"text\"><p><span style=\"font-weight: 400;\">Alldevice on parim tarkvara ehitusseadmete haldamiseks. Meie CMMS aitab ehitusettev\u00f5tetel m\u00f5\u00f5ta varade j\u00f5udlust, planeerida hooldust ja hallata varuosade varusid. Alldevice on reaalajas varude haldamise tarkvara, mis tagab, et ehitusettev\u00f5tetel on hoolduse teostamiseks \u00f5iged varuosad ja materjalid. Meie ehitusseadmete hooldustarkvara on eelistatud valik ehitusettev\u00f5tete seas paljudes EL-i riikides, sealhulgas Poolas, L\u00e4tis, Leedus ja Eestis.<\/span><\/p>\n<\/div><\/div><\/div><div class=\"accordion-item\" itemscope=\"\" itemprop=\"mainEntity\" itemtype=\"https:\/\/schema.org\/Question\"><h3 class=\"accordion-button collapsed\" data-bs-toggle=\"collapse\" data-bs-target=\"#collapse-block_fde4bf32ab39b9b852d3d7f577d454051017\" aria-expanded=\"false\" aria-controls=\"collapse-block_fde4bf32ab39b9b852d3d7f577d454051017\"><span class=\"d-block\" itemprop=\"name\">Kas pakute tasuta ehitust\u00f6\u00f6de tellimuste malle?<\/span><span class=\"d-flex\"><svg xmlns=\"http:\/\/www.w3.org\/2000\/svg\" width=\"24.225\" height=\"15.613\" viewbox=\"0 0 24.225 15.613\"><path d=\"M564.2,42.728l10,12,10-12\" transform=\"translate(-562.088 -40.615)\" fill=\"none\" stroke=\"currentColor\" stroke-linecap=\"round\" stroke-linejoin=\"round\" stroke-width=\"3\"\/><\/svg><\/span><\/h3><div id=\"collapse-block_fde4bf32ab39b9b852d3d7f577d454051017\" class=\"accordion-collapse collapse\" data-bs-parent=\"#accordion-block_fde4bf32ab39b9b852d3d7f577d45405\" itemscope=\"\" itemprop=\"acceptedAnswer\" itemtype=\"https:\/\/schema.org\/Answer\"><div class=\"accordion-body classic-editor\" itemprop=\"text\"><p><span style=\"font-weight: 400;\">Jah, Alldevice pakub tasuta ehitust\u00f6\u00f6de tellimuste malle. Meie mallid on kohandatavad, mis v\u00f5imaldab ettev\u00f5tetel luua, m\u00e4\u00e4rata ja j\u00e4lgida ehitust\u00f6\u00f6de tellimusi ehitusprojektide jaoks. Meie ehitust\u00f6\u00f6de tellimuste malle kasutades saate tagada vajalike hooldust\u00f6\u00f6de t\u00f5husa ja tulemusliku t\u00e4itmise.<\/span><\/p>\n<\/div><\/div><\/div><div class=\"accordion-item\" itemscope=\"\" itemprop=\"mainEntity\" itemtype=\"https:\/\/schema.org\/Question\"><h3 class=\"accordion-button collapsed\" data-bs-toggle=\"collapse\" data-bs-target=\"#collapse-block_fde4bf32ab39b9b852d3d7f577d454051015\" aria-expanded=\"false\" aria-controls=\"collapse-block_fde4bf32ab39b9b852d3d7f577d454051015\"><span class=\"d-block\" itemprop=\"name\">Mis on hoone ehituse hooldusetapp?<\/span><span class=\"d-flex\"><svg xmlns=\"http:\/\/www.w3.org\/2000\/svg\" width=\"24.225\" height=\"15.613\" viewbox=\"0 0 24.225 15.613\"><path d=\"M564.2,42.728l10,12,10-12\" transform=\"translate(-562.088 -40.615)\" fill=\"none\" stroke=\"currentColor\" stroke-linecap=\"round\" stroke-linejoin=\"round\" stroke-width=\"3\"\/><\/svg><\/span><\/h3><div id=\"collapse-block_fde4bf32ab39b9b852d3d7f577d454051015\" class=\"accordion-collapse collapse\" data-bs-parent=\"#accordion-block_fde4bf32ab39b9b852d3d7f577d45405\" itemscope=\"\" itemprop=\"acceptedAnswer\" itemtype=\"https:\/\/schema.org\/Answer\"><div class=\"accordion-body classic-editor\" itemprop=\"text\"><p><span style=\"font-weight: 400;\">Hooldus ehituses on protsess, mille eesm\u00e4rk on tagada hoonete ohutus ja funktsionaalsus kogu nende eluts\u00fckli v\u00e4ltel. Seda etappi nimetatakse sageli k\u00e4itus- ja hooldusfaasiks (O&amp;M). K\u00e4itamis- ja hooldust\u00f6\u00f6 h\u00f5lmab selliste t\u00f6\u00f6riistade nagu Alldevice kasutamist ennetava hoolduse ajastamiseks, parandust\u00f6\u00f6de tegemiseks ja ehitusseadmete haldamise automatiseerimiseks. <\/span><\/p>\n<\/div><\/div><\/div><div class=\"accordion-item\" itemscope=\"\" itemprop=\"mainEntity\" itemtype=\"https:\/\/schema.org\/Question\"><h3 class=\"accordion-button collapsed\" data-bs-toggle=\"collapse\" data-bs-target=\"#collapse-block_fde4bf32ab39b9b852d3d7f577d454051013\" aria-expanded=\"false\" aria-controls=\"collapse-block_fde4bf32ab39b9b852d3d7f577d454051013\"><span class=\"d-block\" itemprop=\"name\">Kui palju maksab teie ehitustehnika hooldustarkvara?<\/span><span class=\"d-flex\"><svg xmlns=\"http:\/\/www.w3.org\/2000\/svg\" width=\"24.225\" height=\"15.613\" viewbox=\"0 0 24.225 15.613\"><path d=\"M564.2,42.728l10,12,10-12\" transform=\"translate(-562.088 -40.615)\" fill=\"none\" stroke=\"currentColor\" stroke-linecap=\"round\" stroke-linejoin=\"round\" stroke-width=\"3\"\/><\/svg><\/span><\/h3><div id=\"collapse-block_fde4bf32ab39b9b852d3d7f577d454051013\" class=\"accordion-collapse collapse\" data-bs-parent=\"#accordion-block_fde4bf32ab39b9b852d3d7f577d45405\" itemscope=\"\" itemprop=\"acceptedAnswer\" itemtype=\"https:\/\/schema.org\/Answer\"><div class=\"accordion-body classic-editor\" itemprop=\"text\"><p><span style=\"font-weight: 400;\">Meie ehitusvarade haldustarkvara hind s\u00f5ltub kasutajate arvust. Pakume paindlikke hinnaplaane alates 200 eurost kuus 5 kasutaja eest kuni 1250 euroni kuus piiramatu kasutajate arvu eest, mis teeb meist sobiva valiku laiale hulgale ehitussektori klientidele. Meil on kohalikud tugimeeskonnad suuremates Euroopa riikides, nagu Prantsusmaa, Saksamaa, \u00dchendkuningriik ja Poola, kes aitavad teil leida teie ehitusettev\u00f5ttele sobiva paketi.<\/span><\/p>\n<\/div><\/div><\/div><\/div><\/div><\/div>\n<\/div>\n\n<div class=\"ama-block block-related\"><div class=\"block__header w-btn\"><h2>Blogi<\/h2><div class=\"wp-block-button is-style-read-more\"><a href=\"https:\/\/alldevice.com\/et\/resources\/\" class=\"wp-block-button__link\">Loe meie blogi<\/a><\/div><\/div><div class=\"block__body\"><a href=\"https:\/\/alldevice.com\/et\/case-studies\/epiim\/\" class=\"post-item\"><div class=\"item__thumb\"><img decoding=\"async\" width=\"350\" height=\"180\" src=\"https:\/\/alldevice.com\/wp-content\/uploads\/bis-images\/3033\/E-Piim-24-350x180-f50_50.jpg\" class=\"attachment-350x180\" alt=\"E-Piim-24\" loading=\"lazy\" \/><div class=\"post--tags\"><span>Kliendilood<\/span><\/div><\/div><div class=\"item__content\"><p class=\"is-title\">Kuidas Epiim hoolduse p\u00e4riselt t\u00f6\u00f6le pani<\/p><p>Kui Epiim 2023. aastal oma uue tehase k\u00e4ivitas, otsustati ellu viia ka \u00fcks varaseid p\u00f5him\u00f5ttelisi otsuseid: kogu tehase hooldus peab olema digitaalselt juhitud, auditeeritav ja igap\u00e4evat\u00f6\u00f6s mugav kasutada.<\/p>\n<\/div><div class=\"item__end wp-block-button is-style-read-more\"><span class=\"wp-block-button__link\">Loe edasi<\/span><\/div><\/a><a href=\"https:\/\/alldevice.com\/et\/blog\/work-hour-based-maintenance-globalreader-alldevice\/\" class=\"post-item\"><div class=\"item__thumb\"><img decoding=\"async\" width=\"350\" height=\"180\" src=\"https:\/\/alldevice.com\/wp-content\/uploads\/bis-images\/1155\/Group-1000000898-350x180-f50_50.png\" class=\"attachment-350x180\" alt=\"Group 1000000898\" loading=\"lazy\" \/><div class=\"post--tags\"><span>Uudised<\/span><\/div><\/div><div class=\"item__content\"><p class=\"is-title\">T\u00f6\u00f6tunnip\u00f5hine hooldus \u2013 GlobalReader ja Alldevice<\/p><p>Kas olete valmis v\u00e4hendama seisakuid ja suurendama efektiivsust? R\u00e4\u00e4gime t\u00f6\u00f6tundidel p\u00f5hineva hoolduse toomisest teie tehasesse! T\u00f5hus hooldus on\u2026<\/p>\n<\/div><div class=\"item__end wp-block-button is-style-read-more\"><span class=\"wp-block-button__link\">Loe edasi<\/span><\/div><\/a><a href=\"https:\/\/alldevice.com\/et\/blog\/iso-cert\/\" class=\"post-item is-compact\"><div class=\"item__thumb\"><img decoding=\"async\" width=\"100\" height=\"100\" src=\"https:\/\/alldevice.com\/wp-content\/uploads\/bis-images\/3020\/BVCER_withoutQR-ISO-27001-100x100-f47_32.png\" class=\"attachment-100x100\" alt=\"ISO 27001 certified\" loading=\"lazy\" \/><\/div><div class=\"item__content\"><p class=\"is-title\">Alldevice O\u00dc-le omistati ISO 27001:2022 sertifikaat<\/p><\/div><\/a><a href=\"https:\/\/alldevice.com\/et\/case-studies\/port-of-tallinn\/\" class=\"post-item is-compact\"><div class=\"item__thumb\"><img decoding=\"async\" width=\"100\" height=\"100\" src=\"https:\/\/alldevice.com\/wp-content\/uploads\/bis-images\/833\/Header_Case-Study_Port-of-Tallinn-100x100-f50_50.png\" class=\"attachment-100x100\" alt=\"P\u00e4is_Juhtumiuuring_Tallinna sadam\" loading=\"lazy\" \/><\/div><div class=\"item__content\"><p class=\"is-title\">Segadusest kontrolli alla saamiseni Tallinna sadamas<\/p><\/div><\/a><a href=\"https:\/\/alldevice.com\/et\/case-studies\/kliimakaubamaja\/\" class=\"post-item is-compact\"><div class=\"item__thumb\"><img decoding=\"async\" width=\"100\" height=\"100\" src=\"https:\/\/alldevice.com\/wp-content\/uploads\/bis-images\/1716\/3d-rendering-ventilation-system-edited-100x100-f50_50.jpg\" class=\"attachment-100x100\" alt=\"3D-renderdamise-ventilatsioonis\u00fcsteem\" loading=\"lazy\" \/><\/div><div class=\"item__content\"><p class=\"is-title\">T\u00e4iesti uus tase seadmete hoolduses \u2013 Kliimakaubamaja<\/p><\/div><\/a><\/div><\/div>\n\n\n<p class=\"wp-el\"><\/p>","protected":false},"excerpt":{"rendered":"","protected":false},"author":2,"featured_media":0,"parent":254,"menu_order":0,"comment_status":"closed","ping_status":"closed","template":"","meta":{"_acf_changed":false,"inline_featured_image":false,"footnotes":""},"class_list":["post-1630","page","type-page","status-publish","hentry"],"acf":[],"_links":{"self":[{"href":"https:\/\/alldevice.com\/et\/wp-json\/wp\/v2\/pages\/1630","targetHints":{"allow":["GET"]}}],"collection":[{"href":"https:\/\/alldevice.com\/et\/wp-json\/wp\/v2\/pages"}],"about":[{"href":"https:\/\/alldevice.com\/et\/wp-json\/wp\/v2\/types\/page"}],"author":[{"embeddable":true,"href":"https:\/\/alldevice.com\/et\/wp-json\/wp\/v2\/users\/2"}],"replies":[{"embeddable":true,"href":"https:\/\/alldevice.com\/et\/wp-json\/wp\/v2\/comments?post=1630"}],"version-history":[{"count":3,"href":"https:\/\/alldevice.com\/et\/wp-json\/wp\/v2\/pages\/1630\/revisions"}],"predecessor-version":[{"id":2108,"href":"https:\/\/alldevice.com\/et\/wp-json\/wp\/v2\/pages\/1630\/revisions\/2108"}],"up":[{"embeddable":true,"href":"https:\/\/alldevice.com\/et\/wp-json\/wp\/v2\/pages\/254"}],"wp:attachment":[{"href":"https:\/\/alldevice.com\/et\/wp-json\/wp\/v2\/media?parent=1630"}],"curies":[{"name":"wp","href":"https:\/\/api.w.org\/{rel}","templated":true}]}}