{"id":1627,"date":"2025-08-18T10:02:53","date_gmt":"2025-08-18T10:02:53","guid":{"rendered":"https:\/\/alldevice.com\/?page_id=1627"},"modified":"2025-11-17T10:50:52","modified_gmt":"2025-11-17T08:50:52","slug":"packaging","status":"publish","type":"page","link":"https:\/\/alldevice.com\/et\/industries\/packaging\/","title":{"rendered":"Pakendit\u00f6\u00f6stuse hooldustarkvara"},"content":{"rendered":"<div class=\"ama-block block-bgcolor has-p-def has-stencil stencil-right stencil-top full-width\">\n<div class=\"ama-block block-grid-txt is-style-header-side\"><div class=\"block__header\"><p class=\"has-semi-huge-font-size\">Pakendit\u00f6\u00f6stuse hooldustarkvara<\/p><\/div><div class=\"block__body\"><div class=\"grid-txt-item\"><p class=\"has-medium-font-size fw-bold\">Kulude kokkuhoid<\/p><p> <\/p><\/div><div class=\"grid-txt-item\"><p class=\"has-medium-font-size fw-bold\">Energiat\u00f5husus<\/p><p> <\/p><\/div><div class=\"grid-txt-item\"><p class=\"has-medium-font-size fw-bold\">V\u00e4hendatud seisakuaeg<\/p><p> <\/p><\/div><div class=\"grid-txt-item\"><p class=\"has-medium-font-size fw-bold\">Parem tootekvaliteet<\/p><p> <\/p><\/div><\/div><\/div>\n<\/div>\n\n<div class=\"ama-block block-portfolio is-compact is-style-simple\"><div class=\"block__header\"><h2>\u00dcle 10 000 hooldusspetsialisti hindab Alldevice&#039;i #1-ks<\/h2><\/div><div class=\"block__body\"><div class=\"portfolio-item\"><div class=\"item__logo\"><img loading=\"lazy\" decoding=\"async\" width=\"547\" height=\"547\" src=\"https:\/\/alldevice.com\/wp-content\/uploads\/2025\/05\/alexela_uus.png\" class=\"attachment-medium size-medium\" alt=\"\" srcset=\"https:\/\/alldevice.com\/wp-content\/uploads\/2025\/05\/alexela_uus.png 547w, https:\/\/alldevice.com\/wp-content\/uploads\/2025\/05\/alexela_uus-150x150.png 150w, https:\/\/alldevice.com\/wp-content\/uploads\/2025\/05\/alexela_uus-12x12.png 12w, https:\/\/alldevice.com\/wp-content\/uploads\/2025\/05\/alexela_uus-110x110.png 110w\" sizes=\"auto, (max-width: 547px) 100vw, 547px\" \/><\/div><\/div><div class=\"portfolio-item\"><div class=\"item__logo\"><img loading=\"lazy\" decoding=\"async\" width=\"810\" height=\"810\" src=\"https:\/\/alldevice.com\/wp-content\/uploads\/2025\/06\/neste-logol-810x810.png\" class=\"attachment-medium size-medium\" alt=\"\" srcset=\"https:\/\/alldevice.com\/wp-content\/uploads\/2025\/06\/neste-logol-810x810.png 810w, https:\/\/alldevice.com\/wp-content\/uploads\/2025\/06\/neste-logol-150x150.png 150w, https:\/\/alldevice.com\/wp-content\/uploads\/2025\/06\/neste-logol-12x12.png 12w, https:\/\/alldevice.com\/wp-content\/uploads\/2025\/06\/neste-logol-110x110.png 110w, https:\/\/alldevice.com\/wp-content\/uploads\/2025\/06\/neste-logol.png 1069w\" sizes=\"auto, (max-width: 810px) 100vw, 810px\" \/><\/div><\/div><div class=\"portfolio-item\"><div class=\"item__logo\"><img loading=\"lazy\" decoding=\"async\" width=\"719\" height=\"720\" src=\"https:\/\/alldevice.com\/wp-content\/uploads\/2026\/01\/Magnum_logo.png\" class=\"attachment-medium size-medium\" alt=\"\" srcset=\"https:\/\/alldevice.com\/wp-content\/uploads\/2026\/01\/Magnum_logo.png 719w, https:\/\/alldevice.com\/wp-content\/uploads\/2026\/01\/Magnum_logo-150x150.png 150w, https:\/\/alldevice.com\/wp-content\/uploads\/2026\/01\/Magnum_logo-12x12.png 12w, https:\/\/alldevice.com\/wp-content\/uploads\/2026\/01\/Magnum_logo-110x110.png 110w\" sizes=\"auto, (max-width: 719px) 100vw, 719px\" \/><\/div><\/div><div class=\"portfolio-item\"><div class=\"item__logo\"><img loading=\"lazy\" decoding=\"async\" width=\"431\" height=\"431\" src=\"https:\/\/alldevice.com\/wp-content\/uploads\/2025\/06\/aq.jpg\" class=\"attachment-medium size-medium\" alt=\"\" srcset=\"https:\/\/alldevice.com\/wp-content\/uploads\/2025\/06\/aq.jpg 431w, https:\/\/alldevice.com\/wp-content\/uploads\/2025\/06\/aq-150x150.jpg 150w, https:\/\/alldevice.com\/wp-content\/uploads\/2025\/06\/aq-12x12.jpg 12w, https:\/\/alldevice.com\/wp-content\/uploads\/2025\/06\/aq-110x110.jpg 110w\" sizes=\"auto, (max-width: 431px) 100vw, 431px\" \/><\/div><\/div><\/div><\/div>\n\n<div class=\"ama-block block-bgcolor has-p-def full-width\">\n<div class=\"ama-block block-txtmedia\"><div class=\"block__body\"><div class=\"body__content\">\n\n<h2 class=\"wp-block-heading wp-el\"><strong>Kulude kokkuhoid<\/strong><\/h2>\n\n\n\n<p class=\"wp-el\" style=\"font-style:normal;font-weight:500\">Ennetav hooldus on ennetav l\u00e4henemisviis, mis aitab minimeerida avariiremonti ja v\u00e4hendada varuosade kulusid, tuvastades ja lahendades potentsiaalsed probleemid enne, kui need suuremateks probleemideks eskaleeruvad.<\/p>\n\n\n\n<div class=\"wp-block-buttons is-layout-flex wp-block-buttons-is-layout-flex\">\n<div class=\"wp-block-button\"><a class=\"wp-block-button__link wp-element-button\" href=\"http:\/\/alldevice.com\/et\/contact\/\">K\u00fcsi demo!<\/a><\/div>\n<\/div>\n\n<\/div><div class=\"body__media\"><a href=\"https:\/\/alldevice.com\/wp-content\/uploads\/2025\/08\/3_1.png\" class=\"ari-fancybox\" data-fancybox=\"gallery_block_82d109cb0ff70bedde77a25468f70906\" data-caption=\"\"><img decoding=\"async\" class=\"zoom-target-img\" width=\"600\" height=\"400\" src=\"https:\/\/alldevice.com\/wp-content\/uploads\/bis-images\/1538\/3_1-600x400-f50_50.png\" alt=\"3_1\" loading=\"lazy\" \/><\/a><\/div><\/div><\/div>\n<\/div>\n\n<div class=\"ama-block block-txtmedia reverse-order\"><div class=\"block__body\"><div class=\"body__content\">\n\n<h2 class=\"wp-block-heading wp-el\"><strong><strong>Energiat\u00f5husus<\/strong><\/strong><\/h2>\n\n\n\n<p class=\"wp-el\" style=\"font-style:normal;font-weight:500\">Ennetav hooldus on ennetav l\u00e4henemisviis, mis aitab minimeerida avariiremonti ja v\u00e4hendada varuosade kulusid, tuvastades ja lahendades potentsiaalsed probleemid enne, kui need suuremateks probleemideks eskaleeruvad.<\/p>\n\n\n\n<div class=\"wp-block-buttons is-layout-flex wp-block-buttons-is-layout-flex\">\n<div class=\"wp-block-button\"><a class=\"wp-block-button__link wp-element-button\" href=\"http:\/\/alldevice.com\/et\/contact\/\">K\u00fcsi pakkumist<\/a><\/div>\n<\/div>\n\n<\/div><div class=\"body__media\"><a href=\"https:\/\/alldevice.com\/wp-content\/uploads\/2025\/09\/Screenshot-2025-09-25-at-11.28.59.png\" class=\"ari-fancybox\" data-fancybox=\"gallery_block_7879ab00e683e6cc450bb26c52a30cfd\" data-caption=\"\"><img decoding=\"async\" class=\"zoom-target-img\" width=\"600\" height=\"400\" src=\"https:\/\/alldevice.com\/wp-content\/uploads\/bis-images\/2023\/Screenshot-2025-09-25-at-11.28.59-600x400-f50_50.png\" alt=\"Kuvat\u00f5mmis 25.09.2025 kell 28.11.59\" loading=\"lazy\" \/><\/a><\/div><\/div><\/div>\n\n<div class=\"ama-block block-bgcolor has-p-def full-width\">\n<div class=\"ama-block block-txtmedia\"><div class=\"block__body\"><div class=\"body__content\">\n\n<h2 class=\"wp-block-heading wp-el\"><strong><strong>V\u00e4hendatud seisakuaeg<\/strong><\/strong><\/h2>\n\n\n\n<p class=\"wp-el\" style=\"font-style:normal;font-weight:500\">Ennetav hooldus m\u00e4ngib olulist rolli ootamatute seadmete rikete minimeerimisel, sujuva tootmise tagamisel ja kulukate seisakute v\u00e4hendamisel. Hoolduse planeerimine kindlate ajavahemike j\u00e4rel v\u00f5i kasutuskordade p\u00f5hjal tagab selle ennetava l\u00e4henemisviisi, et seadmeid hooldatakse t\u00e4pselt siis, kui vaja, suurendades t\u00f5husust ja t\u00f6\u00f6kindlust.<\/p>\n\n\n\n<div class=\"wp-block-buttons is-layout-flex wp-block-buttons-is-layout-flex\">\n<div class=\"wp-block-button\"><a class=\"wp-block-button__link wp-element-button\" href=\"http:\/\/alldevice.com\/et\/contact\/\">K\u00fcsi demo!<\/a><\/div>\n<\/div>\n\n<\/div><div class=\"body__media\"><a href=\"https:\/\/alldevice.com\/wp-content\/uploads\/2025\/10\/TimeDash.png\" class=\"ari-fancybox\" data-fancybox=\"gallery_block_64fc6c98360c378a55c4736ef60bd05a\" data-caption=\"\"><img decoding=\"async\" class=\"zoom-target-img\" width=\"600\" height=\"400\" src=\"https:\/\/alldevice.com\/wp-content\/uploads\/bis-images\/2040\/TimeDash-600x400-f50_50.png\" alt=\"TimeDash\" loading=\"lazy\" \/><\/a><\/div><\/div><\/div>\n<\/div>\n\n<div class=\"ama-block block-txtmedia reverse-order\"><div class=\"block__body\"><div class=\"body__content\">\n\n<h2 class=\"wp-block-heading wp-el\"><strong><strong>Parem tootekvaliteet<\/strong><\/strong><\/h2>\n\n\n\n<p class=\"wp-el\" style=\"font-style:normal;font-weight:500\">Seadmete t\u00f5husa t\u00f6\u00f6 tagamiseks ja seel\u00e4bi toodete k\u00f5rge kvaliteedi s\u00e4ilitamiseks on oluline regulaarne hooldus.<\/p>\n\n\n\n<div class=\"wp-block-buttons is-layout-flex wp-block-buttons-is-layout-flex\">\n<div class=\"wp-block-button\"><a class=\"wp-block-button__link wp-element-button\" href=\"http:\/\/alldevice.com\/et\/contact\/\">K\u00fcsi pakkumist<\/a><\/div>\n<\/div>\n\n<\/div><div class=\"body__media\"><a href=\"https:\/\/alldevice.com\/wp-content\/uploads\/2025\/10\/TaskTemplateMeasures.png\" class=\"ari-fancybox\" data-fancybox=\"gallery_block_cc07cb01c44d4c1f4a626ed8af9d87dd\" data-caption=\"\"><img decoding=\"async\" class=\"zoom-target-img\" width=\"600\" height=\"400\" src=\"https:\/\/alldevice.com\/wp-content\/uploads\/bis-images\/2051\/TaskTemplateMeasures-600x400-f50_50.png\" alt=\"\u00dclesandemalli m\u00f5\u00f5dud\" loading=\"lazy\" \/><\/a><\/div><\/div><\/div>\n\n<div class=\"ama-block block-bgcolor has-p-def has-stencil stencil-right stencil-top full-width\">\n<div class=\"ama-block block-faqs\"><div class=\"block__header text-center\"><h2>Pakendit\u00f6\u00f6stuse KKK<\/h2><\/div><div class=\"block__body\"><div class=\"body__content accordion\" id=\"accordion-block_2bd18c16486028d6ef64ced3b630a598\"><div class=\"accordion-item\" itemscope=\"\" itemprop=\"mainEntity\" itemtype=\"https:\/\/schema.org\/Question\"><h3 class=\"accordion-button collapsed\" data-bs-toggle=\"collapse\" data-bs-target=\"#collapse-block_2bd18c16486028d6ef64ced3b630a598998\" aria-expanded=\"false\" aria-controls=\"collapse-block_2bd18c16486028d6ef64ced3b630a598998\"><span class=\"d-block\" itemprop=\"name\">Mis on pakendihoolduse automatiseerimine?<\/span><span class=\"d-flex\"><svg xmlns=\"http:\/\/www.w3.org\/2000\/svg\" width=\"24.225\" height=\"15.613\" viewbox=\"0 0 24.225 15.613\"><path d=\"M564.2,42.728l10,12,10-12\" transform=\"translate(-562.088 -40.615)\" fill=\"none\" stroke=\"currentColor\" stroke-linecap=\"round\" stroke-linejoin=\"round\" stroke-width=\"3\"\/><\/svg><\/span><\/h3><div id=\"collapse-block_2bd18c16486028d6ef64ced3b630a598998\" class=\"accordion-collapse collapse\" data-bs-parent=\"#accordion-block_2bd18c16486028d6ef64ced3b630a598\" itemscope=\"\" itemprop=\"acceptedAnswer\" itemtype=\"https:\/\/schema.org\/Answer\"><div class=\"accordion-body classic-editor\" itemprop=\"text\"><p><span style=\"font-weight: 400;\">Pakendite hoolduse automatiseerimine on CMMS-tarkvara kasutamine pakendiseadmete hoolduse ajastamiseks ja automatiseerimiseks. Pakendit\u00f6\u00f6stuse ettev\u00f5tted saavad kasutada automatiseerimist\u00f6\u00f6riistu, n\u00e4iteks Alldevice&#039;i, ennetavate, ennustavate ja korrigeerivate hooldust\u00f6\u00f6de m\u00e4\u00e4ramiseks. Alldevice saab automatiseerida ka selliseid \u00fclesandeid nagu rikete anal\u00fc\u00fcs ja varuosade haldamine.<\/span><\/p>\n<\/div><\/div><\/div><div class=\"accordion-item\" itemscope=\"\" itemprop=\"mainEntity\" itemtype=\"https:\/\/schema.org\/Question\"><h3 class=\"accordion-button collapsed\" data-bs-toggle=\"collapse\" data-bs-target=\"#collapse-block_2bd18c16486028d6ef64ced3b630a598996\" aria-expanded=\"false\" aria-controls=\"collapse-block_2bd18c16486028d6ef64ced3b630a598996\"><span class=\"d-block\" itemprop=\"name\">Millised on automatiseerimisvahendite kasutamise eelised pakendit\u00f6\u00f6stuses?<\/span><span class=\"d-flex\"><svg xmlns=\"http:\/\/www.w3.org\/2000\/svg\" width=\"24.225\" height=\"15.613\" viewbox=\"0 0 24.225 15.613\"><path d=\"M564.2,42.728l10,12,10-12\" transform=\"translate(-562.088 -40.615)\" fill=\"none\" stroke=\"currentColor\" stroke-linecap=\"round\" stroke-linejoin=\"round\" stroke-width=\"3\"\/><\/svg><\/span><\/h3><div id=\"collapse-block_2bd18c16486028d6ef64ced3b630a598996\" class=\"accordion-collapse collapse\" data-bs-parent=\"#accordion-block_2bd18c16486028d6ef64ced3b630a598\" itemscope=\"\" itemprop=\"acceptedAnswer\" itemtype=\"https:\/\/schema.org\/Answer\"><div class=\"accordion-body classic-editor\" itemprop=\"text\"><p><span style=\"font-weight: 400;\">Automatiseerimisvahendid, nagu n\u00e4iteks Alldevice, pakuvad pakendit\u00f6\u00f6stuse ettev\u00f5tetele palju eeliseid. Hooldus\u00fclesannete automatiseerimise abil saavad ettev\u00f5tted minimeerida seisakuid, pikendada seadmete eluiga ja muuta pakkimisprotsesse t\u00f5husamaks. CMMS-tarkvara nagu Alldevice lihtsustab pakendiseadmete hooldamist, s\u00e4\u00e4stes hooldusmeeskondade aega ja v\u00e4hendades t\u00f6\u00f6j\u00f5ukulusid.<\/span><\/p>\n<\/div><\/div><\/div><div class=\"accordion-item\" itemscope=\"\" itemprop=\"mainEntity\" itemtype=\"https:\/\/schema.org\/Question\"><h3 class=\"accordion-button collapsed\" data-bs-toggle=\"collapse\" data-bs-target=\"#collapse-block_2bd18c16486028d6ef64ced3b630a598994\" aria-expanded=\"false\" aria-controls=\"collapse-block_2bd18c16486028d6ef64ced3b630a598994\"><span class=\"d-block\" itemprop=\"name\">Milline on pakendit\u00f6\u00f6stusele parim hooldusautomaatika tarkvara?<\/span><span class=\"d-flex\"><svg xmlns=\"http:\/\/www.w3.org\/2000\/svg\" width=\"24.225\" height=\"15.613\" viewbox=\"0 0 24.225 15.613\"><path d=\"M564.2,42.728l10,12,10-12\" transform=\"translate(-562.088 -40.615)\" fill=\"none\" stroke=\"currentColor\" stroke-linecap=\"round\" stroke-linejoin=\"round\" stroke-width=\"3\"\/><\/svg><\/span><\/h3><div id=\"collapse-block_2bd18c16486028d6ef64ced3b630a598994\" class=\"accordion-collapse collapse\" data-bs-parent=\"#accordion-block_2bd18c16486028d6ef64ced3b630a598\" itemscope=\"\" itemprop=\"acceptedAnswer\" itemtype=\"https:\/\/schema.org\/Answer\"><div class=\"accordion-body classic-editor\" itemprop=\"text\"><p><span style=\"font-weight: 400;\">Alldevice paistab silma pakendit\u00f6\u00f6stuse ettev\u00f5tetele m\u00f5eldud parima hooldustarkvarana. Meie kasutajas\u00f5bralik CMMS on loodud vastama pakendiettev\u00f5tete ainulaadsetele vajadustele. Kasutajad saavad automatiseerida hooldust\u00f6id, hankida \u00fcksikasjalikke hooldusaruandeid ja teha rikete anal\u00fc\u00fcsi. Alldevice&#039;i mobiilirakenduse abil saavad hooldusmeeskonnad mugavalt luua ja hallata t\u00f6\u00f6korraldusi pakendamisseadmete k\u00f5rval seistes. Alldevice on eelistatud CMMS paljudes EL-i riikides, sealhulgas Poolas, L\u00e4tis, Leedus ja Eestis.<\/span><\/p>\n<\/div><\/div><\/div><div class=\"accordion-item\" itemscope=\"\" itemprop=\"mainEntity\" itemtype=\"https:\/\/schema.org\/Question\"><h3 class=\"accordion-button collapsed\" data-bs-toggle=\"collapse\" data-bs-target=\"#collapse-block_2bd18c16486028d6ef64ced3b630a598992\" aria-expanded=\"false\" aria-controls=\"collapse-block_2bd18c16486028d6ef64ced3b630a598992\"><span class=\"d-block\" itemprop=\"name\">Kui palju maksab teie t\u00f6\u00f6stusliku pakendi hooldustarkvara?<\/span><span class=\"d-flex\"><svg xmlns=\"http:\/\/www.w3.org\/2000\/svg\" width=\"24.225\" height=\"15.613\" viewbox=\"0 0 24.225 15.613\"><path d=\"M564.2,42.728l10,12,10-12\" transform=\"translate(-562.088 -40.615)\" fill=\"none\" stroke=\"currentColor\" stroke-linecap=\"round\" stroke-linejoin=\"round\" stroke-width=\"3\"\/><\/svg><\/span><\/h3><div id=\"collapse-block_2bd18c16486028d6ef64ced3b630a598992\" class=\"accordion-collapse collapse\" data-bs-parent=\"#accordion-block_2bd18c16486028d6ef64ced3b630a598\" itemscope=\"\" itemprop=\"acceptedAnswer\" itemtype=\"https:\/\/schema.org\/Answer\"><div class=\"accordion-body classic-editor\" itemprop=\"text\"><p><span style=\"font-weight: 400;\">Meie t\u00f6\u00f6stuspakendite hooldustarkvara hind s\u00f5ltub kasutajate arvust. Meie soodsaim pakett algab 200 eurost kuus 5 kasutaja puhul ja piiramatu arvu kasutajate pakett on 1250 eurot kuus. K\u00f5ik meie paketid pakuvad t\u00e4isfunktsionaalsust, sealhulgas selliseid funktsioone nagu hooldusandmete salvestamine, rikete anal\u00fc\u00fcs ja varuosade haldamine. Meil on kohalikud tugimeeskonnad suuremates Euroopa riikides, nagu Prantsusmaa, Saksamaa, \u00dchendkuningriik ja Poola, kes aitavad teil leida teie vajadustele vastava paketi.<\/span><\/p>\n<\/div><\/div><\/div><div class=\"accordion-item\" itemscope=\"\" itemprop=\"mainEntity\" itemtype=\"https:\/\/schema.org\/Question\"><h3 class=\"accordion-button collapsed\" data-bs-toggle=\"collapse\" data-bs-target=\"#collapse-block_2bd18c16486028d6ef64ced3b630a598990\" aria-expanded=\"false\" aria-controls=\"collapse-block_2bd18c16486028d6ef64ced3b630a598990\"><span class=\"d-block\" itemprop=\"name\">Millised on pakendiprojektide haldustarkvara eelised?<\/span><span class=\"d-flex\"><svg xmlns=\"http:\/\/www.w3.org\/2000\/svg\" width=\"24.225\" height=\"15.613\" viewbox=\"0 0 24.225 15.613\"><path d=\"M564.2,42.728l10,12,10-12\" transform=\"translate(-562.088 -40.615)\" fill=\"none\" stroke=\"currentColor\" stroke-linecap=\"round\" stroke-linejoin=\"round\" stroke-width=\"3\"\/><\/svg><\/span><\/h3><div id=\"collapse-block_2bd18c16486028d6ef64ced3b630a598990\" class=\"accordion-collapse collapse\" data-bs-parent=\"#accordion-block_2bd18c16486028d6ef64ced3b630a598\" itemscope=\"\" itemprop=\"acceptedAnswer\" itemtype=\"https:\/\/schema.org\/Answer\"><div class=\"accordion-body classic-editor\" itemprop=\"text\"><p><span style=\"font-weight: 400;\">Pakendiprojektide haldustarkvara aitab ettev\u00f5tetel oma pakendamistoiminguid planeerida, ellu viia ja j\u00e4lgida. N\u00e4iteks pakub Alldevice CMMS selliseid funktsioone nagu seadmehaldus, isikup\u00e4rastatud aruanded ja varuosade haldus, mis aitavad pakendit\u00f6\u00f6stuse ettev\u00f5tetel hallata pakendiseadmete hooldusprojekte. <\/span><\/p>\n<\/div><\/div><\/div><div class=\"accordion-item\" itemscope=\"\" itemprop=\"mainEntity\" itemtype=\"https:\/\/schema.org\/Question\"><h3 class=\"accordion-button collapsed\" data-bs-toggle=\"collapse\" data-bs-target=\"#collapse-block_2bd18c16486028d6ef64ced3b630a598988\" aria-expanded=\"false\" aria-controls=\"collapse-block_2bd18c16486028d6ef64ced3b630a598988\"><span class=\"d-block\" itemprop=\"name\">Mis on pakendis PLC?<\/span><span class=\"d-flex\"><svg xmlns=\"http:\/\/www.w3.org\/2000\/svg\" width=\"24.225\" height=\"15.613\" viewbox=\"0 0 24.225 15.613\"><path d=\"M564.2,42.728l10,12,10-12\" transform=\"translate(-562.088 -40.615)\" fill=\"none\" stroke=\"currentColor\" stroke-linecap=\"round\" stroke-linejoin=\"round\" stroke-width=\"3\"\/><\/svg><\/span><\/h3><div id=\"collapse-block_2bd18c16486028d6ef64ced3b630a598988\" class=\"accordion-collapse collapse\" data-bs-parent=\"#accordion-block_2bd18c16486028d6ef64ced3b630a598\" itemscope=\"\" itemprop=\"acceptedAnswer\" itemtype=\"https:\/\/schema.org\/Answer\"><div class=\"accordion-body classic-editor\" itemprop=\"text\"><p><span style=\"font-weight: 400;\">PLC (programmeeritav loogikakontroller) on arvutip\u00f5hine juhtimiss\u00fcsteem, mida kasutatakse t\u00f6\u00f6stusliku pakendamise automatiseerimisel. PLC-d juhivad pakkimisega seotud seadmeid ja protsesse, nagu t\u00e4itmine, sulgemine ja m\u00e4rgistamine. Pakkimisprotsesside haldamiseks PLC-de abil saavad ettev\u00f5tted suurendada tootlikkust ja v\u00e4hendada vigu. Alldevice integreerub PLC-dega, et m\u00f5\u00f5ta pakkimisseadmete j\u00f5udlust reaalajas, tagades seadmete sujuva t\u00f6\u00f6 ja hoolduse optimaalsel ajal. <\/span><\/p>\n<\/div><\/div><\/div><\/div><\/div><\/div>\n<\/div>\n\n<div class=\"ama-block block-related\"><div class=\"block__header w-btn\"><h2>Blogi<\/h2><div class=\"wp-block-button is-style-read-more\"><a href=\"https:\/\/alldevice.com\/et\/resources\/\" class=\"wp-block-button__link\">Loe meie blogi<\/a><\/div><\/div><div class=\"block__body\"><a href=\"https:\/\/alldevice.com\/et\/case-studies\/utilitas\/\" class=\"post-item\"><div class=\"item__thumb\"><img decoding=\"async\" width=\"350\" height=\"180\" src=\"https:\/\/alldevice.com\/wp-content\/uploads\/bis-images\/3415\/utilitas3-1-350x180-f50_50.png\" class=\"attachment-350x180\" alt=\"utilitas3\" loading=\"lazy\" \/><div class=\"post--tags\"><span>Kliendilood<\/span><\/div><\/div><div class=\"item__content\"><p class=\"is-title\">T\u00f5hustades Utilitase kaugk\u00fctte hooldusprotsesse<\/p><p>Uue tarkvaralahenduse kasutuselev\u00f5tt on osa laiemast eesm\u00e4rgist hoida meie tehnoloogiline v\u00f5imekus ajakohasena ning rakendada uuenduslikke ja t\u00f6\u00f6kindlaid digilahendusi.<\/p>\n<\/div><div class=\"item__end wp-block-button is-style-read-more\"><span class=\"wp-block-button__link\">Loe edasi<\/span><\/div><\/a><a href=\"https:\/\/alldevice.com\/et\/case-studies\/e-piim\/\" class=\"post-item\"><div class=\"item__thumb\"><img decoding=\"async\" width=\"350\" height=\"180\" src=\"https:\/\/alldevice.com\/wp-content\/uploads\/bis-images\/3033\/E-Piim-24-350x180-f50_50.jpg\" class=\"attachment-350x180\" alt=\"E-Piim-24\" loading=\"lazy\" \/><div class=\"post--tags\"><span>Kliendilood<\/span><\/div><\/div><div class=\"item__content\"><p class=\"is-title\">Kuidas Epiim hoolduse p\u00e4riselt t\u00f6\u00f6le pani<\/p><p>Kui Epiim 2023. aastal oma uue tehase k\u00e4ivitas, otsustati ellu viia ka \u00fcks varaseid p\u00f5him\u00f5ttelisi otsuseid: kogu tehase hooldus peab olema digitaalselt juhitud, auditeeritav ja igap\u00e4evat\u00f6\u00f6s mugav kasutada.<\/p>\n<\/div><div class=\"item__end wp-block-button is-style-read-more\"><span class=\"wp-block-button__link\">Loe edasi<\/span><\/div><\/a><a href=\"https:\/\/alldevice.com\/et\/blog\/work-hour-based-maintenance-globalreader-alldevice\/\" class=\"post-item is-compact\"><div class=\"item__thumb\"><img decoding=\"async\" width=\"100\" height=\"100\" src=\"https:\/\/alldevice.com\/wp-content\/uploads\/bis-images\/1155\/Group-1000000898-100x100-f50_50.png\" class=\"attachment-100x100\" alt=\"Group 1000000898\" loading=\"lazy\" \/><\/div><div class=\"item__content\"><p class=\"is-title\">T\u00f6\u00f6tunnip\u00f5hine hooldus \u2013 GlobalReader ja Alldevice<\/p><\/div><\/a><a href=\"https:\/\/alldevice.com\/et\/blog\/iso-cert\/\" class=\"post-item is-compact\"><div class=\"item__thumb\"><img decoding=\"async\" width=\"100\" height=\"100\" src=\"https:\/\/alldevice.com\/wp-content\/uploads\/bis-images\/3020\/BVCER_withoutQR-ISO-27001-100x100-f47_32.png\" class=\"attachment-100x100\" alt=\"ISO 27001 certified\" loading=\"lazy\" \/><\/div><div class=\"item__content\"><p class=\"is-title\">Alldevice O\u00dc-le omistati ISO 27001:2022 sertifikaat<\/p><\/div><\/a><a href=\"https:\/\/alldevice.com\/et\/case-studies\/port-of-tallinn\/\" class=\"post-item is-compact\"><div class=\"item__thumb\"><img decoding=\"async\" width=\"100\" height=\"100\" src=\"https:\/\/alldevice.com\/wp-content\/uploads\/bis-images\/833\/Header_Case-Study_Port-of-Tallinn-100x100-f50_50.png\" class=\"attachment-100x100\" alt=\"P\u00e4is_Juhtumiuuring_Tallinna sadam\" loading=\"lazy\" \/><\/div><div class=\"item__content\"><p class=\"is-title\">Segadusest kontrolli alla saamiseni Tallinna sadamas<\/p><\/div><\/a><\/div><\/div>\n\n\n<p class=\"wp-el\"><\/p>","protected":false},"excerpt":{"rendered":"","protected":false},"author":2,"featured_media":0,"parent":254,"menu_order":0,"comment_status":"closed","ping_status":"closed","template":"","meta":{"_acf_changed":false,"inline_featured_image":false,"footnotes":""},"class_list":["post-1627","page","type-page","status-publish","hentry"],"acf":[],"_links":{"self":[{"href":"https:\/\/alldevice.com\/et\/wp-json\/wp\/v2\/pages\/1627","targetHints":{"allow":["GET"]}}],"collection":[{"href":"https:\/\/alldevice.com\/et\/wp-json\/wp\/v2\/pages"}],"about":[{"href":"https:\/\/alldevice.com\/et\/wp-json\/wp\/v2\/types\/page"}],"author":[{"embeddable":true,"href":"https:\/\/alldevice.com\/et\/wp-json\/wp\/v2\/users\/2"}],"replies":[{"embeddable":true,"href":"https:\/\/alldevice.com\/et\/wp-json\/wp\/v2\/comments?post=1627"}],"version-history":[{"count":9,"href":"https:\/\/alldevice.com\/et\/wp-json\/wp\/v2\/pages\/1627\/revisions"}],"predecessor-version":[{"id":2304,"href":"https:\/\/alldevice.com\/et\/wp-json\/wp\/v2\/pages\/1627\/revisions\/2304"}],"up":[{"embeddable":true,"href":"https:\/\/alldevice.com\/et\/wp-json\/wp\/v2\/pages\/254"}],"wp:attachment":[{"href":"https:\/\/alldevice.com\/et\/wp-json\/wp\/v2\/media?parent=1627"}],"curies":[{"name":"wp","href":"https:\/\/api.w.org\/{rel}","templated":true}]}}