{"id":1120,"date":"2025-08-11T10:06:26","date_gmt":"2025-08-11T10:06:26","guid":{"rendered":"https:\/\/alldevice.com\/?page_id=1120"},"modified":"2026-03-26T16:07:55","modified_gmt":"2026-03-26T14:07:55","slug":"about","status":"publish","type":"page","link":"https:\/\/alldevice.com\/et\/about\/","title":{"rendered":"Meist"},"content":{"rendered":"<div class=\"ama-block block-txtmedia reverse-order\"><div class=\"block__body\"><div class=\"body__content\">\n\n<h2 class=\"wp-block-heading wp-el\">Meie lugu<\/h2>\n\n\n\n<p class=\"wp-el\" style=\"font-style:normal;font-weight:500\">Meie asutajatel on enam kui kahe aastak\u00fcmne pikkune kogemus tootjatele seadmete tarnimisel, tehnoloogiliste lahenduste v\u00e4ljat\u00f6\u00f6tamisel ja hooldusteenuste osutamisel. Alldevice&#039;i tarkvara loodi reaalsest vajadusest lihtsasti kasutatava hoolduse haldamise t\u00f6\u00f6riista j\u00e4rele. Kui pakkusime oma toodet oma esimestele klientidele, \u00fcllatas meid \u00fclekaalukalt positiivne tagasiside ja rahulolevate kasutajate arv on sellest ajast alates kiiresti kasvanud.<\/p>\n\n\n\n<p class=\"wp-el\" style=\"font-style:normal;font-weight:500\">Alldevice O\u00dc asutati 2014. aastal ja sellest ajast alates oleme kliente leidnud v\u00e4ga erinevatest t\u00f6\u00f6stusharudest ja sadade ettev\u00f5tete hulgast.<\/p>\n\n<\/div><div class=\"body__media\"><a href=\"https:\/\/alldevice.com\/wp-content\/uploads\/2025\/09\/1747990802357.jpg\" class=\"ari-fancybox\" data-fancybox=\"gallery_block_851fb20285a81e7045821cf0b458c23f\" data-caption=\"\"><img decoding=\"async\" class=\"zoom-target-img\" width=\"600\" height=\"400\" src=\"https:\/\/alldevice.com\/wp-content\/uploads\/bis-images\/1955\/1747990802357-600x400-f50_50.jpg\" alt=\"1747990802357\" loading=\"lazy\" \/><\/a><\/div><\/div><\/div>\n\n<div class=\"ama-block block-bgcolor has-p-def full-width\">\n<div class=\"ama-block block-txtmedia\"><div class=\"block__body\"><div class=\"body__content\">\n\n<h2 class=\"wp-block-heading wp-el\">Meie visioon<\/h2>\n\n\n\n<p class=\"wp-el\" style=\"font-style:normal;font-weight:500\">Alates 2014. aastast oleme loonud aktiivse kliendibaasi, kuhu kuuluvad mitmed tuntud rahvusvahelised ettev\u00f5tted nagu Unilever, AkzoNobel, Ericsson, Neste ja paljud teised. Meie visioon on aidata ettev\u00f5tetel ja hooldusmeeskondadel oma varade tootlikkust maksimeerida. N\u00e4eme, et Alldevice&#039;i tarkvara pakub selleks lihtsaimat viisi ja meie eesm\u00e4rk on pakkuda parimat kasutajakogemust turul.<\/p>\n\n<\/div><div class=\"body__media\"><a href=\"https:\/\/alldevice.com\/wp-content\/uploads\/2025\/09\/1726129900014.jpg\" class=\"ari-fancybox\" data-fancybox=\"gallery_block_7ce56bdb9cf00b8ece224e3604d8788b\" data-caption=\"\"><img decoding=\"async\" class=\"zoom-target-img\" width=\"600\" height=\"400\" src=\"https:\/\/alldevice.com\/wp-content\/uploads\/bis-images\/1954\/1726129900014-600x400-f50_50.jpg\" alt=\"1726129900014\" loading=\"lazy\" \/><\/a><\/div><\/div><\/div>\n<\/div>\n\n<div class=\"ama-block block-txtmedia reverse-order\"><div class=\"block__body\"><div class=\"body__content\">\n\n<h2 class=\"wp-block-heading wp-el\">Meie meeskond<\/h2>\n\n\n\n<p class=\"wp-el\" style=\"font-style:normal;font-weight:500\">Meil on professionaalide meeskond, kes on p\u00fchendunud parima kliendikogemuse pakkumisele meie klientide hooldusmeeskondadele. Oleme insenerid, kellel on ulatuslik kogemus t\u00f6\u00f6stusseadmete hooldamisel ja me m\u00f5istame t\u00f5eliselt hooldusmeeskondade vajadusi.<\/p>\n\n\n\n<div class=\"wp-block-buttons is-layout-flex wp-block-buttons-is-layout-flex\">\n<div class=\"wp-block-button\"><a class=\"wp-block-button__link wp-element-button\" href=\"https:\/\/alldevice.com\/et\/contacts\/\">Meie kontaktid<\/a><\/div>\n<\/div>\n\n<\/div><div class=\"body__media\"><a href=\"https:\/\/alldevice.com\/wp-content\/uploads\/2025\/09\/1730809677769.jpg\" class=\"ari-fancybox\" data-fancybox=\"gallery_block_2ee50d940a6a811329bb5b0dee593ca4\" data-caption=\"\"><img decoding=\"async\" class=\"zoom-target-img\" width=\"600\" height=\"400\" src=\"https:\/\/alldevice.com\/wp-content\/uploads\/bis-images\/1957\/1730809677769-600x400-f50_50.jpg\" alt=\"1730809677769\" loading=\"lazy\" \/><\/a><\/div><\/div><\/div>\n\n<div class=\"ama-block block-bgcolor has-primary-100-background-color has-p-def has-stencil stencil-left stencil-top full-width\">\n<div class=\"ama-block block-staff is-style-vertical\"><div class=\"block__header\"><p class=\"has-semi-huge-font-size\">M\u00fc\u00fck ja tugi<\/p><\/div><div class=\"block__body\"><div class=\"staff-item is-vertical\"><div class=\"item__thumb\"><img loading=\"lazy\" decoding=\"async\" width=\"150\" height=\"150\" src=\"https:\/\/alldevice.com\/wp-content\/uploads\/2025\/04\/Nils_V.png\" class=\"attachment-thumbnail size-thumbnail\" alt=\"Nils Vijard\" \/><\/div><div class=\"item__content\"><p class=\"is-title\">Nils Vijard<\/p><p>Rahvusvaheline m\u00fc\u00fcgijuht<\/p><div class=\"ama-contact-methods\"><p class=\"ama-contact-method is_phone\"><a href=\"tel:+372 5218 009\">+372 5218 009<\/a><\/p><p class=\"ama-contact-method is_email\"><a href=\"mailto:nils@alldevice.com\">nils@alldevice.com<\/a><\/p><\/div><\/div><\/div><div class=\"staff-item is-vertical\"><div class=\"item__thumb\"><img loading=\"lazy\" decoding=\"async\" width=\"150\" height=\"150\" src=\"https:\/\/alldevice.com\/wp-content\/uploads\/2025\/07\/Janno_A-150x150.jpg\" class=\"attachment-thumbnail size-thumbnail\" alt=\"\" srcset=\"https:\/\/alldevice.com\/wp-content\/uploads\/2025\/07\/Janno_A-150x150.jpg 150w, https:\/\/alldevice.com\/wp-content\/uploads\/2025\/07\/Janno_A-810x810.jpg 810w, https:\/\/alldevice.com\/wp-content\/uploads\/2025\/07\/Janno_A-1230x1230.jpg 1230w, https:\/\/alldevice.com\/wp-content\/uploads\/2025\/07\/Janno_A-12x12.jpg 12w, https:\/\/alldevice.com\/wp-content\/uploads\/2025\/07\/Janno_A-110x110.jpg 110w, https:\/\/alldevice.com\/wp-content\/uploads\/2025\/07\/Janno_A.jpg 1404w\" sizes=\"auto, (max-width: 150px) 100vw, 150px\" \/><\/div><div class=\"item__content\"><p class=\"is-title\">Janno Aasamets<\/p><p>Rahvusvaheline m\u00fc\u00fck ja tugi<\/p><div class=\"ama-contact-methods\"><p class=\"ama-contact-method is_phone\"><a href=\"tel:+372 5346 7523\">+372 5346 7523<\/a><\/p><p class=\"ama-contact-method is_email\"><a href=\"mailto:janno@alldevice.com\">janno@alldevice.com<\/a><\/p><\/div><\/div><\/div><div class=\"staff-item is-vertical\"><div class=\"item__thumb\"><img loading=\"lazy\" decoding=\"async\" width=\"150\" height=\"150\" src=\"https:\/\/alldevice.com\/wp-content\/uploads\/2025\/07\/Raivis_O-1-150x150.jpg\" class=\"attachment-thumbnail size-thumbnail\" alt=\"\" srcset=\"https:\/\/alldevice.com\/wp-content\/uploads\/2025\/07\/Raivis_O-1-150x150.jpg 150w, https:\/\/alldevice.com\/wp-content\/uploads\/2025\/07\/Raivis_O-1-12x12.jpg 12w, https:\/\/alldevice.com\/wp-content\/uploads\/2025\/07\/Raivis_O-1-110x110.jpg 110w, https:\/\/alldevice.com\/wp-content\/uploads\/2025\/07\/Raivis_O-1.jpg 456w\" sizes=\"auto, (max-width: 150px) 100vw, 150px\" \/><\/div><div class=\"item__content\"><p class=\"is-title\">Raivis Ozoli\u0146\u0161<\/p><p>M\u00fc\u00fck ja tugi L\u00e4tis<\/p><div class=\"ama-contact-methods\"><p class=\"ama-contact-method is_phone\"><a href=\"tel:+371 2248 0868\">+371 2248 0868<\/a><\/p><p class=\"ama-contact-method is_email\"><a href=\"mailto:latvia@alldevice.com\">latvia@alldevice.com<\/a><\/p><\/div><\/div><\/div><div class=\"staff-item is-vertical\"><div class=\"item__thumb\"><img loading=\"lazy\" decoding=\"async\" width=\"150\" height=\"150\" src=\"https:\/\/alldevice.com\/wp-content\/uploads\/2025\/07\/Mindaugas_V-150x150.jpg\" class=\"attachment-thumbnail size-thumbnail\" alt=\"\" srcset=\"https:\/\/alldevice.com\/wp-content\/uploads\/2025\/07\/Mindaugas_V-150x150.jpg 150w, https:\/\/alldevice.com\/wp-content\/uploads\/2025\/07\/Mindaugas_V-810x810.jpg 810w, https:\/\/alldevice.com\/wp-content\/uploads\/2025\/07\/Mindaugas_V-1230x1230.jpg 1230w, https:\/\/alldevice.com\/wp-content\/uploads\/2025\/07\/Mindaugas_V-12x12.jpg 12w, https:\/\/alldevice.com\/wp-content\/uploads\/2025\/07\/Mindaugas_V-110x110.jpg 110w, https:\/\/alldevice.com\/wp-content\/uploads\/2025\/07\/Mindaugas_V.jpg 1500w\" sizes=\"auto, (max-width: 150px) 100vw, 150px\" \/><\/div><div class=\"item__content\"><p class=\"is-title\">Mindaugas Venckus<\/p><p>M\u00fc\u00fck ja tugi Leedus<\/p><div class=\"ama-contact-methods\"><p class=\"ama-contact-method is_phone\"><a href=\"tel:+370 6987 9821\">+370 6987 9821<\/a><\/p><p class=\"ama-contact-method is_email\"><a href=\"mailto:lithuania@alldevice.com\">lithuania@alldevice.com<\/a><\/p><\/div><\/div><\/div><div class=\"staff-item is-vertical\"><div class=\"item__thumb\"><img loading=\"lazy\" decoding=\"async\" width=\"150\" height=\"150\" src=\"https:\/\/alldevice.com\/wp-content\/uploads\/2025\/07\/Viktor_K-150x150.jpg\" class=\"attachment-thumbnail size-thumbnail\" alt=\"\" srcset=\"https:\/\/alldevice.com\/wp-content\/uploads\/2025\/07\/Viktor_K-150x150.jpg 150w, https:\/\/alldevice.com\/wp-content\/uploads\/2025\/07\/Viktor_K-810x810.jpg 810w, https:\/\/alldevice.com\/wp-content\/uploads\/2025\/07\/Viktor_K-1230x1230.jpg 1230w, https:\/\/alldevice.com\/wp-content\/uploads\/2025\/07\/Viktor_K-12x12.jpg 12w, https:\/\/alldevice.com\/wp-content\/uploads\/2025\/07\/Viktor_K-110x110.jpg 110w, https:\/\/alldevice.com\/wp-content\/uploads\/2025\/07\/Viktor_K.jpg 1300w\" sizes=\"auto, (max-width: 150px) 100vw, 150px\" \/><\/div><div class=\"item__content\"><p class=\"is-title\">Viktor Kostadinov<\/p><p>M\u00fc\u00fck ja tugi Bulgaarias<\/p><div class=\"ama-contact-methods\"><p class=\"ama-contact-method is_phone\"><a href=\"tel:+359 88 488 7167\">+359 88 488 7167<\/a><\/p><p class=\"ama-contact-method is_email\"><a href=\"mailto:bulgaria@alldevice.com\">bulgaria@alldevice.com<\/a><\/p><\/div><\/div><\/div><div class=\"staff-item is-vertical\"><div class=\"item__thumb\"><img loading=\"lazy\" decoding=\"async\" width=\"150\" height=\"150\" src=\"https:\/\/alldevice.com\/wp-content\/uploads\/2025\/09\/Jakub_F-150x150.jpg\" class=\"attachment-thumbnail size-thumbnail\" alt=\"\" srcset=\"https:\/\/alldevice.com\/wp-content\/uploads\/2025\/09\/Jakub_F-150x150.jpg 150w, https:\/\/alldevice.com\/wp-content\/uploads\/2025\/09\/Jakub_F-12x12.jpg 12w, https:\/\/alldevice.com\/wp-content\/uploads\/2025\/09\/Jakub_F-110x110.jpg 110w, https:\/\/alldevice.com\/wp-content\/uploads\/2025\/09\/Jakub_F.jpg 292w\" sizes=\"auto, (max-width: 150px) 100vw, 150px\" \/><\/div><div class=\"item__content\"><p class=\"is-title\">Jakub Fa\u0142ek<\/p><p>M\u00fc\u00fck ja tugi Poolas<\/p><div class=\"ama-contact-methods\"><p class=\"ama-contact-method is_phone\"><a href=\"tel:+48 734 689 825\">+48 734 689 825<\/a><\/p><p class=\"ama-contact-method is_email\"><a href=\"mailto:poland@alldevice.com\">poland@alldevice.com<\/a><\/p><\/div><\/div><\/div><\/div><\/div>\n\n<div class=\"ama-block block-staff is-style-vertical\"><div class=\"block__header\"><p class=\"has-semi-huge-font-size\">Juhtkond<\/p><\/div><div class=\"block__body\"><div class=\"staff-item is-vertical\"><div class=\"item__thumb\"><img loading=\"lazy\" decoding=\"async\" width=\"150\" height=\"150\" src=\"https:\/\/alldevice.com\/wp-content\/uploads\/2025\/07\/Ita_U-150x150.png\" class=\"attachment-thumbnail size-thumbnail\" alt=\"\" srcset=\"https:\/\/alldevice.com\/wp-content\/uploads\/2025\/07\/Ita_U-150x150.png 150w, https:\/\/alldevice.com\/wp-content\/uploads\/2025\/07\/Ita_U-810x810.png 810w, https:\/\/alldevice.com\/wp-content\/uploads\/2025\/07\/Ita_U-1230x1230.png 1230w, https:\/\/alldevice.com\/wp-content\/uploads\/2025\/07\/Ita_U-12x12.png 12w, https:\/\/alldevice.com\/wp-content\/uploads\/2025\/07\/Ita_U-110x110.png 110w, https:\/\/alldevice.com\/wp-content\/uploads\/2025\/07\/Ita_U.png 1787w\" sizes=\"auto, (max-width: 150px) 100vw, 150px\" \/><\/div><div class=\"item__content\"><p class=\"is-title\">Ita Urban<\/p><p>Juhatuse liige, tegevjuht<\/p><div class=\"ama-contact-methods\"><p class=\"ama-contact-method is_phone\"><a href=\"tel:+372 504 9601\">+372 504 9601<\/a><\/p><p class=\"ama-contact-method is_email\"><a href=\"mailto:ita@alldevice.com\">ita@alldevice.com<\/a><\/p><\/div><\/div><\/div><div class=\"staff-item is-vertical\"><div class=\"item__thumb\"><img loading=\"lazy\" decoding=\"async\" width=\"150\" height=\"150\" src=\"https:\/\/alldevice.com\/wp-content\/uploads\/2025\/07\/Veiko_K-150x150.png\" class=\"attachment-thumbnail size-thumbnail\" alt=\"\" srcset=\"https:\/\/alldevice.com\/wp-content\/uploads\/2025\/07\/Veiko_K-150x150.png 150w, https:\/\/alldevice.com\/wp-content\/uploads\/2025\/07\/Veiko_K-810x810.png 810w, https:\/\/alldevice.com\/wp-content\/uploads\/2025\/07\/Veiko_K-12x12.png 12w, https:\/\/alldevice.com\/wp-content\/uploads\/2025\/07\/Veiko_K-110x110.png 110w, https:\/\/alldevice.com\/wp-content\/uploads\/2025\/07\/Veiko_K.png 1067w\" sizes=\"auto, (max-width: 150px) 100vw, 150px\" \/><\/div><div class=\"item__content\"><p class=\"is-title\">Veiko Kelk<\/p><p>Juhatuse liige, tehnikajuht<\/p><div class=\"ama-contact-methods\"><p class=\"ama-contact-method is_phone\"><a href=\"tel:+372 505 6007\">+372 505 6007<\/a><\/p><p class=\"ama-contact-method is_email\"><a href=\"mailto:veiko@alldevice.com\">veiko@alldevice.com<\/a><\/p><\/div><\/div><\/div><div class=\"staff-item is-vertical\"><div class=\"item__thumb\"><img loading=\"lazy\" decoding=\"async\" width=\"150\" height=\"150\" src=\"https:\/\/alldevice.com\/wp-content\/uploads\/2025\/07\/Egert_K-150x150.jpg\" class=\"attachment-thumbnail size-thumbnail\" alt=\"\" srcset=\"https:\/\/alldevice.com\/wp-content\/uploads\/2025\/07\/Egert_K-150x150.jpg 150w, https:\/\/alldevice.com\/wp-content\/uploads\/2025\/07\/Egert_K-12x12.jpg 12w, https:\/\/alldevice.com\/wp-content\/uploads\/2025\/07\/Egert_K-110x110.jpg 110w\" sizes=\"auto, (max-width: 150px) 100vw, 150px\" \/><\/div><div class=\"item__content\"><p class=\"is-title\">Egert Killing<\/p><p>Juhatuse liige<\/p><div class=\"ama-contact-methods\"><p class=\"ama-contact-method is_email\"><a href=\"mailto:egert@alldevice.com\">egert@alldevice.com<\/a><\/p><\/div><\/div><\/div><div class=\"staff-item is-vertical\"><div class=\"item__thumb\"><img loading=\"lazy\" decoding=\"async\" width=\"150\" height=\"150\" src=\"https:\/\/alldevice.com\/wp-content\/uploads\/2025\/07\/Uku_L-150x150.jpg\" class=\"attachment-thumbnail size-thumbnail\" alt=\"\" srcset=\"https:\/\/alldevice.com\/wp-content\/uploads\/2025\/07\/Uku_L-150x150.jpg 150w, https:\/\/alldevice.com\/wp-content\/uploads\/2025\/07\/Uku_L-810x809.jpg 810w, https:\/\/alldevice.com\/wp-content\/uploads\/2025\/07\/Uku_L-1230x1230.jpg 1230w, https:\/\/alldevice.com\/wp-content\/uploads\/2025\/07\/Uku_L-12x12.jpg 12w, https:\/\/alldevice.com\/wp-content\/uploads\/2025\/07\/Uku_L-110x110.jpg 110w, https:\/\/alldevice.com\/wp-content\/uploads\/2025\/07\/Uku_L.jpg 1311w\" sizes=\"auto, (max-width: 150px) 100vw, 150px\" \/><\/div><div class=\"item__content\"><p class=\"is-title\">Uku Liive<\/p><p>Asutaja<\/p><div class=\"ama-contact-methods\"><p class=\"ama-contact-method is_phone\"><a href=\"tel:+372 504 2623\">+372 504 2623<\/a><\/p><p class=\"ama-contact-method is_email\"><a href=\"mailto:uku@alldevice.com\">uku@alldevice.com<\/a><\/p><\/div><\/div><\/div><\/div><\/div>\n<\/div>\n\n\n<p class=\"wp-el\"><\/p>","protected":false},"excerpt":{"rendered":"","protected":false},"author":2,"featured_media":0,"parent":0,"menu_order":0,"comment_status":"closed","ping_status":"closed","template":"","meta":{"_acf_changed":false,"inline_featured_image":false,"footnotes":""},"class_list":["post-1120","page","type-page","status-publish","hentry"],"acf":[],"_links":{"self":[{"href":"https:\/\/alldevice.com\/et\/wp-json\/wp\/v2\/pages\/1120","targetHints":{"allow":["GET"]}}],"collection":[{"href":"https:\/\/alldevice.com\/et\/wp-json\/wp\/v2\/pages"}],"about":[{"href":"https:\/\/alldevice.com\/et\/wp-json\/wp\/v2\/types\/page"}],"author":[{"embeddable":true,"href":"https:\/\/alldevice.com\/et\/wp-json\/wp\/v2\/users\/2"}],"replies":[{"embeddable":true,"href":"https:\/\/alldevice.com\/et\/wp-json\/wp\/v2\/comments?post=1120"}],"version-history":[{"count":29,"href":"https:\/\/alldevice.com\/et\/wp-json\/wp\/v2\/pages\/1120\/revisions"}],"predecessor-version":[{"id":3391,"href":"https:\/\/alldevice.com\/et\/wp-json\/wp\/v2\/pages\/1120\/revisions\/3391"}],"wp:attachment":[{"href":"https:\/\/alldevice.com\/et\/wp-json\/wp\/v2\/media?parent=1120"}],"curies":[{"name":"wp","href":"https:\/\/api.w.org\/{rel}","templated":true}]}}